{"id":95,"date":"2019-03-29T21:50:26","date_gmt":"2019-03-29T21:50:26","guid":{"rendered":"https:\/\/shop.a1records.de\/neu\/?post_type=product&#038;p=95"},"modified":"2025-04-25T22:28:46","modified_gmt":"2025-04-25T22:28:46","slug":"bosenberg-vol-1-cd","status":"publish","type":"product","link":"https:\/\/shop.a1records.de\/en\/product\/bosenberg-vol-1-cd\/","title":{"rendered":"Bosenberg Vol. 1 &#8211; CD"},"content":{"rendered":"<p>Entspannungsmusik CD von Martin Engelien &amp; SONANCE \u2013 Bosenberg Vol.1<\/p>\n<p>Der deutsche Musiker, Produzent und Komponist Martin Engelien hat unter dem Projektnamen SONANCE in Zusammenarbeit mit Prof. Dr. Karisch und dem Tinnitus Manager J\u00f6rg Schmiedel , beide von der international renommierten Bosenberg Tinnitus Spezialklinik in St. Wendel eine Entspannungsmusik CD erarbeitet. Die hauseigenen Therapeuten sind von dieser Musik derma\u00dfen \u00fcberzeugt und angetan, dass diese CD bei allen Entspannungsanwendungen der Klinik als musikalische Grundlage basiert. Und die \u00fcbergeordnete Institution Mediclin GmbH hat authorisiert, dass die CD den Namen der Klinik tragen darf. Das Tinnitus Forum stellt Herrn Engelien dazu einige Fragen:<br \/>\nTinnitus-Forum: Was ist das Spezielle f\u00fcr Tinnituspatienten an dieser CD?<\/p>\n<p>M.E.: Wie wir alle wissen haben von Tinnitus betroffenen Menschen Probleme mit dem richtigen Entspannen und vor allem dem Einschlafen. Herk\u00f6mmliche Musik CDs scheinen diese Kriterien nicht wirklich zu erf\u00fcllen. Jedenfalls hatten die Therapeuten der Bosenberg Klinik kein Exemplar auf dem Markt gefunden, was ihren Anspr\u00fcchen gerecht wurde. Also erkl\u00e4rten sie mir genau, welche Anforderungen sie an eine Entspannungsmusik mit absolutem Einschlafcharakter hatten und ich versuchte das dann in die Tat umzusetzen. Als ich dann zu einem ersten Resultat kam schickte ich diese Version der Klinik. Die Musik wurde dann einem Test mit den Patienten unterzogen und nach einer Weile wurden mir die Ergebnisse mit den Verbesserungsvorschl\u00e4gen mitgeteilt.<\/p>\n<p>Tinnitus-Forum : So ist diese Musik dann von den Patienten mitbestimmt worden ?<\/p>\n<p>M.E.: Ja, genau. Das ganze zog sich etwa auf ein halbes Jahr nach Abgabe der ersten Version hin, bis schlie\u00dflich die Meldung kam, dass ich wohl ins Schwarze getroffen hatte und nun die Musik dieser CD als Entspannungs- und Einschlafhilfe bestens funktionieren sollte. Wir besprachen noch den Charakter und die geschmackliche Seite von Musiken um eine gr\u00f6\u00dftm\u00f6gliche Akzeptanz zu erreichen. Denn nicht jeder Mensch steht auf die gleiche Musik. Also habe ich mich entschlossen zwei St\u00fccke auf die CD zu bringen, die im Ansatz aber beide gleiche Kompositionen sind, sich nur durch die Instrumentierung unterscheiden. Das St\u00fcck \u201e Der Alte Weg\u201c ist fast rein Klassisch instrumentiert, mit Oboe, Fl\u00f6te, Klavier, Harfe etc., und das St\u00fccke \u201eDer Neue Weg\u201c ist mit modernen, synthetischen Sounds unterlegt, vielen Keyboards und beinhaltet keine Kl\u00e4nge von Naturinstrumenten.<\/p>\n<p>Tinnitus-Forum : Welche Kriterien sind noch ausschlaggebend ?<\/p>\n<p>M.E.: Die L\u00e4nge der St\u00fccke. Und die darin enthaltenen Spannungs- oder besser Entspannungsb\u00f6gen. Nach Angabe der Klinik ist ein noch so gestresster Organismus erst nach ca. 20 \u2013 25 Minuten in der Lage sich auf eine entspannte Situation einzulassen. Wenn es fr\u00fcher passiert ist es gut. Aber meistens kommt ein durch seinen Tinnitus geplagter Mensch erst ab dieser Zeit dazu sich auf Entspannung durch Musik einzulassen. Und deshalb sind die St\u00fccke auch ca. 35 Minuten lang, so dass eine tiefe Entspannung auch nach 20 Minuten gew\u00e4hrleistet ist. Au\u00dferdem sind die B\u00f6gen in dieser Musik so gestaltet, dass ich versucht habe in den ersten 20 \u2013 25 Minuten einen Ent-Spannungsbogen aufzubauen, der von den Au\u00dfenreizen ablenken soll. Danach setzt dann ein kontinuierlicher Bogen ein, der bis zum Ende des St\u00fcckes hin sehr einschlafende Wirkung hat. Das Tempo ist auch noch wichtig. Es handelt sich um einen niederfrequenten Rhythmus von ca. 60 Schl\u00e4gen pro Minute. Das Tempo wird im Verlauf der CD sogar noch reduziert um den entspannenden Charakter zu unterst\u00fctzen. Und die Melodien haben alle einen meditativen, mantrahaften einschlummernden Charakter. Anscheinend hilft es nicht nur den Tinnituspatienten, denn ich habe es schriftlich, dass die Bosenbergklinik ausschlie\u00dflich diese Musik CD bei allen ihren Entspannungstherapien einsetzt.<\/p>\n<p>Tinnitus-Forum : Und das hat bei der Mediclin dazu gef\u00fchrt, dass Sie den Namen der Klinik als CD Titel benutzen d\u00fcrfen?<\/p>\n<p>M.E.: Ja genau. Nachdem die Musik f\u00fcr die Klinik erstellt war und beide St\u00fccke nun ausschlie\u00dflich zu allen Therapien benutzt werden kam die Frage zu einer weiteren Verbreitung dieser Musik auf. Sie sollte einem breiteren Publikum zug\u00e4nglich gemacht und nicht nur in der Klinik angewandt werden. Da die Bosenbergklinik dem Klinikverbund Mediclin unterstellt ist musste eben dieser Verbund es genehmigen, dass die CD den Namen der Klinik tragen darf, was ja geschehen ist. Und somit ist diese CD offiziell als Kauf CD unter meinem Projektnamen SONANCE erschienen, unter dem ich auch schon die spezielle Tinnitus \u2013 Resonanztherapie CD \u201eDie Kraft der Vokale\u201c f\u00fcr Ampliton eingespielt habe. Die Bedeutung von Sonance ist die Stimmhaftigkeit, der Wohlklang. Das, was vor der RE \u2013 Sonance passiert, was ja genau genommen ein Wider \u2013 Klang oder die Gegenphase des Klanges ist, das Zur\u00fcck &#8211; Klingen.<\/p>\n<p>Forum: Vielen Dank f\u00fcr das Gespr\u00e4ch.<\/p>","protected":false},"excerpt":{"rendered":"<p>Entspannungsmusik CD von Martin Engelien &amp; SONANCE \u2013 Bosenberg Vol.1 Der deutsche Musiker, Produzent und Komponist Martin Engelien hat unter dem Projektnamen SONANCE in Zusammenarbeit mit Prof. Dr. Karisch und dem Tinnitus Manager J\u00f6rg Schmiedel , beide von der international renommierten Bosenberg Tinnitus Spezialklinik in St. Wendel eine Entspannungsmusik CD erarbeitet. Die hauseigenen Therapeuten sind &hellip; <\/p>\n<p class=\"link-more\"><a href=\"https:\/\/shop.a1records.de\/en\/product\/bosenberg-vol-1-cd\/\" class=\"more-link\">Continue reading<span class=\"screen-reader-text\"> &#8222;Bosenberg Vol. 1 &#8211; CD&#8220;<\/span><\/a><\/p>","protected":false},"featured_media":96,"comment_status":"closed","ping_status":"closed","template":"","meta":[],"product_brand":[],"product_cat":[16,39],"product_tag":[],"class_list":{"0":"post-95","1":"product","2":"type-product","3":"status-publish","4":"has-post-thumbnail","6":"product_cat-cd","7":"product_cat-martin-engelien","8":"product_shipping_class-cds","10":"first","11":"instock","12":"taxable","13":"shipping-taxable","14":"purchasable","15":"product-type-simple"},"yoast_head":"<!-- This site is optimized with the Yoast SEO plugin v23.7 - https:\/\/yoast.com\/wordpress\/plugins\/seo\/ -->\n<title>Bosenberg Vol. 1 - CD - A1 Records-Shop<\/title>\n<meta name=\"robots\" content=\"index, follow, max-snippet:-1, max-image-preview:large, max-video-preview:-1\" \/>\n<link rel=\"canonical\" href=\"https:\/\/shop.a1records.de\/en\/product\/bosenberg-vol-1-cd\/\" \/>\n<meta property=\"og:locale\" content=\"en_GB\" \/>\n<meta property=\"og:type\" content=\"article\" \/>\n<meta property=\"og:title\" content=\"Bosenberg Vol. 1 - CD - A1 Records-Shop\" \/>\n<meta property=\"og:description\" content=\"Entspannungsmusik CD von Martin Engelien &amp; SONANCE \u2013 Bosenberg Vol.1 Der deutsche Musiker, Produzent und Komponist Martin Engelien hat unter dem Projektnamen SONANCE in Zusammenarbeit mit Prof. Dr. Karisch und dem Tinnitus Manager J\u00f6rg Schmiedel , beide von der international renommierten Bosenberg Tinnitus Spezialklinik in St. Wendel eine Entspannungsmusik CD erarbeitet. Die hauseigenen Therapeuten sind &hellip; Continue reading &quot;Bosenberg Vol. 1 &#8211; CD&quot;\" \/>\n<meta property=\"og:url\" content=\"https:\/\/shop.a1records.de\/en\/product\/bosenberg-vol-1-cd\/\" \/>\n<meta property=\"og:site_name\" content=\"A1 Records-Shop\" \/>\n<meta property=\"article:modified_time\" content=\"2025-04-25T22:28:46+00:00\" \/>\n<meta property=\"og:image\" content=\"https:\/\/shop.a1records.de\/wp-content\/uploads\/2019\/03\/bosenberg.jpeg\" \/>\n\t<meta property=\"og:image:width\" content=\"360\" \/>\n\t<meta property=\"og:image:height\" content=\"353\" \/>\n\t<meta property=\"og:image:type\" content=\"image\/jpeg\" \/>\n<meta name=\"twitter:card\" content=\"summary_large_image\" \/>\n<meta name=\"twitter:label1\" content=\"Estimated reading time\" \/>\n\t<meta name=\"twitter:data1\" content=\"4 minutes\" \/>\n<script type=\"application\/ld+json\" class=\"yoast-schema-graph\">{\"@context\":\"https:\/\/schema.org\",\"@graph\":[{\"@type\":\"WebPage\",\"@id\":\"https:\/\/shop.a1records.de\/produkt\/bosenberg-vol-1-cd\/\",\"url\":\"https:\/\/shop.a1records.de\/produkt\/bosenberg-vol-1-cd\/\",\"name\":\"Bosenberg Vol. 1 - CD - A1 Records-Shop\",\"isPartOf\":{\"@id\":\"https:\/\/shop.a1records.de\/en\/#website\"},\"primaryImageOfPage\":{\"@id\":\"https:\/\/shop.a1records.de\/produkt\/bosenberg-vol-1-cd\/#primaryimage\"},\"image\":{\"@id\":\"https:\/\/shop.a1records.de\/produkt\/bosenberg-vol-1-cd\/#primaryimage\"},\"thumbnailUrl\":\"https:\/\/shop.a1records.de\/wp-content\/uploads\/2019\/03\/bosenberg.jpeg\",\"datePublished\":\"2019-03-29T21:50:26+00:00\",\"dateModified\":\"2025-04-25T22:28:46+00:00\",\"breadcrumb\":{\"@id\":\"https:\/\/shop.a1records.de\/produkt\/bosenberg-vol-1-cd\/#breadcrumb\"},\"inLanguage\":\"en-GB\",\"potentialAction\":[{\"@type\":\"ReadAction\",\"target\":[\"https:\/\/shop.a1records.de\/produkt\/bosenberg-vol-1-cd\/\"]}]},{\"@type\":\"ImageObject\",\"inLanguage\":\"en-GB\",\"@id\":\"https:\/\/shop.a1records.de\/produkt\/bosenberg-vol-1-cd\/#primaryimage\",\"url\":\"https:\/\/shop.a1records.de\/wp-content\/uploads\/2019\/03\/bosenberg.jpeg\",\"contentUrl\":\"https:\/\/shop.a1records.de\/wp-content\/uploads\/2019\/03\/bosenberg.jpeg\",\"width\":360,\"height\":353},{\"@type\":\"BreadcrumbList\",\"@id\":\"https:\/\/shop.a1records.de\/produkt\/bosenberg-vol-1-cd\/#breadcrumb\",\"itemListElement\":[{\"@type\":\"ListItem\",\"position\":1,\"name\":\"Home\",\"item\":\"https:\/\/shop.a1records.de\/en\/\"},{\"@type\":\"ListItem\",\"position\":2,\"name\":\"Shop\",\"item\":\"https:\/\/shop.a1records.de\/en\/\"},{\"@type\":\"ListItem\",\"position\":3,\"name\":\"Bosenberg Vol. 1 &#8211; CD\"}]},{\"@type\":\"WebSite\",\"@id\":\"https:\/\/shop.a1records.de\/en\/#website\",\"url\":\"https:\/\/shop.a1records.de\/en\/\",\"name\":\"A1 Records-Shop\",\"description\":\"\",\"potentialAction\":[{\"@type\":\"SearchAction\",\"target\":{\"@type\":\"EntryPoint\",\"urlTemplate\":\"https:\/\/shop.a1records.de\/en\/?s={search_term_string}\"},\"query-input\":{\"@type\":\"PropertyValueSpecification\",\"valueRequired\":true,\"valueName\":\"search_term_string\"}}],\"inLanguage\":\"en-GB\"}]}<\/script>\n<!-- \/ Yoast SEO plugin. -->","yoast_head_json":{"title":"Bosenberg Vol. 1 - CD - A1 Records-Shop","robots":{"index":"index","follow":"follow","max-snippet":"max-snippet:-1","max-image-preview":"max-image-preview:large","max-video-preview":"max-video-preview:-1"},"canonical":"https:\/\/shop.a1records.de\/en\/product\/bosenberg-vol-1-cd\/","og_locale":"en_GB","og_type":"article","og_title":"Bosenberg Vol. 1 - CD - A1 Records-Shop","og_description":"Entspannungsmusik CD von Martin Engelien &amp; SONANCE \u2013 Bosenberg Vol.1 Der deutsche Musiker, Produzent und Komponist Martin Engelien hat unter dem Projektnamen SONANCE in Zusammenarbeit mit Prof. Dr. Karisch und dem Tinnitus Manager J\u00f6rg Schmiedel , beide von der international renommierten Bosenberg Tinnitus Spezialklinik in St. Wendel eine Entspannungsmusik CD erarbeitet. Die hauseigenen Therapeuten sind &hellip; Continue reading \"Bosenberg Vol. 1 &#8211; CD\"","og_url":"https:\/\/shop.a1records.de\/en\/product\/bosenberg-vol-1-cd\/","og_site_name":"A1 Records-Shop","article_modified_time":"2025-04-25T22:28:46+00:00","og_image":[{"width":360,"height":353,"url":"https:\/\/shop.a1records.de\/wp-content\/uploads\/2019\/03\/bosenberg.jpeg","type":"image\/jpeg"}],"twitter_card":"summary_large_image","twitter_misc":{"Estimated reading time":"4 minutes"},"schema":{"@context":"https:\/\/schema.org","@graph":[{"@type":"WebPage","@id":"https:\/\/shop.a1records.de\/produkt\/bosenberg-vol-1-cd\/","url":"https:\/\/shop.a1records.de\/produkt\/bosenberg-vol-1-cd\/","name":"Bosenberg Vol. 1 - CD - A1 Records-Shop","isPartOf":{"@id":"https:\/\/shop.a1records.de\/en\/#website"},"primaryImageOfPage":{"@id":"https:\/\/shop.a1records.de\/produkt\/bosenberg-vol-1-cd\/#primaryimage"},"image":{"@id":"https:\/\/shop.a1records.de\/produkt\/bosenberg-vol-1-cd\/#primaryimage"},"thumbnailUrl":"https:\/\/shop.a1records.de\/wp-content\/uploads\/2019\/03\/bosenberg.jpeg","datePublished":"2019-03-29T21:50:26+00:00","dateModified":"2025-04-25T22:28:46+00:00","breadcrumb":{"@id":"https:\/\/shop.a1records.de\/produkt\/bosenberg-vol-1-cd\/#breadcrumb"},"inLanguage":"en-GB","potentialAction":[{"@type":"ReadAction","target":["https:\/\/shop.a1records.de\/produkt\/bosenberg-vol-1-cd\/"]}]},{"@type":"ImageObject","inLanguage":"en-GB","@id":"https:\/\/shop.a1records.de\/produkt\/bosenberg-vol-1-cd\/#primaryimage","url":"https:\/\/shop.a1records.de\/wp-content\/uploads\/2019\/03\/bosenberg.jpeg","contentUrl":"https:\/\/shop.a1records.de\/wp-content\/uploads\/2019\/03\/bosenberg.jpeg","width":360,"height":353},{"@type":"BreadcrumbList","@id":"https:\/\/shop.a1records.de\/produkt\/bosenberg-vol-1-cd\/#breadcrumb","itemListElement":[{"@type":"ListItem","position":1,"name":"Home","item":"https:\/\/shop.a1records.de\/en\/"},{"@type":"ListItem","position":2,"name":"Shop","item":"https:\/\/shop.a1records.de\/en\/"},{"@type":"ListItem","position":3,"name":"Bosenberg Vol. 1 &#8211; CD"}]},{"@type":"WebSite","@id":"https:\/\/shop.a1records.de\/en\/#website","url":"https:\/\/shop.a1records.de\/en\/","name":"A1 Records-Shop","description":"","potentialAction":[{"@type":"SearchAction","target":{"@type":"EntryPoint","urlTemplate":"https:\/\/shop.a1records.de\/en\/?s={search_term_string}"},"query-input":{"@type":"PropertyValueSpecification","valueRequired":true,"valueName":"search_term_string"}}],"inLanguage":"en-GB"}]}},"_links":{"self":[{"href":"https:\/\/shop.a1records.de\/en\/wp-json\/wp\/v2\/product\/95"}],"collection":[{"href":"https:\/\/shop.a1records.de\/en\/wp-json\/wp\/v2\/product"}],"about":[{"href":"https:\/\/shop.a1records.de\/en\/wp-json\/wp\/v2\/types\/product"}],"replies":[{"embeddable":true,"href":"https:\/\/shop.a1records.de\/en\/wp-json\/wp\/v2\/comments?post=95"}],"wp:featuredmedia":[{"embeddable":true,"href":"https:\/\/shop.a1records.de\/en\/wp-json\/wp\/v2\/media\/96"}],"wp:attachment":[{"href":"https:\/\/shop.a1records.de\/en\/wp-json\/wp\/v2\/media?parent=95"}],"wp:term":[{"taxonomy":"product_brand","embeddable":true,"href":"https:\/\/shop.a1records.de\/en\/wp-json\/wp\/v2\/product_brand?post=95"},{"taxonomy":"product_cat","embeddable":true,"href":"https:\/\/shop.a1records.de\/en\/wp-json\/wp\/v2\/product_cat?post=95"},{"taxonomy":"product_tag","embeddable":true,"href":"https:\/\/shop.a1records.de\/en\/wp-json\/wp\/v2\/product_tag?post=95"}],"curies":[{"name":"wp","href":"https:\/\/api.w.org\/{rel}","templated":true}]}}