{"id":93,"date":"2019-03-29T21:47:17","date_gmt":"2019-03-29T21:47:17","guid":{"rendered":"https:\/\/shop.a1records.de\/neu\/?post_type=product&#038;p=93"},"modified":"2024-09-18T13:01:40","modified_gmt":"2024-09-18T13:01:40","slug":"gonna-make-a-change-cd","status":"publish","type":"product","link":"https:\/\/shop.a1records.de\/en\/product\/gonna-make-a-change-cd\/","title":{"rendered":"Gonna Make A Change &#8211; CD"},"content":{"rendered":"<p align=\"JUSTIFY\"><span style=\"font-family: Arial, sans-serif;\">Im GO MUSIC Studio in D\u00fcsseldorf nahm Yaelle Cinkey 2015 ihr erstes Album \u201eGonna Make a Change!\u201c auf. Das Debutalbum besteht aus zw\u00f6lf eigenen, autobiographischen Songs in franz\u00f6sischer und englischer Sprache. Mit atemberaubenden, musikalischen H\u00f6chstleistungen und einem einzigartigen Ausdruck in ihrer kraftvollen Stimme sendet sie ihre Botschaft an die Menschheit. Zudem begeistert Yaelle mit ihrer herausragenden Interpretation von \u201eNon Je Ne Regrette Rien\u201c von Edith Piaf und dem Hit \u201eSay you love me\u201c von Francis Noah Johnson, den sie auf Bitten des Texters und S\u00e4ngers in ihrer eigenen Version aufgenommen hat.<\/span><\/p>\n<p align=\"JUSTIFY\"><span style=\"font-family: Arial, sans-serif;\">Yaelle Cinkey macht mit ihrem ersten Album unausweichlich klar: \u201eWir sind Alle Eins! Worauf wartet Ihr noch?\u201c \u201eGonna Make a Change!\u201c<\/span><\/p>","protected":false},"excerpt":{"rendered":"<p>Im GO MUSIC Studio in D\u00fcsseldorf nahm Yaelle Cinkey 2015 ihr erstes Album \u201eGonna Make a Change!\u201c auf. Das Debutalbum besteht aus zw\u00f6lf eigenen, autobiographischen Songs in franz\u00f6sischer und englischer Sprache. Mit atemberaubenden, musikalischen H\u00f6chstleistungen und einem einzigartigen Ausdruck in ihrer kraftvollen Stimme sendet sie ihre Botschaft an die Menschheit. Zudem begeistert Yaelle mit ihrer &hellip; <\/p>\n<p class=\"link-more\"><a href=\"https:\/\/shop.a1records.de\/en\/product\/gonna-make-a-change-cd\/\" class=\"more-link\">Continue reading<span class=\"screen-reader-text\"> &#8222;Gonna Make A Change &#8211; CD&#8220;<\/span><\/a><\/p>","protected":false},"featured_media":94,"comment_status":"closed","ping_status":"closed","template":"","meta":[],"product_brand":[],"product_cat":[16,41,39,45],"product_tag":[],"class_list":{"0":"post-93","1":"product","2":"type-product","3":"status-publish","4":"has-post-thumbnail","6":"product_cat-cd","7":"product_cat-dennis-hormes","8":"product_cat-martin-engelien","9":"product_cat-yaelle-cinkey","10":"product_shipping_class-cds","12":"first","13":"instock","14":"taxable","15":"shipping-taxable","16":"purchasable","17":"product-type-simple"},"yoast_head":"<!-- This site is optimized with the Yoast SEO plugin v23.7 - https:\/\/yoast.com\/wordpress\/plugins\/seo\/ -->\n<title>Gonna Make A Change - CD - A1 Records-Shop<\/title>\n<meta name=\"robots\" content=\"index, follow, max-snippet:-1, max-image-preview:large, max-video-preview:-1\" \/>\n<link rel=\"canonical\" href=\"https:\/\/shop.a1records.de\/en\/product\/gonna-make-a-change-cd\/\" \/>\n<meta property=\"og:locale\" content=\"en_GB\" \/>\n<meta property=\"og:type\" content=\"article\" \/>\n<meta property=\"og:title\" content=\"Gonna Make A Change - CD - A1 Records-Shop\" \/>\n<meta property=\"og:description\" content=\"Im GO MUSIC Studio in D\u00fcsseldorf nahm Yaelle Cinkey 2015 ihr erstes Album \u201eGonna Make a Change!\u201c auf. Das Debutalbum besteht aus zw\u00f6lf eigenen, autobiographischen Songs in franz\u00f6sischer und englischer Sprache. Mit atemberaubenden, musikalischen H\u00f6chstleistungen und einem einzigartigen Ausdruck in ihrer kraftvollen Stimme sendet sie ihre Botschaft an die Menschheit. Zudem begeistert Yaelle mit ihrer &hellip; Continue reading &quot;Gonna Make A Change &#8211; CD&quot;\" \/>\n<meta property=\"og:url\" content=\"https:\/\/shop.a1records.de\/en\/product\/gonna-make-a-change-cd\/\" \/>\n<meta property=\"og:site_name\" content=\"A1 Records-Shop\" \/>\n<meta property=\"article:modified_time\" content=\"2024-09-18T13:01:40+00:00\" \/>\n<meta property=\"og:image\" content=\"https:\/\/shop.a1records.de\/wp-content\/uploads\/2019\/03\/yaelle.jpeg\" \/>\n\t<meta property=\"og:image:width\" content=\"500\" \/>\n\t<meta property=\"og:image:height\" content=\"500\" \/>\n\t<meta property=\"og:image:type\" content=\"image\/jpeg\" \/>\n<meta name=\"twitter:card\" content=\"summary_large_image\" \/>\n<meta name=\"twitter:label1\" content=\"Estimated reading time\" \/>\n\t<meta name=\"twitter:data1\" content=\"1 minute\" \/>\n<script type=\"application\/ld+json\" class=\"yoast-schema-graph\">{\"@context\":\"https:\/\/schema.org\",\"@graph\":[{\"@type\":\"WebPage\",\"@id\":\"https:\/\/shop.a1records.de\/produkt\/gonna-make-a-change-cd\/\",\"url\":\"https:\/\/shop.a1records.de\/produkt\/gonna-make-a-change-cd\/\",\"name\":\"Gonna Make A Change - CD - A1 Records-Shop\",\"isPartOf\":{\"@id\":\"https:\/\/shop.a1records.de\/en\/#website\"},\"primaryImageOfPage\":{\"@id\":\"https:\/\/shop.a1records.de\/produkt\/gonna-make-a-change-cd\/#primaryimage\"},\"image\":{\"@id\":\"https:\/\/shop.a1records.de\/produkt\/gonna-make-a-change-cd\/#primaryimage\"},\"thumbnailUrl\":\"https:\/\/shop.a1records.de\/wp-content\/uploads\/2019\/03\/yaelle.jpeg\",\"datePublished\":\"2019-03-29T21:47:17+00:00\",\"dateModified\":\"2024-09-18T13:01:40+00:00\",\"breadcrumb\":{\"@id\":\"https:\/\/shop.a1records.de\/produkt\/gonna-make-a-change-cd\/#breadcrumb\"},\"inLanguage\":\"en-GB\",\"potentialAction\":[{\"@type\":\"ReadAction\",\"target\":[\"https:\/\/shop.a1records.de\/produkt\/gonna-make-a-change-cd\/\"]}]},{\"@type\":\"ImageObject\",\"inLanguage\":\"en-GB\",\"@id\":\"https:\/\/shop.a1records.de\/produkt\/gonna-make-a-change-cd\/#primaryimage\",\"url\":\"https:\/\/shop.a1records.de\/wp-content\/uploads\/2019\/03\/yaelle.jpeg\",\"contentUrl\":\"https:\/\/shop.a1records.de\/wp-content\/uploads\/2019\/03\/yaelle.jpeg\",\"width\":500,\"height\":500},{\"@type\":\"BreadcrumbList\",\"@id\":\"https:\/\/shop.a1records.de\/produkt\/gonna-make-a-change-cd\/#breadcrumb\",\"itemListElement\":[{\"@type\":\"ListItem\",\"position\":1,\"name\":\"Home\",\"item\":\"https:\/\/shop.a1records.de\/en\/\"},{\"@type\":\"ListItem\",\"position\":2,\"name\":\"Shop\",\"item\":\"https:\/\/shop.a1records.de\/en\/\"},{\"@type\":\"ListItem\",\"position\":3,\"name\":\"Gonna Make A Change &#8211; CD\"}]},{\"@type\":\"WebSite\",\"@id\":\"https:\/\/shop.a1records.de\/en\/#website\",\"url\":\"https:\/\/shop.a1records.de\/en\/\",\"name\":\"A1 Records-Shop\",\"description\":\"\",\"potentialAction\":[{\"@type\":\"SearchAction\",\"target\":{\"@type\":\"EntryPoint\",\"urlTemplate\":\"https:\/\/shop.a1records.de\/en\/?s={search_term_string}\"},\"query-input\":{\"@type\":\"PropertyValueSpecification\",\"valueRequired\":true,\"valueName\":\"search_term_string\"}}],\"inLanguage\":\"en-GB\"}]}<\/script>\n<!-- \/ Yoast SEO plugin. -->","yoast_head_json":{"title":"Gonna Make A Change - CD - A1 Records-Shop","robots":{"index":"index","follow":"follow","max-snippet":"max-snippet:-1","max-image-preview":"max-image-preview:large","max-video-preview":"max-video-preview:-1"},"canonical":"https:\/\/shop.a1records.de\/en\/product\/gonna-make-a-change-cd\/","og_locale":"en_GB","og_type":"article","og_title":"Gonna Make A Change - CD - A1 Records-Shop","og_description":"Im GO MUSIC Studio in D\u00fcsseldorf nahm Yaelle Cinkey 2015 ihr erstes Album \u201eGonna Make a Change!\u201c auf. Das Debutalbum besteht aus zw\u00f6lf eigenen, autobiographischen Songs in franz\u00f6sischer und englischer Sprache. Mit atemberaubenden, musikalischen H\u00f6chstleistungen und einem einzigartigen Ausdruck in ihrer kraftvollen Stimme sendet sie ihre Botschaft an die Menschheit. Zudem begeistert Yaelle mit ihrer &hellip; Continue reading \"Gonna Make A Change &#8211; CD\"","og_url":"https:\/\/shop.a1records.de\/en\/product\/gonna-make-a-change-cd\/","og_site_name":"A1 Records-Shop","article_modified_time":"2024-09-18T13:01:40+00:00","og_image":[{"width":500,"height":500,"url":"https:\/\/shop.a1records.de\/wp-content\/uploads\/2019\/03\/yaelle.jpeg","type":"image\/jpeg"}],"twitter_card":"summary_large_image","twitter_misc":{"Estimated reading time":"1 minute"},"schema":{"@context":"https:\/\/schema.org","@graph":[{"@type":"WebPage","@id":"https:\/\/shop.a1records.de\/produkt\/gonna-make-a-change-cd\/","url":"https:\/\/shop.a1records.de\/produkt\/gonna-make-a-change-cd\/","name":"Gonna Make A Change - CD - A1 Records-Shop","isPartOf":{"@id":"https:\/\/shop.a1records.de\/en\/#website"},"primaryImageOfPage":{"@id":"https:\/\/shop.a1records.de\/produkt\/gonna-make-a-change-cd\/#primaryimage"},"image":{"@id":"https:\/\/shop.a1records.de\/produkt\/gonna-make-a-change-cd\/#primaryimage"},"thumbnailUrl":"https:\/\/shop.a1records.de\/wp-content\/uploads\/2019\/03\/yaelle.jpeg","datePublished":"2019-03-29T21:47:17+00:00","dateModified":"2024-09-18T13:01:40+00:00","breadcrumb":{"@id":"https:\/\/shop.a1records.de\/produkt\/gonna-make-a-change-cd\/#breadcrumb"},"inLanguage":"en-GB","potentialAction":[{"@type":"ReadAction","target":["https:\/\/shop.a1records.de\/produkt\/gonna-make-a-change-cd\/"]}]},{"@type":"ImageObject","inLanguage":"en-GB","@id":"https:\/\/shop.a1records.de\/produkt\/gonna-make-a-change-cd\/#primaryimage","url":"https:\/\/shop.a1records.de\/wp-content\/uploads\/2019\/03\/yaelle.jpeg","contentUrl":"https:\/\/shop.a1records.de\/wp-content\/uploads\/2019\/03\/yaelle.jpeg","width":500,"height":500},{"@type":"BreadcrumbList","@id":"https:\/\/shop.a1records.de\/produkt\/gonna-make-a-change-cd\/#breadcrumb","itemListElement":[{"@type":"ListItem","position":1,"name":"Home","item":"https:\/\/shop.a1records.de\/en\/"},{"@type":"ListItem","position":2,"name":"Shop","item":"https:\/\/shop.a1records.de\/en\/"},{"@type":"ListItem","position":3,"name":"Gonna Make A Change &#8211; CD"}]},{"@type":"WebSite","@id":"https:\/\/shop.a1records.de\/en\/#website","url":"https:\/\/shop.a1records.de\/en\/","name":"A1 Records-Shop","description":"","potentialAction":[{"@type":"SearchAction","target":{"@type":"EntryPoint","urlTemplate":"https:\/\/shop.a1records.de\/en\/?s={search_term_string}"},"query-input":{"@type":"PropertyValueSpecification","valueRequired":true,"valueName":"search_term_string"}}],"inLanguage":"en-GB"}]}},"_links":{"self":[{"href":"https:\/\/shop.a1records.de\/en\/wp-json\/wp\/v2\/product\/93"}],"collection":[{"href":"https:\/\/shop.a1records.de\/en\/wp-json\/wp\/v2\/product"}],"about":[{"href":"https:\/\/shop.a1records.de\/en\/wp-json\/wp\/v2\/types\/product"}],"replies":[{"embeddable":true,"href":"https:\/\/shop.a1records.de\/en\/wp-json\/wp\/v2\/comments?post=93"}],"wp:featuredmedia":[{"embeddable":true,"href":"https:\/\/shop.a1records.de\/en\/wp-json\/wp\/v2\/media\/94"}],"wp:attachment":[{"href":"https:\/\/shop.a1records.de\/en\/wp-json\/wp\/v2\/media?parent=93"}],"wp:term":[{"taxonomy":"product_brand","embeddable":true,"href":"https:\/\/shop.a1records.de\/en\/wp-json\/wp\/v2\/product_brand?post=93"},{"taxonomy":"product_cat","embeddable":true,"href":"https:\/\/shop.a1records.de\/en\/wp-json\/wp\/v2\/product_cat?post=93"},{"taxonomy":"product_tag","embeddable":true,"href":"https:\/\/shop.a1records.de\/en\/wp-json\/wp\/v2\/product_tag?post=93"}],"curies":[{"name":"wp","href":"https:\/\/api.w.org\/{rel}","templated":true}]}}