{"id":91,"date":"2019-03-29T21:42:15","date_gmt":"2019-03-29T21:42:15","guid":{"rendered":"https:\/\/shop.a1records.de\/neu\/?post_type=product&#038;p=91"},"modified":"2020-12-05T20:18:51","modified_gmt":"2020-12-05T20:18:51","slug":"auf-dem-weg-zu-mir-cd","status":"publish","type":"product","link":"https:\/\/shop.a1records.de\/en\/product\/auf-dem-weg-zu-mir-cd\/","title":{"rendered":"Auf Dem Weg Zu Mir &#8211; CD"},"content":{"rendered":"<p>DIA. Das Debut Album: \u201eAuf dem Weg zu mir\u201c<\/p>\n<p>DIA. macht Akustik-Pop-Schlager in deutscher Sprache. Lieder mit Ohrwurmcharakter, deren Texte von Umbruch und Neubeginn, Wut und Mut, \u00c4ngsten, Verst\u00e4ndnis, Mitgef\u00fchl, Besinnung, Sanftheit und Vertrauen handeln.<\/p>\n<p>DIA.\u2019s Gesang wird ganz bewusst ausschlie\u00dflich auf der akustischen Gitarre begleitet. So ber\u00fchrt ihre sinnliche, aber auch eindringliche Stimme die Seele und Sehns\u00fcchte der Menschen am Intesivsten. Eine Stimme, die mal zerbrechlich, mal sanft gehaucht und dann wieder klar und kraftvoll zu H\u00f6ren ist.<\/p>\n<p>Die Texte zu den Liedern auf DIA.&#8217;s Debut-Album \u201eAuf dem Weg zu mir\u201c sind, wie der Album-Titel bereits vermuten l\u00e4sst, sehr pers\u00f6nlich. Die K\u00fcnstlerin beeindruckt durch ihre Offenheit. In einer Zeit, in der viele Menschen dem Leben mit Misstrauen und Vorsicht gegen\u00fcber Mitmenschen und Lebens-Situationen begegnen, l\u00e4sst sie erstaunlicherweise alle Mauern fallen.<\/p>\n<p>Laut DIA.&#8217;s \u00dcberzeugung sind alle Menschen miteinander verbunden. Mit \u00e4hnlichen Sehns\u00fcchten, Bed\u00fcrfnissen, Tr\u00e4umen, Hoffnungen, \u00c4ngsten und Sorgen. Da sich demzufolge alle Menschen irgendwie und irgendwo auf ihrem Weg befinden, ist es eben nicht nur DIA.&#8217;s Weg, der sich auf dem Album widerspiegelt.Titel wie \u201eloslassen\u201c, \u201eich lebe\u201c und \u201ees ist wie es ist\u201c und \u201eDeine Augen\u201c zeigen das Leben in vielen emotionalen Facetten.<\/p>\n<p>DIA.&#8217;s Lieder reichen von tr\u00e4umerisch flie\u00dfend, bis locker verspielt, dann wieder aufr\u00fcttelnd und mitrei\u00dfend.<\/p>\n<p>Und immer steckt in jedem DIA.-Song ein klares \u201eJA!\u201c zum Leben.<\/p>\n<p>&#8230;so wie zu Leben an sich bereits ein \u201eJA!\u201c bedeutet.<\/p>\n<p>F\u00fcr die Umsetzung ihrer Lieder konnte DIA. hochkar\u00e4tige Begleitung gewinnen: Dennis Hormes an der akustischen Gitarre, der durch seine vielseitige Spielweise das passende Gef\u00fchl einbringt und neben seiner eigenen DENNIS HORMES BLUES BAND auch K\u00fcnstler wie u.a. The Boss Hoss, Marc Terenzi, DJ Bobo, Daliah Lavi oder auch Karell Gott mit seinem \u00fcberragenden K\u00f6nnen bereichert.<\/p>\n<p>Bei der Produktion dieses Albums ist ebenso alles echt und authentisch: Der Produzent Martin Engelien, der unter anderem das erfolgreichste Album des deutschen Ausnahme Jazzmusikers Albert Mangelsdorff, sowie erfolgreiche Alben der Klaus Lage Band produzierte, nahm in seinem GO MUSIC Studio in D\u00fcsseldorf das Debut Album bewusst analog auf Bandmaschine auf, um DIA.&#8217;s ausdrucksstarke Stimme und Musik so nat\u00fcrlich und warm wie sie ist festzuhalten. Jeder Ton ist genauso zu h\u00f6ren, wie er eingesungen und eingespielt wurde, und nichts wurde &#8211; wie heutzutage \u00fcblich &#8211; am Computer manipuliert. Und ganz zum Schluss wurde selbstverst\u00e4ndlich analog gemastert. Dies alles verleiht dem Album einen ganz besonderen Klang.<\/p>","protected":false},"excerpt":{"rendered":"<p>DIA. Das Debut Album: \u201eAuf dem Weg zu mir\u201c DIA. macht Akustik-Pop-Schlager in deutscher Sprache. Lieder mit Ohrwurmcharakter, deren Texte von Umbruch und Neubeginn, Wut und Mut, \u00c4ngsten, Verst\u00e4ndnis, Mitgef\u00fchl, Besinnung, Sanftheit und Vertrauen handeln. DIA.\u2019s Gesang wird ganz bewusst ausschlie\u00dflich auf der akustischen Gitarre begleitet. So ber\u00fchrt ihre sinnliche, aber auch eindringliche Stimme die &hellip; <\/p>\n<p class=\"link-more\"><a href=\"https:\/\/shop.a1records.de\/en\/product\/auf-dem-weg-zu-mir-cd\/\" class=\"more-link\">Continue reading<span class=\"screen-reader-text\"> &#8222;Auf Dem Weg Zu Mir &#8211; CD&#8220;<\/span><\/a><\/p>","protected":false},"featured_media":92,"comment_status":"closed","ping_status":"closed","template":"","meta":[],"product_brand":[],"product_cat":[16,41,44],"product_tag":[],"class_list":{"0":"post-91","1":"product","2":"type-product","3":"status-publish","4":"has-post-thumbnail","6":"product_cat-cd","7":"product_cat-dennis-hormes","8":"product_cat-dia","9":"product_shipping_class-cds","11":"first","12":"instock","13":"taxable","14":"shipping-taxable","15":"purchasable","16":"product-type-simple"},"yoast_head":"<!-- This site is optimized with the Yoast SEO plugin v23.7 - https:\/\/yoast.com\/wordpress\/plugins\/seo\/ -->\n<title>Auf Dem Weg Zu Mir - CD - A1 Records-Shop<\/title>\n<meta name=\"robots\" content=\"index, follow, max-snippet:-1, max-image-preview:large, max-video-preview:-1\" \/>\n<link rel=\"canonical\" href=\"https:\/\/shop.a1records.de\/en\/product\/auf-dem-weg-zu-mir-cd\/\" \/>\n<meta property=\"og:locale\" content=\"en_GB\" \/>\n<meta property=\"og:type\" content=\"article\" \/>\n<meta property=\"og:title\" content=\"Auf Dem Weg Zu Mir - CD - A1 Records-Shop\" \/>\n<meta property=\"og:description\" content=\"DIA. Das Debut Album: \u201eAuf dem Weg zu mir\u201c DIA. macht Akustik-Pop-Schlager in deutscher Sprache. Lieder mit Ohrwurmcharakter, deren Texte von Umbruch und Neubeginn, Wut und Mut, \u00c4ngsten, Verst\u00e4ndnis, Mitgef\u00fchl, Besinnung, Sanftheit und Vertrauen handeln. DIA.\u2019s Gesang wird ganz bewusst ausschlie\u00dflich auf der akustischen Gitarre begleitet. So ber\u00fchrt ihre sinnliche, aber auch eindringliche Stimme die &hellip; Continue reading &quot;Auf Dem Weg Zu Mir &#8211; CD&quot;\" \/>\n<meta property=\"og:url\" content=\"https:\/\/shop.a1records.de\/en\/product\/auf-dem-weg-zu-mir-cd\/\" \/>\n<meta property=\"og:site_name\" content=\"A1 Records-Shop\" \/>\n<meta property=\"article:modified_time\" content=\"2020-12-05T20:18:51+00:00\" \/>\n<meta property=\"og:image\" content=\"https:\/\/shop.a1records.de\/wp-content\/uploads\/2019\/03\/dia.jpeg\" \/>\n\t<meta property=\"og:image:width\" content=\"500\" \/>\n\t<meta property=\"og:image:height\" content=\"455\" \/>\n\t<meta property=\"og:image:type\" content=\"image\/jpeg\" \/>\n<meta name=\"twitter:card\" content=\"summary_large_image\" \/>\n<meta name=\"twitter:label1\" content=\"Estimated reading time\" \/>\n\t<meta name=\"twitter:data1\" content=\"2 minutes\" \/>\n<script type=\"application\/ld+json\" class=\"yoast-schema-graph\">{\"@context\":\"https:\/\/schema.org\",\"@graph\":[{\"@type\":\"WebPage\",\"@id\":\"https:\/\/shop.a1records.de\/produkt\/auf-dem-weg-zu-mir-cd\/\",\"url\":\"https:\/\/shop.a1records.de\/produkt\/auf-dem-weg-zu-mir-cd\/\",\"name\":\"Auf Dem Weg Zu Mir - CD - A1 Records-Shop\",\"isPartOf\":{\"@id\":\"https:\/\/shop.a1records.de\/en\/#website\"},\"primaryImageOfPage\":{\"@id\":\"https:\/\/shop.a1records.de\/produkt\/auf-dem-weg-zu-mir-cd\/#primaryimage\"},\"image\":{\"@id\":\"https:\/\/shop.a1records.de\/produkt\/auf-dem-weg-zu-mir-cd\/#primaryimage\"},\"thumbnailUrl\":\"https:\/\/shop.a1records.de\/wp-content\/uploads\/2019\/03\/dia.jpeg\",\"datePublished\":\"2019-03-29T21:42:15+00:00\",\"dateModified\":\"2020-12-05T20:18:51+00:00\",\"breadcrumb\":{\"@id\":\"https:\/\/shop.a1records.de\/produkt\/auf-dem-weg-zu-mir-cd\/#breadcrumb\"},\"inLanguage\":\"en-GB\",\"potentialAction\":[{\"@type\":\"ReadAction\",\"target\":[\"https:\/\/shop.a1records.de\/produkt\/auf-dem-weg-zu-mir-cd\/\"]}]},{\"@type\":\"ImageObject\",\"inLanguage\":\"en-GB\",\"@id\":\"https:\/\/shop.a1records.de\/produkt\/auf-dem-weg-zu-mir-cd\/#primaryimage\",\"url\":\"https:\/\/shop.a1records.de\/wp-content\/uploads\/2019\/03\/dia.jpeg\",\"contentUrl\":\"https:\/\/shop.a1records.de\/wp-content\/uploads\/2019\/03\/dia.jpeg\",\"width\":500,\"height\":455},{\"@type\":\"BreadcrumbList\",\"@id\":\"https:\/\/shop.a1records.de\/produkt\/auf-dem-weg-zu-mir-cd\/#breadcrumb\",\"itemListElement\":[{\"@type\":\"ListItem\",\"position\":1,\"name\":\"Home\",\"item\":\"https:\/\/shop.a1records.de\/en\/\"},{\"@type\":\"ListItem\",\"position\":2,\"name\":\"Shop\",\"item\":\"https:\/\/shop.a1records.de\/en\/\"},{\"@type\":\"ListItem\",\"position\":3,\"name\":\"Auf Dem Weg Zu Mir &#8211; CD\"}]},{\"@type\":\"WebSite\",\"@id\":\"https:\/\/shop.a1records.de\/en\/#website\",\"url\":\"https:\/\/shop.a1records.de\/en\/\",\"name\":\"A1 Records-Shop\",\"description\":\"\",\"potentialAction\":[{\"@type\":\"SearchAction\",\"target\":{\"@type\":\"EntryPoint\",\"urlTemplate\":\"https:\/\/shop.a1records.de\/en\/?s={search_term_string}\"},\"query-input\":{\"@type\":\"PropertyValueSpecification\",\"valueRequired\":true,\"valueName\":\"search_term_string\"}}],\"inLanguage\":\"en-GB\"}]}<\/script>\n<!-- \/ Yoast SEO plugin. -->","yoast_head_json":{"title":"Auf Dem Weg Zu Mir - CD - A1 Records-Shop","robots":{"index":"index","follow":"follow","max-snippet":"max-snippet:-1","max-image-preview":"max-image-preview:large","max-video-preview":"max-video-preview:-1"},"canonical":"https:\/\/shop.a1records.de\/en\/product\/auf-dem-weg-zu-mir-cd\/","og_locale":"en_GB","og_type":"article","og_title":"Auf Dem Weg Zu Mir - CD - A1 Records-Shop","og_description":"DIA. Das Debut Album: \u201eAuf dem Weg zu mir\u201c DIA. macht Akustik-Pop-Schlager in deutscher Sprache. Lieder mit Ohrwurmcharakter, deren Texte von Umbruch und Neubeginn, Wut und Mut, \u00c4ngsten, Verst\u00e4ndnis, Mitgef\u00fchl, Besinnung, Sanftheit und Vertrauen handeln. DIA.\u2019s Gesang wird ganz bewusst ausschlie\u00dflich auf der akustischen Gitarre begleitet. So ber\u00fchrt ihre sinnliche, aber auch eindringliche Stimme die &hellip; Continue reading \"Auf Dem Weg Zu Mir &#8211; CD\"","og_url":"https:\/\/shop.a1records.de\/en\/product\/auf-dem-weg-zu-mir-cd\/","og_site_name":"A1 Records-Shop","article_modified_time":"2020-12-05T20:18:51+00:00","og_image":[{"width":500,"height":455,"url":"https:\/\/shop.a1records.de\/wp-content\/uploads\/2019\/03\/dia.jpeg","type":"image\/jpeg"}],"twitter_card":"summary_large_image","twitter_misc":{"Estimated reading time":"2 minutes"},"schema":{"@context":"https:\/\/schema.org","@graph":[{"@type":"WebPage","@id":"https:\/\/shop.a1records.de\/produkt\/auf-dem-weg-zu-mir-cd\/","url":"https:\/\/shop.a1records.de\/produkt\/auf-dem-weg-zu-mir-cd\/","name":"Auf Dem Weg Zu Mir - CD - A1 Records-Shop","isPartOf":{"@id":"https:\/\/shop.a1records.de\/en\/#website"},"primaryImageOfPage":{"@id":"https:\/\/shop.a1records.de\/produkt\/auf-dem-weg-zu-mir-cd\/#primaryimage"},"image":{"@id":"https:\/\/shop.a1records.de\/produkt\/auf-dem-weg-zu-mir-cd\/#primaryimage"},"thumbnailUrl":"https:\/\/shop.a1records.de\/wp-content\/uploads\/2019\/03\/dia.jpeg","datePublished":"2019-03-29T21:42:15+00:00","dateModified":"2020-12-05T20:18:51+00:00","breadcrumb":{"@id":"https:\/\/shop.a1records.de\/produkt\/auf-dem-weg-zu-mir-cd\/#breadcrumb"},"inLanguage":"en-GB","potentialAction":[{"@type":"ReadAction","target":["https:\/\/shop.a1records.de\/produkt\/auf-dem-weg-zu-mir-cd\/"]}]},{"@type":"ImageObject","inLanguage":"en-GB","@id":"https:\/\/shop.a1records.de\/produkt\/auf-dem-weg-zu-mir-cd\/#primaryimage","url":"https:\/\/shop.a1records.de\/wp-content\/uploads\/2019\/03\/dia.jpeg","contentUrl":"https:\/\/shop.a1records.de\/wp-content\/uploads\/2019\/03\/dia.jpeg","width":500,"height":455},{"@type":"BreadcrumbList","@id":"https:\/\/shop.a1records.de\/produkt\/auf-dem-weg-zu-mir-cd\/#breadcrumb","itemListElement":[{"@type":"ListItem","position":1,"name":"Home","item":"https:\/\/shop.a1records.de\/en\/"},{"@type":"ListItem","position":2,"name":"Shop","item":"https:\/\/shop.a1records.de\/en\/"},{"@type":"ListItem","position":3,"name":"Auf Dem Weg Zu Mir &#8211; CD"}]},{"@type":"WebSite","@id":"https:\/\/shop.a1records.de\/en\/#website","url":"https:\/\/shop.a1records.de\/en\/","name":"A1 Records-Shop","description":"","potentialAction":[{"@type":"SearchAction","target":{"@type":"EntryPoint","urlTemplate":"https:\/\/shop.a1records.de\/en\/?s={search_term_string}"},"query-input":{"@type":"PropertyValueSpecification","valueRequired":true,"valueName":"search_term_string"}}],"inLanguage":"en-GB"}]}},"_links":{"self":[{"href":"https:\/\/shop.a1records.de\/en\/wp-json\/wp\/v2\/product\/91"}],"collection":[{"href":"https:\/\/shop.a1records.de\/en\/wp-json\/wp\/v2\/product"}],"about":[{"href":"https:\/\/shop.a1records.de\/en\/wp-json\/wp\/v2\/types\/product"}],"replies":[{"embeddable":true,"href":"https:\/\/shop.a1records.de\/en\/wp-json\/wp\/v2\/comments?post=91"}],"wp:featuredmedia":[{"embeddable":true,"href":"https:\/\/shop.a1records.de\/en\/wp-json\/wp\/v2\/media\/92"}],"wp:attachment":[{"href":"https:\/\/shop.a1records.de\/en\/wp-json\/wp\/v2\/media?parent=91"}],"wp:term":[{"taxonomy":"product_brand","embeddable":true,"href":"https:\/\/shop.a1records.de\/en\/wp-json\/wp\/v2\/product_brand?post=91"},{"taxonomy":"product_cat","embeddable":true,"href":"https:\/\/shop.a1records.de\/en\/wp-json\/wp\/v2\/product_cat?post=91"},{"taxonomy":"product_tag","embeddable":true,"href":"https:\/\/shop.a1records.de\/en\/wp-json\/wp\/v2\/product_tag?post=91"}],"curies":[{"name":"wp","href":"https:\/\/api.w.org\/{rel}","templated":true}]}}