{"id":905,"date":"2026-04-07T13:03:09","date_gmt":"2026-04-07T13:03:09","guid":{"rendered":"https:\/\/shop.a1records.de\/?post_type=product&#038;p=905"},"modified":"2026-04-07T13:03:09","modified_gmt":"2026-04-07T13:03:09","slug":"unvorherhoerbar-go-music-30th-anniversary-doppel-cd","status":"publish","type":"product","link":"https:\/\/shop.a1records.de\/en\/product\/unvorherhoerbar-go-music-30th-anniversary-doppel-cd\/","title":{"rendered":"Unvorherh\u00f6rbar &#8211; GO MUSIC 30th Anniversary Doppel CD"},"content":{"rendered":"<p>30 Jahre GO MUSIC \u2013 Die Kunst des musikalischen Augenblicks<br \/>\nDrei Jahrzehnte GO MUSIC bedeuten drei Jahrzehnte kompromisslose Hingabe an die Kraft der Live-Musik. Was als k\u00fcnstlerische Vision begann, entwickelte sich zu einer der best\u00e4ndigsten und zugleich lebendigsten Konzertreihen der deutschen Musiklandschaft.<br \/>\nIm Zentrum steht dabei stets die Idee, Musik als unmittelbares Erlebnis zu begreifen \u2013 roh, ehrlich und voller Energie. GO MUSIC verzichtet bewusst auf starre Konzepte und setzt stattdessen auf musikalische Begegnungen, die im Moment entstehen. Jeder Abend ist einzigartig. Jeder Ton Teil einer Geschichte, die nur einmal erz\u00e4hlt wird.<br \/>\nInitiator Martin Engelien pr\u00e4gt diese Philosophie seit 30 Jahren als Musiker, Gastgeber und kreativer Impulsgeber. Als pr\u00e4gende Figur der deutschen Live-Musikszene versteht er GO MUSIC nicht nur als Konzertreihe, sondern als kulturellen Auftrag: R\u00e4ume zu schaffen, in denen Musik lebendig bleibt und sich st\u00e4ndig neu erfinden darf.<br \/>\nZum Jubil\u00e4um blickt GO MUSIC nicht zur\u00fcck, sondern nach vorne. Die kommenden Konzerte stehen f\u00fcr musikalische Offenheit, au\u00dfergew\u00f6hnliche Besetzungen und die \u00dcberzeugung, dass Live-Musik auch in Zukunft eine unverzichtbare Rolle f\u00fcr Kultur und Gesellschaft spielt.<\/p>\n<p>GO MUSIC ist mehr als ein Konzertformat.<br \/>\nGO MUSIC ist gelebte Musik.<\/p>\n<p lang=\"de-DE\"><span style=\"font-family: Tahoma, sans-serif;\"><span style=\"font-size: small;\">Die 34 Mitglieder der GO MUSIC Familie dieser 30<sup>th<\/sup> Anniversary CD Edition sind in alphabetischer Folge<\/span><\/span><\/p>\n<p lang=\"de-DE\"><span style=\"font-family: Tahoma, sans-serif;\"><span style=\"font-size: small;\">Bo Heart \u2013 Vocals, Keyboards; Bobby St\u00f6cker \u2013 Gitarre, Vocals; Bram Engelen \u2013 Gitarre; Bryn Jones \u2013 Vocals, Gitarre; Carina Zimmert \u2013 Schlagzeug; Charly T. &#8211; Schlagzeug; Cherry Gehring \u2013 Vocals, Keyboards; Christian Felke \u2013 Fl\u00f6te, Saxophone, Backing Vocals; Dieter Steinmann \u2013 Schlagzeug; Dirk Brand \u2013 Schlagzeug; Felix Lehrmann \u2013 Schlagzeug; GK \u2013 Vocals, Gitarre; Gregor Hilden \u2013 Gitarre; Hanno Kerstan \u2013 Schlagzeug; Joerg Dudys \u2013 Gitarre; Jenn Tiger \u2013 Vocals, Gitarre; Jochen Welle \u2013 Schlagzeug; J\u00fcrgen Dahmen \u2013 Rhodes, Backing Vocals; Kai Weiner \u2013 Keyboards, Backing Vocals; Klaus Zimmermann \u2013 Gitarre; Manni von Bohr \u2013 Schlagzeug; Martin Ettrich \u2013 Vocals, Gitarre; PiTTi Hecht \u2013 Percussion; Simon Novsky \u2013 Vocals, Keyboards; Stella Tonon \u2013 Vocals; Svenja Schmidt \u2013 Vocals, Rhodes; Sylvia Gonz\u00e1lez Bol\u00edvar \u2013 Vocals; Thomas Blug \u2013 Gitarre; Thomas Lieven \u2013 Schlagzeug; Tommy Fischer \u2013 Schlagzeug; Wolfgang Roggenkamp \u2013 Vocals, Keyboards; Wolfgang Terne \u2013 Vocals, Gitarre; Zibby Krebs \u2013 Gitarre und Martin Engelien \u2013 Bass, Backing Vocals<\/span><\/span><\/p>\n<p lang=\"de-DE\"><span style=\"font-family: Tahoma, sans-serif;\"><span style=\"font-size: small;\">Produziert von Martin Engelien<br \/>\n<\/span><\/span><span style=\"font-family: Tahoma, sans-serif;\"><span style=\"font-size: small;\">Co-produziert von Doris Engel-Engelien<br \/>\n<\/span><\/span><span style=\"font-family: Tahoma, sans-serif;\"><span style=\"font-size: small;\">Gemischt und gemastert im GO MUSIC Studio, Krefeld. <\/span><\/span><\/p>","protected":false},"excerpt":{"rendered":"<p>30 Jahre GO MUSIC \u2013 Die Kunst des musikalischen Augenblicks Drei Jahrzehnte GO MUSIC bedeuten drei Jahrzehnte kompromisslose Hingabe an die Kraft der Live-Musik. Was als k\u00fcnstlerische Vision begann, entwickelte sich zu einer der best\u00e4ndigsten und zugleich lebendigsten Konzertreihen der deutschen Musiklandschaft. Im Zentrum steht dabei stets die Idee, Musik als unmittelbares Erlebnis zu begreifen &hellip; <\/p>\n<p class=\"link-more\"><a href=\"https:\/\/shop.a1records.de\/en\/product\/unvorherhoerbar-go-music-30th-anniversary-doppel-cd\/\" class=\"more-link\">Continue reading<span class=\"screen-reader-text\"> &#8222;Unvorherh\u00f6rbar &#8211; GO MUSIC 30th Anniversary Doppel CD&#8220;<\/span><\/a><\/p>","protected":false},"featured_media":904,"comment_status":"closed","ping_status":"closed","template":"","meta":[],"product_brand":[],"product_cat":[19,16,50,39],"product_tag":[],"class_list":{"0":"post-905","1":"product","2":"type-product","3":"status-publish","4":"has-post-thumbnail","6":"product_cat-artists","7":"product_cat-cd","8":"product_cat-go-music","9":"product_cat-martin-engelien","10":"product_shipping_class-cds","12":"first","13":"instock","14":"taxable","15":"shipping-taxable","16":"purchasable","17":"product-type-simple"},"yoast_head":"<!-- This site is optimized with the Yoast SEO plugin v23.7 - https:\/\/yoast.com\/wordpress\/plugins\/seo\/ -->\n<title>Unvorherh\u00f6rbar - GO MUSIC 30th Anniversary Doppel CD - A1 Records-Shop<\/title>\n<meta name=\"robots\" content=\"index, follow, max-snippet:-1, max-image-preview:large, max-video-preview:-1\" \/>\n<link rel=\"canonical\" href=\"https:\/\/shop.a1records.de\/en\/product\/unvorherhoerbar-go-music-30th-anniversary-doppel-cd\/\" \/>\n<meta property=\"og:locale\" content=\"en_GB\" \/>\n<meta property=\"og:type\" content=\"article\" \/>\n<meta property=\"og:title\" content=\"Unvorherh\u00f6rbar - GO MUSIC 30th Anniversary Doppel CD - A1 Records-Shop\" \/>\n<meta property=\"og:description\" content=\"30 Jahre GO MUSIC \u2013 Die Kunst des musikalischen Augenblicks Drei Jahrzehnte GO MUSIC bedeuten drei Jahrzehnte kompromisslose Hingabe an die Kraft der Live-Musik. Was als k\u00fcnstlerische Vision begann, entwickelte sich zu einer der best\u00e4ndigsten und zugleich lebendigsten Konzertreihen der deutschen Musiklandschaft. Im Zentrum steht dabei stets die Idee, Musik als unmittelbares Erlebnis zu begreifen &hellip; Continue reading &quot;Unvorherh\u00f6rbar &#8211; GO MUSIC 30th Anniversary Doppel CD&quot;\" \/>\n<meta property=\"og:url\" content=\"https:\/\/shop.a1records.de\/en\/product\/unvorherhoerbar-go-music-30th-anniversary-doppel-cd\/\" \/>\n<meta property=\"og:site_name\" content=\"A1 Records-Shop\" \/>\n<meta property=\"og:image\" content=\"https:\/\/shop.a1records.de\/wp-content\/uploads\/2026\/04\/Cover_30th.jpeg\" \/>\n\t<meta property=\"og:image:width\" content=\"1600\" \/>\n\t<meta property=\"og:image:height\" content=\"1600\" \/>\n\t<meta property=\"og:image:type\" content=\"image\/jpeg\" \/>\n<meta name=\"twitter:card\" content=\"summary_large_image\" \/>\n<meta name=\"twitter:label1\" content=\"Estimated reading time\" \/>\n\t<meta name=\"twitter:data1\" content=\"3 minutes\" \/>\n<script type=\"application\/ld+json\" class=\"yoast-schema-graph\">{\"@context\":\"https:\/\/schema.org\",\"@graph\":[{\"@type\":\"WebPage\",\"@id\":\"https:\/\/shop.a1records.de\/produkt\/unvorherhoerbar-go-music-30th-anniversary-doppel-cd\/\",\"url\":\"https:\/\/shop.a1records.de\/produkt\/unvorherhoerbar-go-music-30th-anniversary-doppel-cd\/\",\"name\":\"Unvorherh\u00f6rbar - GO MUSIC 30th Anniversary Doppel CD - A1 Records-Shop\",\"isPartOf\":{\"@id\":\"https:\/\/shop.a1records.de\/en\/#website\"},\"primaryImageOfPage\":{\"@id\":\"https:\/\/shop.a1records.de\/produkt\/unvorherhoerbar-go-music-30th-anniversary-doppel-cd\/#primaryimage\"},\"image\":{\"@id\":\"https:\/\/shop.a1records.de\/produkt\/unvorherhoerbar-go-music-30th-anniversary-doppel-cd\/#primaryimage\"},\"thumbnailUrl\":\"https:\/\/shop.a1records.de\/wp-content\/uploads\/2026\/04\/Cover_30th.jpeg\",\"datePublished\":\"2026-04-07T13:03:09+00:00\",\"dateModified\":\"2026-04-07T13:03:09+00:00\",\"breadcrumb\":{\"@id\":\"https:\/\/shop.a1records.de\/produkt\/unvorherhoerbar-go-music-30th-anniversary-doppel-cd\/#breadcrumb\"},\"inLanguage\":\"en-GB\",\"potentialAction\":[{\"@type\":\"ReadAction\",\"target\":[\"https:\/\/shop.a1records.de\/produkt\/unvorherhoerbar-go-music-30th-anniversary-doppel-cd\/\"]}]},{\"@type\":\"ImageObject\",\"inLanguage\":\"en-GB\",\"@id\":\"https:\/\/shop.a1records.de\/produkt\/unvorherhoerbar-go-music-30th-anniversary-doppel-cd\/#primaryimage\",\"url\":\"https:\/\/shop.a1records.de\/wp-content\/uploads\/2026\/04\/Cover_30th.jpeg\",\"contentUrl\":\"https:\/\/shop.a1records.de\/wp-content\/uploads\/2026\/04\/Cover_30th.jpeg\",\"width\":1600,\"height\":1600},{\"@type\":\"BreadcrumbList\",\"@id\":\"https:\/\/shop.a1records.de\/produkt\/unvorherhoerbar-go-music-30th-anniversary-doppel-cd\/#breadcrumb\",\"itemListElement\":[{\"@type\":\"ListItem\",\"position\":1,\"name\":\"Home\",\"item\":\"https:\/\/shop.a1records.de\/en\/\"},{\"@type\":\"ListItem\",\"position\":2,\"name\":\"Shop\",\"item\":\"https:\/\/shop.a1records.de\/en\/\"},{\"@type\":\"ListItem\",\"position\":3,\"name\":\"Unvorherh\u00f6rbar &#8211; GO MUSIC 30th Anniversary Doppel CD\"}]},{\"@type\":\"WebSite\",\"@id\":\"https:\/\/shop.a1records.de\/en\/#website\",\"url\":\"https:\/\/shop.a1records.de\/en\/\",\"name\":\"A1 Records-Shop\",\"description\":\"\",\"potentialAction\":[{\"@type\":\"SearchAction\",\"target\":{\"@type\":\"EntryPoint\",\"urlTemplate\":\"https:\/\/shop.a1records.de\/en\/?s={search_term_string}\"},\"query-input\":{\"@type\":\"PropertyValueSpecification\",\"valueRequired\":true,\"valueName\":\"search_term_string\"}}],\"inLanguage\":\"en-GB\"}]}<\/script>\n<!-- \/ Yoast SEO plugin. -->","yoast_head_json":{"title":"Unvorherh\u00f6rbar - GO MUSIC 30th Anniversary Doppel CD - A1 Records-Shop","robots":{"index":"index","follow":"follow","max-snippet":"max-snippet:-1","max-image-preview":"max-image-preview:large","max-video-preview":"max-video-preview:-1"},"canonical":"https:\/\/shop.a1records.de\/en\/product\/unvorherhoerbar-go-music-30th-anniversary-doppel-cd\/","og_locale":"en_GB","og_type":"article","og_title":"Unvorherh\u00f6rbar - GO MUSIC 30th Anniversary Doppel CD - A1 Records-Shop","og_description":"30 Jahre GO MUSIC \u2013 Die Kunst des musikalischen Augenblicks Drei Jahrzehnte GO MUSIC bedeuten drei Jahrzehnte kompromisslose Hingabe an die Kraft der Live-Musik. Was als k\u00fcnstlerische Vision begann, entwickelte sich zu einer der best\u00e4ndigsten und zugleich lebendigsten Konzertreihen der deutschen Musiklandschaft. Im Zentrum steht dabei stets die Idee, Musik als unmittelbares Erlebnis zu begreifen &hellip; Continue reading \"Unvorherh\u00f6rbar &#8211; GO MUSIC 30th Anniversary Doppel CD\"","og_url":"https:\/\/shop.a1records.de\/en\/product\/unvorherhoerbar-go-music-30th-anniversary-doppel-cd\/","og_site_name":"A1 Records-Shop","og_image":[{"width":1600,"height":1600,"url":"https:\/\/shop.a1records.de\/wp-content\/uploads\/2026\/04\/Cover_30th.jpeg","type":"image\/jpeg"}],"twitter_card":"summary_large_image","twitter_misc":{"Estimated reading time":"3 minutes"},"schema":{"@context":"https:\/\/schema.org","@graph":[{"@type":"WebPage","@id":"https:\/\/shop.a1records.de\/produkt\/unvorherhoerbar-go-music-30th-anniversary-doppel-cd\/","url":"https:\/\/shop.a1records.de\/produkt\/unvorherhoerbar-go-music-30th-anniversary-doppel-cd\/","name":"Unvorherh\u00f6rbar - GO MUSIC 30th Anniversary Doppel CD - A1 Records-Shop","isPartOf":{"@id":"https:\/\/shop.a1records.de\/en\/#website"},"primaryImageOfPage":{"@id":"https:\/\/shop.a1records.de\/produkt\/unvorherhoerbar-go-music-30th-anniversary-doppel-cd\/#primaryimage"},"image":{"@id":"https:\/\/shop.a1records.de\/produkt\/unvorherhoerbar-go-music-30th-anniversary-doppel-cd\/#primaryimage"},"thumbnailUrl":"https:\/\/shop.a1records.de\/wp-content\/uploads\/2026\/04\/Cover_30th.jpeg","datePublished":"2026-04-07T13:03:09+00:00","dateModified":"2026-04-07T13:03:09+00:00","breadcrumb":{"@id":"https:\/\/shop.a1records.de\/produkt\/unvorherhoerbar-go-music-30th-anniversary-doppel-cd\/#breadcrumb"},"inLanguage":"en-GB","potentialAction":[{"@type":"ReadAction","target":["https:\/\/shop.a1records.de\/produkt\/unvorherhoerbar-go-music-30th-anniversary-doppel-cd\/"]}]},{"@type":"ImageObject","inLanguage":"en-GB","@id":"https:\/\/shop.a1records.de\/produkt\/unvorherhoerbar-go-music-30th-anniversary-doppel-cd\/#primaryimage","url":"https:\/\/shop.a1records.de\/wp-content\/uploads\/2026\/04\/Cover_30th.jpeg","contentUrl":"https:\/\/shop.a1records.de\/wp-content\/uploads\/2026\/04\/Cover_30th.jpeg","width":1600,"height":1600},{"@type":"BreadcrumbList","@id":"https:\/\/shop.a1records.de\/produkt\/unvorherhoerbar-go-music-30th-anniversary-doppel-cd\/#breadcrumb","itemListElement":[{"@type":"ListItem","position":1,"name":"Home","item":"https:\/\/shop.a1records.de\/en\/"},{"@type":"ListItem","position":2,"name":"Shop","item":"https:\/\/shop.a1records.de\/en\/"},{"@type":"ListItem","position":3,"name":"Unvorherh\u00f6rbar &#8211; GO MUSIC 30th Anniversary Doppel CD"}]},{"@type":"WebSite","@id":"https:\/\/shop.a1records.de\/en\/#website","url":"https:\/\/shop.a1records.de\/en\/","name":"A1 Records-Shop","description":"","potentialAction":[{"@type":"SearchAction","target":{"@type":"EntryPoint","urlTemplate":"https:\/\/shop.a1records.de\/en\/?s={search_term_string}"},"query-input":{"@type":"PropertyValueSpecification","valueRequired":true,"valueName":"search_term_string"}}],"inLanguage":"en-GB"}]}},"_links":{"self":[{"href":"https:\/\/shop.a1records.de\/en\/wp-json\/wp\/v2\/product\/905"}],"collection":[{"href":"https:\/\/shop.a1records.de\/en\/wp-json\/wp\/v2\/product"}],"about":[{"href":"https:\/\/shop.a1records.de\/en\/wp-json\/wp\/v2\/types\/product"}],"replies":[{"embeddable":true,"href":"https:\/\/shop.a1records.de\/en\/wp-json\/wp\/v2\/comments?post=905"}],"wp:featuredmedia":[{"embeddable":true,"href":"https:\/\/shop.a1records.de\/en\/wp-json\/wp\/v2\/media\/904"}],"wp:attachment":[{"href":"https:\/\/shop.a1records.de\/en\/wp-json\/wp\/v2\/media?parent=905"}],"wp:term":[{"taxonomy":"product_brand","embeddable":true,"href":"https:\/\/shop.a1records.de\/en\/wp-json\/wp\/v2\/product_brand?post=905"},{"taxonomy":"product_cat","embeddable":true,"href":"https:\/\/shop.a1records.de\/en\/wp-json\/wp\/v2\/product_cat?post=905"},{"taxonomy":"product_tag","embeddable":true,"href":"https:\/\/shop.a1records.de\/en\/wp-json\/wp\/v2\/product_tag?post=905"}],"curies":[{"name":"wp","href":"https:\/\/api.w.org\/{rel}","templated":true}]}}