{"id":903,"date":"2026-04-07T12:57:11","date_gmt":"2026-04-07T12:57:11","guid":{"rendered":"https:\/\/shop.a1records.de\/?post_type=product&#038;p=903"},"modified":"2026-04-07T13:03:47","modified_gmt":"2026-04-07T13:03:47","slug":"unvorherhoerbar-go-music-30th-anniversary-doppel-vinyl","status":"publish","type":"product","link":"https:\/\/shop.a1records.de\/en\/product\/unvorherhoerbar-go-music-30th-anniversary-doppel-vinyl\/","title":{"rendered":"Unvorherh\u00f6rbar &#8211; GO MUSIC 30th Anniversary Doppel Vinyl"},"content":{"rendered":"<p>30 Jahre GO MUSIC \u2013 Eine Liebeserkl\u00e4rung an die Live-Musik<br \/>\nEs gibt Momente, in denen Musik mehr ist als Klang. Momente, in denen sie verbindet, heilt, tr\u00e4gt und Hoffnung schenkt. Seit 30 Jahren steht GO MUSIC genau f\u00fcr diese Momente.<br \/>\nDrei Jahrzehnte voller B\u00fchnenlichter, Herzschlag-Rhythmen und unvergesslicher Konzertn\u00e4chte. Drei Jahrzehnte, in denen Live-Musik nicht nur gespielt, sondern gelebt wurde. GO MUSIC ist aus der tiefen \u00dcberzeugung entstanden, dass echte Musik nur dort existiert, wo Menschen gemeinsam atmen, f\u00fchlen und den Augenblick teilen.<\/p>\n<p>Als leidenschaftlicher Missionar der Live-Musik verfolgt Initiator Martin Engelien seit 30 Jahren eine klare Vision: Musik muss lebendig bleiben. Sie darf nicht zum Hintergrundrauschen werden \u2013 sie muss ber\u00fchren, bewegen und Menschen zusammenbringen. Als feste Gr\u00f6\u00dfe der deutschen Bass- und Live-Musikszene steht er sinnbildlich f\u00fcr diese Haltung.<\/p>\n<p>Gerade in einer Zeit, in der vieles schnelllebig und digital geworden ist, erinnert GO MUSIC daran, was Musik urspr\u00fcnglich war \u2013 ein Erlebnis, das nur im Hier und Jetzt existiert. Jeder Konzertabend ist ein Versprechen: an Emotion, an Energie, an musikalische Freiheit.<br \/>\nDas 30-j\u00e4hrige Jubil\u00e4um ist kein R\u00fcckblick.<br \/>\nEs ist ein Aufbruch.<br \/>\nF\u00fcr die Live-Musik.<br \/>\nF\u00fcr die B\u00fchne.<br \/>\nF\u00fcr das, was uns als Menschen verbindet.<br \/>\nGO MUSIC \u2013 weil Musik Leben ist.<\/p>\n<p lang=\"de-DE\"><span style=\"font-family: Tahoma, sans-serif;\"><span style=\"font-size: small;\">Die 24 Mitglieder der GO MUSIC Familie dieser 30<sup>th<\/sup> Anniversary VINYL Edition sind in alphabetischer Folge<\/span><\/span><\/p>\n<p lang=\"de-DE\"><span style=\"font-family: Tahoma, sans-serif;\"><span style=\"font-size: small;\">Bo Heart \u2013 Vocals, Keyboards; Bobby St\u00f6cker \u2013 Gitarre, Vocals; Christian Felke \u2013 Fl\u00f6te, Saxophone; Dieter Steinmann \u2013 Schlagzeug; Dirk Brand \u2013 Schlagzeug; GK \u2013 Gitarre; Gregor Hilden \u2013 Gitarre; Hanno Kerstan \u2013 Schlagzeug; Joerg Dudys \u2013 Gitarre; Jenn Tiger \u2013 Vocals, Gitarre; Jochen Welle \u2013 Schlagzeug; Kai Weiner \u2013 Keyboards, Bvs; Klaus Zimmermann \u2013 Gitarre; Manni von Bohr \u2013 Schlagzeug; Martin Ettrich \u2013 Gitarre; Simon Novsky \u2013 Vocals, Keyboards; Stella Tonon \u2013 Vocals; Svenja Schmidt \u2013 Vocals, Rhodes; Thomas Blug \u2013 Gitarre; Thomas Lieven \u2013 Schlagzeug; Tommy Fischer \u2013 Schlagzeug; Wolfgang Roggenkamp \u2013 Vocals, Keyboards; Wolfgang Terne \u2013 Vocals, Gitarre und Martin Engelien \u2013 Bass, Bvs<\/span><\/span><\/p>\n<p lang=\"de-DE\"><span style=\"font-family: Tahoma, sans-serif;\"><span style=\"font-size: small;\">Produziert von Martin Engelien<br \/>\n<\/span><\/span><span style=\"font-family: Tahoma, sans-serif;\"><span style=\"font-size: small;\">Co-produziert von Doris Engel-Engelien<br \/>\n<\/span><\/span><span style=\"font-family: Tahoma, sans-serif;\"><span style=\"font-size: small;\">Gemischt und gemastert im GO MUSIC Studio, Krefeld.<\/span><\/span><\/p>","protected":false},"excerpt":{"rendered":"<p>30 Jahre GO MUSIC \u2013 Eine Liebeserkl\u00e4rung an die Live-Musik Es gibt Momente, in denen Musik mehr ist als Klang. Momente, in denen sie verbindet, heilt, tr\u00e4gt und Hoffnung schenkt. Seit 30 Jahren steht GO MUSIC genau f\u00fcr diese Momente. Drei Jahrzehnte voller B\u00fchnenlichter, Herzschlag-Rhythmen und unvergesslicher Konzertn\u00e4chte. Drei Jahrzehnte, in denen Live-Musik nicht nur &hellip; <\/p>\n<p class=\"link-more\"><a href=\"https:\/\/shop.a1records.de\/en\/product\/unvorherhoerbar-go-music-30th-anniversary-doppel-vinyl\/\" class=\"more-link\">Continue reading<span class=\"screen-reader-text\"> &#8222;Unvorherh\u00f6rbar &#8211; GO MUSIC 30th Anniversary Doppel Vinyl&#8220;<\/span><\/a><\/p>","protected":false},"featured_media":904,"comment_status":"closed","ping_status":"closed","template":"","meta":[],"product_brand":[],"product_cat":[19,50,39,17],"product_tag":[],"class_list":{"0":"post-903","1":"product","2":"type-product","3":"status-publish","4":"has-post-thumbnail","6":"product_cat-artists","7":"product_cat-go-music","8":"product_cat-martin-engelien","9":"product_cat-vinyl","10":"product_shipping_class-vinyl","12":"first","13":"instock","14":"taxable","15":"shipping-taxable","16":"purchasable","17":"product-type-simple"},"yoast_head":"<!-- This site is optimized with the Yoast SEO plugin v23.7 - https:\/\/yoast.com\/wordpress\/plugins\/seo\/ -->\n<title>Unvorherh\u00f6rbar - GO MUSIC 30th Anniversary Doppel Vinyl - A1 Records-Shop<\/title>\n<meta name=\"robots\" content=\"index, follow, max-snippet:-1, max-image-preview:large, max-video-preview:-1\" \/>\n<link rel=\"canonical\" href=\"https:\/\/shop.a1records.de\/en\/product\/unvorherhoerbar-go-music-30th-anniversary-doppel-vinyl\/\" \/>\n<meta property=\"og:locale\" content=\"en_GB\" \/>\n<meta property=\"og:type\" content=\"article\" \/>\n<meta property=\"og:title\" content=\"Unvorherh\u00f6rbar - GO MUSIC 30th Anniversary Doppel Vinyl - A1 Records-Shop\" \/>\n<meta property=\"og:description\" content=\"30 Jahre GO MUSIC \u2013 Eine Liebeserkl\u00e4rung an die Live-Musik Es gibt Momente, in denen Musik mehr ist als Klang. Momente, in denen sie verbindet, heilt, tr\u00e4gt und Hoffnung schenkt. Seit 30 Jahren steht GO MUSIC genau f\u00fcr diese Momente. Drei Jahrzehnte voller B\u00fchnenlichter, Herzschlag-Rhythmen und unvergesslicher Konzertn\u00e4chte. Drei Jahrzehnte, in denen Live-Musik nicht nur &hellip; Continue reading &quot;Unvorherh\u00f6rbar &#8211; GO MUSIC 30th Anniversary Doppel Vinyl&quot;\" \/>\n<meta property=\"og:url\" content=\"https:\/\/shop.a1records.de\/en\/product\/unvorherhoerbar-go-music-30th-anniversary-doppel-vinyl\/\" \/>\n<meta property=\"og:site_name\" content=\"A1 Records-Shop\" \/>\n<meta property=\"article:modified_time\" content=\"2026-04-07T13:03:47+00:00\" \/>\n<meta property=\"og:image\" content=\"https:\/\/shop.a1records.de\/wp-content\/uploads\/2026\/04\/Cover_30th.jpeg\" \/>\n\t<meta property=\"og:image:width\" content=\"1600\" \/>\n\t<meta property=\"og:image:height\" content=\"1600\" \/>\n\t<meta property=\"og:image:type\" content=\"image\/jpeg\" \/>\n<meta name=\"twitter:card\" content=\"summary_large_image\" \/>\n<meta name=\"twitter:label1\" content=\"Estimated reading time\" \/>\n\t<meta name=\"twitter:data1\" content=\"2 minutes\" \/>\n<script type=\"application\/ld+json\" class=\"yoast-schema-graph\">{\"@context\":\"https:\/\/schema.org\",\"@graph\":[{\"@type\":\"WebPage\",\"@id\":\"https:\/\/shop.a1records.de\/produkt\/unvorherhoerbar-go-music-30th-anniversary-doppel-vinyl\/\",\"url\":\"https:\/\/shop.a1records.de\/produkt\/unvorherhoerbar-go-music-30th-anniversary-doppel-vinyl\/\",\"name\":\"Unvorherh\u00f6rbar - GO MUSIC 30th Anniversary Doppel Vinyl - A1 Records-Shop\",\"isPartOf\":{\"@id\":\"https:\/\/shop.a1records.de\/en\/#website\"},\"primaryImageOfPage\":{\"@id\":\"https:\/\/shop.a1records.de\/produkt\/unvorherhoerbar-go-music-30th-anniversary-doppel-vinyl\/#primaryimage\"},\"image\":{\"@id\":\"https:\/\/shop.a1records.de\/produkt\/unvorherhoerbar-go-music-30th-anniversary-doppel-vinyl\/#primaryimage\"},\"thumbnailUrl\":\"https:\/\/shop.a1records.de\/wp-content\/uploads\/2026\/04\/Cover_30th.jpeg\",\"datePublished\":\"2026-04-07T12:57:11+00:00\",\"dateModified\":\"2026-04-07T13:03:47+00:00\",\"breadcrumb\":{\"@id\":\"https:\/\/shop.a1records.de\/produkt\/unvorherhoerbar-go-music-30th-anniversary-doppel-vinyl\/#breadcrumb\"},\"inLanguage\":\"en-GB\",\"potentialAction\":[{\"@type\":\"ReadAction\",\"target\":[\"https:\/\/shop.a1records.de\/produkt\/unvorherhoerbar-go-music-30th-anniversary-doppel-vinyl\/\"]}]},{\"@type\":\"ImageObject\",\"inLanguage\":\"en-GB\",\"@id\":\"https:\/\/shop.a1records.de\/produkt\/unvorherhoerbar-go-music-30th-anniversary-doppel-vinyl\/#primaryimage\",\"url\":\"https:\/\/shop.a1records.de\/wp-content\/uploads\/2026\/04\/Cover_30th.jpeg\",\"contentUrl\":\"https:\/\/shop.a1records.de\/wp-content\/uploads\/2026\/04\/Cover_30th.jpeg\",\"width\":1600,\"height\":1600},{\"@type\":\"BreadcrumbList\",\"@id\":\"https:\/\/shop.a1records.de\/produkt\/unvorherhoerbar-go-music-30th-anniversary-doppel-vinyl\/#breadcrumb\",\"itemListElement\":[{\"@type\":\"ListItem\",\"position\":1,\"name\":\"Home\",\"item\":\"https:\/\/shop.a1records.de\/en\/\"},{\"@type\":\"ListItem\",\"position\":2,\"name\":\"Shop\",\"item\":\"https:\/\/shop.a1records.de\/en\/\"},{\"@type\":\"ListItem\",\"position\":3,\"name\":\"Unvorherh\u00f6rbar &#8211; GO MUSIC 30th Anniversary Doppel Vinyl\"}]},{\"@type\":\"WebSite\",\"@id\":\"https:\/\/shop.a1records.de\/en\/#website\",\"url\":\"https:\/\/shop.a1records.de\/en\/\",\"name\":\"A1 Records-Shop\",\"description\":\"\",\"potentialAction\":[{\"@type\":\"SearchAction\",\"target\":{\"@type\":\"EntryPoint\",\"urlTemplate\":\"https:\/\/shop.a1records.de\/en\/?s={search_term_string}\"},\"query-input\":{\"@type\":\"PropertyValueSpecification\",\"valueRequired\":true,\"valueName\":\"search_term_string\"}}],\"inLanguage\":\"en-GB\"}]}<\/script>\n<!-- \/ Yoast SEO plugin. -->","yoast_head_json":{"title":"Unvorherh\u00f6rbar - GO MUSIC 30th Anniversary Doppel Vinyl - A1 Records-Shop","robots":{"index":"index","follow":"follow","max-snippet":"max-snippet:-1","max-image-preview":"max-image-preview:large","max-video-preview":"max-video-preview:-1"},"canonical":"https:\/\/shop.a1records.de\/en\/product\/unvorherhoerbar-go-music-30th-anniversary-doppel-vinyl\/","og_locale":"en_GB","og_type":"article","og_title":"Unvorherh\u00f6rbar - GO MUSIC 30th Anniversary Doppel Vinyl - A1 Records-Shop","og_description":"30 Jahre GO MUSIC \u2013 Eine Liebeserkl\u00e4rung an die Live-Musik Es gibt Momente, in denen Musik mehr ist als Klang. Momente, in denen sie verbindet, heilt, tr\u00e4gt und Hoffnung schenkt. Seit 30 Jahren steht GO MUSIC genau f\u00fcr diese Momente. Drei Jahrzehnte voller B\u00fchnenlichter, Herzschlag-Rhythmen und unvergesslicher Konzertn\u00e4chte. Drei Jahrzehnte, in denen Live-Musik nicht nur &hellip; Continue reading \"Unvorherh\u00f6rbar &#8211; GO MUSIC 30th Anniversary Doppel Vinyl\"","og_url":"https:\/\/shop.a1records.de\/en\/product\/unvorherhoerbar-go-music-30th-anniversary-doppel-vinyl\/","og_site_name":"A1 Records-Shop","article_modified_time":"2026-04-07T13:03:47+00:00","og_image":[{"width":1600,"height":1600,"url":"https:\/\/shop.a1records.de\/wp-content\/uploads\/2026\/04\/Cover_30th.jpeg","type":"image\/jpeg"}],"twitter_card":"summary_large_image","twitter_misc":{"Estimated reading time":"2 minutes"},"schema":{"@context":"https:\/\/schema.org","@graph":[{"@type":"WebPage","@id":"https:\/\/shop.a1records.de\/produkt\/unvorherhoerbar-go-music-30th-anniversary-doppel-vinyl\/","url":"https:\/\/shop.a1records.de\/produkt\/unvorherhoerbar-go-music-30th-anniversary-doppel-vinyl\/","name":"Unvorherh\u00f6rbar - GO MUSIC 30th Anniversary Doppel Vinyl - A1 Records-Shop","isPartOf":{"@id":"https:\/\/shop.a1records.de\/en\/#website"},"primaryImageOfPage":{"@id":"https:\/\/shop.a1records.de\/produkt\/unvorherhoerbar-go-music-30th-anniversary-doppel-vinyl\/#primaryimage"},"image":{"@id":"https:\/\/shop.a1records.de\/produkt\/unvorherhoerbar-go-music-30th-anniversary-doppel-vinyl\/#primaryimage"},"thumbnailUrl":"https:\/\/shop.a1records.de\/wp-content\/uploads\/2026\/04\/Cover_30th.jpeg","datePublished":"2026-04-07T12:57:11+00:00","dateModified":"2026-04-07T13:03:47+00:00","breadcrumb":{"@id":"https:\/\/shop.a1records.de\/produkt\/unvorherhoerbar-go-music-30th-anniversary-doppel-vinyl\/#breadcrumb"},"inLanguage":"en-GB","potentialAction":[{"@type":"ReadAction","target":["https:\/\/shop.a1records.de\/produkt\/unvorherhoerbar-go-music-30th-anniversary-doppel-vinyl\/"]}]},{"@type":"ImageObject","inLanguage":"en-GB","@id":"https:\/\/shop.a1records.de\/produkt\/unvorherhoerbar-go-music-30th-anniversary-doppel-vinyl\/#primaryimage","url":"https:\/\/shop.a1records.de\/wp-content\/uploads\/2026\/04\/Cover_30th.jpeg","contentUrl":"https:\/\/shop.a1records.de\/wp-content\/uploads\/2026\/04\/Cover_30th.jpeg","width":1600,"height":1600},{"@type":"BreadcrumbList","@id":"https:\/\/shop.a1records.de\/produkt\/unvorherhoerbar-go-music-30th-anniversary-doppel-vinyl\/#breadcrumb","itemListElement":[{"@type":"ListItem","position":1,"name":"Home","item":"https:\/\/shop.a1records.de\/en\/"},{"@type":"ListItem","position":2,"name":"Shop","item":"https:\/\/shop.a1records.de\/en\/"},{"@type":"ListItem","position":3,"name":"Unvorherh\u00f6rbar &#8211; GO MUSIC 30th Anniversary Doppel Vinyl"}]},{"@type":"WebSite","@id":"https:\/\/shop.a1records.de\/en\/#website","url":"https:\/\/shop.a1records.de\/en\/","name":"A1 Records-Shop","description":"","potentialAction":[{"@type":"SearchAction","target":{"@type":"EntryPoint","urlTemplate":"https:\/\/shop.a1records.de\/en\/?s={search_term_string}"},"query-input":{"@type":"PropertyValueSpecification","valueRequired":true,"valueName":"search_term_string"}}],"inLanguage":"en-GB"}]}},"_links":{"self":[{"href":"https:\/\/shop.a1records.de\/en\/wp-json\/wp\/v2\/product\/903"}],"collection":[{"href":"https:\/\/shop.a1records.de\/en\/wp-json\/wp\/v2\/product"}],"about":[{"href":"https:\/\/shop.a1records.de\/en\/wp-json\/wp\/v2\/types\/product"}],"replies":[{"embeddable":true,"href":"https:\/\/shop.a1records.de\/en\/wp-json\/wp\/v2\/comments?post=903"}],"wp:featuredmedia":[{"embeddable":true,"href":"https:\/\/shop.a1records.de\/en\/wp-json\/wp\/v2\/media\/904"}],"wp:attachment":[{"href":"https:\/\/shop.a1records.de\/en\/wp-json\/wp\/v2\/media?parent=903"}],"wp:term":[{"taxonomy":"product_brand","embeddable":true,"href":"https:\/\/shop.a1records.de\/en\/wp-json\/wp\/v2\/product_brand?post=903"},{"taxonomy":"product_cat","embeddable":true,"href":"https:\/\/shop.a1records.de\/en\/wp-json\/wp\/v2\/product_cat?post=903"},{"taxonomy":"product_tag","embeddable":true,"href":"https:\/\/shop.a1records.de\/en\/wp-json\/wp\/v2\/product_tag?post=903"}],"curies":[{"name":"wp","href":"https:\/\/api.w.org\/{rel}","templated":true}]}}