{"id":87,"date":"2019-03-29T21:27:12","date_gmt":"2019-03-29T21:27:12","guid":{"rendered":"https:\/\/shop.a1records.de\/neu\/?post_type=product&#038;p=87"},"modified":"2025-09-26T07:40:07","modified_gmt":"2025-09-26T07:40:07","slug":"read-between-the-lines-cd","status":"publish","type":"product","link":"https:\/\/shop.a1records.de\/en\/product\/read-between-the-lines-cd\/","title":{"rendered":"Read Between The Lines &#8211; CD"},"content":{"rendered":"<p>2010 ein gutes Jahr um eine weitere JUTTA (oder nur) WEINHOLD CD zu ver\u00f6ffentlichen.<\/p>\n<p>\u201cREAD BETWEEN THE LINES\u201d<\/p>\n<p>Ein Dutzend Songs, so verschieden wie die Musiker mit denen sie entstanden sind.<\/p>\n<p>Seit nunmehr 40 Jahren ist Jutta Weinhold in der Rock-Family zu Hause.<\/p>\n<p>Da gibt es viel zu singen von Rock \u00fcber Hardrock bis zum Modernen, einem Remix von ROCK ON. Das Original ist auf Jutta Weinhold&#8217;s Akustik Randale \u201cRock on\u201d von 2009 bei Zounds Music ver\u00f6ffentlicht.<\/p>\n<p>Gitarrenriffs abgestimmt auf die Lyrics harmonische Melodien wechseln sich kurzweilig ab. Jeder Titel hat ein intensives musikalisches und textliches Eigenleben.<\/p>\n<p>Die T\u00f6ne \u2013 auch mal sensibel unter der Haut \u2013 aber immer souverain und im typischen WEINHOLD Stil. Feeling und Leidenschaft, Kraft, Energie und Bewu\u00dftsein f\u00fcr Rockmusik bringen einen Spirit der ber\u00fchrt.<\/p>\n<p>Jutta Weinhold ein Pionier der ersten Stunden. Immer im Einsatz der Musik, unerm\u00fcdlich, unerschrocken. Selbstverst\u00e4ndlich lebt sie ihre Kreativit\u00e4t schreibt Songs und bringt sie mit kraftvoller soundbewu\u00dfter Stimme zur Vollendung.<\/p>\n<p>\u201cREAD BETWEEN THE LINES\u201d<\/p>\n<p>und alle Eingeweiten werden das \u201cDazwischen\u201d finden und die Nichteingeweihten sind auf dem besten Weg zu den Erstgenannten zu geh\u00f6ren.<\/p>","protected":false},"excerpt":{"rendered":"<p>2010 ein gutes Jahr um eine weitere JUTTA (oder nur) WEINHOLD CD zu ver\u00f6ffentlichen. \u201cREAD BETWEEN THE LINES\u201d Ein Dutzend Songs, so verschieden wie die Musiker mit denen sie entstanden sind. Seit nunmehr 40 Jahren ist Jutta Weinhold in der Rock-Family zu Hause. Da gibt es viel zu singen von Rock \u00fcber Hardrock bis zum &hellip; <\/p>\n<p class=\"link-more\"><a href=\"https:\/\/shop.a1records.de\/en\/product\/read-between-the-lines-cd\/\" class=\"more-link\">Continue reading<span class=\"screen-reader-text\"> &#8222;Read Between The Lines &#8211; CD&#8220;<\/span><\/a><\/p>","protected":false},"featured_media":88,"comment_status":"closed","ping_status":"closed","template":"","meta":[],"product_brand":[],"product_cat":[16,43],"product_tag":[],"class_list":{"0":"post-87","1":"product","2":"type-product","3":"status-publish","4":"has-post-thumbnail","6":"product_cat-cd","7":"product_cat-jutta-weinhold","8":"product_shipping_class-cds","10":"first","11":"instock","12":"taxable","13":"shipping-taxable","14":"purchasable","15":"product-type-simple"},"yoast_head":"<!-- This site is optimized with the Yoast SEO plugin v23.7 - https:\/\/yoast.com\/wordpress\/plugins\/seo\/ -->\n<title>Read Between The Lines - CD - A1 Records-Shop<\/title>\n<meta name=\"robots\" content=\"index, follow, max-snippet:-1, max-image-preview:large, max-video-preview:-1\" \/>\n<link rel=\"canonical\" href=\"https:\/\/shop.a1records.de\/en\/product\/read-between-the-lines-cd\/\" \/>\n<meta property=\"og:locale\" content=\"en_GB\" \/>\n<meta property=\"og:type\" content=\"article\" \/>\n<meta property=\"og:title\" content=\"Read Between The Lines - CD - A1 Records-Shop\" \/>\n<meta property=\"og:description\" content=\"2010 ein gutes Jahr um eine weitere JUTTA (oder nur) WEINHOLD CD zu ver\u00f6ffentlichen. \u201cREAD BETWEEN THE LINES\u201d Ein Dutzend Songs, so verschieden wie die Musiker mit denen sie entstanden sind. Seit nunmehr 40 Jahren ist Jutta Weinhold in der Rock-Family zu Hause. Da gibt es viel zu singen von Rock \u00fcber Hardrock bis zum &hellip; Continue reading &quot;Read Between The Lines &#8211; CD&quot;\" \/>\n<meta property=\"og:url\" content=\"https:\/\/shop.a1records.de\/en\/product\/read-between-the-lines-cd\/\" \/>\n<meta property=\"og:site_name\" content=\"A1 Records-Shop\" \/>\n<meta property=\"article:modified_time\" content=\"2025-09-26T07:40:07+00:00\" \/>\n<meta property=\"og:image\" content=\"https:\/\/shop.a1records.de\/wp-content\/uploads\/2019\/03\/readbetweenthelines.jpeg\" \/>\n\t<meta property=\"og:image:width\" content=\"500\" \/>\n\t<meta property=\"og:image:height\" content=\"500\" \/>\n\t<meta property=\"og:image:type\" content=\"image\/jpeg\" \/>\n<meta name=\"twitter:card\" content=\"summary_large_image\" \/>\n<meta name=\"twitter:label1\" content=\"Estimated reading time\" \/>\n\t<meta name=\"twitter:data1\" content=\"2 minutes\" \/>\n<script type=\"application\/ld+json\" class=\"yoast-schema-graph\">{\"@context\":\"https:\/\/schema.org\",\"@graph\":[{\"@type\":\"WebPage\",\"@id\":\"https:\/\/shop.a1records.de\/en\/product\/read-between-the-lines-cd\/\",\"url\":\"https:\/\/shop.a1records.de\/en\/product\/read-between-the-lines-cd\/\",\"name\":\"Read Between The Lines - CD - A1 Records-Shop\",\"isPartOf\":{\"@id\":\"https:\/\/shop.a1records.de\/en\/#website\"},\"primaryImageOfPage\":{\"@id\":\"https:\/\/shop.a1records.de\/en\/product\/read-between-the-lines-cd\/#primaryimage\"},\"image\":{\"@id\":\"https:\/\/shop.a1records.de\/en\/product\/read-between-the-lines-cd\/#primaryimage\"},\"thumbnailUrl\":\"https:\/\/shop.a1records.de\/wp-content\/uploads\/2019\/03\/readbetweenthelines.jpeg\",\"datePublished\":\"2019-03-29T21:27:12+00:00\",\"dateModified\":\"2025-09-26T07:40:07+00:00\",\"breadcrumb\":{\"@id\":\"https:\/\/shop.a1records.de\/en\/product\/read-between-the-lines-cd\/#breadcrumb\"},\"inLanguage\":\"en-GB\",\"potentialAction\":[{\"@type\":\"ReadAction\",\"target\":[\"https:\/\/shop.a1records.de\/en\/product\/read-between-the-lines-cd\/\"]}]},{\"@type\":\"ImageObject\",\"inLanguage\":\"en-GB\",\"@id\":\"https:\/\/shop.a1records.de\/en\/product\/read-between-the-lines-cd\/#primaryimage\",\"url\":\"https:\/\/shop.a1records.de\/wp-content\/uploads\/2019\/03\/readbetweenthelines.jpeg\",\"contentUrl\":\"https:\/\/shop.a1records.de\/wp-content\/uploads\/2019\/03\/readbetweenthelines.jpeg\",\"width\":500,\"height\":500},{\"@type\":\"BreadcrumbList\",\"@id\":\"https:\/\/shop.a1records.de\/en\/product\/read-between-the-lines-cd\/#breadcrumb\",\"itemListElement\":[{\"@type\":\"ListItem\",\"position\":1,\"name\":\"Home\",\"item\":\"https:\/\/shop.a1records.de\/en\/\"},{\"@type\":\"ListItem\",\"position\":2,\"name\":\"Shop\",\"item\":\"https:\/\/shop.a1records.de\/en\/\"},{\"@type\":\"ListItem\",\"position\":3,\"name\":\"Read Between The Lines &#8211; CD\"}]},{\"@type\":\"WebSite\",\"@id\":\"https:\/\/shop.a1records.de\/en\/#website\",\"url\":\"https:\/\/shop.a1records.de\/en\/\",\"name\":\"A1 Records-Shop\",\"description\":\"\",\"potentialAction\":[{\"@type\":\"SearchAction\",\"target\":{\"@type\":\"EntryPoint\",\"urlTemplate\":\"https:\/\/shop.a1records.de\/en\/?s={search_term_string}\"},\"query-input\":{\"@type\":\"PropertyValueSpecification\",\"valueRequired\":true,\"valueName\":\"search_term_string\"}}],\"inLanguage\":\"en-GB\"}]}<\/script>\n<!-- \/ Yoast SEO plugin. -->","yoast_head_json":{"title":"Read Between The Lines - CD - A1 Records-Shop","robots":{"index":"index","follow":"follow","max-snippet":"max-snippet:-1","max-image-preview":"max-image-preview:large","max-video-preview":"max-video-preview:-1"},"canonical":"https:\/\/shop.a1records.de\/en\/product\/read-between-the-lines-cd\/","og_locale":"en_GB","og_type":"article","og_title":"Read Between The Lines - CD - A1 Records-Shop","og_description":"2010 ein gutes Jahr um eine weitere JUTTA (oder nur) WEINHOLD CD zu ver\u00f6ffentlichen. \u201cREAD BETWEEN THE LINES\u201d Ein Dutzend Songs, so verschieden wie die Musiker mit denen sie entstanden sind. Seit nunmehr 40 Jahren ist Jutta Weinhold in der Rock-Family zu Hause. Da gibt es viel zu singen von Rock \u00fcber Hardrock bis zum &hellip; Continue reading \"Read Between The Lines &#8211; CD\"","og_url":"https:\/\/shop.a1records.de\/en\/product\/read-between-the-lines-cd\/","og_site_name":"A1 Records-Shop","article_modified_time":"2025-09-26T07:40:07+00:00","og_image":[{"width":500,"height":500,"url":"https:\/\/shop.a1records.de\/wp-content\/uploads\/2019\/03\/readbetweenthelines.jpeg","type":"image\/jpeg"}],"twitter_card":"summary_large_image","twitter_misc":{"Estimated reading time":"2 minutes"},"schema":{"@context":"https:\/\/schema.org","@graph":[{"@type":"WebPage","@id":"https:\/\/shop.a1records.de\/en\/product\/read-between-the-lines-cd\/","url":"https:\/\/shop.a1records.de\/en\/product\/read-between-the-lines-cd\/","name":"Read Between The Lines - CD - A1 Records-Shop","isPartOf":{"@id":"https:\/\/shop.a1records.de\/en\/#website"},"primaryImageOfPage":{"@id":"https:\/\/shop.a1records.de\/en\/product\/read-between-the-lines-cd\/#primaryimage"},"image":{"@id":"https:\/\/shop.a1records.de\/en\/product\/read-between-the-lines-cd\/#primaryimage"},"thumbnailUrl":"https:\/\/shop.a1records.de\/wp-content\/uploads\/2019\/03\/readbetweenthelines.jpeg","datePublished":"2019-03-29T21:27:12+00:00","dateModified":"2025-09-26T07:40:07+00:00","breadcrumb":{"@id":"https:\/\/shop.a1records.de\/en\/product\/read-between-the-lines-cd\/#breadcrumb"},"inLanguage":"en-GB","potentialAction":[{"@type":"ReadAction","target":["https:\/\/shop.a1records.de\/en\/product\/read-between-the-lines-cd\/"]}]},{"@type":"ImageObject","inLanguage":"en-GB","@id":"https:\/\/shop.a1records.de\/en\/product\/read-between-the-lines-cd\/#primaryimage","url":"https:\/\/shop.a1records.de\/wp-content\/uploads\/2019\/03\/readbetweenthelines.jpeg","contentUrl":"https:\/\/shop.a1records.de\/wp-content\/uploads\/2019\/03\/readbetweenthelines.jpeg","width":500,"height":500},{"@type":"BreadcrumbList","@id":"https:\/\/shop.a1records.de\/en\/product\/read-between-the-lines-cd\/#breadcrumb","itemListElement":[{"@type":"ListItem","position":1,"name":"Home","item":"https:\/\/shop.a1records.de\/en\/"},{"@type":"ListItem","position":2,"name":"Shop","item":"https:\/\/shop.a1records.de\/en\/"},{"@type":"ListItem","position":3,"name":"Read Between The Lines &#8211; CD"}]},{"@type":"WebSite","@id":"https:\/\/shop.a1records.de\/en\/#website","url":"https:\/\/shop.a1records.de\/en\/","name":"A1 Records-Shop","description":"","potentialAction":[{"@type":"SearchAction","target":{"@type":"EntryPoint","urlTemplate":"https:\/\/shop.a1records.de\/en\/?s={search_term_string}"},"query-input":{"@type":"PropertyValueSpecification","valueRequired":true,"valueName":"search_term_string"}}],"inLanguage":"en-GB"}]}},"_links":{"self":[{"href":"https:\/\/shop.a1records.de\/en\/wp-json\/wp\/v2\/product\/87"}],"collection":[{"href":"https:\/\/shop.a1records.de\/en\/wp-json\/wp\/v2\/product"}],"about":[{"href":"https:\/\/shop.a1records.de\/en\/wp-json\/wp\/v2\/types\/product"}],"replies":[{"embeddable":true,"href":"https:\/\/shop.a1records.de\/en\/wp-json\/wp\/v2\/comments?post=87"}],"wp:featuredmedia":[{"embeddable":true,"href":"https:\/\/shop.a1records.de\/en\/wp-json\/wp\/v2\/media\/88"}],"wp:attachment":[{"href":"https:\/\/shop.a1records.de\/en\/wp-json\/wp\/v2\/media?parent=87"}],"wp:term":[{"taxonomy":"product_brand","embeddable":true,"href":"https:\/\/shop.a1records.de\/en\/wp-json\/wp\/v2\/product_brand?post=87"},{"taxonomy":"product_cat","embeddable":true,"href":"https:\/\/shop.a1records.de\/en\/wp-json\/wp\/v2\/product_cat?post=87"},{"taxonomy":"product_tag","embeddable":true,"href":"https:\/\/shop.a1records.de\/en\/wp-json\/wp\/v2\/product_tag?post=87"}],"curies":[{"name":"wp","href":"https:\/\/api.w.org\/{rel}","templated":true}]}}