{"id":860,"date":"2025-04-15T17:01:09","date_gmt":"2025-04-15T17:01:09","guid":{"rendered":"https:\/\/shop.a1records.de\/?post_type=product&#038;p=860"},"modified":"2026-04-07T12:40:35","modified_gmt":"2026-04-07T12:40:35","slug":"ben-granfelt-its-personal-2-vinyl-lp-set","status":"publish","type":"product","link":"https:\/\/shop.a1records.de\/en\/product\/ben-granfelt-its-personal-2-vinyl-lp-set\/","title":{"rendered":"BEN GRANFELT: IT&#8217;S PERSONAL 2 VINYL LP Set"},"content":{"rendered":"<p>Bei <strong>BEN GRANFELTs<\/strong> 21. Soloalbum handelt es sich um eine besondere Ver\u00f6ffentlichung, denn nicht viele K\u00fcnstler bringen dieser Tage ihre Alben noch auf CD und Vinyl heraus. Ganz zu schweigen von einer Doppel-CD\/Doppel-LP als Kombination aus Studio- und Livealbum.<\/p>\n<p>\u201eIch war in letzter Zeit so inspiriert zu spielen und viele Leute haben schon lange nach Intrumentalst\u00fccken gefragt \u2026 also bitte sehr, ein reines Intrumentalalbum\u201c, sagt <strong>BEN GRANFELT<\/strong> \u00fcber die Studio CD\/LP von <strong>\u201eIt\u2019s Personal\u201c.<\/strong><\/p>\n<p><strong>Ben<\/strong> spielt Gitarre, rein zum eigenen Vergn\u00fcgen, ohne Regeln und Einschr\u00e4nkungen, sondern als eine sch\u00f6ne Sammlung musikalischer Statements. Es sind neun Tracks mit Melodien, Riffs, verschiedenen Klangtexturen und ja, nat\u00fcrlich gibt es Soli, aber sie bleiben Teil der Songs, anstatt dass die Songs eine Ausrede f\u00fcr endloses Gefrickel sind.<\/p>\n<p>\u00dcber die Aufnahmen sagt <strong>BEN GRANFELT<\/strong>: \u201eZusammen mit Masa Maijanen (Bass) und Jari Salminen (Schlagzeug) habe ich die Basistracks live in einem gro\u00dfen Raum aufgenommen. Dann habe ich mich in meinem kleinen Studio eingeschlossen und hatte dort die wunderbarste Zeit, Gitarrentracks aufzunehmen und Sounds zu kreiieren. Ich denke ehrlich, dass ich etwas ganz Besonderes und Pers\u00f6nliches geschaffen habe und bin wirklich sehr stolz auf das Ergebnis.\u201c<\/p>\n<p>Die Live CD\/LP wiederum beweist, dass <strong>Ben<\/strong> auch ein hervorragender S\u00e4nger ist und sie ist gleichzeitig ein weiteres Zeugnis f\u00fcr eine Band, die maximalen Spass hat an dem, was sie tut. Aufgenommen \u00a0in der gleichen Powertrio-Besetzung mit Masa Majanen am Bass und Jari Salminen am Schlagzeug w\u00e4hrend der Tour 2024 zum Jubil\u00e4umsalbum \u201eGratitude\u201c (Bens Hommage an Jeff Beck, Robin Trower und Gary Moore) zeigt sich, dass kein <strong>BEN GRANFELT<\/strong> \u2013 Konzert dem anderen gleicht. Es wird viel gejammt und die Songs unterscheiden sich meist recht deutlich von den aufgenommenen Studioversionen.<\/p>\n<p>Neben <strong>BEN GRANFELT<\/strong> Originalen befinden sich auf der Live CD\/LP auch der Robin Trower Song \u201eBridge Of Sighs\u201c, das neun Minten lange \u201eBreathe\u201c von Pink Floyd und\u00a0 der Klassiker \u201eCocaine\u201c von J.J. Cale, alle in ganz pers\u00f6nlichen Versionen des Meisters.<\/p>\n<p>Die erste digitale Single des Intrumentalalbums ist \u201eCrash Test Dummy\u201c, die<strong> Ben<\/strong> folgenderma\u00dfen kommentiert:<\/p>\n<p>\u201eIn den Riffs kommt mein innerer Jeff Beck zum Vorschein. Ich versuche nicht ansatzweise, es zu verbergen. Die Wiederholung des ersten Riffs brachte mich auf die Idee f\u00fcr den Titel. Diese Stopps sind wie eine Art Crash. Anstatt eines normalen, rasanten Solos habe ich beschlossen, etwas Sanftes und Melodisches zu kreieren, bevor ich wieder zum Riff zur\u00fcckkehre.\u201c<\/p>\n<p>Zur Ver\u00f6ffentlichung von \u201e<strong>It\u2019s Personal\u201c<\/strong> werden <strong>Ben<\/strong> und seine Band ab Anfang Juni zahlreiche Konzerte in Finnland spielen und im September\/Oktober auch in Deutschland auf Tour sein.<strong><u>\u00a0<\/u><\/strong><\/p>\n<p>&nbsp;<\/p>","protected":false},"excerpt":{"rendered":"<p>Bei BEN GRANFELTs 21. Soloalbum handelt es sich um eine besondere Ver\u00f6ffentlichung, denn nicht viele K\u00fcnstler bringen dieser Tage ihre Alben noch auf CD und Vinyl heraus. Ganz zu schweigen von einer Doppel-CD\/Doppel-LP als Kombination aus Studio- und Livealbum. \u201eIch war in letzter Zeit so inspiriert zu spielen und viele Leute haben schon lange nach &hellip; <\/p>\n<p class=\"link-more\"><a href=\"https:\/\/shop.a1records.de\/en\/product\/ben-granfelt-its-personal-2-vinyl-lp-set\/\" class=\"more-link\">Continue reading<span class=\"screen-reader-text\"> &#8222;BEN GRANFELT: IT&#8217;S PERSONAL 2 VINYL LP Set&#8220;<\/span><\/a><\/p>","protected":false},"featured_media":859,"comment_status":"closed","ping_status":"closed","template":"","meta":[],"product_brand":[],"product_cat":[20,17],"product_tag":[],"class_list":{"0":"post-860","1":"product","2":"type-product","3":"status-publish","4":"has-post-thumbnail","6":"product_cat-ben-granfelt","7":"product_cat-vinyl","8":"product_shipping_class-vinyl","10":"first","11":"instock","12":"taxable","13":"shipping-taxable","14":"purchasable","15":"product-type-simple"},"yoast_head":"<!-- This site is optimized with the Yoast SEO plugin v23.7 - https:\/\/yoast.com\/wordpress\/plugins\/seo\/ -->\n<title>BEN GRANFELT: IT&#039;S PERSONAL 2 VINYL LP Set - A1 Records-Shop<\/title>\n<meta name=\"robots\" content=\"index, follow, max-snippet:-1, max-image-preview:large, max-video-preview:-1\" \/>\n<link rel=\"canonical\" href=\"https:\/\/shop.a1records.de\/en\/product\/ben-granfelt-its-personal-2-vinyl-lp-set\/\" \/>\n<meta property=\"og:locale\" content=\"en_GB\" \/>\n<meta property=\"og:type\" content=\"article\" \/>\n<meta property=\"og:title\" content=\"BEN GRANFELT: IT&#039;S PERSONAL 2 VINYL LP Set - A1 Records-Shop\" \/>\n<meta property=\"og:description\" content=\"Bei BEN GRANFELTs 21. Soloalbum handelt es sich um eine besondere Ver\u00f6ffentlichung, denn nicht viele K\u00fcnstler bringen dieser Tage ihre Alben noch auf CD und Vinyl heraus. Ganz zu schweigen von einer Doppel-CD\/Doppel-LP als Kombination aus Studio- und Livealbum. \u201eIch war in letzter Zeit so inspiriert zu spielen und viele Leute haben schon lange nach &hellip; Continue reading &quot;BEN GRANFELT: IT&#8217;S PERSONAL 2 VINYL LP Set&quot;\" \/>\n<meta property=\"og:url\" content=\"https:\/\/shop.a1records.de\/en\/product\/ben-granfelt-its-personal-2-vinyl-lp-set\/\" \/>\n<meta property=\"og:site_name\" content=\"A1 Records-Shop\" \/>\n<meta property=\"article:modified_time\" content=\"2026-04-07T12:40:35+00:00\" \/>\n<meta property=\"og:image\" content=\"https:\/\/shop.a1records.de\/wp-content\/uploads\/2025\/04\/Ben_itspersonal_3000px-scaled.jpg\" \/>\n\t<meta property=\"og:image:width\" content=\"2560\" \/>\n\t<meta property=\"og:image:height\" content=\"2560\" \/>\n\t<meta property=\"og:image:type\" content=\"image\/jpeg\" \/>\n<meta name=\"twitter:card\" content=\"summary_large_image\" \/>\n<meta name=\"twitter:label1\" content=\"Estimated reading time\" \/>\n\t<meta name=\"twitter:data1\" content=\"3 minutes\" \/>\n<script type=\"application\/ld+json\" class=\"yoast-schema-graph\">{\"@context\":\"https:\/\/schema.org\",\"@graph\":[{\"@type\":\"WebPage\",\"@id\":\"https:\/\/shop.a1records.de\/produkt\/ben-granfelt-its-personal-2-vinyl-lp-set\/\",\"url\":\"https:\/\/shop.a1records.de\/produkt\/ben-granfelt-its-personal-2-vinyl-lp-set\/\",\"name\":\"BEN GRANFELT: IT'S PERSONAL 2 VINYL LP Set - A1 Records-Shop\",\"isPartOf\":{\"@id\":\"https:\/\/shop.a1records.de\/en\/#website\"},\"primaryImageOfPage\":{\"@id\":\"https:\/\/shop.a1records.de\/produkt\/ben-granfelt-its-personal-2-vinyl-lp-set\/#primaryimage\"},\"image\":{\"@id\":\"https:\/\/shop.a1records.de\/produkt\/ben-granfelt-its-personal-2-vinyl-lp-set\/#primaryimage\"},\"thumbnailUrl\":\"https:\/\/shop.a1records.de\/wp-content\/uploads\/2025\/04\/Ben_itspersonal_3000px-scaled.jpg\",\"datePublished\":\"2025-04-15T17:01:09+00:00\",\"dateModified\":\"2026-04-07T12:40:35+00:00\",\"breadcrumb\":{\"@id\":\"https:\/\/shop.a1records.de\/produkt\/ben-granfelt-its-personal-2-vinyl-lp-set\/#breadcrumb\"},\"inLanguage\":\"en-GB\",\"potentialAction\":[{\"@type\":\"ReadAction\",\"target\":[\"https:\/\/shop.a1records.de\/produkt\/ben-granfelt-its-personal-2-vinyl-lp-set\/\"]}]},{\"@type\":\"ImageObject\",\"inLanguage\":\"en-GB\",\"@id\":\"https:\/\/shop.a1records.de\/produkt\/ben-granfelt-its-personal-2-vinyl-lp-set\/#primaryimage\",\"url\":\"https:\/\/shop.a1records.de\/wp-content\/uploads\/2025\/04\/Ben_itspersonal_3000px-scaled.jpg\",\"contentUrl\":\"https:\/\/shop.a1records.de\/wp-content\/uploads\/2025\/04\/Ben_itspersonal_3000px-scaled.jpg\",\"width\":2560,\"height\":2560},{\"@type\":\"BreadcrumbList\",\"@id\":\"https:\/\/shop.a1records.de\/produkt\/ben-granfelt-its-personal-2-vinyl-lp-set\/#breadcrumb\",\"itemListElement\":[{\"@type\":\"ListItem\",\"position\":1,\"name\":\"Home\",\"item\":\"https:\/\/shop.a1records.de\/en\/\"},{\"@type\":\"ListItem\",\"position\":2,\"name\":\"Shop\",\"item\":\"https:\/\/shop.a1records.de\/en\/\"},{\"@type\":\"ListItem\",\"position\":3,\"name\":\"BEN GRANFELT: IT&#8217;S PERSONAL 2 VINYL LP Set\"}]},{\"@type\":\"WebSite\",\"@id\":\"https:\/\/shop.a1records.de\/en\/#website\",\"url\":\"https:\/\/shop.a1records.de\/en\/\",\"name\":\"A1 Records-Shop\",\"description\":\"\",\"potentialAction\":[{\"@type\":\"SearchAction\",\"target\":{\"@type\":\"EntryPoint\",\"urlTemplate\":\"https:\/\/shop.a1records.de\/en\/?s={search_term_string}\"},\"query-input\":{\"@type\":\"PropertyValueSpecification\",\"valueRequired\":true,\"valueName\":\"search_term_string\"}}],\"inLanguage\":\"en-GB\"}]}<\/script>\n<!-- \/ Yoast SEO plugin. -->","yoast_head_json":{"title":"BEN GRANFELT: IT'S PERSONAL 2 VINYL LP Set - A1 Records-Shop","robots":{"index":"index","follow":"follow","max-snippet":"max-snippet:-1","max-image-preview":"max-image-preview:large","max-video-preview":"max-video-preview:-1"},"canonical":"https:\/\/shop.a1records.de\/en\/product\/ben-granfelt-its-personal-2-vinyl-lp-set\/","og_locale":"en_GB","og_type":"article","og_title":"BEN GRANFELT: IT'S PERSONAL 2 VINYL LP Set - A1 Records-Shop","og_description":"Bei BEN GRANFELTs 21. Soloalbum handelt es sich um eine besondere Ver\u00f6ffentlichung, denn nicht viele K\u00fcnstler bringen dieser Tage ihre Alben noch auf CD und Vinyl heraus. Ganz zu schweigen von einer Doppel-CD\/Doppel-LP als Kombination aus Studio- und Livealbum. \u201eIch war in letzter Zeit so inspiriert zu spielen und viele Leute haben schon lange nach &hellip; Continue reading \"BEN GRANFELT: IT&#8217;S PERSONAL 2 VINYL LP Set\"","og_url":"https:\/\/shop.a1records.de\/en\/product\/ben-granfelt-its-personal-2-vinyl-lp-set\/","og_site_name":"A1 Records-Shop","article_modified_time":"2026-04-07T12:40:35+00:00","og_image":[{"width":2560,"height":2560,"url":"https:\/\/shop.a1records.de\/wp-content\/uploads\/2025\/04\/Ben_itspersonal_3000px-scaled.jpg","type":"image\/jpeg"}],"twitter_card":"summary_large_image","twitter_misc":{"Estimated reading time":"3 minutes"},"schema":{"@context":"https:\/\/schema.org","@graph":[{"@type":"WebPage","@id":"https:\/\/shop.a1records.de\/produkt\/ben-granfelt-its-personal-2-vinyl-lp-set\/","url":"https:\/\/shop.a1records.de\/produkt\/ben-granfelt-its-personal-2-vinyl-lp-set\/","name":"BEN GRANFELT: IT'S PERSONAL 2 VINYL LP Set - A1 Records-Shop","isPartOf":{"@id":"https:\/\/shop.a1records.de\/en\/#website"},"primaryImageOfPage":{"@id":"https:\/\/shop.a1records.de\/produkt\/ben-granfelt-its-personal-2-vinyl-lp-set\/#primaryimage"},"image":{"@id":"https:\/\/shop.a1records.de\/produkt\/ben-granfelt-its-personal-2-vinyl-lp-set\/#primaryimage"},"thumbnailUrl":"https:\/\/shop.a1records.de\/wp-content\/uploads\/2025\/04\/Ben_itspersonal_3000px-scaled.jpg","datePublished":"2025-04-15T17:01:09+00:00","dateModified":"2026-04-07T12:40:35+00:00","breadcrumb":{"@id":"https:\/\/shop.a1records.de\/produkt\/ben-granfelt-its-personal-2-vinyl-lp-set\/#breadcrumb"},"inLanguage":"en-GB","potentialAction":[{"@type":"ReadAction","target":["https:\/\/shop.a1records.de\/produkt\/ben-granfelt-its-personal-2-vinyl-lp-set\/"]}]},{"@type":"ImageObject","inLanguage":"en-GB","@id":"https:\/\/shop.a1records.de\/produkt\/ben-granfelt-its-personal-2-vinyl-lp-set\/#primaryimage","url":"https:\/\/shop.a1records.de\/wp-content\/uploads\/2025\/04\/Ben_itspersonal_3000px-scaled.jpg","contentUrl":"https:\/\/shop.a1records.de\/wp-content\/uploads\/2025\/04\/Ben_itspersonal_3000px-scaled.jpg","width":2560,"height":2560},{"@type":"BreadcrumbList","@id":"https:\/\/shop.a1records.de\/produkt\/ben-granfelt-its-personal-2-vinyl-lp-set\/#breadcrumb","itemListElement":[{"@type":"ListItem","position":1,"name":"Home","item":"https:\/\/shop.a1records.de\/en\/"},{"@type":"ListItem","position":2,"name":"Shop","item":"https:\/\/shop.a1records.de\/en\/"},{"@type":"ListItem","position":3,"name":"BEN GRANFELT: IT&#8217;S PERSONAL 2 VINYL LP Set"}]},{"@type":"WebSite","@id":"https:\/\/shop.a1records.de\/en\/#website","url":"https:\/\/shop.a1records.de\/en\/","name":"A1 Records-Shop","description":"","potentialAction":[{"@type":"SearchAction","target":{"@type":"EntryPoint","urlTemplate":"https:\/\/shop.a1records.de\/en\/?s={search_term_string}"},"query-input":{"@type":"PropertyValueSpecification","valueRequired":true,"valueName":"search_term_string"}}],"inLanguage":"en-GB"}]}},"_links":{"self":[{"href":"https:\/\/shop.a1records.de\/en\/wp-json\/wp\/v2\/product\/860"}],"collection":[{"href":"https:\/\/shop.a1records.de\/en\/wp-json\/wp\/v2\/product"}],"about":[{"href":"https:\/\/shop.a1records.de\/en\/wp-json\/wp\/v2\/types\/product"}],"replies":[{"embeddable":true,"href":"https:\/\/shop.a1records.de\/en\/wp-json\/wp\/v2\/comments?post=860"}],"wp:featuredmedia":[{"embeddable":true,"href":"https:\/\/shop.a1records.de\/en\/wp-json\/wp\/v2\/media\/859"}],"wp:attachment":[{"href":"https:\/\/shop.a1records.de\/en\/wp-json\/wp\/v2\/media?parent=860"}],"wp:term":[{"taxonomy":"product_brand","embeddable":true,"href":"https:\/\/shop.a1records.de\/en\/wp-json\/wp\/v2\/product_brand?post=860"},{"taxonomy":"product_cat","embeddable":true,"href":"https:\/\/shop.a1records.de\/en\/wp-json\/wp\/v2\/product_cat?post=860"},{"taxonomy":"product_tag","embeddable":true,"href":"https:\/\/shop.a1records.de\/en\/wp-json\/wp\/v2\/product_tag?post=860"}],"curies":[{"name":"wp","href":"https:\/\/api.w.org\/{rel}","templated":true}]}}