{"id":83,"date":"2019-03-29T20:54:26","date_gmt":"2019-03-29T20:54:26","guid":{"rendered":"https:\/\/shop.a1records.de\/neu\/?post_type=product&#038;p=83"},"modified":"2026-03-01T10:59:02","modified_gmt":"2026-03-01T10:59:02","slug":"live-the-dennis-hormes-blues-band-cd","status":"publish","type":"product","link":"https:\/\/shop.a1records.de\/en\/product\/live-the-dennis-hormes-blues-band-cd\/","title":{"rendered":"LIVE &#8211; The DENNIS HORMES BLUES BAND &#8211; CD"},"content":{"rendered":"<p><span style=\"font-family: Tahoma, sans-serif\"><span style=\"font-size: small\"><b>Dennis Hormes tr\u00e4gt den Blues ins 21. Jahrhundert<\/b><\/span><\/span><\/p>\n<p align=\"JUSTIFY\"><span style=\"font-family: Tahoma, sans-serif\"><span style=\"font-size: small\">So jedenfalls urteilte das deutsche Musikfachmagazin SOUNDCHECK in seiner Oktober Ausgabe 2003 \u00fcber das Debut Album des erst 22 j\u00e4hrigen Ausnahmegitarristen. Seitdem sein \u201eLIVE\u201c betiteltes Album erschienen ist ziehen sich Super Kritiken durch alle Publikationen Deutschlands. Und die H\u00f6rer des \u201eBluesradio Germany\u201c brachten durch ihr Voting den Titel \u201eHold On\u201c sogar auf Position 7 der H\u00f6rercharts. <\/span><\/span><\/p>\n<p align=\"JUSTIFY\"><span style=\"color: #000000\"><span style=\"font-family: Tahoma, sans-serif\"><span style=\"font-size: small\">Obwohl dieses Nu Blues Power &#8211; Trio doch erst seit April 2002 besteht. Dennis Hormes und sein langj\u00e4hriger Freund Martin Engelien, Bassist der Klaus Lage Band, befanden Anfang 2002 die Zeit als reif, endlich die gemeinsame Spielfreude in einer Trio Formation umsetzen zu wollen. Ideen zu St\u00fccken gibt es genug, die beiden verstehen sich sehr gut und haben fast alle original St\u00fccke des Albums gemeinsam erarbeitet. Obendrein hat Dennis ein genau so ausgefeiltes Phrasing in seiner Stimme wie auf seiner Gitarre, was mal wieder beweist, dass Musik in den Menschen ist, lebt und als Gabe angesehen werden kann. Als Schlagzeuger konnte Dieter Steinmann gewonnen werden, was ziemlich nahe lag. Bildet er doch mit Martin Engelien als \u201eRhythm Twins\u201c eine der besten und bekanntesten Rhythmusgruppen Deutschlands. Und gleich der erste Auftritt im April 2002 als Opener der Bernard Allison Band ist schon in die Analen der Band eingegangen. Urteilte doch der Donaukurier in seiner Ausgabe vom 19.04.2002<\/span><\/span><span style=\"font-family: Tahoma, sans-serif\"><span style=\"font-size: small\">,<\/span><\/span><span style=\"font-family: Tahoma, sans-serif\"><span style=\"font-size: small\"> \u201e&#8230;. <\/span><\/span><span style=\"font-family: Tahoma, sans-serif\"><span style=\"font-size: small\">Ist man am Anfang noch geneigt, ihn als das n\u00e4chste saitenmaltr\u00e4tierende Gitarrenwunder abzutun, das fehlendes Feeling mit Schnelligkeit und Technik ausgleicht, muss man bald anerkennen, dass seine Wucht und Dynamik von Herzen kommen. <\/span><\/span><span style=\"font-family: Tahoma, sans-serif\"><span style=\"font-size: small\">&#8230;<\/span><\/span><span style=\"font-family: Tahoma, sans-serif\"><span style=\"font-size: small\">Von den nun folgenden Ovationen ist er derart \u00fcberw\u00e4ltigt, dass er seine Zugabe sichtlich ger\u00fchrt mit &#8222;das h\u00e4tte ich jetzt nicht gedacht&#8220; ank\u00fcndigt. Der 19-J\u00e4hrige ist auch noch in der Umbaupause das Thema.<\/span><\/span><span style=\"font-family: Tahoma, sans-serif\"><span style=\"font-size: small\"> Erst der Gong erinnert, dass ja noch ein Auftritt folgt.<\/span><\/span><span style=\"font-family: Tahoma, sans-serif\"><span style=\"font-size: small\"> Lange hat es den Anschein, als wissen Allison und Band nicht, wie sie ihre Handbremsen l\u00f6sen sollen.\u201c Und seitdem rei\u00dfen die Erfolgsmeldungen \u00fcber die DENNIS HORMES BLUES BAND nicht mehr ab.<\/span><\/span><\/span><\/p>\n<p align=\"JUSTIFY\"><span style=\"color: #000000\"><span style=\"font-family: Tahoma, sans-serif\"><span style=\"font-size: small\">Blues News 04\/2002: \u201eHormes darf getrost als ausgefuchster Gitarrist bezeichnet werden, der die Licks und Tricks seiner mehr als offensichtlichen Vorbilder Stevie Ray Vaughan und Jimi Hendrix f\u00f6rmlich in sich aufgesogen hat.\u201c <\/span><\/span><\/span><\/p>\n<p align=\"JUSTIFY\"><span style=\"color: #000000\"><span style=\"font-family: Tahoma, sans-serif\"><span style=\"font-size: small\">Sticks 8\/03:\u201c Dennis Hormes bewei\u00dft, dass er jetzt schon ein echter Meister seines Fachs genannt werden darf. 12 druckvolle Songs. Live und direkt gespielt von drei klasse Musikern vor einem begeisterten Publikum. Dieser Band kann man wirklich Musikalit\u00e4t und Authentizit\u00e4t bescheinigen.\u201c<\/span><\/span><\/span><\/p>\n<p align=\"JUSTIFY\"><span style=\"color: #000000\"><span style=\"font-family: Tahoma, sans-serif\"><span style=\"font-size: small\">Drums &amp; Percussion 4\/03: \u201eAuf LIVE zeigt sich dieses Trio sicherlich von seiner besten Seite, macht Druck, liefert gutes Songmaterial und hat mit Mr. Hormes einen Frontmann, der mit Gitarre und Stimme vollends \u00fcberzeugt. Ein sch\u00f6nes Blues Album.\u201c<\/span><\/span><\/span><\/p>\n<p align=\"JUSTIFY\"><span style=\"color: #000000\"><span style=\"font-family: Tahoma, sans-serif\"><span style=\"font-size: small\">Gitarre &amp; Bass 8\/03: \u201eEin gro\u00dfartiger, stark Blues-beeinflusster Gitarrist, der auch noch rocken kann ohne Ende ist Dennis Hormes&#8230;.. Was er hier aus seiner Gitarre rausholt hat Feeling und Power ohne Ende. LIVE ist ein gro\u00dfartiges Album mit 4 Covers und 8 absolut \u00fcberzeugenden eigenen Songs. Dennis kann es!\u201c<\/span><\/span><\/span><\/p>","protected":false},"excerpt":{"rendered":"<p>Dennis Hormes tr\u00e4gt den Blues ins 21. Jahrhundert So jedenfalls urteilte das deutsche Musikfachmagazin SOUNDCHECK in seiner Oktober Ausgabe 2003 \u00fcber das Debut Album des erst 22 j\u00e4hrigen Ausnahmegitarristen. Seitdem sein \u201eLIVE\u201c betiteltes Album erschienen ist ziehen sich Super Kritiken durch alle Publikationen Deutschlands. Und die H\u00f6rer des \u201eBluesradio Germany\u201c brachten durch ihr Voting den &hellip; <\/p>\n<p class=\"link-more\"><a href=\"https:\/\/shop.a1records.de\/en\/product\/live-the-dennis-hormes-blues-band-cd\/\" class=\"more-link\">Continue reading<span class=\"screen-reader-text\"> &#8222;LIVE &#8211; The DENNIS HORMES BLUES BAND &#8211; CD&#8220;<\/span><\/a><\/p>","protected":false},"featured_media":84,"comment_status":"closed","ping_status":"closed","template":"","meta":[],"product_brand":[],"product_cat":[16,41,39],"product_tag":[],"class_list":{"0":"post-83","1":"product","2":"type-product","3":"status-publish","4":"has-post-thumbnail","6":"product_cat-cd","7":"product_cat-dennis-hormes","8":"product_cat-martin-engelien","9":"product_shipping_class-cds","11":"first","12":"instock","13":"taxable","14":"shipping-taxable","15":"purchasable","16":"product-type-simple"},"yoast_head":"<!-- This site is optimized with the Yoast SEO plugin v23.7 - https:\/\/yoast.com\/wordpress\/plugins\/seo\/ -->\n<title>LIVE - The DENNIS HORMES BLUES BAND - CD - A1 Records-Shop<\/title>\n<meta name=\"robots\" content=\"index, follow, max-snippet:-1, max-image-preview:large, max-video-preview:-1\" \/>\n<link rel=\"canonical\" href=\"https:\/\/shop.a1records.de\/en\/product\/live-the-dennis-hormes-blues-band-cd\/\" \/>\n<meta property=\"og:locale\" content=\"en_GB\" \/>\n<meta property=\"og:type\" content=\"article\" \/>\n<meta property=\"og:title\" content=\"LIVE - The DENNIS HORMES BLUES BAND - CD - A1 Records-Shop\" \/>\n<meta property=\"og:description\" content=\"Dennis Hormes tr\u00e4gt den Blues ins 21. Jahrhundert So jedenfalls urteilte das deutsche Musikfachmagazin SOUNDCHECK in seiner Oktober Ausgabe 2003 \u00fcber das Debut Album des erst 22 j\u00e4hrigen Ausnahmegitarristen. Seitdem sein \u201eLIVE\u201c betiteltes Album erschienen ist ziehen sich Super Kritiken durch alle Publikationen Deutschlands. Und die H\u00f6rer des \u201eBluesradio Germany\u201c brachten durch ihr Voting den &hellip; Continue reading &quot;LIVE &#8211; The DENNIS HORMES BLUES BAND &#8211; CD&quot;\" \/>\n<meta property=\"og:url\" content=\"https:\/\/shop.a1records.de\/en\/product\/live-the-dennis-hormes-blues-band-cd\/\" \/>\n<meta property=\"og:site_name\" content=\"A1 Records-Shop\" \/>\n<meta property=\"article:modified_time\" content=\"2026-03-01T10:59:02+00:00\" \/>\n<meta property=\"og:image\" content=\"https:\/\/shop.a1records.de\/wp-content\/uploads\/2019\/03\/live-dh-blues.jpeg\" \/>\n\t<meta property=\"og:image:width\" content=\"500\" \/>\n\t<meta property=\"og:image:height\" content=\"500\" \/>\n\t<meta property=\"og:image:type\" content=\"image\/jpeg\" \/>\n<meta name=\"twitter:card\" content=\"summary_large_image\" \/>\n<meta name=\"twitter:label1\" content=\"Estimated reading time\" \/>\n\t<meta name=\"twitter:data1\" content=\"2 minutes\" \/>\n<script type=\"application\/ld+json\" class=\"yoast-schema-graph\">{\"@context\":\"https:\/\/schema.org\",\"@graph\":[{\"@type\":\"WebPage\",\"@id\":\"https:\/\/shop.a1records.de\/en\/product\/live-the-dennis-hormes-blues-band-cd\/\",\"url\":\"https:\/\/shop.a1records.de\/en\/product\/live-the-dennis-hormes-blues-band-cd\/\",\"name\":\"LIVE - The DENNIS HORMES BLUES BAND - CD - A1 Records-Shop\",\"isPartOf\":{\"@id\":\"https:\/\/shop.a1records.de\/en\/#website\"},\"primaryImageOfPage\":{\"@id\":\"https:\/\/shop.a1records.de\/en\/product\/live-the-dennis-hormes-blues-band-cd\/#primaryimage\"},\"image\":{\"@id\":\"https:\/\/shop.a1records.de\/en\/product\/live-the-dennis-hormes-blues-band-cd\/#primaryimage\"},\"thumbnailUrl\":\"https:\/\/shop.a1records.de\/wp-content\/uploads\/2019\/03\/live-dh-blues.jpeg\",\"datePublished\":\"2019-03-29T20:54:26+00:00\",\"dateModified\":\"2026-03-01T10:59:02+00:00\",\"breadcrumb\":{\"@id\":\"https:\/\/shop.a1records.de\/en\/product\/live-the-dennis-hormes-blues-band-cd\/#breadcrumb\"},\"inLanguage\":\"en-GB\",\"potentialAction\":[{\"@type\":\"ReadAction\",\"target\":[\"https:\/\/shop.a1records.de\/en\/product\/live-the-dennis-hormes-blues-band-cd\/\"]}]},{\"@type\":\"ImageObject\",\"inLanguage\":\"en-GB\",\"@id\":\"https:\/\/shop.a1records.de\/en\/product\/live-the-dennis-hormes-blues-band-cd\/#primaryimage\",\"url\":\"https:\/\/shop.a1records.de\/wp-content\/uploads\/2019\/03\/live-dh-blues.jpeg\",\"contentUrl\":\"https:\/\/shop.a1records.de\/wp-content\/uploads\/2019\/03\/live-dh-blues.jpeg\",\"width\":500,\"height\":500},{\"@type\":\"BreadcrumbList\",\"@id\":\"https:\/\/shop.a1records.de\/en\/product\/live-the-dennis-hormes-blues-band-cd\/#breadcrumb\",\"itemListElement\":[{\"@type\":\"ListItem\",\"position\":1,\"name\":\"Home\",\"item\":\"https:\/\/shop.a1records.de\/en\/\"},{\"@type\":\"ListItem\",\"position\":2,\"name\":\"Shop\",\"item\":\"https:\/\/shop.a1records.de\/en\/\"},{\"@type\":\"ListItem\",\"position\":3,\"name\":\"LIVE &#8211; The DENNIS HORMES BLUES BAND &#8211; CD\"}]},{\"@type\":\"WebSite\",\"@id\":\"https:\/\/shop.a1records.de\/en\/#website\",\"url\":\"https:\/\/shop.a1records.de\/en\/\",\"name\":\"A1 Records-Shop\",\"description\":\"\",\"potentialAction\":[{\"@type\":\"SearchAction\",\"target\":{\"@type\":\"EntryPoint\",\"urlTemplate\":\"https:\/\/shop.a1records.de\/en\/?s={search_term_string}\"},\"query-input\":{\"@type\":\"PropertyValueSpecification\",\"valueRequired\":true,\"valueName\":\"search_term_string\"}}],\"inLanguage\":\"en-GB\"}]}<\/script>\n<!-- \/ Yoast SEO plugin. -->","yoast_head_json":{"title":"LIVE - The DENNIS HORMES BLUES BAND - CD - A1 Records-Shop","robots":{"index":"index","follow":"follow","max-snippet":"max-snippet:-1","max-image-preview":"max-image-preview:large","max-video-preview":"max-video-preview:-1"},"canonical":"https:\/\/shop.a1records.de\/en\/product\/live-the-dennis-hormes-blues-band-cd\/","og_locale":"en_GB","og_type":"article","og_title":"LIVE - The DENNIS HORMES BLUES BAND - CD - A1 Records-Shop","og_description":"Dennis Hormes tr\u00e4gt den Blues ins 21. Jahrhundert So jedenfalls urteilte das deutsche Musikfachmagazin SOUNDCHECK in seiner Oktober Ausgabe 2003 \u00fcber das Debut Album des erst 22 j\u00e4hrigen Ausnahmegitarristen. Seitdem sein \u201eLIVE\u201c betiteltes Album erschienen ist ziehen sich Super Kritiken durch alle Publikationen Deutschlands. Und die H\u00f6rer des \u201eBluesradio Germany\u201c brachten durch ihr Voting den &hellip; Continue reading \"LIVE &#8211; The DENNIS HORMES BLUES BAND &#8211; CD\"","og_url":"https:\/\/shop.a1records.de\/en\/product\/live-the-dennis-hormes-blues-band-cd\/","og_site_name":"A1 Records-Shop","article_modified_time":"2026-03-01T10:59:02+00:00","og_image":[{"width":500,"height":500,"url":"https:\/\/shop.a1records.de\/wp-content\/uploads\/2019\/03\/live-dh-blues.jpeg","type":"image\/jpeg"}],"twitter_card":"summary_large_image","twitter_misc":{"Estimated reading time":"2 minutes"},"schema":{"@context":"https:\/\/schema.org","@graph":[{"@type":"WebPage","@id":"https:\/\/shop.a1records.de\/en\/product\/live-the-dennis-hormes-blues-band-cd\/","url":"https:\/\/shop.a1records.de\/en\/product\/live-the-dennis-hormes-blues-band-cd\/","name":"LIVE - The DENNIS HORMES BLUES BAND - CD - A1 Records-Shop","isPartOf":{"@id":"https:\/\/shop.a1records.de\/en\/#website"},"primaryImageOfPage":{"@id":"https:\/\/shop.a1records.de\/en\/product\/live-the-dennis-hormes-blues-band-cd\/#primaryimage"},"image":{"@id":"https:\/\/shop.a1records.de\/en\/product\/live-the-dennis-hormes-blues-band-cd\/#primaryimage"},"thumbnailUrl":"https:\/\/shop.a1records.de\/wp-content\/uploads\/2019\/03\/live-dh-blues.jpeg","datePublished":"2019-03-29T20:54:26+00:00","dateModified":"2026-03-01T10:59:02+00:00","breadcrumb":{"@id":"https:\/\/shop.a1records.de\/en\/product\/live-the-dennis-hormes-blues-band-cd\/#breadcrumb"},"inLanguage":"en-GB","potentialAction":[{"@type":"ReadAction","target":["https:\/\/shop.a1records.de\/en\/product\/live-the-dennis-hormes-blues-band-cd\/"]}]},{"@type":"ImageObject","inLanguage":"en-GB","@id":"https:\/\/shop.a1records.de\/en\/product\/live-the-dennis-hormes-blues-band-cd\/#primaryimage","url":"https:\/\/shop.a1records.de\/wp-content\/uploads\/2019\/03\/live-dh-blues.jpeg","contentUrl":"https:\/\/shop.a1records.de\/wp-content\/uploads\/2019\/03\/live-dh-blues.jpeg","width":500,"height":500},{"@type":"BreadcrumbList","@id":"https:\/\/shop.a1records.de\/en\/product\/live-the-dennis-hormes-blues-band-cd\/#breadcrumb","itemListElement":[{"@type":"ListItem","position":1,"name":"Home","item":"https:\/\/shop.a1records.de\/en\/"},{"@type":"ListItem","position":2,"name":"Shop","item":"https:\/\/shop.a1records.de\/en\/"},{"@type":"ListItem","position":3,"name":"LIVE &#8211; The DENNIS HORMES BLUES BAND &#8211; CD"}]},{"@type":"WebSite","@id":"https:\/\/shop.a1records.de\/en\/#website","url":"https:\/\/shop.a1records.de\/en\/","name":"A1 Records-Shop","description":"","potentialAction":[{"@type":"SearchAction","target":{"@type":"EntryPoint","urlTemplate":"https:\/\/shop.a1records.de\/en\/?s={search_term_string}"},"query-input":{"@type":"PropertyValueSpecification","valueRequired":true,"valueName":"search_term_string"}}],"inLanguage":"en-GB"}]}},"_links":{"self":[{"href":"https:\/\/shop.a1records.de\/en\/wp-json\/wp\/v2\/product\/83"}],"collection":[{"href":"https:\/\/shop.a1records.de\/en\/wp-json\/wp\/v2\/product"}],"about":[{"href":"https:\/\/shop.a1records.de\/en\/wp-json\/wp\/v2\/types\/product"}],"replies":[{"embeddable":true,"href":"https:\/\/shop.a1records.de\/en\/wp-json\/wp\/v2\/comments?post=83"}],"wp:featuredmedia":[{"embeddable":true,"href":"https:\/\/shop.a1records.de\/en\/wp-json\/wp\/v2\/media\/84"}],"wp:attachment":[{"href":"https:\/\/shop.a1records.de\/en\/wp-json\/wp\/v2\/media?parent=83"}],"wp:term":[{"taxonomy":"product_brand","embeddable":true,"href":"https:\/\/shop.a1records.de\/en\/wp-json\/wp\/v2\/product_brand?post=83"},{"taxonomy":"product_cat","embeddable":true,"href":"https:\/\/shop.a1records.de\/en\/wp-json\/wp\/v2\/product_cat?post=83"},{"taxonomy":"product_tag","embeddable":true,"href":"https:\/\/shop.a1records.de\/en\/wp-json\/wp\/v2\/product_tag?post=83"}],"curies":[{"name":"wp","href":"https:\/\/api.w.org\/{rel}","templated":true}]}}