{"id":790,"date":"2024-09-18T12:40:30","date_gmt":"2024-09-18T12:40:30","guid":{"rendered":"https:\/\/shop.a1records.de\/?post_type=product&#038;p=790"},"modified":"2025-02-22T15:50:43","modified_gmt":"2025-02-22T15:50:43","slug":"blug-granfelt-engelien-strat-o-sphere-vinyl","status":"publish","type":"product","link":"https:\/\/shop.a1records.de\/en\/product\/blug-granfelt-engelien-strat-o-sphere-vinyl\/","title":{"rendered":"BLUG, GRANFELT &#038; ENGELIEN: STRAT-O-SPHERE VINYL"},"content":{"rendered":"<p lang=\"de-DE\" align=\"JUSTIFY\">English version below&#8230;&#8230;<\/p>\n<p lang=\"de-DE\" align=\"JUSTIFY\"><span style=\"color: #000000;\"><span style=\"font-family: Tahoma, sans-serif;\"><span style=\"font-size: medium;\"><b>Gitarren-Doppelspitze: BLUG, GRANFELT &amp; ENGELIEN<\/b><\/span><\/span><\/span><\/p>\n<p lang=\"de-DE\" align=\"JUSTIFY\"><span style=\"color: #000000;\"><span style=\"font-family: Tahoma, sans-serif;\"><span style=\"font-size: medium;\"><b>l<\/b><\/span><\/span><\/span><b style=\"font-size: medium; font-family: Tahoma, sans-serif; color: #000000;\">iefern ein unvergessliches Gitarren-Match &#8222;Made In Heaven&#8220;<\/b><\/p>\n<p lang=\"de-DE\" align=\"JUSTIFY\"><span style=\"color: #000000;\"><span style=\"font-family: Tahoma, sans-serif;\"><span style=\"font-size: small;\">Die beiden herausragenden Gitarristen, Thomas Blug und Ben Granfelt, verbindet eine jahrzehntelange Freundschaft, die ihren Ursprung auf der Frankfurter Musikmesse in den sp\u00e4ten 1990er Jahren fand. Seitdem haben sie immer wieder gemeinsam musiziert, wobei Thomas sogar als Gast auf Bens Soloalbum &#8222;Melodic Relief&#8220; (2012) in Erscheinung trat. Im Jahr 2019 wurden sie eingeladen, im Rahmen von Martin Engeliens GO MUSIC eine Tour zu absolvieren, die sich als gro\u00dfer Erfolg erwies. Jetzt geht die faszinierende Zusammenarbeit in die n\u00e4chste Runde!<\/span><\/span><\/span><\/p>\n<p lang=\"de-DE\" align=\"JUSTIFY\"><span style=\"color: #000000;\"><span style=\"font-family: Tahoma, sans-serif;\"><span style=\"font-size: small;\">Der H\u00f6hepunkt ihrer kreativen Symbiose aus dieser au\u00dfergew\u00f6hnlichen Erfahrung manifestiert ein gemeinsames Album namens &#8222;STRAT-O-SPHERE&#8220;, welches nicht nur beeindruckendes musikalisches K\u00f6nnen, sondern auch ihre F\u00e4higkeit, harmonische Jam-Sessions zu gestalten und gro\u00dfartige Songs zu kreieren darstellt. Die Ver\u00f6ffentlichung des Albums ist am 08. November 2024, p\u00fcnktlich zur anstehenden 16 Konzerte umfassenden Tournee.<\/span><\/span><\/span><\/p>\n<p lang=\"de-DE\" align=\"JUSTIFY\"><span style=\"color: #000000;\"><span style=\"font-family: Tahoma, sans-serif;\"><span style=\"font-size: small;\">Ben Granfelt, der mit einer imponierenden Geschichte von Welttourneen mit z.B. Wishbone Ash oder den Leningrad Cowboys und 20 Soloalben gl\u00e4nzt, betont die Freude, die es ihm bereitet, mit Thomas Blug zusammenzuarbeiten. Auf der B\u00fchne verschmelzen die Harmonien ihrer Gitarren zu einem fesselnden Klangbild, getragen von intensiven musikalischen Dialogen.<\/span><\/span><\/span><\/p>\n<p lang=\"de-DE\" align=\"JUSTIFY\"><span style=\"color: #000000;\"><span style=\"font-family: Tahoma, sans-serif;\"><span style=\"font-size: small;\">Thomas Blug, unter dem Namen &#8222;Stratking of Europe&#8220; bekannt (Titel verliehen von Fender 2004 als bester Stratocaster Spieler Europas), hat ebenfalls zahlreiche Soloalben ver\u00f6ffentlicht und jongliert geschickt zwischen seiner Rolle als Gr\u00fcnder von Bluguitar \u2013 einem Unternehmen f\u00fcr Gitarrenverst\u00e4rkerdesign \u2013 sowie seinen k\u00fcnstlerischen Engagements. Ob mit seiner Band Blug Plays Hendrix oder seinem Power Trio Rockanarchie, Thomas findet stets Gelegenheit, sein virtuoses Gitarrenspiel zu pr\u00e4sentieren.<\/span><\/span><\/span><\/p>\n<p lang=\"de-DE\" align=\"JUSTIFY\"><span style=\"color: #000000;\"><span style=\"font-family: Tahoma, sans-serif;\"><span style=\"font-size: small;\">Martin Engelien, der kreative Kopf hinter den GO MUSIC Konzerten, ist in der deutschen Musikszene als Bassist, Produzent und Musiker ein etablierter Name. Seine langj\u00e4hrige Zusammenarbeit mit renommierten K\u00fcnstlern wie Klaus Lage und Albert Mangelsdorff unterstreicht seine beeindruckende Vielseitigkeit.<\/span><\/span><\/span><\/p>\n<p lang=\"de-DE\" align=\"JUSTIFY\"><span style=\"color: #000000;\"><span style=\"font-family: Tahoma, sans-serif;\"><span style=\"font-size: small;\">Die unvergleichliche Verschmelzung der Talente von BLUG, GRANFELT &amp; ENGELIEN verspricht ein Gitarren-Match &#8222;Made In Heaven&#8220;, das die Zuh\u00f6rer auf eine unvergessliche musikalische Reise mitnimmt.<\/span><\/span><\/span><\/p>\n<p style=\"margin: 0cm 0cm 18.0pt 0cm;\"><span style=\"font-family: 'Helvetica Neue','serif'; color: #333333;\">NOW AVAILABLE FOR PRE-ORDER! Shipping starts <b>November 8, 2024<\/b>!<\/span><\/p>\n<p><b><span style=\"font-family: 'Tahoma','sans-serif';\">Guitar Dream Team: BLUG, GRANFELT &amp; ENGELIEN<\/span><\/b><\/p>\n<p><b><span style=\"font-family: 'Tahoma','sans-serif';\">Presenting an unforgettable guitar showdown &#8222;Made in Heaven&#8220;\u00a0<\/span><\/b><\/p>\n<p><span style=\"font-size: 11.5pt;\">Guitar virtuosos Thomas Blug and Ben Granfelt, united by a decades-long friendship that began at the Frankfurt Music Fair in the late &#8217;90s, have a history of remarkable musical collaborations. Thomas even made a guest appearance on Ben\u2019s 2012 solo album,\u00a0Melodic Relief. In 2019, the duo joined forces on a tour with Martin Engelien\u2019s GO MUSIC project, a collaboration that was met with enthusiastic acclaim. Now, their unique partnership enters a thrilling new phase.<\/span><\/p>\n<p><span style=\"font-size: 11.5pt; color: black;\">The highlight of their creative synergy from this exceptional experience is captured in a joint album titled\u00a0<em><b>STRAT-O-SPHERE<\/b><\/em>, showcasing not only impressive mastery of the guitar but also their gift for crafting harmonious jam sessions and great songs. The album release is set for November 8, 2024, just in time for their upcoming tour of 16 concerts.<\/span><\/p>\n<p><span style=\"font-size: 11.5pt; color: black;\">Ben Granfelt, renowned for an impressive career that includes world tours with groups like Wishbone Ash and the Leningrad Cowboys, and an extensive solo discography with 20 albums, expresses his excitement about working with Thomas Blug. On stage, their guitar harmonies merge into a captivating soundscape, carried by intense musical dialogues.<\/span><\/p>\n<p><span style=\"font-size: 11.5pt;\">Thomas Blug, famously known as the &#8222;Stratking of Europe&#8220; (a title Fender awarded him in 2004 as Europe\u2019s best Stratocaster player), has also released numerous solo albums and\u00a0<\/span><span style=\"font-size: 13.5pt; color: black;\">balances a prolific music career and his role as the founder of Bluguitar, a cutting-edge guitar amp company. Known for his work with his\u00a0<\/span><b><i><span style=\"font-size: 11.5pt;\">Thomas Blug Band<\/span><\/i><\/b><span style=\"font-size: 13.5pt; color: black;\">,\u00a0<\/span><em><b><span style=\"font-size: 11.5pt; color: black;\">Blug Plays Hendrix<\/span><\/b><\/em><span style=\"font-size: 13.5pt; color: black;\">\u00a0and his power trio\u00a0<\/span><em><b><span style=\"font-size: 11.5pt; color: black;\">Rockanarchie<\/span><\/b><\/em><span style=\"font-size: 13.5pt; color: black;\">, Thomas continues to push boundaries, showcasing his skill as one of Europe\u2019s premier guitarists.<\/span><\/p>\n<p><span style=\"font-size: 11.5pt; color: black;\">Martin Engelien, the creative force behind GO MUSIC concerts, is a well-established name in the German music scene as a bassist, producer, and musician. His long-standing collaborations with esteemed artists like Klaus Lage and Albert Mangelsdorff underscore his impressive versatility.<\/span><\/p>\n<p><span style=\"font-size: 11.5pt; color: black;\">The unique blend of talent from BLUG, GRANFELT &amp; ENGELIEN promises a \u201cMade in Heaven\u201d guitar showdown that will take audiences on an unforgettable musical journey.<\/span><\/p>","protected":false},"excerpt":{"rendered":"<p>English version below&#8230;&#8230; Gitarren-Doppelspitze: BLUG, GRANFELT &amp; ENGELIEN liefern ein unvergessliches Gitarren-Match &#8222;Made In Heaven&#8220; Die beiden herausragenden Gitarristen, Thomas Blug und Ben Granfelt, verbindet eine jahrzehntelange Freundschaft, die ihren Ursprung auf der Frankfurter Musikmesse in den sp\u00e4ten 1990er Jahren fand. Seitdem haben sie immer wieder gemeinsam musiziert, wobei Thomas sogar als Gast auf Bens &hellip; <\/p>\n<p class=\"link-more\"><a href=\"https:\/\/shop.a1records.de\/en\/product\/blug-granfelt-engelien-strat-o-sphere-vinyl\/\" class=\"more-link\">Continue reading<span class=\"screen-reader-text\"> &#8222;BLUG, GRANFELT &#038; ENGELIEN: STRAT-O-SPHERE VINYL&#8220;<\/span><\/a><\/p>","protected":false},"featured_media":789,"comment_status":"closed","ping_status":"closed","template":"","meta":[],"product_brand":[],"product_cat":[19,20,119,120,39,17],"product_tag":[],"class_list":{"0":"post-790","1":"product","2":"type-product","3":"status-publish","4":"has-post-thumbnail","6":"product_cat-artists","7":"product_cat-ben-granfelt","8":"product_cat-blug","9":"product_cat-granfelt-engelien","10":"product_cat-martin-engelien","11":"product_cat-vinyl","12":"product_shipping_class-vinyl","14":"first","15":"instock","16":"taxable","17":"shipping-taxable","18":"purchasable","19":"product-type-simple"},"yoast_head":"<!-- This site is optimized with the Yoast SEO plugin v23.7 - https:\/\/yoast.com\/wordpress\/plugins\/seo\/ -->\n<title>BLUG, GRANFELT &amp; ENGELIEN: STRAT-O-SPHERE VINYL - A1 Records-Shop<\/title>\n<meta name=\"robots\" content=\"index, follow, max-snippet:-1, max-image-preview:large, max-video-preview:-1\" \/>\n<link rel=\"canonical\" href=\"https:\/\/shop.a1records.de\/en\/product\/blug-granfelt-engelien-strat-o-sphere-vinyl\/\" \/>\n<meta property=\"og:locale\" content=\"en_GB\" \/>\n<meta property=\"og:type\" content=\"article\" \/>\n<meta property=\"og:title\" content=\"BLUG, GRANFELT &amp; ENGELIEN: STRAT-O-SPHERE VINYL - A1 Records-Shop\" \/>\n<meta property=\"og:description\" content=\"English version below&#8230;&#8230; Gitarren-Doppelspitze: BLUG, GRANFELT &amp; ENGELIEN liefern ein unvergessliches Gitarren-Match &#8222;Made In Heaven&#8220; Die beiden herausragenden Gitarristen, Thomas Blug und Ben Granfelt, verbindet eine jahrzehntelange Freundschaft, die ihren Ursprung auf der Frankfurter Musikmesse in den sp\u00e4ten 1990er Jahren fand. Seitdem haben sie immer wieder gemeinsam musiziert, wobei Thomas sogar als Gast auf Bens &hellip; Continue reading &quot;BLUG, GRANFELT &#038; ENGELIEN: STRAT-O-SPHERE VINYL&quot;\" \/>\n<meta property=\"og:url\" content=\"https:\/\/shop.a1records.de\/en\/product\/blug-granfelt-engelien-strat-o-sphere-vinyl\/\" \/>\n<meta property=\"og:site_name\" content=\"A1 Records-Shop\" \/>\n<meta property=\"article:modified_time\" content=\"2025-02-22T15:50:43+00:00\" \/>\n<meta property=\"og:image\" content=\"https:\/\/shop.a1records.de\/wp-content\/uploads\/2024\/09\/STRAT\u2013O\u2013SPHERE-LP-Coverbild-scaled.jpg\" \/>\n\t<meta property=\"og:image:width\" content=\"2560\" \/>\n\t<meta property=\"og:image:height\" content=\"2560\" \/>\n\t<meta property=\"og:image:type\" content=\"image\/jpeg\" \/>\n<meta name=\"twitter:card\" content=\"summary_large_image\" \/>\n<meta name=\"twitter:label1\" content=\"Estimated reading time\" \/>\n\t<meta name=\"twitter:data1\" content=\"4 minutes\" \/>\n<script type=\"application\/ld+json\" class=\"yoast-schema-graph\">{\"@context\":\"https:\/\/schema.org\",\"@graph\":[{\"@type\":\"WebPage\",\"@id\":\"https:\/\/shop.a1records.de\/produkt\/blug-granfelt-engelien-strat-o-sphere-vinyl\/\",\"url\":\"https:\/\/shop.a1records.de\/produkt\/blug-granfelt-engelien-strat-o-sphere-vinyl\/\",\"name\":\"BLUG, GRANFELT & ENGELIEN: STRAT-O-SPHERE VINYL - A1 Records-Shop\",\"isPartOf\":{\"@id\":\"https:\/\/shop.a1records.de\/en\/#website\"},\"primaryImageOfPage\":{\"@id\":\"https:\/\/shop.a1records.de\/produkt\/blug-granfelt-engelien-strat-o-sphere-vinyl\/#primaryimage\"},\"image\":{\"@id\":\"https:\/\/shop.a1records.de\/produkt\/blug-granfelt-engelien-strat-o-sphere-vinyl\/#primaryimage\"},\"thumbnailUrl\":\"https:\/\/shop.a1records.de\/wp-content\/uploads\/2024\/09\/STRAT\u2013O\u2013SPHERE-LP-Coverbild-scaled.jpg\",\"datePublished\":\"2024-09-18T12:40:30+00:00\",\"dateModified\":\"2025-02-22T15:50:43+00:00\",\"breadcrumb\":{\"@id\":\"https:\/\/shop.a1records.de\/produkt\/blug-granfelt-engelien-strat-o-sphere-vinyl\/#breadcrumb\"},\"inLanguage\":\"en-GB\",\"potentialAction\":[{\"@type\":\"ReadAction\",\"target\":[\"https:\/\/shop.a1records.de\/produkt\/blug-granfelt-engelien-strat-o-sphere-vinyl\/\"]}]},{\"@type\":\"ImageObject\",\"inLanguage\":\"en-GB\",\"@id\":\"https:\/\/shop.a1records.de\/produkt\/blug-granfelt-engelien-strat-o-sphere-vinyl\/#primaryimage\",\"url\":\"https:\/\/shop.a1records.de\/wp-content\/uploads\/2024\/09\/STRAT\u2013O\u2013SPHERE-LP-Coverbild-scaled.jpg\",\"contentUrl\":\"https:\/\/shop.a1records.de\/wp-content\/uploads\/2024\/09\/STRAT\u2013O\u2013SPHERE-LP-Coverbild-scaled.jpg\",\"width\":2560,\"height\":2560},{\"@type\":\"BreadcrumbList\",\"@id\":\"https:\/\/shop.a1records.de\/produkt\/blug-granfelt-engelien-strat-o-sphere-vinyl\/#breadcrumb\",\"itemListElement\":[{\"@type\":\"ListItem\",\"position\":1,\"name\":\"Home\",\"item\":\"https:\/\/shop.a1records.de\/en\/\"},{\"@type\":\"ListItem\",\"position\":2,\"name\":\"Shop\",\"item\":\"https:\/\/shop.a1records.de\/en\/\"},{\"@type\":\"ListItem\",\"position\":3,\"name\":\"BLUG, GRANFELT &#038; ENGELIEN: STRAT-O-SPHERE VINYL\"}]},{\"@type\":\"WebSite\",\"@id\":\"https:\/\/shop.a1records.de\/en\/#website\",\"url\":\"https:\/\/shop.a1records.de\/en\/\",\"name\":\"A1 Records-Shop\",\"description\":\"\",\"potentialAction\":[{\"@type\":\"SearchAction\",\"target\":{\"@type\":\"EntryPoint\",\"urlTemplate\":\"https:\/\/shop.a1records.de\/en\/?s={search_term_string}\"},\"query-input\":{\"@type\":\"PropertyValueSpecification\",\"valueRequired\":true,\"valueName\":\"search_term_string\"}}],\"inLanguage\":\"en-GB\"}]}<\/script>\n<!-- \/ Yoast SEO plugin. -->","yoast_head_json":{"title":"BLUG, GRANFELT & ENGELIEN: STRAT-O-SPHERE VINYL - A1 Records-Shop","robots":{"index":"index","follow":"follow","max-snippet":"max-snippet:-1","max-image-preview":"max-image-preview:large","max-video-preview":"max-video-preview:-1"},"canonical":"https:\/\/shop.a1records.de\/en\/product\/blug-granfelt-engelien-strat-o-sphere-vinyl\/","og_locale":"en_GB","og_type":"article","og_title":"BLUG, GRANFELT & ENGELIEN: STRAT-O-SPHERE VINYL - A1 Records-Shop","og_description":"English version below&#8230;&#8230; Gitarren-Doppelspitze: BLUG, GRANFELT &amp; ENGELIEN liefern ein unvergessliches Gitarren-Match &#8222;Made In Heaven&#8220; Die beiden herausragenden Gitarristen, Thomas Blug und Ben Granfelt, verbindet eine jahrzehntelange Freundschaft, die ihren Ursprung auf der Frankfurter Musikmesse in den sp\u00e4ten 1990er Jahren fand. Seitdem haben sie immer wieder gemeinsam musiziert, wobei Thomas sogar als Gast auf Bens &hellip; Continue reading \"BLUG, GRANFELT &#038; ENGELIEN: STRAT-O-SPHERE VINYL\"","og_url":"https:\/\/shop.a1records.de\/en\/product\/blug-granfelt-engelien-strat-o-sphere-vinyl\/","og_site_name":"A1 Records-Shop","article_modified_time":"2025-02-22T15:50:43+00:00","og_image":[{"width":2560,"height":2560,"url":"https:\/\/shop.a1records.de\/wp-content\/uploads\/2024\/09\/STRAT\u2013O\u2013SPHERE-LP-Coverbild-scaled.jpg","type":"image\/jpeg"}],"twitter_card":"summary_large_image","twitter_misc":{"Estimated reading time":"4 minutes"},"schema":{"@context":"https:\/\/schema.org","@graph":[{"@type":"WebPage","@id":"https:\/\/shop.a1records.de\/produkt\/blug-granfelt-engelien-strat-o-sphere-vinyl\/","url":"https:\/\/shop.a1records.de\/produkt\/blug-granfelt-engelien-strat-o-sphere-vinyl\/","name":"BLUG, GRANFELT & ENGELIEN: STRAT-O-SPHERE VINYL - A1 Records-Shop","isPartOf":{"@id":"https:\/\/shop.a1records.de\/en\/#website"},"primaryImageOfPage":{"@id":"https:\/\/shop.a1records.de\/produkt\/blug-granfelt-engelien-strat-o-sphere-vinyl\/#primaryimage"},"image":{"@id":"https:\/\/shop.a1records.de\/produkt\/blug-granfelt-engelien-strat-o-sphere-vinyl\/#primaryimage"},"thumbnailUrl":"https:\/\/shop.a1records.de\/wp-content\/uploads\/2024\/09\/STRAT\u2013O\u2013SPHERE-LP-Coverbild-scaled.jpg","datePublished":"2024-09-18T12:40:30+00:00","dateModified":"2025-02-22T15:50:43+00:00","breadcrumb":{"@id":"https:\/\/shop.a1records.de\/produkt\/blug-granfelt-engelien-strat-o-sphere-vinyl\/#breadcrumb"},"inLanguage":"en-GB","potentialAction":[{"@type":"ReadAction","target":["https:\/\/shop.a1records.de\/produkt\/blug-granfelt-engelien-strat-o-sphere-vinyl\/"]}]},{"@type":"ImageObject","inLanguage":"en-GB","@id":"https:\/\/shop.a1records.de\/produkt\/blug-granfelt-engelien-strat-o-sphere-vinyl\/#primaryimage","url":"https:\/\/shop.a1records.de\/wp-content\/uploads\/2024\/09\/STRAT\u2013O\u2013SPHERE-LP-Coverbild-scaled.jpg","contentUrl":"https:\/\/shop.a1records.de\/wp-content\/uploads\/2024\/09\/STRAT\u2013O\u2013SPHERE-LP-Coverbild-scaled.jpg","width":2560,"height":2560},{"@type":"BreadcrumbList","@id":"https:\/\/shop.a1records.de\/produkt\/blug-granfelt-engelien-strat-o-sphere-vinyl\/#breadcrumb","itemListElement":[{"@type":"ListItem","position":1,"name":"Home","item":"https:\/\/shop.a1records.de\/en\/"},{"@type":"ListItem","position":2,"name":"Shop","item":"https:\/\/shop.a1records.de\/en\/"},{"@type":"ListItem","position":3,"name":"BLUG, GRANFELT &#038; ENGELIEN: STRAT-O-SPHERE VINYL"}]},{"@type":"WebSite","@id":"https:\/\/shop.a1records.de\/en\/#website","url":"https:\/\/shop.a1records.de\/en\/","name":"A1 Records-Shop","description":"","potentialAction":[{"@type":"SearchAction","target":{"@type":"EntryPoint","urlTemplate":"https:\/\/shop.a1records.de\/en\/?s={search_term_string}"},"query-input":{"@type":"PropertyValueSpecification","valueRequired":true,"valueName":"search_term_string"}}],"inLanguage":"en-GB"}]}},"_links":{"self":[{"href":"https:\/\/shop.a1records.de\/en\/wp-json\/wp\/v2\/product\/790"}],"collection":[{"href":"https:\/\/shop.a1records.de\/en\/wp-json\/wp\/v2\/product"}],"about":[{"href":"https:\/\/shop.a1records.de\/en\/wp-json\/wp\/v2\/types\/product"}],"replies":[{"embeddable":true,"href":"https:\/\/shop.a1records.de\/en\/wp-json\/wp\/v2\/comments?post=790"}],"wp:featuredmedia":[{"embeddable":true,"href":"https:\/\/shop.a1records.de\/en\/wp-json\/wp\/v2\/media\/789"}],"wp:attachment":[{"href":"https:\/\/shop.a1records.de\/en\/wp-json\/wp\/v2\/media?parent=790"}],"wp:term":[{"taxonomy":"product_brand","embeddable":true,"href":"https:\/\/shop.a1records.de\/en\/wp-json\/wp\/v2\/product_brand?post=790"},{"taxonomy":"product_cat","embeddable":true,"href":"https:\/\/shop.a1records.de\/en\/wp-json\/wp\/v2\/product_cat?post=790"},{"taxonomy":"product_tag","embeddable":true,"href":"https:\/\/shop.a1records.de\/en\/wp-json\/wp\/v2\/product_tag?post=790"}],"curies":[{"name":"wp","href":"https:\/\/api.w.org\/{rel}","templated":true}]}}