{"id":76,"date":"2019-03-29T20:34:36","date_gmt":"2019-03-29T20:34:36","guid":{"rendered":"https:\/\/shop.a1records.de\/neu\/?post_type=product&#038;p=76"},"modified":"2024-11-03T14:20:04","modified_gmt":"2024-11-03T14:20:04","slug":"go-music-1-cd","status":"publish","type":"product","link":"https:\/\/shop.a1records.de\/en\/product\/go-music-1-cd\/","title":{"rendered":"GO MUSIC 1 &#8211; CD"},"content":{"rendered":"<p>1996 hatte die von Martin Engelien ins Leben gerufene, sehr erfolgreiche Go Music-Session ihre Premiere. Nach unz\u00e4hligen mitwirkenden K\u00fcnstlern und zig Konzerten kommt es nun zu einem weiteren H\u00f6hepunkt f\u00fcr alle Anh\u00e4nger von sehr gut interpretierter Rock-Musik. Das erste Go Music-Album liegt vor. Alleine die Song-Auswahl stellte den Macher der Konzertreise vor eine gro\u00dfe Herausforderung, denn was sich im Laufe der Zeit an Mitschnitten angesammelt hatte, muss zun\u00e4chst nat\u00fcrlich gesichtet werden.<\/p>\n<p>Die auf der vorliegenden ersten Ausgabe befindlichen Lieder geben einen \u00fcberzeugenden Querschnitt der Konzerte aus den Monaten Februar bis Juli 2012 wieder. Das \u00fcppige Line-up, bei dem Martin Engelien immer der Mann am Bass ist, enth\u00e4lt sowohl nationale als auch internationale K\u00fcnstler von Rang und Namen. Robert Carl Blank, Manni von Bohr, Richy Denis, Joerg Dudys, Bo Heart, Sandro Giampietro, Dave Goodman, Dennis Hormes, Kinga, Max Kotzmann, Chris Kramer, Maggie Mackenthun, Ilenia Romano, Gerhard Sagem\u00fcller, Svenja Schmidt, Dieter Steinmann und Athanasios \u201eZacky\u201c Tsoukas waren mit von der Partie und lie\u00dfen es bei vielen Gigs, wie Martin Engelien immer so sch\u00f6n sagt, &#8218;unvorherh\u00f6rbar&#8216; krachen.<\/p>","protected":false},"excerpt":{"rendered":"<p>1996 hatte die von Martin Engelien ins Leben gerufene, sehr erfolgreiche Go Music-Session ihre Premiere. Nach unz\u00e4hligen mitwirkenden K\u00fcnstlern und zig Konzerten kommt es nun zu einem weiteren H\u00f6hepunkt f\u00fcr alle Anh\u00e4nger von sehr gut interpretierter Rock-Musik. Das erste Go Music-Album liegt vor. Alleine die Song-Auswahl stellte den Macher der Konzertreise vor eine gro\u00dfe Herausforderung, &hellip; <\/p>\n<p class=\"link-more\"><a href=\"https:\/\/shop.a1records.de\/en\/product\/go-music-1-cd\/\" class=\"more-link\">Continue reading<span class=\"screen-reader-text\"> &#8222;GO MUSIC 1 &#8211; CD&#8220;<\/span><\/a><\/p>","protected":false},"featured_media":77,"comment_status":"closed","ping_status":"closed","template":"","meta":[],"product_brand":[],"product_cat":[16,41,50,39],"product_tag":[],"class_list":{"0":"post-76","1":"product","2":"type-product","3":"status-publish","4":"has-post-thumbnail","6":"product_cat-cd","7":"product_cat-dennis-hormes","8":"product_cat-go-music","9":"product_cat-martin-engelien","10":"product_shipping_class-cds","12":"first","13":"instock","14":"taxable","15":"shipping-taxable","16":"purchasable","17":"product-type-simple"},"yoast_head":"<!-- This site is optimized with the Yoast SEO plugin v23.7 - https:\/\/yoast.com\/wordpress\/plugins\/seo\/ -->\n<title>GO MUSIC 1 - CD - A1 Records-Shop<\/title>\n<meta name=\"robots\" content=\"index, follow, max-snippet:-1, max-image-preview:large, max-video-preview:-1\" \/>\n<link rel=\"canonical\" href=\"https:\/\/shop.a1records.de\/en\/product\/go-music-1-cd\/\" \/>\n<meta property=\"og:locale\" content=\"en_GB\" \/>\n<meta property=\"og:type\" content=\"article\" \/>\n<meta property=\"og:title\" content=\"GO MUSIC 1 - CD - A1 Records-Shop\" \/>\n<meta property=\"og:description\" content=\"1996 hatte die von Martin Engelien ins Leben gerufene, sehr erfolgreiche Go Music-Session ihre Premiere. Nach unz\u00e4hligen mitwirkenden K\u00fcnstlern und zig Konzerten kommt es nun zu einem weiteren H\u00f6hepunkt f\u00fcr alle Anh\u00e4nger von sehr gut interpretierter Rock-Musik. Das erste Go Music-Album liegt vor. Alleine die Song-Auswahl stellte den Macher der Konzertreise vor eine gro\u00dfe Herausforderung, &hellip; Continue reading &quot;GO MUSIC 1 &#8211; CD&quot;\" \/>\n<meta property=\"og:url\" content=\"https:\/\/shop.a1records.de\/en\/product\/go-music-1-cd\/\" \/>\n<meta property=\"og:site_name\" content=\"A1 Records-Shop\" \/>\n<meta property=\"article:modified_time\" content=\"2024-11-03T14:20:04+00:00\" \/>\n<meta property=\"og:image\" content=\"https:\/\/shop.a1records.de\/wp-content\/uploads\/2019\/03\/go-musik-1.jpeg\" \/>\n\t<meta property=\"og:image:width\" content=\"500\" \/>\n\t<meta property=\"og:image:height\" content=\"500\" \/>\n\t<meta property=\"og:image:type\" content=\"image\/jpeg\" \/>\n<meta name=\"twitter:card\" content=\"summary_large_image\" \/>\n<meta name=\"twitter:label1\" content=\"Estimated reading time\" \/>\n\t<meta name=\"twitter:data1\" content=\"1 minute\" \/>\n<script type=\"application\/ld+json\" class=\"yoast-schema-graph\">{\"@context\":\"https:\/\/schema.org\",\"@graph\":[{\"@type\":\"WebPage\",\"@id\":\"https:\/\/shop.a1records.de\/produkt\/go-music-1-cd\/\",\"url\":\"https:\/\/shop.a1records.de\/produkt\/go-music-1-cd\/\",\"name\":\"GO MUSIC 1 - CD - A1 Records-Shop\",\"isPartOf\":{\"@id\":\"https:\/\/shop.a1records.de\/en\/#website\"},\"primaryImageOfPage\":{\"@id\":\"https:\/\/shop.a1records.de\/produkt\/go-music-1-cd\/#primaryimage\"},\"image\":{\"@id\":\"https:\/\/shop.a1records.de\/produkt\/go-music-1-cd\/#primaryimage\"},\"thumbnailUrl\":\"https:\/\/shop.a1records.de\/wp-content\/uploads\/2019\/03\/go-musik-1.jpeg\",\"datePublished\":\"2019-03-29T20:34:36+00:00\",\"dateModified\":\"2024-11-03T14:20:04+00:00\",\"breadcrumb\":{\"@id\":\"https:\/\/shop.a1records.de\/produkt\/go-music-1-cd\/#breadcrumb\"},\"inLanguage\":\"en-GB\",\"potentialAction\":[{\"@type\":\"ReadAction\",\"target\":[\"https:\/\/shop.a1records.de\/produkt\/go-music-1-cd\/\"]}]},{\"@type\":\"ImageObject\",\"inLanguage\":\"en-GB\",\"@id\":\"https:\/\/shop.a1records.de\/produkt\/go-music-1-cd\/#primaryimage\",\"url\":\"https:\/\/shop.a1records.de\/wp-content\/uploads\/2019\/03\/go-musik-1.jpeg\",\"contentUrl\":\"https:\/\/shop.a1records.de\/wp-content\/uploads\/2019\/03\/go-musik-1.jpeg\",\"width\":500,\"height\":500},{\"@type\":\"BreadcrumbList\",\"@id\":\"https:\/\/shop.a1records.de\/produkt\/go-music-1-cd\/#breadcrumb\",\"itemListElement\":[{\"@type\":\"ListItem\",\"position\":1,\"name\":\"Home\",\"item\":\"https:\/\/shop.a1records.de\/en\/\"},{\"@type\":\"ListItem\",\"position\":2,\"name\":\"Shop\",\"item\":\"https:\/\/shop.a1records.de\/en\/\"},{\"@type\":\"ListItem\",\"position\":3,\"name\":\"GO MUSIC 1 &#8211; CD\"}]},{\"@type\":\"WebSite\",\"@id\":\"https:\/\/shop.a1records.de\/en\/#website\",\"url\":\"https:\/\/shop.a1records.de\/en\/\",\"name\":\"A1 Records-Shop\",\"description\":\"\",\"potentialAction\":[{\"@type\":\"SearchAction\",\"target\":{\"@type\":\"EntryPoint\",\"urlTemplate\":\"https:\/\/shop.a1records.de\/en\/?s={search_term_string}\"},\"query-input\":{\"@type\":\"PropertyValueSpecification\",\"valueRequired\":true,\"valueName\":\"search_term_string\"}}],\"inLanguage\":\"en-GB\"}]}<\/script>\n<!-- \/ Yoast SEO plugin. -->","yoast_head_json":{"title":"GO MUSIC 1 - CD - A1 Records-Shop","robots":{"index":"index","follow":"follow","max-snippet":"max-snippet:-1","max-image-preview":"max-image-preview:large","max-video-preview":"max-video-preview:-1"},"canonical":"https:\/\/shop.a1records.de\/en\/product\/go-music-1-cd\/","og_locale":"en_GB","og_type":"article","og_title":"GO MUSIC 1 - CD - A1 Records-Shop","og_description":"1996 hatte die von Martin Engelien ins Leben gerufene, sehr erfolgreiche Go Music-Session ihre Premiere. Nach unz\u00e4hligen mitwirkenden K\u00fcnstlern und zig Konzerten kommt es nun zu einem weiteren H\u00f6hepunkt f\u00fcr alle Anh\u00e4nger von sehr gut interpretierter Rock-Musik. Das erste Go Music-Album liegt vor. Alleine die Song-Auswahl stellte den Macher der Konzertreise vor eine gro\u00dfe Herausforderung, &hellip; Continue reading \"GO MUSIC 1 &#8211; CD\"","og_url":"https:\/\/shop.a1records.de\/en\/product\/go-music-1-cd\/","og_site_name":"A1 Records-Shop","article_modified_time":"2024-11-03T14:20:04+00:00","og_image":[{"width":500,"height":500,"url":"https:\/\/shop.a1records.de\/wp-content\/uploads\/2019\/03\/go-musik-1.jpeg","type":"image\/jpeg"}],"twitter_card":"summary_large_image","twitter_misc":{"Estimated reading time":"1 minute"},"schema":{"@context":"https:\/\/schema.org","@graph":[{"@type":"WebPage","@id":"https:\/\/shop.a1records.de\/produkt\/go-music-1-cd\/","url":"https:\/\/shop.a1records.de\/produkt\/go-music-1-cd\/","name":"GO MUSIC 1 - CD - A1 Records-Shop","isPartOf":{"@id":"https:\/\/shop.a1records.de\/en\/#website"},"primaryImageOfPage":{"@id":"https:\/\/shop.a1records.de\/produkt\/go-music-1-cd\/#primaryimage"},"image":{"@id":"https:\/\/shop.a1records.de\/produkt\/go-music-1-cd\/#primaryimage"},"thumbnailUrl":"https:\/\/shop.a1records.de\/wp-content\/uploads\/2019\/03\/go-musik-1.jpeg","datePublished":"2019-03-29T20:34:36+00:00","dateModified":"2024-11-03T14:20:04+00:00","breadcrumb":{"@id":"https:\/\/shop.a1records.de\/produkt\/go-music-1-cd\/#breadcrumb"},"inLanguage":"en-GB","potentialAction":[{"@type":"ReadAction","target":["https:\/\/shop.a1records.de\/produkt\/go-music-1-cd\/"]}]},{"@type":"ImageObject","inLanguage":"en-GB","@id":"https:\/\/shop.a1records.de\/produkt\/go-music-1-cd\/#primaryimage","url":"https:\/\/shop.a1records.de\/wp-content\/uploads\/2019\/03\/go-musik-1.jpeg","contentUrl":"https:\/\/shop.a1records.de\/wp-content\/uploads\/2019\/03\/go-musik-1.jpeg","width":500,"height":500},{"@type":"BreadcrumbList","@id":"https:\/\/shop.a1records.de\/produkt\/go-music-1-cd\/#breadcrumb","itemListElement":[{"@type":"ListItem","position":1,"name":"Home","item":"https:\/\/shop.a1records.de\/en\/"},{"@type":"ListItem","position":2,"name":"Shop","item":"https:\/\/shop.a1records.de\/en\/"},{"@type":"ListItem","position":3,"name":"GO MUSIC 1 &#8211; CD"}]},{"@type":"WebSite","@id":"https:\/\/shop.a1records.de\/en\/#website","url":"https:\/\/shop.a1records.de\/en\/","name":"A1 Records-Shop","description":"","potentialAction":[{"@type":"SearchAction","target":{"@type":"EntryPoint","urlTemplate":"https:\/\/shop.a1records.de\/en\/?s={search_term_string}"},"query-input":{"@type":"PropertyValueSpecification","valueRequired":true,"valueName":"search_term_string"}}],"inLanguage":"en-GB"}]}},"_links":{"self":[{"href":"https:\/\/shop.a1records.de\/en\/wp-json\/wp\/v2\/product\/76"}],"collection":[{"href":"https:\/\/shop.a1records.de\/en\/wp-json\/wp\/v2\/product"}],"about":[{"href":"https:\/\/shop.a1records.de\/en\/wp-json\/wp\/v2\/types\/product"}],"replies":[{"embeddable":true,"href":"https:\/\/shop.a1records.de\/en\/wp-json\/wp\/v2\/comments?post=76"}],"wp:featuredmedia":[{"embeddable":true,"href":"https:\/\/shop.a1records.de\/en\/wp-json\/wp\/v2\/media\/77"}],"wp:attachment":[{"href":"https:\/\/shop.a1records.de\/en\/wp-json\/wp\/v2\/media?parent=76"}],"wp:term":[{"taxonomy":"product_brand","embeddable":true,"href":"https:\/\/shop.a1records.de\/en\/wp-json\/wp\/v2\/product_brand?post=76"},{"taxonomy":"product_cat","embeddable":true,"href":"https:\/\/shop.a1records.de\/en\/wp-json\/wp\/v2\/product_cat?post=76"},{"taxonomy":"product_tag","embeddable":true,"href":"https:\/\/shop.a1records.de\/en\/wp-json\/wp\/v2\/product_tag?post=76"}],"curies":[{"name":"wp","href":"https:\/\/api.w.org\/{rel}","templated":true}]}}