{"id":72,"date":"2019-03-29T20:10:56","date_gmt":"2019-03-29T20:10:56","guid":{"rendered":"https:\/\/shop.a1records.de\/neu\/?post_type=product&#038;p=72"},"modified":"2025-07-23T18:45:30","modified_gmt":"2025-07-23T18:45:30","slug":"go-music-20-anniversary-live-okie-dokie-2-cd-set","status":"publish","type":"product","link":"https:\/\/shop.a1records.de\/en\/product\/go-music-20-anniversary-live-okie-dokie-2-cd-set\/","title":{"rendered":"GO MUSIC 20 Anniversary &#8211; Live @ Okie Dokie &#8211; 2 CD Set"},"content":{"rendered":"<p>Geburtstage sind von Bedeutung. In jungen Jahren sind Geburtstage ganz wichtig und wehe, man sch\u00e4tzt einen Teenager ein Jahr j\u00fcnger. Mit wachsender Zahl der Jahrestage relativiert sich das Alter. Nicht so bei Go Music-Jahrestagen. Unglaublich, aber wahr! Die 1996 von Martin Engelien ins Leben gerufene Konzertveranstaltung feiert ihr zwanzigj\u00e4hriges Jubil\u00e4um und ist frisch wie am ersten Tag.<\/p>\n<p>Dem Anlass geb\u00fchrend gab es dazu eine ganz spezielle Tour und ein besonderes Geburtstags-Konzert, das im Okie Dokie, Neuss stattfand. Ein Go Music-Gig ist immer pure Energie, Power, Fantasie und Kreativit\u00e4t, die die Luft elektrisieren und stets, wie Martin Engelien es zu sagen pflegt, &gt;&gt;unvorherh\u00f6rbar&lt;&lt; sind.<\/p>\n<p>Die ausgew\u00e4hlten Lieder dienen quasi als Vorlagen f\u00fcr weite R\u00e4ume der Improvisation und sind gleichzeitig eine Reise durch die nationale und internationale Musikgeschichte, die manchmal bis zur Quelle der Rock-Musik, dem Blues, zur\u00fcckf\u00fchrt.<\/p>\n<p>Nat\u00fcrlich hat jede der monatlich stattfindenden Go Music-Touren ihr pers\u00f6nliches Gesicht, gepr\u00e4gt von den jeweiligen K\u00fcnstlern, die sich im Line-up befinden. Genauso soll es auch sein. Die Musiker dr\u00fccken der Veranstaltungsreihe ihren pers\u00f6nlichen Stempel auf. Ideen werden in emotionale T\u00f6ne und virtuose Kl\u00e4nge umgesetzt.<\/p>\n<p>Mittlerweile ist die Go Music zu einer Institution geworden. Jeder Konzertbesucher sch\u00e4tzt die N\u00e4he zu nationalen und internationalen K\u00fcnstlern. Nicht nur diese Live-Musik findet ihren Weg ins Herz eines jeden Zuschauers. Die M\u00f6glichkeit des lockeren Kontakts zu Gr\u00f6\u00dfen des Showgesch\u00e4fts darf man auch nicht untersch\u00e4tzen.<\/p>\n<p>Die &#8222;20th Anniversary&#8220; ist das vierte Album in der Go Music-Reihe von CD-Ver\u00f6ffentlichungen. Martin Engelien zelebrierte gemeinsam mit acht weiteren K\u00fcnstler diesen denkw\u00fcrdigen Geburtstag und auch bei der vorliegenden Platte ist es offenkundig, wie vielseitig und \u2013schichtig Musik sein kann. Die f\u00fcnfzehn Lieder vertreten genau das, was man von einer Go Music erwartet und auch stets bekommt: handgemachte Musik, pur, ohne k\u00fcnstliche Zusatzstoffe, aber auf hohem k\u00fcnstlerischen Niveau.<\/p>\n<p>Als Konzertbesucher sp\u00fcrt man die Lockerheit der Musiker auf der B\u00fchne. Nur mit einer solchen Verfassung m\u00fcnden Ideen in brillante Solo-Kl\u00e4nge, die einen immer wieder in Erstaunen versetzen oder Bewunderung zollen lassen. Die besondere Geburtstagsfeier darf nun genossen werden &#8230;<\/p>\n<p>ROCKTIMES CD Rezension: http:\/\/www.wp.rocktimes.de\/martin-engelien-20-anniversary-go-music-live-okie-dokie-cd-review\/<\/p>","protected":false},"excerpt":{"rendered":"<p>Geburtstage sind von Bedeutung. In jungen Jahren sind Geburtstage ganz wichtig und wehe, man sch\u00e4tzt einen Teenager ein Jahr j\u00fcnger. Mit wachsender Zahl der Jahrestage relativiert sich das Alter. Nicht so bei Go Music-Jahrestagen. Unglaublich, aber wahr! Die 1996 von Martin Engelien ins Leben gerufene Konzertveranstaltung feiert ihr zwanzigj\u00e4hriges Jubil\u00e4um und ist frisch wie am &hellip; <\/p>\n<p class=\"link-more\"><a href=\"https:\/\/shop.a1records.de\/en\/product\/go-music-20-anniversary-live-okie-dokie-2-cd-set\/\" class=\"more-link\">Continue reading<span class=\"screen-reader-text\"> &#8222;GO MUSIC 20 Anniversary &#8211; Live @ Okie Dokie &#8211; 2 CD Set&#8220;<\/span><\/a><\/p>","protected":false},"featured_media":73,"comment_status":"closed","ping_status":"closed","template":"","meta":[],"product_brand":[],"product_cat":[16,41,50,39],"product_tag":[],"class_list":{"0":"post-72","1":"product","2":"type-product","3":"status-publish","4":"has-post-thumbnail","6":"product_cat-cd","7":"product_cat-dennis-hormes","8":"product_cat-go-music","9":"product_cat-martin-engelien","10":"product_shipping_class-cds","12":"first","13":"instock","14":"taxable","15":"shipping-taxable","16":"purchasable","17":"product-type-simple"},"yoast_head":"<!-- This site is optimized with the Yoast SEO plugin v23.7 - https:\/\/yoast.com\/wordpress\/plugins\/seo\/ -->\n<title>GO MUSIC 20 Anniversary - Live @ Okie Dokie - 2 CD Set - A1 Records-Shop<\/title>\n<meta name=\"robots\" content=\"index, follow, max-snippet:-1, max-image-preview:large, max-video-preview:-1\" \/>\n<link rel=\"canonical\" href=\"https:\/\/shop.a1records.de\/en\/product\/go-music-20-anniversary-live-okie-dokie-2-cd-set\/\" \/>\n<meta property=\"og:locale\" content=\"en_GB\" \/>\n<meta property=\"og:type\" content=\"article\" \/>\n<meta property=\"og:title\" content=\"GO MUSIC 20 Anniversary - Live @ Okie Dokie - 2 CD Set - A1 Records-Shop\" \/>\n<meta property=\"og:description\" content=\"Geburtstage sind von Bedeutung. In jungen Jahren sind Geburtstage ganz wichtig und wehe, man sch\u00e4tzt einen Teenager ein Jahr j\u00fcnger. Mit wachsender Zahl der Jahrestage relativiert sich das Alter. Nicht so bei Go Music-Jahrestagen. Unglaublich, aber wahr! Die 1996 von Martin Engelien ins Leben gerufene Konzertveranstaltung feiert ihr zwanzigj\u00e4hriges Jubil\u00e4um und ist frisch wie am &hellip; Continue reading &quot;GO MUSIC 20 Anniversary &#8211; Live @ Okie Dokie &#8211; 2 CD Set&quot;\" \/>\n<meta property=\"og:url\" content=\"https:\/\/shop.a1records.de\/en\/product\/go-music-20-anniversary-live-okie-dokie-2-cd-set\/\" \/>\n<meta property=\"og:site_name\" content=\"A1 Records-Shop\" \/>\n<meta property=\"article:modified_time\" content=\"2025-07-23T18:45:30+00:00\" \/>\n<meta property=\"og:image\" content=\"https:\/\/shop.a1records.de\/wp-content\/uploads\/2019\/03\/live-okiedokie-20.jpeg\" \/>\n\t<meta property=\"og:image:width\" content=\"500\" \/>\n\t<meta property=\"og:image:height\" content=\"500\" \/>\n\t<meta property=\"og:image:type\" content=\"image\/jpeg\" \/>\n<meta name=\"twitter:card\" content=\"summary_large_image\" \/>\n<meta name=\"twitter:label1\" content=\"Estimated reading time\" \/>\n\t<meta name=\"twitter:data1\" content=\"2 minutes\" \/>\n<script type=\"application\/ld+json\" class=\"yoast-schema-graph\">{\"@context\":\"https:\/\/schema.org\",\"@graph\":[{\"@type\":\"WebPage\",\"@id\":\"https:\/\/shop.a1records.de\/en\/product\/go-music-20-anniversary-live-okie-dokie-2-cd-set\/\",\"url\":\"https:\/\/shop.a1records.de\/en\/product\/go-music-20-anniversary-live-okie-dokie-2-cd-set\/\",\"name\":\"GO MUSIC 20 Anniversary - Live @ Okie Dokie - 2 CD Set - A1 Records-Shop\",\"isPartOf\":{\"@id\":\"https:\/\/shop.a1records.de\/en\/#website\"},\"primaryImageOfPage\":{\"@id\":\"https:\/\/shop.a1records.de\/en\/product\/go-music-20-anniversary-live-okie-dokie-2-cd-set\/#primaryimage\"},\"image\":{\"@id\":\"https:\/\/shop.a1records.de\/en\/product\/go-music-20-anniversary-live-okie-dokie-2-cd-set\/#primaryimage\"},\"thumbnailUrl\":\"https:\/\/shop.a1records.de\/wp-content\/uploads\/2019\/03\/live-okiedokie-20.jpeg\",\"datePublished\":\"2019-03-29T20:10:56+00:00\",\"dateModified\":\"2025-07-23T18:45:30+00:00\",\"breadcrumb\":{\"@id\":\"https:\/\/shop.a1records.de\/en\/product\/go-music-20-anniversary-live-okie-dokie-2-cd-set\/#breadcrumb\"},\"inLanguage\":\"en-GB\",\"potentialAction\":[{\"@type\":\"ReadAction\",\"target\":[\"https:\/\/shop.a1records.de\/en\/product\/go-music-20-anniversary-live-okie-dokie-2-cd-set\/\"]}]},{\"@type\":\"ImageObject\",\"inLanguage\":\"en-GB\",\"@id\":\"https:\/\/shop.a1records.de\/en\/product\/go-music-20-anniversary-live-okie-dokie-2-cd-set\/#primaryimage\",\"url\":\"https:\/\/shop.a1records.de\/wp-content\/uploads\/2019\/03\/live-okiedokie-20.jpeg\",\"contentUrl\":\"https:\/\/shop.a1records.de\/wp-content\/uploads\/2019\/03\/live-okiedokie-20.jpeg\",\"width\":500,\"height\":500},{\"@type\":\"BreadcrumbList\",\"@id\":\"https:\/\/shop.a1records.de\/en\/product\/go-music-20-anniversary-live-okie-dokie-2-cd-set\/#breadcrumb\",\"itemListElement\":[{\"@type\":\"ListItem\",\"position\":1,\"name\":\"Home\",\"item\":\"https:\/\/shop.a1records.de\/en\/\"},{\"@type\":\"ListItem\",\"position\":2,\"name\":\"Shop\",\"item\":\"https:\/\/shop.a1records.de\/en\/\"},{\"@type\":\"ListItem\",\"position\":3,\"name\":\"GO MUSIC 20 Anniversary &#8211; Live @ Okie Dokie &#8211; 2 CD Set\"}]},{\"@type\":\"WebSite\",\"@id\":\"https:\/\/shop.a1records.de\/en\/#website\",\"url\":\"https:\/\/shop.a1records.de\/en\/\",\"name\":\"A1 Records-Shop\",\"description\":\"\",\"potentialAction\":[{\"@type\":\"SearchAction\",\"target\":{\"@type\":\"EntryPoint\",\"urlTemplate\":\"https:\/\/shop.a1records.de\/en\/?s={search_term_string}\"},\"query-input\":{\"@type\":\"PropertyValueSpecification\",\"valueRequired\":true,\"valueName\":\"search_term_string\"}}],\"inLanguage\":\"en-GB\"}]}<\/script>\n<!-- \/ Yoast SEO plugin. -->","yoast_head_json":{"title":"GO MUSIC 20 Anniversary - Live @ Okie Dokie - 2 CD Set - A1 Records-Shop","robots":{"index":"index","follow":"follow","max-snippet":"max-snippet:-1","max-image-preview":"max-image-preview:large","max-video-preview":"max-video-preview:-1"},"canonical":"https:\/\/shop.a1records.de\/en\/product\/go-music-20-anniversary-live-okie-dokie-2-cd-set\/","og_locale":"en_GB","og_type":"article","og_title":"GO MUSIC 20 Anniversary - Live @ Okie Dokie - 2 CD Set - A1 Records-Shop","og_description":"Geburtstage sind von Bedeutung. In jungen Jahren sind Geburtstage ganz wichtig und wehe, man sch\u00e4tzt einen Teenager ein Jahr j\u00fcnger. Mit wachsender Zahl der Jahrestage relativiert sich das Alter. Nicht so bei Go Music-Jahrestagen. Unglaublich, aber wahr! Die 1996 von Martin Engelien ins Leben gerufene Konzertveranstaltung feiert ihr zwanzigj\u00e4hriges Jubil\u00e4um und ist frisch wie am &hellip; Continue reading \"GO MUSIC 20 Anniversary &#8211; Live @ Okie Dokie &#8211; 2 CD Set\"","og_url":"https:\/\/shop.a1records.de\/en\/product\/go-music-20-anniversary-live-okie-dokie-2-cd-set\/","og_site_name":"A1 Records-Shop","article_modified_time":"2025-07-23T18:45:30+00:00","og_image":[{"width":500,"height":500,"url":"https:\/\/shop.a1records.de\/wp-content\/uploads\/2019\/03\/live-okiedokie-20.jpeg","type":"image\/jpeg"}],"twitter_card":"summary_large_image","twitter_misc":{"Estimated reading time":"2 minutes"},"schema":{"@context":"https:\/\/schema.org","@graph":[{"@type":"WebPage","@id":"https:\/\/shop.a1records.de\/en\/product\/go-music-20-anniversary-live-okie-dokie-2-cd-set\/","url":"https:\/\/shop.a1records.de\/en\/product\/go-music-20-anniversary-live-okie-dokie-2-cd-set\/","name":"GO MUSIC 20 Anniversary - Live @ Okie Dokie - 2 CD Set - A1 Records-Shop","isPartOf":{"@id":"https:\/\/shop.a1records.de\/en\/#website"},"primaryImageOfPage":{"@id":"https:\/\/shop.a1records.de\/en\/product\/go-music-20-anniversary-live-okie-dokie-2-cd-set\/#primaryimage"},"image":{"@id":"https:\/\/shop.a1records.de\/en\/product\/go-music-20-anniversary-live-okie-dokie-2-cd-set\/#primaryimage"},"thumbnailUrl":"https:\/\/shop.a1records.de\/wp-content\/uploads\/2019\/03\/live-okiedokie-20.jpeg","datePublished":"2019-03-29T20:10:56+00:00","dateModified":"2025-07-23T18:45:30+00:00","breadcrumb":{"@id":"https:\/\/shop.a1records.de\/en\/product\/go-music-20-anniversary-live-okie-dokie-2-cd-set\/#breadcrumb"},"inLanguage":"en-GB","potentialAction":[{"@type":"ReadAction","target":["https:\/\/shop.a1records.de\/en\/product\/go-music-20-anniversary-live-okie-dokie-2-cd-set\/"]}]},{"@type":"ImageObject","inLanguage":"en-GB","@id":"https:\/\/shop.a1records.de\/en\/product\/go-music-20-anniversary-live-okie-dokie-2-cd-set\/#primaryimage","url":"https:\/\/shop.a1records.de\/wp-content\/uploads\/2019\/03\/live-okiedokie-20.jpeg","contentUrl":"https:\/\/shop.a1records.de\/wp-content\/uploads\/2019\/03\/live-okiedokie-20.jpeg","width":500,"height":500},{"@type":"BreadcrumbList","@id":"https:\/\/shop.a1records.de\/en\/product\/go-music-20-anniversary-live-okie-dokie-2-cd-set\/#breadcrumb","itemListElement":[{"@type":"ListItem","position":1,"name":"Home","item":"https:\/\/shop.a1records.de\/en\/"},{"@type":"ListItem","position":2,"name":"Shop","item":"https:\/\/shop.a1records.de\/en\/"},{"@type":"ListItem","position":3,"name":"GO MUSIC 20 Anniversary &#8211; Live @ Okie Dokie &#8211; 2 CD Set"}]},{"@type":"WebSite","@id":"https:\/\/shop.a1records.de\/en\/#website","url":"https:\/\/shop.a1records.de\/en\/","name":"A1 Records-Shop","description":"","potentialAction":[{"@type":"SearchAction","target":{"@type":"EntryPoint","urlTemplate":"https:\/\/shop.a1records.de\/en\/?s={search_term_string}"},"query-input":{"@type":"PropertyValueSpecification","valueRequired":true,"valueName":"search_term_string"}}],"inLanguage":"en-GB"}]}},"_links":{"self":[{"href":"https:\/\/shop.a1records.de\/en\/wp-json\/wp\/v2\/product\/72"}],"collection":[{"href":"https:\/\/shop.a1records.de\/en\/wp-json\/wp\/v2\/product"}],"about":[{"href":"https:\/\/shop.a1records.de\/en\/wp-json\/wp\/v2\/types\/product"}],"replies":[{"embeddable":true,"href":"https:\/\/shop.a1records.de\/en\/wp-json\/wp\/v2\/comments?post=72"}],"wp:featuredmedia":[{"embeddable":true,"href":"https:\/\/shop.a1records.de\/en\/wp-json\/wp\/v2\/media\/73"}],"wp:attachment":[{"href":"https:\/\/shop.a1records.de\/en\/wp-json\/wp\/v2\/media?parent=72"}],"wp:term":[{"taxonomy":"product_brand","embeddable":true,"href":"https:\/\/shop.a1records.de\/en\/wp-json\/wp\/v2\/product_brand?post=72"},{"taxonomy":"product_cat","embeddable":true,"href":"https:\/\/shop.a1records.de\/en\/wp-json\/wp\/v2\/product_cat?post=72"},{"taxonomy":"product_tag","embeddable":true,"href":"https:\/\/shop.a1records.de\/en\/wp-json\/wp\/v2\/product_tag?post=72"}],"curies":[{"name":"wp","href":"https:\/\/api.w.org\/{rel}","templated":true}]}}