{"id":70,"date":"2019-03-29T20:05:43","date_gmt":"2019-03-29T20:05:43","guid":{"rendered":"https:\/\/shop.a1records.de\/neu\/?post_type=product&#038;p=70"},"modified":"2025-02-22T15:52:34","modified_gmt":"2025-02-22T15:52:34","slug":"celebrate-cd","status":"publish","type":"product","link":"https:\/\/shop.a1records.de\/en\/product\/celebrate-cd\/","title":{"rendered":"Celebrate &#8211; CD"},"content":{"rendered":"<p>Captivating stories from life, collected on the streets of the world, traveling from bar to bar combined with sweet, warm harmonies: that is the mixture with which Gil Edwards inspires his listeners and what makes him stand out. With his distinctive, energetic voice he tells about his experiences and adventures from the last half century.<\/p>\n<p align=\"JUSTIFY\"><span style=\"font-family: Tahoma, sans-serif;\">Fesselnde Geschichten aus dem Leben, gesammelt auf den Stra\u00dfen der Welt, unterwegs von Bar zu Bar ziehend und dazu s\u00fc\u00dfe, warme Harmonien: das ist die Mischung, mit welcher <b>Gil Edwards <\/b>seine Zuh\u00f6rer begeistert und was ihn hervorstechen l\u00e4sst. Mit seiner markanten, energetischen Stimme berichtet er von seinen Erlebnissen und Erfahrungen aus dem letzten halben Jahrhundert.<\/span><\/p>\n<p align=\"JUSTIFY\"><span style=\"font-family: Tahoma, sans-serif;\">Alles begann vor 50 Jahren auf der Autor\u00fccksitzbank. Der kleine Gil aus Medford, Oregon, war mit seiner Familie auf dem Weg zum Disneyland in Los Angeles, als im Radio der Beatles Hit \u201eShe Loves You\u201c gespielt wurde. Dieser Song packte den Jungen sofort und es war klar, das war seine Destination: Rockstar. Fest entschlossen eine elektrische Gitarre aufzutreiben begann er seine Karriere. Einige Zeit sp\u00e4ter, noch immer ohne Gitarre, schenkte sein Vater ihm ein Jagdhund, den Gil sehr lieb hatte, welcher jedoch seiner Suche nach dem ersehnten Zupfinstrument kein Ende setzen konnte. Erst als ein Arbeitskollege seines Vaters nach einem Jagdhund suchte und bereit war seine Gitarre dagegen zu tauschen, erf\u00fcllten sich Gils Tr\u00e4ume. Autodidaktisch begann der kleine Junge Radiosongs nachzuspielen und probierte sich aus. Lediglich blutige Finger zwangen ihn zu kurzen Pausen, wonach es jedoch direkt weiterging. Da sein Vater die schiefen Kl\u00e4nge nicht ertrug, \u00fcbte Gil von nun an t\u00e4glich vier Stunden im Stall und die Pferde wurden seine ersten Zuh\u00f6rer und Bewunderer.<\/span><\/p>\n<p align=\"JUSTIFY\"><span style=\"font-family: Tahoma, sans-serif;\">Seit dem Eintritt in seine erste Band 1966 hat der nun seit einigen Jahren in Norwegen lebende und arbeitende Gitarrist und Singer-Songwriter eine beachtliche Karriere hingelegt. Es folgten viele weitere Bands darunter: <i>The Rainbow Revolution, The Night Monsters, Billie Hayes Band, Enertia<\/i> und viele mehr. Zudem arbeitete Gil an zahlreichen Aufnahmeprojekten und Kooperationsprojekten mit, woraus lebenslange Freundschaften entstanden.<\/span><\/p>\n<p align=\"JUSTIFY\"><span style=\"font-family: Tahoma, sans-serif;\">Seine erste Albumproduktion wurde 1999 unter dem Titel \u201e<i>Can\u2019t Give It Up<\/i>\u201c ver\u00f6ffentlicht. Diese wurde f\u00fcnf Jahre sp\u00e4ter von dem zweiten Album \u201e<i>Mayday Situation<\/i>\u201c gefolgt. Reich an Eindr\u00fccken und voller Dankbarkeit f\u00fcr viele gro\u00dfartige Menschen, welche Gil auf seinem Weg begleitet, unterst\u00fctzt und mit ihm zusammen gearbeitet haben, m\u00f6chte der einf\u00fchlsame Rockstar aus Oregon nun sein 50 j\u00e4hriges B\u00fchnenjubil\u00e4um mit einer dritten Albumproduktion feiern. Und wie k\u00f6nnte Sie einen anderen Titel tragen als \u201e<i>Celebrate<\/i>\u201c.<\/span><\/p>\n<p align=\"JUSTIFY\"><span style=\"font-family: Tahoma, sans-serif;\">Bei dieser Produktion standen ihm zahlreiche hochkar\u00e4tige Musiker zur Seite. So sind auf dieser Platte Martin Engelien am Bass, Joerg Dudys und Dennis Hormes an der Gitarre, Tim Ole Hoff und Dirk Brand an den Drums, Pitti Hecht an den Perkussionsinstrumenten, Kai Weiner am Keyboard und Angie Damschen und Chuck Plaisance als Backing Vocals zu h\u00f6ren.<\/span><\/p>\n<p align=\"JUSTIFY\"><a name=\"_GoBack\"><\/a><span style=\"font-family: Tahoma, sans-serif;\">Gil Edwards ist Musik die aus der Seele und dem Herzen kommt, mit starken Texten ohne Kompromisse und packenden Gitarrensounds. Das neue Album \u201e<i>Celebrate<\/i>\u201c ist eine Dankesbotschaft an eine gro\u00dfartige Zeit mit pr\u00e4genden Menschen und Eindr\u00fccken und der Auftakt f\u00fcr eine Fortsetzung der Show bis der gro\u00dfe Vorhang f\u00e4llt.<\/span><\/p>\n<p>&nbsp;<\/p>","protected":false},"excerpt":{"rendered":"<p>Captivating stories from life, collected on the streets of the world, traveling from bar to bar combined with sweet, warm harmonies: that is the mixture with which Gil Edwards inspires his listeners and what makes him stand out. With his distinctive, energetic voice he tells about his experiences and adventures from the last half century. &hellip; <\/p>\n<p class=\"link-more\"><a href=\"https:\/\/shop.a1records.de\/en\/product\/celebrate-cd\/\" class=\"more-link\">Continue reading<span class=\"screen-reader-text\"> &#8222;Celebrate &#8211; CD&#8220;<\/span><\/a><\/p>","protected":false},"featured_media":71,"comment_status":"closed","ping_status":"closed","template":"","meta":[],"product_brand":[],"product_cat":[16,41,38,39],"product_tag":[],"class_list":{"0":"post-70","1":"product","2":"type-product","3":"status-publish","4":"has-post-thumbnail","6":"product_cat-cd","7":"product_cat-dennis-hormes","8":"product_cat-gil-edwards","9":"product_cat-martin-engelien","10":"product_shipping_class-cds","12":"first","13":"instock","14":"taxable","15":"shipping-taxable","16":"purchasable","17":"product-type-simple"},"yoast_head":"<!-- This site is optimized with the Yoast SEO plugin v23.7 - https:\/\/yoast.com\/wordpress\/plugins\/seo\/ -->\n<title>Celebrate - CD - A1 Records-Shop<\/title>\n<meta name=\"robots\" content=\"index, follow, max-snippet:-1, max-image-preview:large, max-video-preview:-1\" \/>\n<link rel=\"canonical\" href=\"https:\/\/shop.a1records.de\/en\/product\/celebrate-cd\/\" \/>\n<meta property=\"og:locale\" content=\"en_GB\" \/>\n<meta property=\"og:type\" content=\"article\" \/>\n<meta property=\"og:title\" content=\"Celebrate - CD - A1 Records-Shop\" \/>\n<meta property=\"og:description\" content=\"Captivating stories from life, collected on the streets of the world, traveling from bar to bar combined with sweet, warm harmonies: that is the mixture with which Gil Edwards inspires his listeners and what makes him stand out. With his distinctive, energetic voice he tells about his experiences and adventures from the last half century. &hellip; Continue reading &quot;Celebrate &#8211; CD&quot;\" \/>\n<meta property=\"og:url\" content=\"https:\/\/shop.a1records.de\/en\/product\/celebrate-cd\/\" \/>\n<meta property=\"og:site_name\" content=\"A1 Records-Shop\" \/>\n<meta property=\"article:modified_time\" content=\"2025-02-22T15:52:34+00:00\" \/>\n<meta property=\"og:image\" content=\"https:\/\/shop.a1records.de\/wp-content\/uploads\/2019\/03\/edwards_cd.jpeg\" \/>\n\t<meta property=\"og:image:width\" content=\"300\" \/>\n\t<meta property=\"og:image:height\" content=\"300\" \/>\n\t<meta property=\"og:image:type\" content=\"image\/jpeg\" \/>\n<meta name=\"twitter:card\" content=\"summary_large_image\" \/>\n<meta name=\"twitter:label1\" content=\"Estimated reading time\" \/>\n\t<meta name=\"twitter:data1\" content=\"4 minutes\" \/>\n<script type=\"application\/ld+json\" class=\"yoast-schema-graph\">{\"@context\":\"https:\/\/schema.org\",\"@graph\":[{\"@type\":\"WebPage\",\"@id\":\"https:\/\/shop.a1records.de\/produkt\/celebrate-cd\/\",\"url\":\"https:\/\/shop.a1records.de\/produkt\/celebrate-cd\/\",\"name\":\"Celebrate - CD - A1 Records-Shop\",\"isPartOf\":{\"@id\":\"https:\/\/shop.a1records.de\/en\/#website\"},\"primaryImageOfPage\":{\"@id\":\"https:\/\/shop.a1records.de\/produkt\/celebrate-cd\/#primaryimage\"},\"image\":{\"@id\":\"https:\/\/shop.a1records.de\/produkt\/celebrate-cd\/#primaryimage\"},\"thumbnailUrl\":\"https:\/\/shop.a1records.de\/wp-content\/uploads\/2019\/03\/edwards_cd.jpeg\",\"datePublished\":\"2019-03-29T20:05:43+00:00\",\"dateModified\":\"2025-02-22T15:52:34+00:00\",\"breadcrumb\":{\"@id\":\"https:\/\/shop.a1records.de\/produkt\/celebrate-cd\/#breadcrumb\"},\"inLanguage\":\"en-GB\",\"potentialAction\":[{\"@type\":\"ReadAction\",\"target\":[\"https:\/\/shop.a1records.de\/produkt\/celebrate-cd\/\"]}]},{\"@type\":\"ImageObject\",\"inLanguage\":\"en-GB\",\"@id\":\"https:\/\/shop.a1records.de\/produkt\/celebrate-cd\/#primaryimage\",\"url\":\"https:\/\/shop.a1records.de\/wp-content\/uploads\/2019\/03\/edwards_cd.jpeg\",\"contentUrl\":\"https:\/\/shop.a1records.de\/wp-content\/uploads\/2019\/03\/edwards_cd.jpeg\",\"width\":300,\"height\":300},{\"@type\":\"BreadcrumbList\",\"@id\":\"https:\/\/shop.a1records.de\/produkt\/celebrate-cd\/#breadcrumb\",\"itemListElement\":[{\"@type\":\"ListItem\",\"position\":1,\"name\":\"Home\",\"item\":\"https:\/\/shop.a1records.de\/en\/\"},{\"@type\":\"ListItem\",\"position\":2,\"name\":\"Shop\",\"item\":\"https:\/\/shop.a1records.de\/en\/\"},{\"@type\":\"ListItem\",\"position\":3,\"name\":\"Celebrate &#8211; CD\"}]},{\"@type\":\"WebSite\",\"@id\":\"https:\/\/shop.a1records.de\/en\/#website\",\"url\":\"https:\/\/shop.a1records.de\/en\/\",\"name\":\"A1 Records-Shop\",\"description\":\"\",\"potentialAction\":[{\"@type\":\"SearchAction\",\"target\":{\"@type\":\"EntryPoint\",\"urlTemplate\":\"https:\/\/shop.a1records.de\/en\/?s={search_term_string}\"},\"query-input\":{\"@type\":\"PropertyValueSpecification\",\"valueRequired\":true,\"valueName\":\"search_term_string\"}}],\"inLanguage\":\"en-GB\"}]}<\/script>\n<!-- \/ Yoast SEO plugin. -->","yoast_head_json":{"title":"Celebrate - CD - A1 Records-Shop","robots":{"index":"index","follow":"follow","max-snippet":"max-snippet:-1","max-image-preview":"max-image-preview:large","max-video-preview":"max-video-preview:-1"},"canonical":"https:\/\/shop.a1records.de\/en\/product\/celebrate-cd\/","og_locale":"en_GB","og_type":"article","og_title":"Celebrate - CD - A1 Records-Shop","og_description":"Captivating stories from life, collected on the streets of the world, traveling from bar to bar combined with sweet, warm harmonies: that is the mixture with which Gil Edwards inspires his listeners and what makes him stand out. With his distinctive, energetic voice he tells about his experiences and adventures from the last half century. &hellip; Continue reading \"Celebrate &#8211; CD\"","og_url":"https:\/\/shop.a1records.de\/en\/product\/celebrate-cd\/","og_site_name":"A1 Records-Shop","article_modified_time":"2025-02-22T15:52:34+00:00","og_image":[{"width":300,"height":300,"url":"https:\/\/shop.a1records.de\/wp-content\/uploads\/2019\/03\/edwards_cd.jpeg","type":"image\/jpeg"}],"twitter_card":"summary_large_image","twitter_misc":{"Estimated reading time":"4 minutes"},"schema":{"@context":"https:\/\/schema.org","@graph":[{"@type":"WebPage","@id":"https:\/\/shop.a1records.de\/produkt\/celebrate-cd\/","url":"https:\/\/shop.a1records.de\/produkt\/celebrate-cd\/","name":"Celebrate - CD - A1 Records-Shop","isPartOf":{"@id":"https:\/\/shop.a1records.de\/en\/#website"},"primaryImageOfPage":{"@id":"https:\/\/shop.a1records.de\/produkt\/celebrate-cd\/#primaryimage"},"image":{"@id":"https:\/\/shop.a1records.de\/produkt\/celebrate-cd\/#primaryimage"},"thumbnailUrl":"https:\/\/shop.a1records.de\/wp-content\/uploads\/2019\/03\/edwards_cd.jpeg","datePublished":"2019-03-29T20:05:43+00:00","dateModified":"2025-02-22T15:52:34+00:00","breadcrumb":{"@id":"https:\/\/shop.a1records.de\/produkt\/celebrate-cd\/#breadcrumb"},"inLanguage":"en-GB","potentialAction":[{"@type":"ReadAction","target":["https:\/\/shop.a1records.de\/produkt\/celebrate-cd\/"]}]},{"@type":"ImageObject","inLanguage":"en-GB","@id":"https:\/\/shop.a1records.de\/produkt\/celebrate-cd\/#primaryimage","url":"https:\/\/shop.a1records.de\/wp-content\/uploads\/2019\/03\/edwards_cd.jpeg","contentUrl":"https:\/\/shop.a1records.de\/wp-content\/uploads\/2019\/03\/edwards_cd.jpeg","width":300,"height":300},{"@type":"BreadcrumbList","@id":"https:\/\/shop.a1records.de\/produkt\/celebrate-cd\/#breadcrumb","itemListElement":[{"@type":"ListItem","position":1,"name":"Home","item":"https:\/\/shop.a1records.de\/en\/"},{"@type":"ListItem","position":2,"name":"Shop","item":"https:\/\/shop.a1records.de\/en\/"},{"@type":"ListItem","position":3,"name":"Celebrate &#8211; CD"}]},{"@type":"WebSite","@id":"https:\/\/shop.a1records.de\/en\/#website","url":"https:\/\/shop.a1records.de\/en\/","name":"A1 Records-Shop","description":"","potentialAction":[{"@type":"SearchAction","target":{"@type":"EntryPoint","urlTemplate":"https:\/\/shop.a1records.de\/en\/?s={search_term_string}"},"query-input":{"@type":"PropertyValueSpecification","valueRequired":true,"valueName":"search_term_string"}}],"inLanguage":"en-GB"}]}},"_links":{"self":[{"href":"https:\/\/shop.a1records.de\/en\/wp-json\/wp\/v2\/product\/70"}],"collection":[{"href":"https:\/\/shop.a1records.de\/en\/wp-json\/wp\/v2\/product"}],"about":[{"href":"https:\/\/shop.a1records.de\/en\/wp-json\/wp\/v2\/types\/product"}],"replies":[{"embeddable":true,"href":"https:\/\/shop.a1records.de\/en\/wp-json\/wp\/v2\/comments?post=70"}],"wp:featuredmedia":[{"embeddable":true,"href":"https:\/\/shop.a1records.de\/en\/wp-json\/wp\/v2\/media\/71"}],"wp:attachment":[{"href":"https:\/\/shop.a1records.de\/en\/wp-json\/wp\/v2\/media?parent=70"}],"wp:term":[{"taxonomy":"product_brand","embeddable":true,"href":"https:\/\/shop.a1records.de\/en\/wp-json\/wp\/v2\/product_brand?post=70"},{"taxonomy":"product_cat","embeddable":true,"href":"https:\/\/shop.a1records.de\/en\/wp-json\/wp\/v2\/product_cat?post=70"},{"taxonomy":"product_tag","embeddable":true,"href":"https:\/\/shop.a1records.de\/en\/wp-json\/wp\/v2\/product_tag?post=70"}],"curies":[{"name":"wp","href":"https:\/\/api.w.org\/{rel}","templated":true}]}}