{"id":693,"date":"2022-12-23T15:11:54","date_gmt":"2022-12-23T15:11:54","guid":{"rendered":"https:\/\/shop.a1records.de\/neu\/?post_type=product&#038;p=693"},"modified":"2022-12-23T15:24:56","modified_gmt":"2022-12-23T15:24:56","slug":"ben-granfelt-live-because-we-can-cd","status":"publish","type":"product","link":"https:\/\/shop.a1records.de\/en\/product\/ben-granfelt-live-because-we-can-cd\/","title":{"rendered":"BEN GRANFELT: LIVE &#8211; BECAUSE WE CAN CD"},"content":{"rendered":"<p><strong>Es ist mal wieder Zeit f\u00fcr ein Live-Album!<\/strong><\/p>\n<p>Nicht nur, weil wir f\u00fcr lange Zeite in weiten Teilen darauf verzichten m\u00fcssen, Konzerte vor Ort mitzuerleben, sondern auch, weil es sich bei diesem Live-Album um die neuste Ver\u00f6ffentlichung von <strong>Ben Granfelt<\/strong> handelt, der in seiner bereits seit 36 Jahren andauernden Profikarriere schon nahezu jede B\u00fchne auf diesem Planeten bespielt hat, ob als Mitbegr\u00fcnder und Mastermind der famosen <strong>Leningrad\u00a0 Cowboys<\/strong>, mit den Hardrock-Legenden <strong>Wishbone Ash<\/strong> oder \u2013 immer wieder und seit einigen Jahren ausschlie\u00dflich \u2013 als Solok\u00fcnstler mit seiner <strong>Ben Granfelt Band<\/strong>.<\/p>\n<p>Die bisherige Liste von <strong>Ben Granfelts<\/strong> Live-Alben ist erstaunlich kurz\u00a0 &#8211; ist er doch unter normalen Umst\u00e4nden regelm\u00e4\u00dfig live und in voller Gr\u00f6\u00dfe auf den B\u00fchnen Europas zu sehen und zu h\u00f6ren -,\u00a0\u00a0 \u201eLive \u2013 Because We Can\u201c ist erst das vierte Live-Album, das der umtriebige Finne in seiner \u00fcber einem Vierteljahrhundert bestehenden Laufbahn als Solo-K\u00fcnstler herausbringt, doch insgesamt die 19. Ver\u00f6ffentlichung der <strong>Ben Granfelt Band<\/strong>. F\u00fcr reichlich Songmaterial ist also gesorgt.<\/p>\n<p>Vierzehn Songs \u00a0sind auf \u201eLive \u2013 Because We Can\u201c vertreten, aufgenommen im Vuotalo Club in Helsinki im Oktober 2019.<\/p>\n<p>Es ist das Abschluss-Konzert eines tollen, erfolgreichen Jahres f\u00fcr <strong>Ben Granfelt<\/strong> \u00a0und gleichzeitig eines der \u00a0letzten Live-Konzerte, die der S\u00e4nger\/Gitarrist vor dem globalen Ausbruch der Pandemie noch geben konnte.<\/p>\n<p>Das musikalische Feuerwerk, das <strong>Ben Granfelt<\/strong> und seine Mitstreiter hier loslassen, macht deutlich, wie viel Freude die Band bei der Arbeit hat. <strong>Ben<\/strong> liebt es, zu improvisieren und zu jammen, um sowohl den Songs als auch seinen Musikern Raum\u00a0 zu geben, die St\u00fccke frei zu interpretieren. Klar wie Klo\u00dfbr\u00fche, dass fast alle St\u00fccke auf dem neuen Live-Album l\u00e4nger sind als die Studioversionen und die Songs in leicht ver\u00e4nderter Form gespielt werden.<\/p>\n<p>Begleitet wird <strong>Ben Granfelt<\/strong> bei dieser Show von seinem langj\u00e4hrigen Kumpel und Bandkollegen <strong>Miri Miettinen<\/strong> am Schlagzeug und <strong>Masa Maijanen<\/strong> am Bass, der seit 4 Jahren ein fester Bestandteil der <strong>Ben Granfelt Band<\/strong> Ist. F\u00fcr die Keyboard-Parts hat sich Ben dieses Mal <strong>Kasper M<\/strong><strong>\u00e5<\/strong><strong>rtenson<\/strong> an die Seite geholt, der den meisten Musikliebhabern durch Bands wie \u00a0Amorphis, Mannhai, Ensiferum oder Barren Earth sicherlich ein Begriff ist.<\/p>\n<p>Dass <strong>Ben Granfelt<\/strong> zu diesem Zeitpunkt ein Live-Album ver\u00f6ffentlicht, hat durchaus einen pandemischen Hintergrund: \u201eDa ich aufgrund von Covid im letzten Jahr so gut wie keine M\u00f6glichkeit hatte, mit anderen Musikern zu interagieren oder mit meiner Band ins Studio zu gehen, habe ich beschlossen, statt eines neuen Studioalbums dieses Konzert zu ver\u00f6ffentlichen\u201c, sagt der K\u00fcnstler selbst und f\u00fcgt hinzu: \u201eUnd ich\u00a0 freue mich sehr dar\u00fcber, denn es war ein gro\u00dfartiges Konzert!\u201c<\/p>","protected":false},"excerpt":{"rendered":"<p>Es ist mal wieder Zeit f\u00fcr ein Live-Album! Nicht nur, weil wir f\u00fcr lange Zeite in weiten Teilen darauf verzichten m\u00fcssen, Konzerte vor Ort mitzuerleben, sondern auch, weil es sich bei diesem Live-Album um die neuste Ver\u00f6ffentlichung von Ben Granfelt handelt, der in seiner bereits seit 36 Jahren andauernden Profikarriere schon nahezu jede B\u00fchne auf &hellip; <\/p>\n<p class=\"link-more\"><a href=\"https:\/\/shop.a1records.de\/en\/product\/ben-granfelt-live-because-we-can-cd\/\" class=\"more-link\">Continue reading<span class=\"screen-reader-text\"> &#8222;BEN GRANFELT: LIVE &#8211; BECAUSE WE CAN CD&#8220;<\/span><\/a><\/p>","protected":false},"featured_media":687,"comment_status":"closed","ping_status":"closed","template":"","meta":[],"product_brand":[],"product_cat":[19,20,16],"product_tag":[],"class_list":{"0":"post-693","1":"product","2":"type-product","3":"status-publish","4":"has-post-thumbnail","6":"product_cat-artists","7":"product_cat-ben-granfelt","8":"product_cat-cd","9":"product_shipping_class-cds","11":"first","12":"instock","13":"taxable","14":"shipping-taxable","15":"purchasable","16":"product-type-simple"},"yoast_head":"<!-- This site is optimized with the Yoast SEO plugin v23.7 - https:\/\/yoast.com\/wordpress\/plugins\/seo\/ -->\n<title>BEN GRANFELT: LIVE - BECAUSE WE CAN CD - A1 Records-Shop<\/title>\n<meta name=\"robots\" content=\"index, follow, max-snippet:-1, max-image-preview:large, max-video-preview:-1\" \/>\n<link rel=\"canonical\" href=\"https:\/\/shop.a1records.de\/en\/product\/ben-granfelt-live-because-we-can-cd\/\" \/>\n<meta property=\"og:locale\" content=\"en_GB\" \/>\n<meta property=\"og:type\" content=\"article\" \/>\n<meta property=\"og:title\" content=\"BEN GRANFELT: LIVE - BECAUSE WE CAN CD - A1 Records-Shop\" \/>\n<meta property=\"og:description\" content=\"Es ist mal wieder Zeit f\u00fcr ein Live-Album! Nicht nur, weil wir f\u00fcr lange Zeite in weiten Teilen darauf verzichten m\u00fcssen, Konzerte vor Ort mitzuerleben, sondern auch, weil es sich bei diesem Live-Album um die neuste Ver\u00f6ffentlichung von Ben Granfelt handelt, der in seiner bereits seit 36 Jahren andauernden Profikarriere schon nahezu jede B\u00fchne auf &hellip; Continue reading &quot;BEN GRANFELT: LIVE &#8211; BECAUSE WE CAN CD&quot;\" \/>\n<meta property=\"og:url\" content=\"https:\/\/shop.a1records.de\/en\/product\/ben-granfelt-live-because-we-can-cd\/\" \/>\n<meta property=\"og:site_name\" content=\"A1 Records-Shop\" \/>\n<meta property=\"article:modified_time\" content=\"2022-12-23T15:24:56+00:00\" \/>\n<meta property=\"og:image\" content=\"https:\/\/shop.a1records.de\/wp-content\/uploads\/2022\/12\/Ben_1000x1000.jpg\" \/>\n\t<meta property=\"og:image:width\" content=\"1000\" \/>\n\t<meta property=\"og:image:height\" content=\"1000\" \/>\n\t<meta property=\"og:image:type\" content=\"image\/jpeg\" \/>\n<meta name=\"twitter:card\" content=\"summary_large_image\" \/>\n<meta name=\"twitter:label1\" content=\"Estimated reading time\" \/>\n\t<meta name=\"twitter:data1\" content=\"3 minutes\" \/>\n<script type=\"application\/ld+json\" class=\"yoast-schema-graph\">{\"@context\":\"https:\/\/schema.org\",\"@graph\":[{\"@type\":\"WebPage\",\"@id\":\"https:\/\/shop.a1records.de\/produkt\/ben-granfelt-live-because-we-can-cd\/\",\"url\":\"https:\/\/shop.a1records.de\/produkt\/ben-granfelt-live-because-we-can-cd\/\",\"name\":\"BEN GRANFELT: LIVE - BECAUSE WE CAN CD - A1 Records-Shop\",\"isPartOf\":{\"@id\":\"https:\/\/shop.a1records.de\/en\/#website\"},\"primaryImageOfPage\":{\"@id\":\"https:\/\/shop.a1records.de\/produkt\/ben-granfelt-live-because-we-can-cd\/#primaryimage\"},\"image\":{\"@id\":\"https:\/\/shop.a1records.de\/produkt\/ben-granfelt-live-because-we-can-cd\/#primaryimage\"},\"thumbnailUrl\":\"https:\/\/shop.a1records.de\/wp-content\/uploads\/2022\/12\/Ben_1000x1000.jpg\",\"datePublished\":\"2022-12-23T15:11:54+00:00\",\"dateModified\":\"2022-12-23T15:24:56+00:00\",\"breadcrumb\":{\"@id\":\"https:\/\/shop.a1records.de\/produkt\/ben-granfelt-live-because-we-can-cd\/#breadcrumb\"},\"inLanguage\":\"en-GB\",\"potentialAction\":[{\"@type\":\"ReadAction\",\"target\":[\"https:\/\/shop.a1records.de\/produkt\/ben-granfelt-live-because-we-can-cd\/\"]}]},{\"@type\":\"ImageObject\",\"inLanguage\":\"en-GB\",\"@id\":\"https:\/\/shop.a1records.de\/produkt\/ben-granfelt-live-because-we-can-cd\/#primaryimage\",\"url\":\"https:\/\/shop.a1records.de\/wp-content\/uploads\/2022\/12\/Ben_1000x1000.jpg\",\"contentUrl\":\"https:\/\/shop.a1records.de\/wp-content\/uploads\/2022\/12\/Ben_1000x1000.jpg\",\"width\":1000,\"height\":1000},{\"@type\":\"BreadcrumbList\",\"@id\":\"https:\/\/shop.a1records.de\/produkt\/ben-granfelt-live-because-we-can-cd\/#breadcrumb\",\"itemListElement\":[{\"@type\":\"ListItem\",\"position\":1,\"name\":\"Home\",\"item\":\"https:\/\/shop.a1records.de\/en\/\"},{\"@type\":\"ListItem\",\"position\":2,\"name\":\"Shop\",\"item\":\"https:\/\/shop.a1records.de\/en\/\"},{\"@type\":\"ListItem\",\"position\":3,\"name\":\"BEN GRANFELT: LIVE &#8211; BECAUSE WE CAN CD\"}]},{\"@type\":\"WebSite\",\"@id\":\"https:\/\/shop.a1records.de\/en\/#website\",\"url\":\"https:\/\/shop.a1records.de\/en\/\",\"name\":\"A1 Records-Shop\",\"description\":\"\",\"potentialAction\":[{\"@type\":\"SearchAction\",\"target\":{\"@type\":\"EntryPoint\",\"urlTemplate\":\"https:\/\/shop.a1records.de\/en\/?s={search_term_string}\"},\"query-input\":{\"@type\":\"PropertyValueSpecification\",\"valueRequired\":true,\"valueName\":\"search_term_string\"}}],\"inLanguage\":\"en-GB\"}]}<\/script>\n<!-- \/ Yoast SEO plugin. -->","yoast_head_json":{"title":"BEN GRANFELT: LIVE - BECAUSE WE CAN CD - A1 Records-Shop","robots":{"index":"index","follow":"follow","max-snippet":"max-snippet:-1","max-image-preview":"max-image-preview:large","max-video-preview":"max-video-preview:-1"},"canonical":"https:\/\/shop.a1records.de\/en\/product\/ben-granfelt-live-because-we-can-cd\/","og_locale":"en_GB","og_type":"article","og_title":"BEN GRANFELT: LIVE - BECAUSE WE CAN CD - A1 Records-Shop","og_description":"Es ist mal wieder Zeit f\u00fcr ein Live-Album! Nicht nur, weil wir f\u00fcr lange Zeite in weiten Teilen darauf verzichten m\u00fcssen, Konzerte vor Ort mitzuerleben, sondern auch, weil es sich bei diesem Live-Album um die neuste Ver\u00f6ffentlichung von Ben Granfelt handelt, der in seiner bereits seit 36 Jahren andauernden Profikarriere schon nahezu jede B\u00fchne auf &hellip; Continue reading \"BEN GRANFELT: LIVE &#8211; BECAUSE WE CAN CD\"","og_url":"https:\/\/shop.a1records.de\/en\/product\/ben-granfelt-live-because-we-can-cd\/","og_site_name":"A1 Records-Shop","article_modified_time":"2022-12-23T15:24:56+00:00","og_image":[{"width":1000,"height":1000,"url":"https:\/\/shop.a1records.de\/wp-content\/uploads\/2022\/12\/Ben_1000x1000.jpg","type":"image\/jpeg"}],"twitter_card":"summary_large_image","twitter_misc":{"Estimated reading time":"3 minutes"},"schema":{"@context":"https:\/\/schema.org","@graph":[{"@type":"WebPage","@id":"https:\/\/shop.a1records.de\/produkt\/ben-granfelt-live-because-we-can-cd\/","url":"https:\/\/shop.a1records.de\/produkt\/ben-granfelt-live-because-we-can-cd\/","name":"BEN GRANFELT: LIVE - BECAUSE WE CAN CD - A1 Records-Shop","isPartOf":{"@id":"https:\/\/shop.a1records.de\/en\/#website"},"primaryImageOfPage":{"@id":"https:\/\/shop.a1records.de\/produkt\/ben-granfelt-live-because-we-can-cd\/#primaryimage"},"image":{"@id":"https:\/\/shop.a1records.de\/produkt\/ben-granfelt-live-because-we-can-cd\/#primaryimage"},"thumbnailUrl":"https:\/\/shop.a1records.de\/wp-content\/uploads\/2022\/12\/Ben_1000x1000.jpg","datePublished":"2022-12-23T15:11:54+00:00","dateModified":"2022-12-23T15:24:56+00:00","breadcrumb":{"@id":"https:\/\/shop.a1records.de\/produkt\/ben-granfelt-live-because-we-can-cd\/#breadcrumb"},"inLanguage":"en-GB","potentialAction":[{"@type":"ReadAction","target":["https:\/\/shop.a1records.de\/produkt\/ben-granfelt-live-because-we-can-cd\/"]}]},{"@type":"ImageObject","inLanguage":"en-GB","@id":"https:\/\/shop.a1records.de\/produkt\/ben-granfelt-live-because-we-can-cd\/#primaryimage","url":"https:\/\/shop.a1records.de\/wp-content\/uploads\/2022\/12\/Ben_1000x1000.jpg","contentUrl":"https:\/\/shop.a1records.de\/wp-content\/uploads\/2022\/12\/Ben_1000x1000.jpg","width":1000,"height":1000},{"@type":"BreadcrumbList","@id":"https:\/\/shop.a1records.de\/produkt\/ben-granfelt-live-because-we-can-cd\/#breadcrumb","itemListElement":[{"@type":"ListItem","position":1,"name":"Home","item":"https:\/\/shop.a1records.de\/en\/"},{"@type":"ListItem","position":2,"name":"Shop","item":"https:\/\/shop.a1records.de\/en\/"},{"@type":"ListItem","position":3,"name":"BEN GRANFELT: LIVE &#8211; BECAUSE WE CAN CD"}]},{"@type":"WebSite","@id":"https:\/\/shop.a1records.de\/en\/#website","url":"https:\/\/shop.a1records.de\/en\/","name":"A1 Records-Shop","description":"","potentialAction":[{"@type":"SearchAction","target":{"@type":"EntryPoint","urlTemplate":"https:\/\/shop.a1records.de\/en\/?s={search_term_string}"},"query-input":{"@type":"PropertyValueSpecification","valueRequired":true,"valueName":"search_term_string"}}],"inLanguage":"en-GB"}]}},"_links":{"self":[{"href":"https:\/\/shop.a1records.de\/en\/wp-json\/wp\/v2\/product\/693"}],"collection":[{"href":"https:\/\/shop.a1records.de\/en\/wp-json\/wp\/v2\/product"}],"about":[{"href":"https:\/\/shop.a1records.de\/en\/wp-json\/wp\/v2\/types\/product"}],"replies":[{"embeddable":true,"href":"https:\/\/shop.a1records.de\/en\/wp-json\/wp\/v2\/comments?post=693"}],"wp:featuredmedia":[{"embeddable":true,"href":"https:\/\/shop.a1records.de\/en\/wp-json\/wp\/v2\/media\/687"}],"wp:attachment":[{"href":"https:\/\/shop.a1records.de\/en\/wp-json\/wp\/v2\/media?parent=693"}],"wp:term":[{"taxonomy":"product_brand","embeddable":true,"href":"https:\/\/shop.a1records.de\/en\/wp-json\/wp\/v2\/product_brand?post=693"},{"taxonomy":"product_cat","embeddable":true,"href":"https:\/\/shop.a1records.de\/en\/wp-json\/wp\/v2\/product_cat?post=693"},{"taxonomy":"product_tag","embeddable":true,"href":"https:\/\/shop.a1records.de\/en\/wp-json\/wp\/v2\/product_tag?post=693"}],"curies":[{"name":"wp","href":"https:\/\/api.w.org\/{rel}","templated":true}]}}