{"id":692,"date":"2022-12-23T15:02:37","date_gmt":"2022-12-23T15:02:37","guid":{"rendered":"https:\/\/shop.a1records.de\/neu\/?post_type=product&#038;p=692"},"modified":"2022-12-23T15:46:06","modified_gmt":"2022-12-23T15:46:06","slug":"alex-beyrodt-weekend-warrior-cd","status":"publish","type":"product","link":"https:\/\/shop.a1records.de\/en\/product\/alex-beyrodt-weekend-warrior-cd\/","title":{"rendered":"ALEX BEYRODT: WEEKEND WARRIOR CD"},"content":{"rendered":"<p>Als Mitglied von Bands und Projekten wie Sinner, Primal Fear, Voodoo Circle, Silent Force, Rock Meets Classic, Go Music oder The New Screamers ist ALEX BEYRODT einer der meistbesch\u00e4ftigten Gitarristen der Rock\/Metal-Szene mit internationalem Renommee.<\/p>\n<p>Der schiere Zeitmangel d\u00fcrfte einer der Gr\u00fcnde daf\u00fcr sein, dass ALEX BEYRODT, der schon mit Alice Cooper, Glenn Hughes, Steve Lukather, Ian Gillan, Paul Rodgers, Joey Tempest, und Don Felder, um nur einige zu nennen, auf der B\u00fchne stand, bisher in seiner \u00fcber 30j\u00e4hrigen Karriere noch nie als Solo-K\u00fcnstler in Erscheinung getreten ist. Durch die Pandemie ausgebremst, wie alle Kollegen aus der Kulturbranche, die \u201eWeekend Warriors\u201c und normalerweise \u201e\u00fcberall zuhause, aber nie daheim\u201c sind, nutzte BEYRODT jedoch die Zwangspause als Gelegenheit, in sich zu gehen und sich ganz auf seine Gitarre und seine Musik einzulassen.<\/p>\n<p>Das Ergebnis liegt nun in Form seines ersten Solo-Albums vor; und in ALEX BEYRODTs Fall ist solo tats\u00e4chlich im Wortsinn zu verstehen, denn der geb\u00fcrtige Saarl\u00e4nder hat \u201eWeekend Warrior\u201c komplett im Alleingang geschrieben, aufgenommen, produziert und zudem auch s\u00e4mtliche Instrumente selbst eingespielt.<\/p>\n<p>Und zeigt dies bereits die Klasse und die Vielseitigkeit BEYRODTs, liefert die Erkenntnis, dass \u201eWeekend Warrior\u201c entgegen allen Klischees keine gew\u00f6hnliche Shredder-Scheibe ist, den endg\u00fcltigen Beweis daf\u00fcr, dass es h\u00f6chste Zeit f\u00fcr dieses Album war.<\/p>\n<p>Meisterhaft versteht es ALEX BEYRODT, Bilder mit seiner Musik zu malen, und seine Gitarre f\u00fcr ihn sprechen zu lassen, weswegen die 11 Songs auf \u201eWeekend Warrior\u201c auch komplett ohne Gesang auskommen. Die Songtitel sind genug, den Rest erledigt ALEX\u2018 Gitarrenspiel und die Vorstellungskraft der H\u00f6rer, wie z.B. beim atmosph\u00e4rischen Song \u201eNight Time\u201c, der einen sp\u00e4ten Abend in Tokio beschreibt. Man sitzt in einer Hotelbar und nimmt ein paar Drinks, man l\u00e4uft als v\u00f6llig Fremder durch die Strassen der pulsierenden Millionenmetropole und hat eine gro\u00dfartige Zeit. Oder das melancholische \u201ePicture In An Empty Room\u201c, das man nicht n\u00e4her beschreiben mu\u00df, denn das Thema steht f\u00fcr sich.<\/p>\n<p>Dass sich ALEX BEYRODT nicht davor scheut, die eigene Komfortzone zu verlassen, um an selbstauferlegten Herausforderungen zu wachsen, zeigt sich u.a. im Song \u201eHave a Little Faith\u201c, in der er sich zum ersten Mal mit Jazz\/Fusion auseinandersetzt, um dann wiederum bei Tracks wie \u201eRoad To Salem\u201c, Gipsy Rose\u201c oder beim Titelsong \u201eWeekend Warrior\u201c drauflos zu shreddern, dass es eine wahre Freude ist.<\/p>\n<p>Doch der wahrscheinlich wichtigste Song auf ALEX BEYRODT\u2019s erstem Solo-Album ist \u201eJulie\u201c, der seiner im November 2021 geborenen Tochter gewidmet ist. Gerade mit der Komposition und den Aufnahmen dieser Nummer besch\u00e4ftigt, erfuhr ALEX von der Schwangerschaft seiner Frau, was ihm nat\u00fcrlicherweise noch einen zus\u00e4tzlichen Kick der Vorfreude verlieh.<\/p>\n<p>\u201eWeekend Warrior\u201c ist ein unglaublich pers\u00f6nliches Album geworden, auf dem ALEX BEYRODT von seinen Gef\u00fchlen, Tr\u00e4umen, Inspirationen, von seinen musikalischen Anf\u00e4ngen und seiner Karriere als einem der besten und gesch\u00e4ftigsten (Rock\/Metal)Gitarristen, die wir in der Szene haben, erz\u00e4hlt, bzw. seine Gitarre erz\u00e4hlen l\u00e4\u00dft. In einer wunderbaren, bildhaften Sprache , und in der Einzigen, die ohne Worte auf der ganzen Welt verst\u00e4ndlich ist: der Musik.<\/p>\n<p>Trackliste Alexander Beyrodt \u201cWeekend Warrior\u201d<\/p>\n<p>1. Weekend Warrior (4:59)<br \/>\n2. Fly Away (6.00)<br \/>\n3. Through The Eyes Of A Rainbow (6:19)<br \/>\n4. Road To Salem (6:25)<br \/>\n5. Night Time (5:24)<br \/>\n6. Boulder Boy (5:04)<br \/>\n7. Have A Little Faith (6:31)<br \/>\n8. Picture In An Empty Room (4:06)<br \/>\n9. Julie (5:25)<br \/>\n10. Gipsy Rose (3:38)<br \/>\n11. While My Guitar Gently Weeps (5:24)<\/p>\n<p>Gesamtspielzeit: 63:15 min<\/p>","protected":false},"excerpt":{"rendered":"<p>Als Mitglied von Bands und Projekten wie Sinner, Primal Fear, Voodoo Circle, Silent Force, Rock Meets Classic, Go Music oder The New Screamers ist ALEX BEYRODT einer der meistbesch\u00e4ftigten Gitarristen der Rock\/Metal-Szene mit internationalem Renommee. Der schiere Zeitmangel d\u00fcrfte einer der Gr\u00fcnde daf\u00fcr sein, dass ALEX BEYRODT, der schon mit Alice Cooper, Glenn Hughes, Steve &hellip; <\/p>\n<p class=\"link-more\"><a href=\"https:\/\/shop.a1records.de\/en\/product\/alex-beyrodt-weekend-warrior-cd\/\" class=\"more-link\">Continue reading<span class=\"screen-reader-text\"> &#8222;ALEX BEYRODT: WEEKEND WARRIOR CD&#8220;<\/span><\/a><\/p>","protected":false},"featured_media":685,"comment_status":"closed","ping_status":"closed","template":"","meta":[],"product_brand":[],"product_cat":[60,19,16],"product_tag":[],"class_list":{"0":"post-692","1":"product","2":"type-product","3":"status-publish","4":"has-post-thumbnail","6":"product_cat-alex-beyrodt","7":"product_cat-artists","8":"product_cat-cd","9":"product_shipping_class-cds","11":"first","12":"instock","13":"taxable","14":"shipping-taxable","15":"purchasable","16":"product-type-simple"},"yoast_head":"<!-- This site is optimized with the Yoast SEO plugin v23.7 - https:\/\/yoast.com\/wordpress\/plugins\/seo\/ -->\n<title>ALEX BEYRODT: WEEKEND WARRIOR CD - A1 Records-Shop<\/title>\n<meta name=\"robots\" content=\"index, follow, max-snippet:-1, max-image-preview:large, max-video-preview:-1\" \/>\n<link rel=\"canonical\" href=\"https:\/\/shop.a1records.de\/en\/product\/alex-beyrodt-weekend-warrior-cd\/\" \/>\n<meta property=\"og:locale\" content=\"en_GB\" \/>\n<meta property=\"og:type\" content=\"article\" \/>\n<meta property=\"og:title\" content=\"ALEX BEYRODT: WEEKEND WARRIOR CD - A1 Records-Shop\" \/>\n<meta property=\"og:description\" content=\"Als Mitglied von Bands und Projekten wie Sinner, Primal Fear, Voodoo Circle, Silent Force, Rock Meets Classic, Go Music oder The New Screamers ist ALEX BEYRODT einer der meistbesch\u00e4ftigten Gitarristen der Rock\/Metal-Szene mit internationalem Renommee. Der schiere Zeitmangel d\u00fcrfte einer der Gr\u00fcnde daf\u00fcr sein, dass ALEX BEYRODT, der schon mit Alice Cooper, Glenn Hughes, Steve &hellip; Continue reading &quot;ALEX BEYRODT: WEEKEND WARRIOR CD&quot;\" \/>\n<meta property=\"og:url\" content=\"https:\/\/shop.a1records.de\/en\/product\/alex-beyrodt-weekend-warrior-cd\/\" \/>\n<meta property=\"og:site_name\" content=\"A1 Records-Shop\" \/>\n<meta property=\"article:modified_time\" content=\"2022-12-23T15:46:06+00:00\" \/>\n<meta property=\"og:image\" content=\"https:\/\/shop.a1records.de\/wp-content\/uploads\/2022\/12\/Alex_1000x1000.jpg\" \/>\n\t<meta property=\"og:image:width\" content=\"1000\" \/>\n\t<meta property=\"og:image:height\" content=\"1000\" \/>\n\t<meta property=\"og:image:type\" content=\"image\/jpeg\" \/>\n<meta name=\"twitter:card\" content=\"summary_large_image\" \/>\n<meta name=\"twitter:label1\" content=\"Estimated reading time\" \/>\n\t<meta name=\"twitter:data1\" content=\"4 minutes\" \/>\n<script type=\"application\/ld+json\" class=\"yoast-schema-graph\">{\"@context\":\"https:\/\/schema.org\",\"@graph\":[{\"@type\":\"WebPage\",\"@id\":\"https:\/\/shop.a1records.de\/produkt\/alex-beyrodt-weekend-warrior-cd\/\",\"url\":\"https:\/\/shop.a1records.de\/produkt\/alex-beyrodt-weekend-warrior-cd\/\",\"name\":\"ALEX BEYRODT: WEEKEND WARRIOR CD - A1 Records-Shop\",\"isPartOf\":{\"@id\":\"https:\/\/shop.a1records.de\/en\/#website\"},\"primaryImageOfPage\":{\"@id\":\"https:\/\/shop.a1records.de\/produkt\/alex-beyrodt-weekend-warrior-cd\/#primaryimage\"},\"image\":{\"@id\":\"https:\/\/shop.a1records.de\/produkt\/alex-beyrodt-weekend-warrior-cd\/#primaryimage\"},\"thumbnailUrl\":\"https:\/\/shop.a1records.de\/wp-content\/uploads\/2022\/12\/Alex_1000x1000.jpg\",\"datePublished\":\"2022-12-23T15:02:37+00:00\",\"dateModified\":\"2022-12-23T15:46:06+00:00\",\"breadcrumb\":{\"@id\":\"https:\/\/shop.a1records.de\/produkt\/alex-beyrodt-weekend-warrior-cd\/#breadcrumb\"},\"inLanguage\":\"en-GB\",\"potentialAction\":[{\"@type\":\"ReadAction\",\"target\":[\"https:\/\/shop.a1records.de\/produkt\/alex-beyrodt-weekend-warrior-cd\/\"]}]},{\"@type\":\"ImageObject\",\"inLanguage\":\"en-GB\",\"@id\":\"https:\/\/shop.a1records.de\/produkt\/alex-beyrodt-weekend-warrior-cd\/#primaryimage\",\"url\":\"https:\/\/shop.a1records.de\/wp-content\/uploads\/2022\/12\/Alex_1000x1000.jpg\",\"contentUrl\":\"https:\/\/shop.a1records.de\/wp-content\/uploads\/2022\/12\/Alex_1000x1000.jpg\",\"width\":1000,\"height\":1000},{\"@type\":\"BreadcrumbList\",\"@id\":\"https:\/\/shop.a1records.de\/produkt\/alex-beyrodt-weekend-warrior-cd\/#breadcrumb\",\"itemListElement\":[{\"@type\":\"ListItem\",\"position\":1,\"name\":\"Home\",\"item\":\"https:\/\/shop.a1records.de\/en\/\"},{\"@type\":\"ListItem\",\"position\":2,\"name\":\"Shop\",\"item\":\"https:\/\/shop.a1records.de\/en\/\"},{\"@type\":\"ListItem\",\"position\":3,\"name\":\"ALEX BEYRODT: WEEKEND WARRIOR CD\"}]},{\"@type\":\"WebSite\",\"@id\":\"https:\/\/shop.a1records.de\/en\/#website\",\"url\":\"https:\/\/shop.a1records.de\/en\/\",\"name\":\"A1 Records-Shop\",\"description\":\"\",\"potentialAction\":[{\"@type\":\"SearchAction\",\"target\":{\"@type\":\"EntryPoint\",\"urlTemplate\":\"https:\/\/shop.a1records.de\/en\/?s={search_term_string}\"},\"query-input\":{\"@type\":\"PropertyValueSpecification\",\"valueRequired\":true,\"valueName\":\"search_term_string\"}}],\"inLanguage\":\"en-GB\"}]}<\/script>\n<!-- \/ Yoast SEO plugin. -->","yoast_head_json":{"title":"ALEX BEYRODT: WEEKEND WARRIOR CD - A1 Records-Shop","robots":{"index":"index","follow":"follow","max-snippet":"max-snippet:-1","max-image-preview":"max-image-preview:large","max-video-preview":"max-video-preview:-1"},"canonical":"https:\/\/shop.a1records.de\/en\/product\/alex-beyrodt-weekend-warrior-cd\/","og_locale":"en_GB","og_type":"article","og_title":"ALEX BEYRODT: WEEKEND WARRIOR CD - A1 Records-Shop","og_description":"Als Mitglied von Bands und Projekten wie Sinner, Primal Fear, Voodoo Circle, Silent Force, Rock Meets Classic, Go Music oder The New Screamers ist ALEX BEYRODT einer der meistbesch\u00e4ftigten Gitarristen der Rock\/Metal-Szene mit internationalem Renommee. Der schiere Zeitmangel d\u00fcrfte einer der Gr\u00fcnde daf\u00fcr sein, dass ALEX BEYRODT, der schon mit Alice Cooper, Glenn Hughes, Steve &hellip; Continue reading \"ALEX BEYRODT: WEEKEND WARRIOR CD\"","og_url":"https:\/\/shop.a1records.de\/en\/product\/alex-beyrodt-weekend-warrior-cd\/","og_site_name":"A1 Records-Shop","article_modified_time":"2022-12-23T15:46:06+00:00","og_image":[{"width":1000,"height":1000,"url":"https:\/\/shop.a1records.de\/wp-content\/uploads\/2022\/12\/Alex_1000x1000.jpg","type":"image\/jpeg"}],"twitter_card":"summary_large_image","twitter_misc":{"Estimated reading time":"4 minutes"},"schema":{"@context":"https:\/\/schema.org","@graph":[{"@type":"WebPage","@id":"https:\/\/shop.a1records.de\/produkt\/alex-beyrodt-weekend-warrior-cd\/","url":"https:\/\/shop.a1records.de\/produkt\/alex-beyrodt-weekend-warrior-cd\/","name":"ALEX BEYRODT: WEEKEND WARRIOR CD - A1 Records-Shop","isPartOf":{"@id":"https:\/\/shop.a1records.de\/en\/#website"},"primaryImageOfPage":{"@id":"https:\/\/shop.a1records.de\/produkt\/alex-beyrodt-weekend-warrior-cd\/#primaryimage"},"image":{"@id":"https:\/\/shop.a1records.de\/produkt\/alex-beyrodt-weekend-warrior-cd\/#primaryimage"},"thumbnailUrl":"https:\/\/shop.a1records.de\/wp-content\/uploads\/2022\/12\/Alex_1000x1000.jpg","datePublished":"2022-12-23T15:02:37+00:00","dateModified":"2022-12-23T15:46:06+00:00","breadcrumb":{"@id":"https:\/\/shop.a1records.de\/produkt\/alex-beyrodt-weekend-warrior-cd\/#breadcrumb"},"inLanguage":"en-GB","potentialAction":[{"@type":"ReadAction","target":["https:\/\/shop.a1records.de\/produkt\/alex-beyrodt-weekend-warrior-cd\/"]}]},{"@type":"ImageObject","inLanguage":"en-GB","@id":"https:\/\/shop.a1records.de\/produkt\/alex-beyrodt-weekend-warrior-cd\/#primaryimage","url":"https:\/\/shop.a1records.de\/wp-content\/uploads\/2022\/12\/Alex_1000x1000.jpg","contentUrl":"https:\/\/shop.a1records.de\/wp-content\/uploads\/2022\/12\/Alex_1000x1000.jpg","width":1000,"height":1000},{"@type":"BreadcrumbList","@id":"https:\/\/shop.a1records.de\/produkt\/alex-beyrodt-weekend-warrior-cd\/#breadcrumb","itemListElement":[{"@type":"ListItem","position":1,"name":"Home","item":"https:\/\/shop.a1records.de\/en\/"},{"@type":"ListItem","position":2,"name":"Shop","item":"https:\/\/shop.a1records.de\/en\/"},{"@type":"ListItem","position":3,"name":"ALEX BEYRODT: WEEKEND WARRIOR CD"}]},{"@type":"WebSite","@id":"https:\/\/shop.a1records.de\/en\/#website","url":"https:\/\/shop.a1records.de\/en\/","name":"A1 Records-Shop","description":"","potentialAction":[{"@type":"SearchAction","target":{"@type":"EntryPoint","urlTemplate":"https:\/\/shop.a1records.de\/en\/?s={search_term_string}"},"query-input":{"@type":"PropertyValueSpecification","valueRequired":true,"valueName":"search_term_string"}}],"inLanguage":"en-GB"}]}},"_links":{"self":[{"href":"https:\/\/shop.a1records.de\/en\/wp-json\/wp\/v2\/product\/692"}],"collection":[{"href":"https:\/\/shop.a1records.de\/en\/wp-json\/wp\/v2\/product"}],"about":[{"href":"https:\/\/shop.a1records.de\/en\/wp-json\/wp\/v2\/types\/product"}],"replies":[{"embeddable":true,"href":"https:\/\/shop.a1records.de\/en\/wp-json\/wp\/v2\/comments?post=692"}],"wp:featuredmedia":[{"embeddable":true,"href":"https:\/\/shop.a1records.de\/en\/wp-json\/wp\/v2\/media\/685"}],"wp:attachment":[{"href":"https:\/\/shop.a1records.de\/en\/wp-json\/wp\/v2\/media?parent=692"}],"wp:term":[{"taxonomy":"product_brand","embeddable":true,"href":"https:\/\/shop.a1records.de\/en\/wp-json\/wp\/v2\/product_brand?post=692"},{"taxonomy":"product_cat","embeddable":true,"href":"https:\/\/shop.a1records.de\/en\/wp-json\/wp\/v2\/product_cat?post=692"},{"taxonomy":"product_tag","embeddable":true,"href":"https:\/\/shop.a1records.de\/en\/wp-json\/wp\/v2\/product_tag?post=692"}],"curies":[{"name":"wp","href":"https:\/\/api.w.org\/{rel}","templated":true}]}}