{"id":662,"date":"2021-02-17T12:11:34","date_gmt":"2021-02-17T12:11:34","guid":{"rendered":"https:\/\/shop.a1records.de\/neu\/?post_type=product&#038;p=662"},"modified":"2024-11-04T16:57:25","modified_gmt":"2024-11-04T16:57:25","slug":"six-dusty-winds-cd-2-bonus-tracks-download","status":"publish","type":"product","link":"https:\/\/shop.a1records.de\/en\/product\/six-dusty-winds-cd-2-bonus-tracks-download\/","title":{"rendered":"SIX DUSTY WINDS &#8211; CD + 2 BONUS TRACKS"},"content":{"rendered":"<p>V\u00d6 Termin 12.03.2021 &#8211; Vorbestellungen ab sofort m\u00f6glich.<\/p>\n<p><span style=\"font-family: Times New Roman, serif;\"><span style=\"color: #000000;\"><span style=\"font-family: Calibri, serif;\"><b>IVY GOLD<\/b><\/span><\/span><span style=\"color: #000000;\"><span style=\"font-family: Calibri, serif;\"> kann man ohne weiteres als Allstar-Projekt bezeichnen, denn bei vier der f\u00fcnf Bandmitglieder handelt es sich um alte Bekannte. Mastermind von <\/span><\/span><span style=\"color: #000000;\"><span style=\"font-family: Calibri, serif;\"><b>IVY GOLD<\/b><\/span><\/span><span style=\"color: #000000;\"><span style=\"font-family: Calibri, serif;\"> ist der langj\u00e4hrige Avalon-Gitarrist <\/span><\/span><span style=\"color: #000000;\"><span style=\"font-family: Calibri, serif;\"><b>Sebastian Eder<\/b><\/span><\/span><span style=\"color: #000000;\"><span style=\"font-family: Calibri, serif;\">, der mit dem US-Spitzendrummer <\/span><\/span><span style=\"color: #000000;\"><span style=\"font-family: Calibri, serif;\"><b>Tal Bergmann<\/b><\/span><\/span><span style=\"color: #000000;\"><span style=\"font-family: Calibri, serif;\"> (u.a. Joe Bonamassa, Billy Idol, Sammy Hagar, Simple Minds, Roger Daltry, Herb Albert&#8230;.), US-Bassist <\/span><\/span><span style=\"color: #000000;\"><span style=\"font-family: Calibri, serif;\"><b>Kevin Moore<\/b><\/span><\/span><span style=\"color: #000000;\"><span style=\"font-family: Calibri, serif;\"> (u.a. Jennifer Rush, The Persuaders), und Keyboarder <\/span><\/span><span style=\"color: #000000;\"><span style=\"font-family: Calibri, serif;\"><b>Anders Olinder<\/b><\/span><\/span><span style=\"color: #000000;\"><span style=\"font-family: Calibri, serif;\"> (u.a. Glenn Hughes, Peter Gabriel, Amy Winehouse) ein wahrhaft meisterliches, internationales Team an den Instrumenten am Start hat.<\/span><\/span><\/span><span style=\"color: #000000;\">\u00a0<\/span><\/p>\n<p><span style=\"font-family: Times New Roman, serif;\"><span style=\"color: #000000;\"><span style=\"font-family: Calibri, serif;\">Der absolute Mittelpunkt und Hinh\u00f6rer von <\/span><\/span><span style=\"color: #000000;\"><span style=\"font-family: Calibri, serif;\"><b>IVY GOLD<\/b><\/span><\/span><span style=\"color: #000000;\"><span style=\"font-family: Calibri, serif;\"> ist jedoch S\u00e4ngerin <\/span><\/span><span style=\"color: #000000;\"><span style=\"font-family: Calibri, serif;\"><b>Manou<\/b><\/span><\/span><span style=\"color: #000000;\"><span style=\"font-family: Calibri, serif;\">, die mit ihrer schier unfassbaren R\u00f6hre den H\u00f6rer vom ersten Ton an gefangen nimmt. Energiegeladen und doch gef\u00fchlvoll, mal rockig, mal melancholisch, gibt sie ihren Songs, die Rock-, Blues-, Funk- und Prog-Elemente zu einer genialen Mischung vereinen, eine gewaltige Stimme.\u00a0<\/span><\/span><\/span><\/p>\n<p><span style=\"color: #000000;\"><b>IVY GOLD<\/b><\/span><span style=\"color: #000000;\"> sollte man auf keinen Fall verpassen, denn hier rollt etwas Gro\u00dfes auf Euch zu! <\/span><\/p>\n<p>&nbsp;<\/p>","protected":false},"excerpt":{"rendered":"<p>V\u00d6 Termin 12.03.2021 &#8211; Vorbestellungen ab sofort m\u00f6glich. IVY GOLD kann man ohne weiteres als Allstar-Projekt bezeichnen, denn bei vier der f\u00fcnf Bandmitglieder handelt es sich um alte Bekannte. Mastermind von IVY GOLD ist der langj\u00e4hrige Avalon-Gitarrist Sebastian Eder, der mit dem US-Spitzendrummer Tal Bergmann (u.a. Joe Bonamassa, Billy Idol, Sammy Hagar, Simple Minds, Roger &hellip; <\/p>\n<p class=\"link-more\"><a href=\"https:\/\/shop.a1records.de\/en\/product\/six-dusty-winds-cd-2-bonus-tracks-download\/\" class=\"more-link\">Continue reading<span class=\"screen-reader-text\"> &#8222;SIX DUSTY WINDS &#8211; CD + 2 BONUS TRACKS&#8220;<\/span><\/a><\/p>","protected":false},"featured_media":663,"comment_status":"closed","ping_status":"closed","template":"","meta":[],"product_brand":[],"product_cat":[19,16,53],"product_tag":[],"class_list":{"0":"post-662","1":"product","2":"type-product","3":"status-publish","4":"has-post-thumbnail","6":"product_cat-artists","7":"product_cat-cd","8":"product_cat-ivy-gold","9":"product_shipping_class-cds","11":"first","12":"instock","13":"purchasable","14":"product-type-simple"},"yoast_head":"<!-- This site is optimized with the Yoast SEO plugin v23.7 - https:\/\/yoast.com\/wordpress\/plugins\/seo\/ -->\n<title>SIX DUSTY WINDS - CD + 2 BONUS TRACKS - A1 Records-Shop<\/title>\n<meta name=\"robots\" content=\"index, follow, max-snippet:-1, max-image-preview:large, max-video-preview:-1\" \/>\n<link rel=\"canonical\" href=\"https:\/\/shop.a1records.de\/en\/product\/six-dusty-winds-cd-2-bonus-tracks-download\/\" \/>\n<meta property=\"og:locale\" content=\"en_GB\" \/>\n<meta property=\"og:type\" content=\"article\" \/>\n<meta property=\"og:title\" content=\"SIX DUSTY WINDS - CD + 2 BONUS TRACKS - A1 Records-Shop\" \/>\n<meta property=\"og:description\" content=\"V\u00d6 Termin 12.03.2021 &#8211; Vorbestellungen ab sofort m\u00f6glich. IVY GOLD kann man ohne weiteres als Allstar-Projekt bezeichnen, denn bei vier der f\u00fcnf Bandmitglieder handelt es sich um alte Bekannte. Mastermind von IVY GOLD ist der langj\u00e4hrige Avalon-Gitarrist Sebastian Eder, der mit dem US-Spitzendrummer Tal Bergmann (u.a. Joe Bonamassa, Billy Idol, Sammy Hagar, Simple Minds, Roger &hellip; Continue reading &quot;SIX DUSTY WINDS &#8211; CD + 2 BONUS TRACKS&quot;\" \/>\n<meta property=\"og:url\" content=\"https:\/\/shop.a1records.de\/en\/product\/six-dusty-winds-cd-2-bonus-tracks-download\/\" \/>\n<meta property=\"og:site_name\" content=\"A1 Records-Shop\" \/>\n<meta property=\"article:modified_time\" content=\"2024-11-04T16:57:25+00:00\" \/>\n<meta property=\"og:image\" content=\"https:\/\/shop.a1records.de\/wp-content\/uploads\/2021\/02\/SixDustyWinds_album.jpg\" \/>\n\t<meta property=\"og:image:width\" content=\"1500\" \/>\n\t<meta property=\"og:image:height\" content=\"1500\" \/>\n\t<meta property=\"og:image:type\" content=\"image\/jpeg\" \/>\n<meta name=\"twitter:card\" content=\"summary_large_image\" \/>\n<meta name=\"twitter:label1\" content=\"Estimated reading time\" \/>\n\t<meta name=\"twitter:data1\" content=\"2 minutes\" \/>\n<script type=\"application\/ld+json\" class=\"yoast-schema-graph\">{\"@context\":\"https:\/\/schema.org\",\"@graph\":[{\"@type\":\"WebPage\",\"@id\":\"https:\/\/shop.a1records.de\/produkt\/six-dusty-winds-cd-2-bonus-tracks-download\/\",\"url\":\"https:\/\/shop.a1records.de\/produkt\/six-dusty-winds-cd-2-bonus-tracks-download\/\",\"name\":\"SIX DUSTY WINDS - CD + 2 BONUS TRACKS - A1 Records-Shop\",\"isPartOf\":{\"@id\":\"https:\/\/shop.a1records.de\/en\/#website\"},\"primaryImageOfPage\":{\"@id\":\"https:\/\/shop.a1records.de\/produkt\/six-dusty-winds-cd-2-bonus-tracks-download\/#primaryimage\"},\"image\":{\"@id\":\"https:\/\/shop.a1records.de\/produkt\/six-dusty-winds-cd-2-bonus-tracks-download\/#primaryimage\"},\"thumbnailUrl\":\"https:\/\/shop.a1records.de\/wp-content\/uploads\/2021\/02\/SixDustyWinds_album.jpg\",\"datePublished\":\"2021-02-17T12:11:34+00:00\",\"dateModified\":\"2024-11-04T16:57:25+00:00\",\"breadcrumb\":{\"@id\":\"https:\/\/shop.a1records.de\/produkt\/six-dusty-winds-cd-2-bonus-tracks-download\/#breadcrumb\"},\"inLanguage\":\"en-GB\",\"potentialAction\":[{\"@type\":\"ReadAction\",\"target\":[\"https:\/\/shop.a1records.de\/produkt\/six-dusty-winds-cd-2-bonus-tracks-download\/\"]}]},{\"@type\":\"ImageObject\",\"inLanguage\":\"en-GB\",\"@id\":\"https:\/\/shop.a1records.de\/produkt\/six-dusty-winds-cd-2-bonus-tracks-download\/#primaryimage\",\"url\":\"https:\/\/shop.a1records.de\/wp-content\/uploads\/2021\/02\/SixDustyWinds_album.jpg\",\"contentUrl\":\"https:\/\/shop.a1records.de\/wp-content\/uploads\/2021\/02\/SixDustyWinds_album.jpg\",\"width\":1500,\"height\":1500},{\"@type\":\"BreadcrumbList\",\"@id\":\"https:\/\/shop.a1records.de\/produkt\/six-dusty-winds-cd-2-bonus-tracks-download\/#breadcrumb\",\"itemListElement\":[{\"@type\":\"ListItem\",\"position\":1,\"name\":\"Home\",\"item\":\"https:\/\/shop.a1records.de\/en\/\"},{\"@type\":\"ListItem\",\"position\":2,\"name\":\"Shop\",\"item\":\"https:\/\/shop.a1records.de\/en\/\"},{\"@type\":\"ListItem\",\"position\":3,\"name\":\"SIX DUSTY WINDS &#8211; CD + 2 BONUS TRACKS\"}]},{\"@type\":\"WebSite\",\"@id\":\"https:\/\/shop.a1records.de\/en\/#website\",\"url\":\"https:\/\/shop.a1records.de\/en\/\",\"name\":\"A1 Records-Shop\",\"description\":\"\",\"potentialAction\":[{\"@type\":\"SearchAction\",\"target\":{\"@type\":\"EntryPoint\",\"urlTemplate\":\"https:\/\/shop.a1records.de\/en\/?s={search_term_string}\"},\"query-input\":{\"@type\":\"PropertyValueSpecification\",\"valueRequired\":true,\"valueName\":\"search_term_string\"}}],\"inLanguage\":\"en-GB\"}]}<\/script>\n<!-- \/ Yoast SEO plugin. -->","yoast_head_json":{"title":"SIX DUSTY WINDS - CD + 2 BONUS TRACKS - A1 Records-Shop","robots":{"index":"index","follow":"follow","max-snippet":"max-snippet:-1","max-image-preview":"max-image-preview:large","max-video-preview":"max-video-preview:-1"},"canonical":"https:\/\/shop.a1records.de\/en\/product\/six-dusty-winds-cd-2-bonus-tracks-download\/","og_locale":"en_GB","og_type":"article","og_title":"SIX DUSTY WINDS - CD + 2 BONUS TRACKS - A1 Records-Shop","og_description":"V\u00d6 Termin 12.03.2021 &#8211; Vorbestellungen ab sofort m\u00f6glich. IVY GOLD kann man ohne weiteres als Allstar-Projekt bezeichnen, denn bei vier der f\u00fcnf Bandmitglieder handelt es sich um alte Bekannte. Mastermind von IVY GOLD ist der langj\u00e4hrige Avalon-Gitarrist Sebastian Eder, der mit dem US-Spitzendrummer Tal Bergmann (u.a. Joe Bonamassa, Billy Idol, Sammy Hagar, Simple Minds, Roger &hellip; Continue reading \"SIX DUSTY WINDS &#8211; CD + 2 BONUS TRACKS\"","og_url":"https:\/\/shop.a1records.de\/en\/product\/six-dusty-winds-cd-2-bonus-tracks-download\/","og_site_name":"A1 Records-Shop","article_modified_time":"2024-11-04T16:57:25+00:00","og_image":[{"width":1500,"height":1500,"url":"https:\/\/shop.a1records.de\/wp-content\/uploads\/2021\/02\/SixDustyWinds_album.jpg","type":"image\/jpeg"}],"twitter_card":"summary_large_image","twitter_misc":{"Estimated reading time":"2 minutes"},"schema":{"@context":"https:\/\/schema.org","@graph":[{"@type":"WebPage","@id":"https:\/\/shop.a1records.de\/produkt\/six-dusty-winds-cd-2-bonus-tracks-download\/","url":"https:\/\/shop.a1records.de\/produkt\/six-dusty-winds-cd-2-bonus-tracks-download\/","name":"SIX DUSTY WINDS - CD + 2 BONUS TRACKS - A1 Records-Shop","isPartOf":{"@id":"https:\/\/shop.a1records.de\/en\/#website"},"primaryImageOfPage":{"@id":"https:\/\/shop.a1records.de\/produkt\/six-dusty-winds-cd-2-bonus-tracks-download\/#primaryimage"},"image":{"@id":"https:\/\/shop.a1records.de\/produkt\/six-dusty-winds-cd-2-bonus-tracks-download\/#primaryimage"},"thumbnailUrl":"https:\/\/shop.a1records.de\/wp-content\/uploads\/2021\/02\/SixDustyWinds_album.jpg","datePublished":"2021-02-17T12:11:34+00:00","dateModified":"2024-11-04T16:57:25+00:00","breadcrumb":{"@id":"https:\/\/shop.a1records.de\/produkt\/six-dusty-winds-cd-2-bonus-tracks-download\/#breadcrumb"},"inLanguage":"en-GB","potentialAction":[{"@type":"ReadAction","target":["https:\/\/shop.a1records.de\/produkt\/six-dusty-winds-cd-2-bonus-tracks-download\/"]}]},{"@type":"ImageObject","inLanguage":"en-GB","@id":"https:\/\/shop.a1records.de\/produkt\/six-dusty-winds-cd-2-bonus-tracks-download\/#primaryimage","url":"https:\/\/shop.a1records.de\/wp-content\/uploads\/2021\/02\/SixDustyWinds_album.jpg","contentUrl":"https:\/\/shop.a1records.de\/wp-content\/uploads\/2021\/02\/SixDustyWinds_album.jpg","width":1500,"height":1500},{"@type":"BreadcrumbList","@id":"https:\/\/shop.a1records.de\/produkt\/six-dusty-winds-cd-2-bonus-tracks-download\/#breadcrumb","itemListElement":[{"@type":"ListItem","position":1,"name":"Home","item":"https:\/\/shop.a1records.de\/en\/"},{"@type":"ListItem","position":2,"name":"Shop","item":"https:\/\/shop.a1records.de\/en\/"},{"@type":"ListItem","position":3,"name":"SIX DUSTY WINDS &#8211; CD + 2 BONUS TRACKS"}]},{"@type":"WebSite","@id":"https:\/\/shop.a1records.de\/en\/#website","url":"https:\/\/shop.a1records.de\/en\/","name":"A1 Records-Shop","description":"","potentialAction":[{"@type":"SearchAction","target":{"@type":"EntryPoint","urlTemplate":"https:\/\/shop.a1records.de\/en\/?s={search_term_string}"},"query-input":{"@type":"PropertyValueSpecification","valueRequired":true,"valueName":"search_term_string"}}],"inLanguage":"en-GB"}]}},"_links":{"self":[{"href":"https:\/\/shop.a1records.de\/en\/wp-json\/wp\/v2\/product\/662"}],"collection":[{"href":"https:\/\/shop.a1records.de\/en\/wp-json\/wp\/v2\/product"}],"about":[{"href":"https:\/\/shop.a1records.de\/en\/wp-json\/wp\/v2\/types\/product"}],"replies":[{"embeddable":true,"href":"https:\/\/shop.a1records.de\/en\/wp-json\/wp\/v2\/comments?post=662"}],"wp:featuredmedia":[{"embeddable":true,"href":"https:\/\/shop.a1records.de\/en\/wp-json\/wp\/v2\/media\/663"}],"wp:attachment":[{"href":"https:\/\/shop.a1records.de\/en\/wp-json\/wp\/v2\/media?parent=662"}],"wp:term":[{"taxonomy":"product_brand","embeddable":true,"href":"https:\/\/shop.a1records.de\/en\/wp-json\/wp\/v2\/product_brand?post=662"},{"taxonomy":"product_cat","embeddable":true,"href":"https:\/\/shop.a1records.de\/en\/wp-json\/wp\/v2\/product_cat?post=662"},{"taxonomy":"product_tag","embeddable":true,"href":"https:\/\/shop.a1records.de\/en\/wp-json\/wp\/v2\/product_tag?post=662"}],"curies":[{"name":"wp","href":"https:\/\/api.w.org\/{rel}","templated":true}]}}