{"id":492,"date":"2020-09-18T16:10:20","date_gmt":"2020-09-18T16:10:20","guid":{"rendered":"https:\/\/shop.a1records.de\/neu\/?post_type=product&#038;p=492"},"modified":"2020-09-18T16:24:48","modified_gmt":"2020-09-18T16:24:48","slug":"true-colours-download","status":"publish","type":"product","link":"https:\/\/shop.a1records.de\/en\/product\/true-colours-download\/","title":{"rendered":"TRUE COLOURS &#8211; DOWNLOAD"},"content":{"rendered":"<p>V\u00d6 Termin: 02.10.2020 &#8211; Vorbestellung m\u00f6glich, Download Code wird am wird 02.10.2020 zugestellt.<\/p>\n<p>Das brandneue Studioalbum des finnischen Ausnahmegitarristen BEN GRANFELT \u00fcberzeugt mit hochkar\u00e4tigem Blues- \/ Classic-Rock. Feat. BRYN JONES (LOS BASTARDOS FINLANDESES). \u2018True Colours\u2019 erscheint als CD sowie im Vinyl-Format auf A1 RECORDS. Der finnische Gitarrist BEN GRANFELT z\u00e4hlt seit mehr als drei\u00dfig Jahren zu den virtuosesten und international gefragtesten Vertretern seiner Zunft. Seine Karriere startete der in Helsinki geborene Musiker Mitte der Achtziger Jahre in der Band GRINGOS LOCOS, bevor er sp\u00e4ter mit den LENINGRAD COWBOYS, WISHBONE ASH und der finnischen Rock\u2018n\u2018Roll-Sensation Los Bastardos FINLANDESE zu internationalem Ruhm gelangte. Dar\u00fcber hinaus widmet sich der Saitenvirtuose, der bis heute auf 38 Alben zu h\u00f6ren ist und der 1997 f\u00fcr seinen Song \u2018Slapshot\u2019 mit dem Golden Emma Guitar Award ausgezeichnet wurde, zudem h\u00f6chst erfolgreich seiner Solokarriere. Jetzt legt GRANFELT mit \u2018True Colours\u2019 (s)ein brandneues (achtzehntes) Album vor, auf dem er mittels virtuosem Saitenspiel und exzellentem Songwriting erneut seine Stellung als Ausnahmemusiker eindrucksvoll unter Beweis stellt. Gemeinsam mit seiner Band, bestehend aus Keyboarder MIIKA AUKIO, Bassist MASA MAIJANEN sowie dem Schlagzeuger JARI SALMINEN, wartet er dabei mit h\u00f6chst atmosph\u00e4rischem, mit Blues-Elementen angereichertem Classic Rock auf, von dessen Qualit\u00e4ten man sich zudem ab Oktober (hoffentlich) auch live \u00fcberzeugen kann. Gesangliche Unterst\u00fctzung erhielt er auf den beiden Songs \u2018Love Or Nothing\u2019 und \u2018Down For The Count\u2019 zudem von BRYN JONES von den LOS BASTARDOS FINLANDESES.<\/p>","protected":false},"excerpt":{"rendered":"<p>V\u00d6 Termin: 02.10.2020 &#8211; Vorbestellung m\u00f6glich, Download Code wird am wird 02.10.2020 zugestellt. Das brandneue Studioalbum des finnischen Ausnahmegitarristen BEN GRANFELT \u00fcberzeugt mit hochkar\u00e4tigem Blues- \/ Classic-Rock. Feat. BRYN JONES (LOS BASTARDOS FINLANDESES). \u2018True Colours\u2019 erscheint als CD sowie im Vinyl-Format auf A1 RECORDS. Der finnische Gitarrist BEN GRANFELT z\u00e4hlt seit mehr als drei\u00dfig Jahren &hellip; <\/p>\n<p class=\"link-more\"><a href=\"https:\/\/shop.a1records.de\/en\/product\/true-colours-download\/\" class=\"more-link\">Continue reading<span class=\"screen-reader-text\"> &#8222;TRUE COLOURS &#8211; DOWNLOAD&#8220;<\/span><\/a><\/p>","protected":false},"featured_media":490,"comment_status":"closed","ping_status":"closed","template":"","meta":[],"product_brand":[],"product_cat":[19,20,51],"product_tag":[],"class_list":{"0":"post-492","1":"product","2":"type-product","3":"status-publish","4":"has-post-thumbnail","6":"product_cat-artists","7":"product_cat-ben-granfelt","8":"product_cat-download","9":"product_shipping_class-downloads","11":"first","12":"instock","13":"taxable","14":"shipping-taxable","15":"purchasable","16":"product-type-simple"},"yoast_head":"<!-- This site is optimized with the Yoast SEO plugin v23.7 - https:\/\/yoast.com\/wordpress\/plugins\/seo\/ -->\n<title>TRUE COLOURS - DOWNLOAD - A1 Records-Shop<\/title>\n<meta name=\"robots\" content=\"index, follow, max-snippet:-1, max-image-preview:large, max-video-preview:-1\" \/>\n<link rel=\"canonical\" href=\"https:\/\/shop.a1records.de\/en\/product\/true-colours-download\/\" \/>\n<meta property=\"og:locale\" content=\"en_GB\" \/>\n<meta property=\"og:type\" content=\"article\" \/>\n<meta property=\"og:title\" content=\"TRUE COLOURS - DOWNLOAD - A1 Records-Shop\" \/>\n<meta property=\"og:description\" content=\"V\u00d6 Termin: 02.10.2020 &#8211; Vorbestellung m\u00f6glich, Download Code wird am wird 02.10.2020 zugestellt. Das brandneue Studioalbum des finnischen Ausnahmegitarristen BEN GRANFELT \u00fcberzeugt mit hochkar\u00e4tigem Blues- \/ Classic-Rock. Feat. BRYN JONES (LOS BASTARDOS FINLANDESES). \u2018True Colours\u2019 erscheint als CD sowie im Vinyl-Format auf A1 RECORDS. Der finnische Gitarrist BEN GRANFELT z\u00e4hlt seit mehr als drei\u00dfig Jahren &hellip; Continue reading &quot;TRUE COLOURS &#8211; DOWNLOAD&quot;\" \/>\n<meta property=\"og:url\" content=\"https:\/\/shop.a1records.de\/en\/product\/true-colours-download\/\" \/>\n<meta property=\"og:site_name\" content=\"A1 Records-Shop\" \/>\n<meta property=\"article:modified_time\" content=\"2020-09-18T16:24:48+00:00\" \/>\n<meta property=\"og:image\" content=\"https:\/\/shop.a1records.de\/wp-content\/uploads\/2020\/09\/Digipak1.jpg\" \/>\n\t<meta property=\"og:image:width\" content=\"1680\" \/>\n\t<meta property=\"og:image:height\" content=\"1465\" \/>\n\t<meta property=\"og:image:type\" content=\"image\/jpeg\" \/>\n<meta name=\"twitter:card\" content=\"summary_large_image\" \/>\n<meta name=\"twitter:label1\" content=\"Estimated reading time\" \/>\n\t<meta name=\"twitter:data1\" content=\"1 minute\" \/>\n<script type=\"application\/ld+json\" class=\"yoast-schema-graph\">{\"@context\":\"https:\/\/schema.org\",\"@graph\":[{\"@type\":\"WebPage\",\"@id\":\"https:\/\/shop.a1records.de\/produkt\/true-colours-download\/\",\"url\":\"https:\/\/shop.a1records.de\/produkt\/true-colours-download\/\",\"name\":\"TRUE COLOURS - DOWNLOAD - A1 Records-Shop\",\"isPartOf\":{\"@id\":\"https:\/\/shop.a1records.de\/en\/#website\"},\"primaryImageOfPage\":{\"@id\":\"https:\/\/shop.a1records.de\/produkt\/true-colours-download\/#primaryimage\"},\"image\":{\"@id\":\"https:\/\/shop.a1records.de\/produkt\/true-colours-download\/#primaryimage\"},\"thumbnailUrl\":\"https:\/\/shop.a1records.de\/wp-content\/uploads\/2020\/09\/Digipak1.jpg\",\"datePublished\":\"2020-09-18T16:10:20+00:00\",\"dateModified\":\"2020-09-18T16:24:48+00:00\",\"breadcrumb\":{\"@id\":\"https:\/\/shop.a1records.de\/produkt\/true-colours-download\/#breadcrumb\"},\"inLanguage\":\"en-GB\",\"potentialAction\":[{\"@type\":\"ReadAction\",\"target\":[\"https:\/\/shop.a1records.de\/produkt\/true-colours-download\/\"]}]},{\"@type\":\"ImageObject\",\"inLanguage\":\"en-GB\",\"@id\":\"https:\/\/shop.a1records.de\/produkt\/true-colours-download\/#primaryimage\",\"url\":\"https:\/\/shop.a1records.de\/wp-content\/uploads\/2020\/09\/Digipak1.jpg\",\"contentUrl\":\"https:\/\/shop.a1records.de\/wp-content\/uploads\/2020\/09\/Digipak1.jpg\",\"width\":1680,\"height\":1465},{\"@type\":\"BreadcrumbList\",\"@id\":\"https:\/\/shop.a1records.de\/produkt\/true-colours-download\/#breadcrumb\",\"itemListElement\":[{\"@type\":\"ListItem\",\"position\":1,\"name\":\"Home\",\"item\":\"https:\/\/shop.a1records.de\/en\/\"},{\"@type\":\"ListItem\",\"position\":2,\"name\":\"Shop\",\"item\":\"https:\/\/shop.a1records.de\/en\/\"},{\"@type\":\"ListItem\",\"position\":3,\"name\":\"TRUE COLOURS &#8211; DOWNLOAD\"}]},{\"@type\":\"WebSite\",\"@id\":\"https:\/\/shop.a1records.de\/en\/#website\",\"url\":\"https:\/\/shop.a1records.de\/en\/\",\"name\":\"A1 Records-Shop\",\"description\":\"\",\"potentialAction\":[{\"@type\":\"SearchAction\",\"target\":{\"@type\":\"EntryPoint\",\"urlTemplate\":\"https:\/\/shop.a1records.de\/en\/?s={search_term_string}\"},\"query-input\":{\"@type\":\"PropertyValueSpecification\",\"valueRequired\":true,\"valueName\":\"search_term_string\"}}],\"inLanguage\":\"en-GB\"}]}<\/script>\n<!-- \/ Yoast SEO plugin. -->","yoast_head_json":{"title":"TRUE COLOURS - DOWNLOAD - A1 Records-Shop","robots":{"index":"index","follow":"follow","max-snippet":"max-snippet:-1","max-image-preview":"max-image-preview:large","max-video-preview":"max-video-preview:-1"},"canonical":"https:\/\/shop.a1records.de\/en\/product\/true-colours-download\/","og_locale":"en_GB","og_type":"article","og_title":"TRUE COLOURS - DOWNLOAD - A1 Records-Shop","og_description":"V\u00d6 Termin: 02.10.2020 &#8211; Vorbestellung m\u00f6glich, Download Code wird am wird 02.10.2020 zugestellt. Das brandneue Studioalbum des finnischen Ausnahmegitarristen BEN GRANFELT \u00fcberzeugt mit hochkar\u00e4tigem Blues- \/ Classic-Rock. Feat. BRYN JONES (LOS BASTARDOS FINLANDESES). \u2018True Colours\u2019 erscheint als CD sowie im Vinyl-Format auf A1 RECORDS. Der finnische Gitarrist BEN GRANFELT z\u00e4hlt seit mehr als drei\u00dfig Jahren &hellip; Continue reading \"TRUE COLOURS &#8211; DOWNLOAD\"","og_url":"https:\/\/shop.a1records.de\/en\/product\/true-colours-download\/","og_site_name":"A1 Records-Shop","article_modified_time":"2020-09-18T16:24:48+00:00","og_image":[{"width":1680,"height":1465,"url":"https:\/\/shop.a1records.de\/wp-content\/uploads\/2020\/09\/Digipak1.jpg","type":"image\/jpeg"}],"twitter_card":"summary_large_image","twitter_misc":{"Estimated reading time":"1 minute"},"schema":{"@context":"https:\/\/schema.org","@graph":[{"@type":"WebPage","@id":"https:\/\/shop.a1records.de\/produkt\/true-colours-download\/","url":"https:\/\/shop.a1records.de\/produkt\/true-colours-download\/","name":"TRUE COLOURS - DOWNLOAD - A1 Records-Shop","isPartOf":{"@id":"https:\/\/shop.a1records.de\/en\/#website"},"primaryImageOfPage":{"@id":"https:\/\/shop.a1records.de\/produkt\/true-colours-download\/#primaryimage"},"image":{"@id":"https:\/\/shop.a1records.de\/produkt\/true-colours-download\/#primaryimage"},"thumbnailUrl":"https:\/\/shop.a1records.de\/wp-content\/uploads\/2020\/09\/Digipak1.jpg","datePublished":"2020-09-18T16:10:20+00:00","dateModified":"2020-09-18T16:24:48+00:00","breadcrumb":{"@id":"https:\/\/shop.a1records.de\/produkt\/true-colours-download\/#breadcrumb"},"inLanguage":"en-GB","potentialAction":[{"@type":"ReadAction","target":["https:\/\/shop.a1records.de\/produkt\/true-colours-download\/"]}]},{"@type":"ImageObject","inLanguage":"en-GB","@id":"https:\/\/shop.a1records.de\/produkt\/true-colours-download\/#primaryimage","url":"https:\/\/shop.a1records.de\/wp-content\/uploads\/2020\/09\/Digipak1.jpg","contentUrl":"https:\/\/shop.a1records.de\/wp-content\/uploads\/2020\/09\/Digipak1.jpg","width":1680,"height":1465},{"@type":"BreadcrumbList","@id":"https:\/\/shop.a1records.de\/produkt\/true-colours-download\/#breadcrumb","itemListElement":[{"@type":"ListItem","position":1,"name":"Home","item":"https:\/\/shop.a1records.de\/en\/"},{"@type":"ListItem","position":2,"name":"Shop","item":"https:\/\/shop.a1records.de\/en\/"},{"@type":"ListItem","position":3,"name":"TRUE COLOURS &#8211; DOWNLOAD"}]},{"@type":"WebSite","@id":"https:\/\/shop.a1records.de\/en\/#website","url":"https:\/\/shop.a1records.de\/en\/","name":"A1 Records-Shop","description":"","potentialAction":[{"@type":"SearchAction","target":{"@type":"EntryPoint","urlTemplate":"https:\/\/shop.a1records.de\/en\/?s={search_term_string}"},"query-input":{"@type":"PropertyValueSpecification","valueRequired":true,"valueName":"search_term_string"}}],"inLanguage":"en-GB"}]}},"_links":{"self":[{"href":"https:\/\/shop.a1records.de\/en\/wp-json\/wp\/v2\/product\/492"}],"collection":[{"href":"https:\/\/shop.a1records.de\/en\/wp-json\/wp\/v2\/product"}],"about":[{"href":"https:\/\/shop.a1records.de\/en\/wp-json\/wp\/v2\/types\/product"}],"replies":[{"embeddable":true,"href":"https:\/\/shop.a1records.de\/en\/wp-json\/wp\/v2\/comments?post=492"}],"wp:featuredmedia":[{"embeddable":true,"href":"https:\/\/shop.a1records.de\/en\/wp-json\/wp\/v2\/media\/490"}],"wp:attachment":[{"href":"https:\/\/shop.a1records.de\/en\/wp-json\/wp\/v2\/media?parent=492"}],"wp:term":[{"taxonomy":"product_brand","embeddable":true,"href":"https:\/\/shop.a1records.de\/en\/wp-json\/wp\/v2\/product_brand?post=492"},{"taxonomy":"product_cat","embeddable":true,"href":"https:\/\/shop.a1records.de\/en\/wp-json\/wp\/v2\/product_cat?post=492"},{"taxonomy":"product_tag","embeddable":true,"href":"https:\/\/shop.a1records.de\/en\/wp-json\/wp\/v2\/product_tag?post=492"}],"curies":[{"name":"wp","href":"https:\/\/api.w.org\/{rel}","templated":true}]}}