{"id":365,"date":"2020-06-10T19:46:31","date_gmt":"2020-06-10T19:46:31","guid":{"rendered":"https:\/\/shop.a1records.de\/neu\/?post_type=product&#038;p=365"},"modified":"2025-02-22T16:13:44","modified_gmt":"2025-02-22T16:13:44","slug":"hope-cd","status":"publish","type":"product","link":"https:\/\/shop.a1records.de\/en\/product\/hope-cd\/","title":{"rendered":"CORONA AKUT HILFE ALBUM &#8211; HOPE &#8211; CD"},"content":{"rendered":"<p><b>GO MUSIC CORONA AKUT HILFE Projekt &#8211; &#8222;HOPE&#8220; &#8211; DOWNLOAD<br \/>\n<\/b><\/p>\n<p>Nach dem ersten GO MUSIC CORONA AKUT HILFE Album <b>&#8222;ONE EARTH&#8220;<\/b> erscheint nun<br \/>\nmit <b>&#8222;HOPE&#8220;<\/b> der Nachfolger. Dieses Album hilft uns und euch. Uns durch die konzertlose Zeit zu man\u00f6vrieren und euch einige Songs von Mitgliedern der <b>Go Music Familie<\/b> zu Hause im Wohnzimmer in einer LIVE Atmosph\u00e4re zu erleben. <b> <\/b><\/p>\n<p>Durch den Kauf dieses Albums erhalten die Komponisten-Kollegen der <b>GO MUSIC<\/b> Familie Geld durch die GEMA-Lizenzen, die 24 Musiker, die die Songs eingespielt haben bekommen eine angemessene Beteiligung und ihr, die Fans und Freunde hangemachter und Live dargebotener Musik kommt in den Genuss einige Originalsongs in einer nie wieder zu h\u00f6renden Interpretation zu genie\u00dfen. Damit wollen wir das Warten auf das Post-Coron\u00e4re Zeitalter verk\u00fcrzen, das hoffentlich bald anbrechen wird!<\/p>\n<p>LIVE MUSIC 4 EVER!<\/p>\n<p>Bleibt gesund!<\/p>\n<p>P.S.: Aus Gr\u00fcnden der besseren Lesbarkeit habe ich ausschlie\u00dflich die m\u00e4nnliche Bezeichnung verwendet, selbstverst\u00e4ndlich sind damit jeweils sowohl M\u00e4nner als auch Frauen gemeint!<\/p>\n<p>Die 24 beteiligten Musiker in Alphabetischer Reihenfolge:<\/p>\n<p lang=\"en-GB\">Alexander Beyrodt &#8211; Guitar (Germany)<br \/>\nAmanda Somerville &#8211; Vocals (USA)<br \/>\nBen Granfelt &#8211; Vocals Guitar (Finland)<br \/>\nBene Neuner &#8211; Drums (Germany)<br \/>\nBenni Bilgeri &#8211; Guitar, BV (Austria)<br \/>\nBerni Bovens &#8211; Drums (Niederlande)<br \/>\nBo Heart &#8211; Vocals, Keyboards (Germany)<br \/>\nDieter Steinmann &#8211; Drums (Germany)<br \/>\nFrancesco Marras &#8211; Guitar (Sardinia)<br \/>\nGee K &#8211; Vocals, Guitar (Greece)<br \/>\nGerd Sagem\u00fcller &#8211; Drums (Germany)<br \/>\nGregor Hilden &#8211; Guitar (Germany)<br \/>\nJoerg Dudys &#8211; Guitar (Germany)<br \/>\nMaggie Mackenthun &#8211; Vocals, Harp (Germany)<br \/>\nManni von Bohr &#8211; Drums (Germany)<br \/>\nMartin Engelien &#8211; Bass, BV (Germany)<br \/>\nMartin Gerschwitz &#8211; Vocals, Keyboards (California)<br \/>\nMuddy Manninen &#8211; Guitar, BV (UK)<br \/>\nThomas Hufschmidt &#8211; Keyboards (Germany)<br \/>\nThomas Lieven &#8211; Drums (Germany)<br \/>\nThomas Nowack &#8211; Piano (Germany)<br \/>\nVanesa Harbek &#8211; Vocals, Guitar (Argentina)<br \/>\nVanja Sky &#8211; Vocals, Guitar (Kroatia)<br \/>\nWolf Simon &#8211; Drums (Germany)<\/p>\n<p>10 Songs:<br \/>\n1. The Roots &#8211; Reprise (M: Doris Engel-Engelien; Martin Engelien; Martin Gerschwitz) 02:59<br \/>\nMuddy Manninen &#8211; Guitar; Martin Gerschwitz &#8211; Keyboards; Berni Bovens &#8211; Drums; Martin Engelien &#8211; Bass<br \/>\n14.06.2019 &#8211; Essen, Grend<\/p>\n<p>2. Don&#8217;t Forget (M: Martin Engelien; Joerg Dudys; Ingeborg Sagem\u00fcller; Gerd Sagem\u00fcller T: Ingeborg Sagem\u00fcller; Gerd Sagem\u00fcller) 07:04<br \/>\nMaggie Mackenthun &#8211; Vocals, Harp; Joerg Dudys &#8211; Guitar; Gerd Sagem\u00fcller &#8211; Drums; Martin Engelien &#8211; Bass<br \/>\n04.12.2012 &#8211; Oberhausen, Gdanska<\/p>\n<p>3. Sweet Lil Desert Rose (M: Benni Bilgeri ; T: Ina Wolf) 08:04<br \/>\nGee-K &#8211; Vocals, Guitar; Benni Bilgeri &#8211; Guitar, BV; Dieter Steinmann &#8211; Drums; Martin Engelien &#8211; Bass, BV 10.12.2015 &#8211; Ibbenb\u00fcren, Lokomotive<\/p>\n<p>4. Wayward Child (M: Ben Granfelt; T: Jasmien Wynants-Granfelt) 06:49<br \/>\nBen Granfelt &#8211; Vocals, Guitar; Muddy Manninen &#8211; Guitar, BV; Thomas Lieven &#8211; Drums; Martin Engelien &#8211; Bass, BV<br \/>\n09.11.2018 &#8211; Essen, Grend<\/p>\n<p>5. Best Of Both Worlds (M&amp;T: Beau Heart) 06:55<br \/>\nBo Heart &#8211; Vocals, Keyboards; Benni Bilgeri &#8211; Guitar; Wolf Simon &#8211; Drums; Martin Engelien &#8211; Bass, BV<br \/>\n02.10.2011 &#8211; Neuss, Okie Dokie<\/p>\n<p>6. En El Abismo (M&amp;T: Vanesa Harbek\/Lukasz Gorczyca) 07:34<br \/>\nVanesa Harbek &#8211; Vocals, Guitar; Thomas Hufschmidt &#8211; Piano; Manni von Bohr &#8211; Drums; Martin Engelien &#8211; Bass<br \/>\n09.03.2020 &#8211; Kempen, Falko<\/p>\n<p>7. Don&#8217;t Forget To Rock and Roll (M&amp;T: Vanja Krbavcic) 06:04<br \/>\nVanja Sky &#8211; Vocals, Guitar; Francesco Marras &#8211; Guitar, BV; Bene Neuner &#8211; Drums; Martin Engelien &#8211; Bass, BV<br \/>\n10.01.2020 &#8211; Werdohl, Alt Werdohl<\/p>\n<p>8. Golden Voice Blues (M: Gregor Hilden) 11:45<br \/>\nGregor Hilden &#8211; Guitar; Thomas Nowack &#8211; Piano; Bene Neuner &#8211; Drums, Martin Engelien &#8211; Bass<br \/>\n11.01.2012 &#8211; Kempen, Stradivari<\/p>\n<p>9. Point Of Safe Return (M&amp;T: Amanda Somerville) 07:54<br \/>\nAmanda Somerville &#8211; Vocals; Alexander Beyrodt &#8211; Guitar; Berni Bovens Drums; Martin Engelien &#8211; Bass<br \/>\n09.09.2012 &#8211; Dinslaken, ConGaz<\/p>\n<p>10. Emotions (M&amp;T: Martin Gerschwitz) 08:50<br \/>\nMartin Gerschwitz &#8211; Vocals, Keyboards; Muddy Manninen &#8211; Guitar; Berni Bovens &#8211; Drums; Martin Engelien &#8211; Bass<br \/>\n15.06.2019 &#8211; M\u00f6nchengaldbach, Messajero<\/p>","protected":false},"excerpt":{"rendered":"<p>GO MUSIC CORONA AKUT HILFE Projekt &#8211; &#8222;HOPE&#8220; &#8211; DOWNLOAD Nach dem ersten GO MUSIC CORONA AKUT HILFE Album &#8222;ONE EARTH&#8220; erscheint nun mit &#8222;HOPE&#8220; der Nachfolger. Dieses Album hilft uns und euch. Uns durch die konzertlose Zeit zu man\u00f6vrieren und euch einige Songs von Mitgliedern der Go Music Familie zu Hause im Wohnzimmer in &hellip; <\/p>\n<p class=\"link-more\"><a href=\"https:\/\/shop.a1records.de\/en\/product\/hope-cd\/\" class=\"more-link\">Continue reading<span class=\"screen-reader-text\"> &#8222;CORONA AKUT HILFE ALBUM &#8211; HOPE &#8211; CD&#8220;<\/span><\/a><\/p>","protected":false},"featured_media":366,"comment_status":"closed","ping_status":"closed","template":"","meta":[],"product_brand":[],"product_cat":[60,19,20,51,50,39],"product_tag":[],"class_list":{"0":"post-365","1":"product","2":"type-product","3":"status-publish","4":"has-post-thumbnail","6":"product_cat-alex-beyrodt","7":"product_cat-artists","8":"product_cat-ben-granfelt","9":"product_cat-download","10":"product_cat-go-music","11":"product_cat-martin-engelien","12":"product_shipping_class-cds","14":"first","15":"instock","16":"taxable","17":"shipping-taxable","18":"purchasable","19":"product-type-simple"},"yoast_head":"<!-- This site is optimized with the Yoast SEO plugin v23.7 - https:\/\/yoast.com\/wordpress\/plugins\/seo\/ -->\n<title>CORONA AKUT HILFE ALBUM - HOPE - CD - A1 Records-Shop<\/title>\n<meta name=\"robots\" content=\"index, follow, max-snippet:-1, max-image-preview:large, max-video-preview:-1\" \/>\n<link rel=\"canonical\" href=\"https:\/\/shop.a1records.de\/en\/product\/hope-cd\/\" \/>\n<meta property=\"og:locale\" content=\"en_GB\" \/>\n<meta property=\"og:type\" content=\"article\" \/>\n<meta property=\"og:title\" content=\"CORONA AKUT HILFE ALBUM - HOPE - CD - A1 Records-Shop\" \/>\n<meta property=\"og:description\" content=\"GO MUSIC CORONA AKUT HILFE Projekt &#8211; &#8222;HOPE&#8220; &#8211; DOWNLOAD Nach dem ersten GO MUSIC CORONA AKUT HILFE Album &#8222;ONE EARTH&#8220; erscheint nun mit &#8222;HOPE&#8220; der Nachfolger. Dieses Album hilft uns und euch. Uns durch die konzertlose Zeit zu man\u00f6vrieren und euch einige Songs von Mitgliedern der Go Music Familie zu Hause im Wohnzimmer in &hellip; Continue reading &quot;CORONA AKUT HILFE ALBUM &#8211; HOPE &#8211; CD&quot;\" \/>\n<meta property=\"og:url\" content=\"https:\/\/shop.a1records.de\/en\/product\/hope-cd\/\" \/>\n<meta property=\"og:site_name\" content=\"A1 Records-Shop\" \/>\n<meta property=\"article:modified_time\" content=\"2025-02-22T16:13:44+00:00\" \/>\n<meta property=\"og:image\" content=\"https:\/\/shop.a1records.de\/wp-content\/uploads\/2020\/06\/rgb_front_hope-1024x938.jpg\" \/>\n\t<meta property=\"og:image:width\" content=\"1024\" \/>\n\t<meta property=\"og:image:height\" content=\"938\" \/>\n\t<meta property=\"og:image:type\" content=\"image\/jpeg\" \/>\n<meta name=\"twitter:card\" content=\"summary_large_image\" \/>\n<meta name=\"twitter:label1\" content=\"Estimated reading time\" \/>\n\t<meta name=\"twitter:data1\" content=\"4 minutes\" \/>\n<script type=\"application\/ld+json\" class=\"yoast-schema-graph\">{\"@context\":\"https:\/\/schema.org\",\"@graph\":[{\"@type\":\"WebPage\",\"@id\":\"https:\/\/shop.a1records.de\/produkt\/hope-cd\/\",\"url\":\"https:\/\/shop.a1records.de\/produkt\/hope-cd\/\",\"name\":\"CORONA AKUT HILFE ALBUM - HOPE - CD - A1 Records-Shop\",\"isPartOf\":{\"@id\":\"https:\/\/shop.a1records.de\/en\/#website\"},\"primaryImageOfPage\":{\"@id\":\"https:\/\/shop.a1records.de\/produkt\/hope-cd\/#primaryimage\"},\"image\":{\"@id\":\"https:\/\/shop.a1records.de\/produkt\/hope-cd\/#primaryimage\"},\"thumbnailUrl\":\"https:\/\/shop.a1records.de\/wp-content\/uploads\/2020\/06\/rgb_front_hope.jpg\",\"datePublished\":\"2020-06-10T19:46:31+00:00\",\"dateModified\":\"2025-02-22T16:13:44+00:00\",\"breadcrumb\":{\"@id\":\"https:\/\/shop.a1records.de\/produkt\/hope-cd\/#breadcrumb\"},\"inLanguage\":\"en-GB\",\"potentialAction\":[{\"@type\":\"ReadAction\",\"target\":[\"https:\/\/shop.a1records.de\/produkt\/hope-cd\/\"]}]},{\"@type\":\"ImageObject\",\"inLanguage\":\"en-GB\",\"@id\":\"https:\/\/shop.a1records.de\/produkt\/hope-cd\/#primaryimage\",\"url\":\"https:\/\/shop.a1records.de\/wp-content\/uploads\/2020\/06\/rgb_front_hope.jpg\",\"contentUrl\":\"https:\/\/shop.a1records.de\/wp-content\/uploads\/2020\/06\/rgb_front_hope.jpg\",\"width\":1500,\"height\":1374},{\"@type\":\"BreadcrumbList\",\"@id\":\"https:\/\/shop.a1records.de\/produkt\/hope-cd\/#breadcrumb\",\"itemListElement\":[{\"@type\":\"ListItem\",\"position\":1,\"name\":\"Home\",\"item\":\"https:\/\/shop.a1records.de\/en\/\"},{\"@type\":\"ListItem\",\"position\":2,\"name\":\"Shop\",\"item\":\"https:\/\/shop.a1records.de\/en\/\"},{\"@type\":\"ListItem\",\"position\":3,\"name\":\"CORONA AKUT HILFE ALBUM &#8211; HOPE &#8211; CD\"}]},{\"@type\":\"WebSite\",\"@id\":\"https:\/\/shop.a1records.de\/en\/#website\",\"url\":\"https:\/\/shop.a1records.de\/en\/\",\"name\":\"A1 Records-Shop\",\"description\":\"\",\"potentialAction\":[{\"@type\":\"SearchAction\",\"target\":{\"@type\":\"EntryPoint\",\"urlTemplate\":\"https:\/\/shop.a1records.de\/en\/?s={search_term_string}\"},\"query-input\":{\"@type\":\"PropertyValueSpecification\",\"valueRequired\":true,\"valueName\":\"search_term_string\"}}],\"inLanguage\":\"en-GB\"}]}<\/script>\n<!-- \/ Yoast SEO plugin. -->","yoast_head_json":{"title":"CORONA AKUT HILFE ALBUM - HOPE - CD - A1 Records-Shop","robots":{"index":"index","follow":"follow","max-snippet":"max-snippet:-1","max-image-preview":"max-image-preview:large","max-video-preview":"max-video-preview:-1"},"canonical":"https:\/\/shop.a1records.de\/en\/product\/hope-cd\/","og_locale":"en_GB","og_type":"article","og_title":"CORONA AKUT HILFE ALBUM - HOPE - CD - A1 Records-Shop","og_description":"GO MUSIC CORONA AKUT HILFE Projekt &#8211; &#8222;HOPE&#8220; &#8211; DOWNLOAD Nach dem ersten GO MUSIC CORONA AKUT HILFE Album &#8222;ONE EARTH&#8220; erscheint nun mit &#8222;HOPE&#8220; der Nachfolger. Dieses Album hilft uns und euch. Uns durch die konzertlose Zeit zu man\u00f6vrieren und euch einige Songs von Mitgliedern der Go Music Familie zu Hause im Wohnzimmer in &hellip; Continue reading \"CORONA AKUT HILFE ALBUM &#8211; HOPE &#8211; CD\"","og_url":"https:\/\/shop.a1records.de\/en\/product\/hope-cd\/","og_site_name":"A1 Records-Shop","article_modified_time":"2025-02-22T16:13:44+00:00","og_image":[{"width":1024,"height":938,"url":"https:\/\/shop.a1records.de\/wp-content\/uploads\/2020\/06\/rgb_front_hope-1024x938.jpg","type":"image\/jpeg"}],"twitter_card":"summary_large_image","twitter_misc":{"Estimated reading time":"4 minutes"},"schema":{"@context":"https:\/\/schema.org","@graph":[{"@type":"WebPage","@id":"https:\/\/shop.a1records.de\/produkt\/hope-cd\/","url":"https:\/\/shop.a1records.de\/produkt\/hope-cd\/","name":"CORONA AKUT HILFE ALBUM - HOPE - CD - A1 Records-Shop","isPartOf":{"@id":"https:\/\/shop.a1records.de\/en\/#website"},"primaryImageOfPage":{"@id":"https:\/\/shop.a1records.de\/produkt\/hope-cd\/#primaryimage"},"image":{"@id":"https:\/\/shop.a1records.de\/produkt\/hope-cd\/#primaryimage"},"thumbnailUrl":"https:\/\/shop.a1records.de\/wp-content\/uploads\/2020\/06\/rgb_front_hope.jpg","datePublished":"2020-06-10T19:46:31+00:00","dateModified":"2025-02-22T16:13:44+00:00","breadcrumb":{"@id":"https:\/\/shop.a1records.de\/produkt\/hope-cd\/#breadcrumb"},"inLanguage":"en-GB","potentialAction":[{"@type":"ReadAction","target":["https:\/\/shop.a1records.de\/produkt\/hope-cd\/"]}]},{"@type":"ImageObject","inLanguage":"en-GB","@id":"https:\/\/shop.a1records.de\/produkt\/hope-cd\/#primaryimage","url":"https:\/\/shop.a1records.de\/wp-content\/uploads\/2020\/06\/rgb_front_hope.jpg","contentUrl":"https:\/\/shop.a1records.de\/wp-content\/uploads\/2020\/06\/rgb_front_hope.jpg","width":1500,"height":1374},{"@type":"BreadcrumbList","@id":"https:\/\/shop.a1records.de\/produkt\/hope-cd\/#breadcrumb","itemListElement":[{"@type":"ListItem","position":1,"name":"Home","item":"https:\/\/shop.a1records.de\/en\/"},{"@type":"ListItem","position":2,"name":"Shop","item":"https:\/\/shop.a1records.de\/en\/"},{"@type":"ListItem","position":3,"name":"CORONA AKUT HILFE ALBUM &#8211; HOPE &#8211; CD"}]},{"@type":"WebSite","@id":"https:\/\/shop.a1records.de\/en\/#website","url":"https:\/\/shop.a1records.de\/en\/","name":"A1 Records-Shop","description":"","potentialAction":[{"@type":"SearchAction","target":{"@type":"EntryPoint","urlTemplate":"https:\/\/shop.a1records.de\/en\/?s={search_term_string}"},"query-input":{"@type":"PropertyValueSpecification","valueRequired":true,"valueName":"search_term_string"}}],"inLanguage":"en-GB"}]}},"_links":{"self":[{"href":"https:\/\/shop.a1records.de\/en\/wp-json\/wp\/v2\/product\/365"}],"collection":[{"href":"https:\/\/shop.a1records.de\/en\/wp-json\/wp\/v2\/product"}],"about":[{"href":"https:\/\/shop.a1records.de\/en\/wp-json\/wp\/v2\/types\/product"}],"replies":[{"embeddable":true,"href":"https:\/\/shop.a1records.de\/en\/wp-json\/wp\/v2\/comments?post=365"}],"wp:featuredmedia":[{"embeddable":true,"href":"https:\/\/shop.a1records.de\/en\/wp-json\/wp\/v2\/media\/366"}],"wp:attachment":[{"href":"https:\/\/shop.a1records.de\/en\/wp-json\/wp\/v2\/media?parent=365"}],"wp:term":[{"taxonomy":"product_brand","embeddable":true,"href":"https:\/\/shop.a1records.de\/en\/wp-json\/wp\/v2\/product_brand?post=365"},{"taxonomy":"product_cat","embeddable":true,"href":"https:\/\/shop.a1records.de\/en\/wp-json\/wp\/v2\/product_cat?post=365"},{"taxonomy":"product_tag","embeddable":true,"href":"https:\/\/shop.a1records.de\/en\/wp-json\/wp\/v2\/product_tag?post=365"}],"curies":[{"name":"wp","href":"https:\/\/api.w.org\/{rel}","templated":true}]}}