{"id":36,"date":"2019-03-28T20:24:27","date_gmt":"2019-03-28T20:24:27","guid":{"rendered":"https:\/\/shop.a1records.de\/neu\/?post_type=product&#038;p=36"},"modified":"2025-03-02T17:34:55","modified_gmt":"2025-03-02T17:34:55","slug":"retribution-cd","status":"publish","type":"product","link":"https:\/\/shop.a1records.de\/en\/product\/retribution-cd\/","title":{"rendered":"Retribution &#8211; CD"},"content":{"rendered":"<p>Das Ruhrgebiet war bisher nicht gerade als Mittelpunkt des Blues\/Rock bekannt. Dies k\u00f6nnte sich allerdings mit BDL und ihrem Album \u201eRebribution\u201c bald \u00e4ndern, denn BDL pr\u00e4sentieren auf ihrem Studio-Deb\u00fct elf Blues\/Rock-Songs auf solch hohem Niveau, dass sie locker mit den internationalen Stars der Szene mithalten k\u00f6nnen.<\/p>\n<p>Alleine durch ihre vielen Live-Gigs hat sich die Band seit ihrer Gr\u00fcndung 2008 bereits einen exzellenten Ruf erspielt, was kein Wunder ist, denn die Bandmitglieder von BDL sind alles alte Hasen im Business, die teils selbst auf langj\u00e4hrige, internationale Karrieren zur\u00fcckblicken k\u00f6nnen.<\/p>\n<p>Gegr\u00fcndet unter dem Namen \u201eThe Bluescream\u201c benannte sich die Band bald in Blues Deluxe um. Zun\u00e4chst als Cover-und Joe Bonamassa Tribute-Band unterwegs, fing die Truppe jedoch bald an, eigene Songs zu komponieren und diese auch live zu spielen. Um ihre Eigenst\u00e4ndigkeit aufzuzeigen und weil auch andere Bands bereits den Namen Blues Deluxe verwenden, benannte sich die Band in BDL um.<\/p>\n<p>Bassist und Bandkopf Jochen Eminger hat \u00fcber 40 Jahre Profi-Erfahrung auf dem Buckel, spielte bereits mit Gary Moore, Geoff Britton, Eddie Turner sowie Eddie C. Campbell und tourte zudem 10 Jahre lang als Flamenco-Gitarrist um die Welt. Sein Sohn, Dennis Eminger, ist der S\u00e4nger\/Rhythmusgitarrist von BDL und f\u00fcr den Gro\u00dfteil der Kompositionen verantwortlich. Mit seinen gerade mal 32 Lenzen verf\u00fcgt er \u00fcber eine au\u00dfergew\u00f6hnlich ausdrucksstarke Stimme und verleiht den Songs auch durch seine fette Rhythmusgitarre einen kraftvollen und sinnlichen Ausdruck. Drummer Frank Mellies ist weit \u00fcber den deutschsparchigen Raum hinaus bekannt. Seine B\u00fccher und Tourbegleitungen f\u00fcr US-K\u00fcnstler wie Eddie Turner und Eddie C. Campbell etc haben ihm einen internationalen Ruf eingebracht. Der Keyboard-Sound bei BDL kommt von Georg Mahr. Der seit den 70ern aktive Hammond-Spieler kann ebenfalls auf eine langj\u00e4hrige Musiker-Karriere zur\u00fcckblicken, in der er u.a. mit\/bei Supercharge, Spencer Davis, Edwin Hawkins und vielen mehr spielte. Der Gitarrist Pierre Wrobbel ist arrivierter Studiogitarrist f\u00fcr Funk und Fernsehen und spielte neun der elf Songs f\u00fcr das Album \u201eRetribution\u201c ein. Kurz nach den Aufnahmen musste Pierre BDL aus Zeitgr\u00fcnden verlassen. Ersetzt wurde er durch Martin H\u00f6tte. Der Gitarrist, der auch Mitglied der Jean Shy Band ist, war eines der Gr\u00fcndungsmitglieder von BDL, bevor er die Band aus Krankheitsgr\u00fcnden verlassen hat. Nun ist er zur\u00fcck, wor\u00fcber die Band sehr gl\u00fccklich ist.<\/p>\n<p>F\u00fcr die Songs \u201eStorm Is Coming\u201c und \u201eRetribution\u201c haben sich BDL den bekannten Session-Gitarristen Dennis Hormes (u.a. Sarah Connor, The Boss Hoss etc) als Gastmusiker geholt, mit dem die Band eine innige Freundschaft verbindet.<\/p>","protected":false},"excerpt":{"rendered":"<p>Das Ruhrgebiet war bisher nicht gerade als Mittelpunkt des Blues\/Rock bekannt. Dies k\u00f6nnte sich allerdings mit BDL und ihrem Album \u201eRebribution\u201c bald \u00e4ndern, denn BDL pr\u00e4sentieren auf ihrem Studio-Deb\u00fct elf Blues\/Rock-Songs auf solch hohem Niveau, dass sie locker mit den internationalen Stars der Szene mithalten k\u00f6nnen. Alleine durch ihre vielen Live-Gigs hat sich die Band &hellip; <\/p>\n<p class=\"link-more\"><a href=\"https:\/\/shop.a1records.de\/en\/product\/retribution-cd\/\" class=\"more-link\">Continue reading<span class=\"screen-reader-text\"> &#8222;Retribution &#8211; CD&#8220;<\/span><\/a><\/p>","protected":false},"featured_media":37,"comment_status":"closed","ping_status":"closed","template":"","meta":[],"product_brand":[],"product_cat":[18,16,41],"product_tag":[],"class_list":{"0":"post-36","1":"product","2":"type-product","3":"status-publish","4":"has-post-thumbnail","6":"product_cat-bdl","7":"product_cat-cd","8":"product_cat-dennis-hormes","9":"product_shipping_class-cds","11":"first","12":"instock","13":"taxable","14":"shipping-taxable","15":"purchasable","16":"product-type-simple"},"yoast_head":"<!-- This site is optimized with the Yoast SEO plugin v23.7 - https:\/\/yoast.com\/wordpress\/plugins\/seo\/ -->\n<title>Retribution - CD - A1 Records-Shop<\/title>\n<meta name=\"robots\" content=\"index, follow, max-snippet:-1, max-image-preview:large, max-video-preview:-1\" \/>\n<link rel=\"canonical\" href=\"https:\/\/shop.a1records.de\/en\/product\/retribution-cd\/\" \/>\n<meta property=\"og:locale\" content=\"en_GB\" \/>\n<meta property=\"og:type\" content=\"article\" \/>\n<meta property=\"og:title\" content=\"Retribution - CD - A1 Records-Shop\" \/>\n<meta property=\"og:description\" content=\"Das Ruhrgebiet war bisher nicht gerade als Mittelpunkt des Blues\/Rock bekannt. Dies k\u00f6nnte sich allerdings mit BDL und ihrem Album \u201eRebribution\u201c bald \u00e4ndern, denn BDL pr\u00e4sentieren auf ihrem Studio-Deb\u00fct elf Blues\/Rock-Songs auf solch hohem Niveau, dass sie locker mit den internationalen Stars der Szene mithalten k\u00f6nnen. Alleine durch ihre vielen Live-Gigs hat sich die Band &hellip; Continue reading &quot;Retribution &#8211; CD&quot;\" \/>\n<meta property=\"og:url\" content=\"https:\/\/shop.a1records.de\/en\/product\/retribution-cd\/\" \/>\n<meta property=\"og:site_name\" content=\"A1 Records-Shop\" \/>\n<meta property=\"article:modified_time\" content=\"2025-03-02T17:34:55+00:00\" \/>\n<meta property=\"og:image\" content=\"https:\/\/shop.a1records.de\/wp-content\/uploads\/2019\/03\/Retribution.jpeg\" \/>\n\t<meta property=\"og:image:width\" content=\"500\" \/>\n\t<meta property=\"og:image:height\" content=\"500\" \/>\n\t<meta property=\"og:image:type\" content=\"image\/jpeg\" \/>\n<meta name=\"twitter:card\" content=\"summary_large_image\" \/>\n<meta name=\"twitter:label1\" content=\"Estimated reading time\" \/>\n\t<meta name=\"twitter:data1\" content=\"2 minutes\" \/>\n<script type=\"application\/ld+json\" class=\"yoast-schema-graph\">{\"@context\":\"https:\/\/schema.org\",\"@graph\":[{\"@type\":\"WebPage\",\"@id\":\"https:\/\/shop.a1records.de\/en\/product\/retribution-cd\/\",\"url\":\"https:\/\/shop.a1records.de\/en\/product\/retribution-cd\/\",\"name\":\"Retribution - CD - A1 Records-Shop\",\"isPartOf\":{\"@id\":\"https:\/\/shop.a1records.de\/en\/#website\"},\"primaryImageOfPage\":{\"@id\":\"https:\/\/shop.a1records.de\/en\/product\/retribution-cd\/#primaryimage\"},\"image\":{\"@id\":\"https:\/\/shop.a1records.de\/en\/product\/retribution-cd\/#primaryimage\"},\"thumbnailUrl\":\"https:\/\/shop.a1records.de\/wp-content\/uploads\/2019\/03\/Retribution.jpeg\",\"datePublished\":\"2019-03-28T20:24:27+00:00\",\"dateModified\":\"2025-03-02T17:34:55+00:00\",\"breadcrumb\":{\"@id\":\"https:\/\/shop.a1records.de\/en\/product\/retribution-cd\/#breadcrumb\"},\"inLanguage\":\"en-GB\",\"potentialAction\":[{\"@type\":\"ReadAction\",\"target\":[\"https:\/\/shop.a1records.de\/en\/product\/retribution-cd\/\"]}]},{\"@type\":\"ImageObject\",\"inLanguage\":\"en-GB\",\"@id\":\"https:\/\/shop.a1records.de\/en\/product\/retribution-cd\/#primaryimage\",\"url\":\"https:\/\/shop.a1records.de\/wp-content\/uploads\/2019\/03\/Retribution.jpeg\",\"contentUrl\":\"https:\/\/shop.a1records.de\/wp-content\/uploads\/2019\/03\/Retribution.jpeg\",\"width\":500,\"height\":500},{\"@type\":\"BreadcrumbList\",\"@id\":\"https:\/\/shop.a1records.de\/en\/product\/retribution-cd\/#breadcrumb\",\"itemListElement\":[{\"@type\":\"ListItem\",\"position\":1,\"name\":\"Home\",\"item\":\"https:\/\/shop.a1records.de\/en\/\"},{\"@type\":\"ListItem\",\"position\":2,\"name\":\"Shop\",\"item\":\"https:\/\/shop.a1records.de\/en\/\"},{\"@type\":\"ListItem\",\"position\":3,\"name\":\"Retribution &#8211; CD\"}]},{\"@type\":\"WebSite\",\"@id\":\"https:\/\/shop.a1records.de\/en\/#website\",\"url\":\"https:\/\/shop.a1records.de\/en\/\",\"name\":\"A1 Records-Shop\",\"description\":\"\",\"potentialAction\":[{\"@type\":\"SearchAction\",\"target\":{\"@type\":\"EntryPoint\",\"urlTemplate\":\"https:\/\/shop.a1records.de\/en\/?s={search_term_string}\"},\"query-input\":{\"@type\":\"PropertyValueSpecification\",\"valueRequired\":true,\"valueName\":\"search_term_string\"}}],\"inLanguage\":\"en-GB\"}]}<\/script>\n<!-- \/ Yoast SEO plugin. -->","yoast_head_json":{"title":"Retribution - CD - A1 Records-Shop","robots":{"index":"index","follow":"follow","max-snippet":"max-snippet:-1","max-image-preview":"max-image-preview:large","max-video-preview":"max-video-preview:-1"},"canonical":"https:\/\/shop.a1records.de\/en\/product\/retribution-cd\/","og_locale":"en_GB","og_type":"article","og_title":"Retribution - CD - A1 Records-Shop","og_description":"Das Ruhrgebiet war bisher nicht gerade als Mittelpunkt des Blues\/Rock bekannt. Dies k\u00f6nnte sich allerdings mit BDL und ihrem Album \u201eRebribution\u201c bald \u00e4ndern, denn BDL pr\u00e4sentieren auf ihrem Studio-Deb\u00fct elf Blues\/Rock-Songs auf solch hohem Niveau, dass sie locker mit den internationalen Stars der Szene mithalten k\u00f6nnen. Alleine durch ihre vielen Live-Gigs hat sich die Band &hellip; Continue reading \"Retribution &#8211; CD\"","og_url":"https:\/\/shop.a1records.de\/en\/product\/retribution-cd\/","og_site_name":"A1 Records-Shop","article_modified_time":"2025-03-02T17:34:55+00:00","og_image":[{"width":500,"height":500,"url":"https:\/\/shop.a1records.de\/wp-content\/uploads\/2019\/03\/Retribution.jpeg","type":"image\/jpeg"}],"twitter_card":"summary_large_image","twitter_misc":{"Estimated reading time":"2 minutes"},"schema":{"@context":"https:\/\/schema.org","@graph":[{"@type":"WebPage","@id":"https:\/\/shop.a1records.de\/en\/product\/retribution-cd\/","url":"https:\/\/shop.a1records.de\/en\/product\/retribution-cd\/","name":"Retribution - CD - A1 Records-Shop","isPartOf":{"@id":"https:\/\/shop.a1records.de\/en\/#website"},"primaryImageOfPage":{"@id":"https:\/\/shop.a1records.de\/en\/product\/retribution-cd\/#primaryimage"},"image":{"@id":"https:\/\/shop.a1records.de\/en\/product\/retribution-cd\/#primaryimage"},"thumbnailUrl":"https:\/\/shop.a1records.de\/wp-content\/uploads\/2019\/03\/Retribution.jpeg","datePublished":"2019-03-28T20:24:27+00:00","dateModified":"2025-03-02T17:34:55+00:00","breadcrumb":{"@id":"https:\/\/shop.a1records.de\/en\/product\/retribution-cd\/#breadcrumb"},"inLanguage":"en-GB","potentialAction":[{"@type":"ReadAction","target":["https:\/\/shop.a1records.de\/en\/product\/retribution-cd\/"]}]},{"@type":"ImageObject","inLanguage":"en-GB","@id":"https:\/\/shop.a1records.de\/en\/product\/retribution-cd\/#primaryimage","url":"https:\/\/shop.a1records.de\/wp-content\/uploads\/2019\/03\/Retribution.jpeg","contentUrl":"https:\/\/shop.a1records.de\/wp-content\/uploads\/2019\/03\/Retribution.jpeg","width":500,"height":500},{"@type":"BreadcrumbList","@id":"https:\/\/shop.a1records.de\/en\/product\/retribution-cd\/#breadcrumb","itemListElement":[{"@type":"ListItem","position":1,"name":"Home","item":"https:\/\/shop.a1records.de\/en\/"},{"@type":"ListItem","position":2,"name":"Shop","item":"https:\/\/shop.a1records.de\/en\/"},{"@type":"ListItem","position":3,"name":"Retribution &#8211; CD"}]},{"@type":"WebSite","@id":"https:\/\/shop.a1records.de\/en\/#website","url":"https:\/\/shop.a1records.de\/en\/","name":"A1 Records-Shop","description":"","potentialAction":[{"@type":"SearchAction","target":{"@type":"EntryPoint","urlTemplate":"https:\/\/shop.a1records.de\/en\/?s={search_term_string}"},"query-input":{"@type":"PropertyValueSpecification","valueRequired":true,"valueName":"search_term_string"}}],"inLanguage":"en-GB"}]}},"_links":{"self":[{"href":"https:\/\/shop.a1records.de\/en\/wp-json\/wp\/v2\/product\/36"}],"collection":[{"href":"https:\/\/shop.a1records.de\/en\/wp-json\/wp\/v2\/product"}],"about":[{"href":"https:\/\/shop.a1records.de\/en\/wp-json\/wp\/v2\/types\/product"}],"replies":[{"embeddable":true,"href":"https:\/\/shop.a1records.de\/en\/wp-json\/wp\/v2\/comments?post=36"}],"wp:featuredmedia":[{"embeddable":true,"href":"https:\/\/shop.a1records.de\/en\/wp-json\/wp\/v2\/media\/37"}],"wp:attachment":[{"href":"https:\/\/shop.a1records.de\/en\/wp-json\/wp\/v2\/media?parent=36"}],"wp:term":[{"taxonomy":"product_brand","embeddable":true,"href":"https:\/\/shop.a1records.de\/en\/wp-json\/wp\/v2\/product_brand?post=36"},{"taxonomy":"product_cat","embeddable":true,"href":"https:\/\/shop.a1records.de\/en\/wp-json\/wp\/v2\/product_cat?post=36"},{"taxonomy":"product_tag","embeddable":true,"href":"https:\/\/shop.a1records.de\/en\/wp-json\/wp\/v2\/product_tag?post=36"}],"curies":[{"name":"wp","href":"https:\/\/api.w.org\/{rel}","templated":true}]}}