{"id":317,"date":"2020-05-09T19:55:55","date_gmt":"2020-05-09T19:55:55","guid":{"rendered":"https:\/\/shop.a1records.de\/neu\/?post_type=product&#038;p=317"},"modified":"2022-12-31T14:09:29","modified_gmt":"2022-12-31T14:09:29","slug":"one-earth-download","status":"publish","type":"product","link":"https:\/\/shop.a1records.de\/en\/product\/one-earth-download\/","title":{"rendered":"CORONA AKUT HILFE ALBUM &#8211; ONE EARTH &#8211; DOWNLOAD"},"content":{"rendered":"<p><span style=\"font-family: Verdana, sans-serif;\"><span style=\"font-size: xx-small;\">GO MUSIC CORONA HILFE\u00a0 &#8211; &#8222;ONE EARTH&#8220;<\/span><\/span><\/p>\n<p>Wir haben festgestellt, dass nicht jeder einen CD Player hat. Aus diesem Grunde gbt es hier die ONE EARTH Produktion als Download, fette mp3 Aufl\u00f6sung mit allen Coverseiten. DOWNLOAD CODE wird nach Geldeingang per Email zugeschickt. Der Hintergrund ist der selbe: Hilfe f\u00fcr K\u00fcnstler in Zeiten wie diesen.<\/p>\n<p><span style=\"font-family: Verdana, sans-serif;\"><span style=\"font-size: xx-small;\">Jedes GO MUSIC Konzert ist einzigartig. Unvorherh\u00f6rbar. Gespielt f\u00fcr den Moment, gespielt f\u00fcr Freunde handgemachter und Live gespielter Musik. GO MUSIC lebt von der Vielseitigkeit der unterschiedlichen Besetzungen. Nicht selten sind die beteiligten Musikanten in ihren Teilen der Welt als Bandleader oder Komponisten mit eigenen Songs und erfolgreichen Projekten unterwegs. <\/span><\/span><\/p>\n<p><span style=\"font-family: Verdana, sans-serif;\"><span style=\"font-size: xx-small;\">Seit M\u00e4rz dieses Jahres erstarrt die komplette humanoide Welt. Das CORONA Virus hat jeglichem sozialen Zusammensein ein abruptes Ende bereitet. Keine Konzerte &#8211; keine Einnahmen! <\/span><\/span><\/p>\n<p><span style=\"font-family: Verdana, sans-serif;\"><span style=\"font-size: xx-small;\">Zum Gl\u00fcck wurden sehr viele GO MUSIC Konzerte aufgenommen, unter anderem auch Originalsongs, <span lang=\"de-DE\">die von Mitgliedern der GO MUSIC Familie komponiert und getextet wurden und d<\/span>ie im Rahmen der GO MUSIC Konzerte unvorherh\u00f6rbar interpretiert wurden. Durch den Kauf dieser Produktion erhalten die Komponisten-Kollegen Geld durch die GEMA-Lizenzen, die 36 Musiker, die die Songs eingespielt haben bekommen eine angemessene Beteiligung und die Fans kommen in den Genuss einige Originalsongs in einer nie wieder zu h\u00f6renden Interpretation zu genie\u00dfen. Einzigartig! Unvorherh\u00f6rbar!<\/span><\/span><\/p>\n<p><span style=\"font-family: Verdana, sans-serif;\"><span style=\"font-size: xx-small;\">Bleibt gesund!<\/span><\/span><\/p>\n<p><span style=\"font-family: Verdana, sans-serif;\"><span style=\"font-size: xx-small;\">P.S.: Aus Gr\u00fcnden der besseren Lesbarkeit habe ich ausschlie\u00dflich die m\u00e4nnliche Bezeichnung verwendet, selbstverst\u00e4ndlich sind damit jeweils sowohl M\u00e4nner, als auch Frauen und Diverse gemeint!<\/span><\/span><\/p>\n<p><span style=\"font-family: Verdana, sans-serif;\"><span style=\"font-size: small;\">36 Beteiligte Musiker in Alphabetischer Reihenfolge:<\/span><\/span><\/p>\n<p lang=\"en-GB\"><span style=\"font-family: Verdana, sans-serif;\"><span style=\"font-size: small;\">Ben Granfelt &#8211; Vocals Guitar (Finland)<br \/>\n<\/span><\/span><span style=\"font-family: Verdana, sans-serif;\"><span style=\"font-size: small;\">Bene Neuner &#8211; Drums (Germany)<br \/>\n<\/span><\/span><span style=\"font-family: Verdana, sans-serif;\"><span style=\"font-size: small;\">Charly T. &#8211; Drums (Germany)<br \/>\n<\/span><\/span><span style=\"font-family: Verdana, sans-serif;\"><span style=\"font-size: small;\">Cherry Gehring &#8211; Keyboards, BV (Germany)<br \/>\n<\/span><\/span><span style=\"font-family: Verdana, sans-serif;\"><span style=\"font-size: small;\">Christian Schwarzbach &#8211; Vocals, Guitar (Germany)<br \/>\n<\/span><\/span><span style=\"font-family: Verdana, sans-serif;\"><span style=\"font-size: small;\">Dave Goodman &#8211; Vocals, Guitar (Canada)<br \/>\n<\/span><\/span><span style=\"font-family: Verdana, sans-serif;\"><span style=\"font-size: small;\">Dieter Steinmann &#8211; Drums (Germany)<br \/>\n<\/span><\/span><span style=\"font-family: Verdana, sans-serif;\"><span style=\"font-size: small;\">Dirk Sengotta &#8211; Drums (Germany)<br \/>\n<\/span><\/span><span style=\"font-family: Verdana, sans-serif;\"><span style=\"font-size: small;\">Francesco Marras &#8211; Guitar (Sardinia)<br \/>\n<\/span><\/span><span style=\"font-family: Verdana, sans-serif;\"><span style=\"font-size: small;\">Gee K &#8211; Vocals, Guitar (Greece)<br \/>\n<\/span><\/span><span style=\"font-family: Verdana, sans-serif;\"><span style=\"font-size: small;\">Gil Edwards &#8211; Vocals, Acoustic Guitar (Norway)<br \/>\n<\/span><\/span><span style=\"font-family: Verdana, sans-serif;\"><span style=\"font-size: small;\">Glen Turner &#8211; Guitar (UK)<br \/>\n<\/span><\/span><span style=\"font-family: Verdana, sans-serif;\"><span style=\"font-size: small;\">Joerg Dudys &#8211; Guitar (Germany)<br \/>\n<\/span><\/span><span style=\"font-family: Verdana, sans-serif;\"><span style=\"font-size: small;\">J\u00fcrgen Dahmen &#8211; Rhodes (Germany)<br \/>\n<\/span><\/span><span style=\"font-family: Verdana, sans-serif;\"><span style=\"font-size: small;\">Klaus Zimmermann &#8211; Guitar (Thailand)<br \/>\n<\/span><\/span><span style=\"font-family: Verdana, sans-serif;\"><span style=\"font-size: small;\">Knuth Jerxsen &#8211; Percussion (Germany)<br \/>\n<\/span><\/span><span style=\"font-family: Verdana, sans-serif;\"><span style=\"font-size: small;\">Martin Engelien &#8211; Bass, BV (Germany)<br \/>\n<\/span><\/span><span style=\"font-family: Verdana, sans-serif;\"><span style=\"font-size: small;\">Martin Gerschwitz &#8211; Vocals, Keyboards (California)<br \/>\n<\/span><\/span><span style=\"font-family: Verdana, sans-serif;\"><span style=\"font-size: small;\">Michelle Poh &#8211; Vocals, Keyboards (Singapore)<br \/>\n<\/span><\/span><span style=\"font-family: Verdana, sans-serif;\"><span style=\"font-size: small;\">Muddy Manninen &#8211; Guitar (UK)<br \/>\n<\/span><\/span><span style=\"font-family: Verdana, sans-serif;\"><span style=\"font-size: small;\">Pitti Hecht &#8211; Percussion (Germany)<br \/>\n<\/span><\/span><span style=\"font-family: Verdana, sans-serif;\"><span style=\"font-size: small;\">Robert Carl Blank &#8211; Guitar, BV (Germany)<br \/>\n<\/span><\/span><span style=\"font-family: Verdana, sans-serif;\"><span style=\"font-size: small;\">Roman D\u00f6nicke &#8211; Drums (Germany)<br \/>\n<\/span><\/span><span style=\"font-family: Verdana, sans-serif;\"><span style=\"font-size: small;\">Roni Lee &#8211; Vocals Guitar (California)<br \/>\n<\/span><\/span><span style=\"font-family: Verdana, sans-serif;\"><span style=\"font-size: small;\">Simon Jurczewski &#8211; Drums (Germany)<br \/>\n<\/span><\/span><span style=\"font-family: Verdana, sans-serif;\"><span style=\"font-size: small;\">Svenja Schmidt &#8211; Keyboards (Germany)<br \/>\n<\/span><\/span><span style=\"font-family: Verdana, sans-serif;\"><span style=\"font-size: small;\">Thea Florea &#8211; Drums (Germany)<br \/>\n<\/span><\/span><span style=\"font-family: Verdana, sans-serif;\"><span style=\"font-size: small;\">Thomas Blug &#8211; Guitar (Germany)<br \/>\n<\/span><\/span><span style=\"font-family: Verdana, sans-serif;\"><span style=\"font-size: small;\">Thomas Hufschmidt &#8211; Keyboards (Germany)<br \/>\n<\/span><\/span><span style=\"font-family: Verdana, sans-serif;\"><span style=\"font-size: small;\">Thomas Lieven &#8211; Drums (Germany)<br \/>\n<\/span><\/span><span style=\"font-family: Verdana, sans-serif;\"><span style=\"font-size: small;\">Tim Ole Hoff &#8211; Drums (Germany)<br \/>\n<\/span><\/span><span style=\"font-family: Verdana, sans-serif;\"><span style=\"font-size: small;\">Tommy Fischer &#8211; Drums (Germany)<br \/>\n<\/span><\/span><span style=\"font-family: Verdana, sans-serif;\"><span style=\"font-size: small;\">Vanesa Harbek &#8211; Vocals, Guitar (Argentina)<br \/>\n<\/span><\/span><span style=\"font-family: Verdana, sans-serif;\"><span style=\"font-size: small;\">Vanja Sky &#8211; Vocals, Guitar (Kroatia)<br \/>\n<\/span><\/span><span style=\"font-family: Verdana, sans-serif;\"><span style=\"font-size: small;\">Vic Faulkner &#8211; Vocals, Acoustic Guitar (UK)<br \/>\n<\/span><\/span><span style=\"font-family: Verdana, sans-serif;\"><span style=\"font-size: small;\">Wolfgang Roggenkamp &#8211; Drums (Germany)<\/span><\/span><\/p>\n<p><span style=\"font-family: Verdana, sans-serif;\"><span style=\"font-size: xx-small;\">13 Songs:<\/span><\/span><\/p>\n<p lang=\"en-GB\"><span style=\"font-family: Verdana, sans-serif;\"><span style=\"font-size: xx-small;\">1. <span style=\"font-size: small;\">One Earth &#8211; Reprise<\/span> (M: Doris Engel-Engelien; Martin Engelien; Ben Granfelt; Thomas Blug) 04:13<br \/>\n<\/span><\/span><span style=\"font-family: Verdana, sans-serif;\"><span style=\"font-size: xx-small;\">Ben Granfelt &#8211; Guitar; Thomas Blug &#8211; Guitar; Simon Jurczewski &#8211; Drums; Martin Engelien &#8211; Bass<br \/>\n<\/span><\/span><span style=\"font-family: Verdana, sans-serif;\"><span style=\"font-size: xx-small;\">09.11.2019 &#8211; Krefeld, Jazzkeller<\/span><\/span><\/p>\n<p lang=\"en-GB\"><span style=\"font-family: Verdana, sans-serif;\"><span style=\"font-size: xx-small;\">2. <span style=\"font-size: small;\">Hit Me With The Blues<\/span> (M&amp;T: Vanja Krbavcic) 05:10<br \/>\n<\/span><\/span><span style=\"font-family: Verdana, sans-serif;\"><span style=\"font-size: xx-small;\">Vanja Sky &#8211; Vocals, Guitar; Francesco Marras &#8211; Guitar; Bene Neuner &#8211; Drums; Martin Engelien &#8211; Bass<br \/>\n<\/span><\/span><span style=\"font-family: Verdana, sans-serif;\"><span style=\"font-size: xx-small;\">10.01.2020 &#8211; Werdohl, Alt Werdohl<\/span><\/span><\/p>\n<p lang=\"en-GB\"><span style=\"font-family: Verdana, sans-serif;\"><span style=\"font-size: xx-small;\">3. <span style=\"font-size: small;\">Goodbyes<\/span> (M&amp;T: Michelle Poh) 07:54<br \/>\n<\/span><\/span><span style=\"font-family: Verdana, sans-serif;\"><span style=\"font-size: xx-small;\">Michelle Poh &#8211; Vocals, Keyboards; Klaus Zimmermann &#8211; Guitar; Tommy Fischer &#8211; Drums; Martin Engelien &#8211; Bass<br \/>\n<\/span><\/span><span style=\"font-family: Verdana, sans-serif;\"><span style=\"font-size: xx-small;\">08.05.2019 &#8211; Kempen, The Whistle<\/span><\/span><\/p>\n<p lang=\"en-GB\"><span style=\"font-family: Verdana, sans-serif;\"><span style=\"font-size: xx-small;\">4. <span style=\"font-size: small;\">Superwoman<\/span> (M&amp;T: Georgios Kotsaridis) 05:54<br \/>\n<\/span><\/span><span style=\"font-family: Verdana, sans-serif;\"><span style=\"font-size: xx-small;\">Gee K &#8211; Vocals, Guitar; J\u00fcrgen Dahmen &#8211; Rhodes; Thea Florea &#8211; Drums; Martin Engelien &#8211; Bass<br \/>\n<\/span><\/span><span style=\"font-family: Verdana, sans-serif;\"><span style=\"font-size: xx-small;\">12.10.2018 &#8211; Werdohl, Alt Werdohl<\/span><\/span><\/p>\n<p lang=\"en-GB\"><span style=\"font-family: Verdana, sans-serif;\"><span style=\"font-size: xx-small;\">5. <span style=\"font-size: small;\">Vaneska Tango<\/span> (M&amp;T: Vanesa Harbek\/Lukasz Gorczyka) 07:40<br \/>\n<\/span><\/span><span style=\"font-family: Verdana, sans-serif;\"><span style=\"font-size: xx-small;\">Vanesa Harbek &#8211; Vocals, Guitar; Thomas Hufschmidt &#8211; Keyboards; Dirk Sengotta &#8211; Drums; Martin Engelien &#8211; Bass<br \/>\n<\/span><\/span><span style=\"font-family: Verdana, sans-serif;\"><span style=\"font-size: xx-small;\">16.02.2019 &#8211; Krefeld, Jazzkeller<\/span><\/span><\/p>\n<p lang=\"en-GB\"><span style=\"font-family: Verdana, sans-serif;\"><span style=\"font-size: xx-small;\">6. <span style=\"font-size: small;\">Sometimes Isn&#8217;t Always<\/span> (M&amp;T: Martin Gerschwitz) 07:30<br \/>\n<\/span><\/span><span style=\"font-family: Verdana, sans-serif;\"><span style=\"font-size: xx-small;\">Martin Gerschwitz &#8211; Vocals, Keyboards; Glen Turner &#8211; Guitar; Wolfgang Roggenkamp &#8211; Drums; Martin Engelien &#8211; Bass<br \/>\n<\/span><\/span><span style=\"font-family: Verdana, sans-serif;\"><span style=\"font-size: xx-small;\">09.02.2018 &#8211; Cloppenburg, Kulturbahnhof<\/span><\/span><\/p>\n<p lang=\"en-GB\"><span style=\"font-family: Verdana, sans-serif;\"><span style=\"font-size: xx-small;\">7. <span style=\"font-size: small;\">She&#8217;s Gone<\/span> (M&amp;T: Dave Goodman) 05:16<br \/>\n<\/span><\/span><span style=\"font-family: Verdana, sans-serif;\"><span style=\"font-size: xx-small;\">Dave Goodman &#8211; Vocals, Guitar; Pitti Hecht &#8211; Percussion; Dieter Steinmann &#8211; Drums; Martin Engelien &#8211; Bass<br \/>\n<\/span><\/span><span style=\"font-family: Verdana, sans-serif;\"><span style=\"font-size: xx-small;\">12.04.2019 &#8211; Werdohl, Alt Werdohl<\/span><\/span><\/p>\n<p lang=\"en-GB\"><span style=\"font-family: Verdana, sans-serif;\"><span style=\"font-size: xx-small;\">8. <span style=\"font-size: small;\">New York Groove<\/span> (M&amp;T: Russ Ballard) 04:03<br \/>\n<\/span><\/span><span style=\"font-family: Verdana, sans-serif;\"><span style=\"font-size: xx-small;\">Vic Faulkner &#8211; Vocals, Acoustic Guitar; Robert Carl Blank &#8211; Guitar, BV; Knuth Jerxsen &#8211; Percussion, Martin Engelien &#8211; Bass, BV<br \/>\n<\/span><\/span><span style=\"font-family: Verdana, sans-serif;\"><span style=\"font-size: xx-small;\">05.04.2016 &#8211; Oberhausen, Gdanska<\/span><\/span><\/p>\n<p lang=\"en-GB\"><span style=\"font-family: Verdana, sans-serif;\"><span style=\"font-size: xx-small;\">9. <span style=\"font-size: small;\">My House Is Green<\/span> (M: Thomas Blug) 04:25<br \/>\n<\/span><\/span><span style=\"font-family: Verdana, sans-serif;\"><span style=\"font-size: xx-small;\">Thomas Blug &#8211; Guitar; Ben Granfelt &#8211; Guitar; Simon Jurczewski &#8211; Drums; Martin Engelien &#8211; Bass<br \/>\n<\/span><\/span><span style=\"font-family: Verdana, sans-serif;\"><span style=\"font-size: xx-small;\">11.11.2019 &#8211; Kempen, Falko<\/span><\/span><\/p>\n<p lang=\"en-GB\"><span style=\"font-family: Verdana, sans-serif;\"><span style=\"font-size: xx-small;\">10. <span style=\"font-size: small;\">Wishing Well <\/span>(M&amp;T: Gil Edwards) 04:35<br \/>\n<\/span><\/span><span style=\"font-family: Verdana, sans-serif;\"><span style=\"font-size: xx-small;\">Gil Edwards &#8211; Vocals, Acoustic Guitar; Joerg Dudys &#8211; Guitar; Tim Ole Hoff &#8211; Drums; Martin Engelien &#8211; Bass<br \/>\n<\/span><\/span><span style=\"font-family: Verdana, sans-serif;\"><span style=\"font-size: xx-small;\">10.03.2017 &#8211; Dorsten, <span lang=\"de-DE\">Das<\/span> Leo<\/span><\/span><\/p>\n<p lang=\"en-GB\"><span style=\"font-family: Verdana, sans-serif;\"><span style=\"font-size: xx-small;\">11. <span style=\"font-size: small;\">My Soul To You<\/span> (M&amp;T: Ben Granfelt) 05:02<br \/>\n<\/span><\/span><span style=\"font-family: Verdana, sans-serif;\"><span style=\"font-size: xx-small;\">Ben Granfelt &#8211; Vocals, Guitar; Muddy Manninen &#8211; Guitar; Thomas Lieven &#8211; Drums; Martin Engelien &#8211; Bass, BV<br \/>\n<\/span><\/span><span style=\"font-family: Verdana, sans-serif;\"><span style=\"font-size: xx-small;\">09.11.2018 &#8211; Essen, Grend<\/span><\/span><\/p>\n<p lang=\"en-GB\"><span style=\"font-family: Verdana, sans-serif;\"><span style=\"font-size: xx-small;\">12. <span style=\"font-size: small;\">Don&#8217;t Call Me Your Friend<\/span> (M&amp;T: Christian Schwarzbach) 04:57<br \/>\nC<\/span><\/span><span style=\"font-family: Verdana, sans-serif;\"><span style=\"font-size: xx-small;\">hristian Schwarzbach &#8211; Vocals, Guitar; Svenja Schmidt &#8211; Keyboards; Roman D\u00f6nicke &#8211; Drums; Martin Engelien &#8211; Bass<br \/>\n<\/span><\/span><span style=\"font-family: Verdana, sans-serif;\"><span style=\"font-size: xx-small;\">11.10.2019 &#8211; Dinslaken, Tom&#8217;s<\/span><\/span><\/p>\n<p lang=\"en-GB\"><span style=\"font-family: Verdana, sans-serif;\"><span style=\"font-size: xx-small;\">13. <span style=\"font-size: small;\">Prove It!<\/span> (M&amp;T: Roni Lee) 04:24<br \/>\n<\/span><\/span><span style=\"font-family: Verdana, sans-serif;\"><span style=\"font-size: xx-small;\">Roni Lee &#8211; Vocals Guitar; Cherry Gehring &#8211; Keyboards, BV; Charly T. &#8211; Drums; Martin Engelien &#8211; Bass, BV<br \/>\n<\/span><\/span><span style=\"font-family: Verdana, sans-serif;\"><span style=\"font-size: xx-small;\"><span lang=\"en-GB\">08.11.2015 &#8211; Dinslaken, ConGaz <\/span> <\/span><\/span><\/p>","protected":false},"excerpt":{"rendered":"<p>GO MUSIC CORONA HILFE\u00a0 &#8211; &#8222;ONE EARTH&#8220; Wir haben festgestellt, dass nicht jeder einen CD Player hat. Aus diesem Grunde gbt es hier die ONE EARTH Produktion als Download, fette mp3 Aufl\u00f6sung mit allen Coverseiten. DOWNLOAD CODE wird nach Geldeingang per Email zugeschickt. Der Hintergrund ist der selbe: Hilfe f\u00fcr K\u00fcnstler in Zeiten wie diesen. &hellip; <\/p>\n<p class=\"link-more\"><a href=\"https:\/\/shop.a1records.de\/en\/product\/one-earth-download\/\" class=\"more-link\">Continue reading<span class=\"screen-reader-text\"> &#8222;CORONA AKUT HILFE ALBUM &#8211; ONE EARTH &#8211; DOWNLOAD&#8220;<\/span><\/a><\/p>","protected":false},"featured_media":141,"comment_status":"closed","ping_status":"closed","template":"","meta":[],"product_brand":[],"product_cat":[20,51,38,50,39,58],"product_tag":[],"class_list":{"0":"post-317","1":"product","2":"type-product","3":"status-publish","4":"has-post-thumbnail","6":"product_cat-ben-granfelt","7":"product_cat-download","8":"product_cat-gil-edwards","9":"product_cat-go-music","10":"product_cat-martin-engelien","11":"product_cat-vanesa-harbek-artists","12":"product_shipping_class-downloads","14":"first","15":"instock","16":"taxable","17":"shipping-taxable","18":"purchasable","19":"product-type-simple"},"yoast_head":"<!-- This site is optimized with the Yoast SEO plugin v23.7 - https:\/\/yoast.com\/wordpress\/plugins\/seo\/ -->\n<title>CORONA AKUT HILFE ALBUM - ONE EARTH - DOWNLOAD - A1 Records-Shop<\/title>\n<meta name=\"robots\" content=\"index, follow, max-snippet:-1, max-image-preview:large, max-video-preview:-1\" \/>\n<link rel=\"canonical\" href=\"https:\/\/shop.a1records.de\/en\/product\/one-earth-download\/\" \/>\n<meta property=\"og:locale\" content=\"en_GB\" \/>\n<meta property=\"og:type\" content=\"article\" \/>\n<meta property=\"og:title\" content=\"CORONA AKUT HILFE ALBUM - ONE EARTH - DOWNLOAD - A1 Records-Shop\" \/>\n<meta property=\"og:description\" content=\"GO MUSIC CORONA HILFE\u00a0 &#8211; &#8222;ONE EARTH&#8220; Wir haben festgestellt, dass nicht jeder einen CD Player hat. Aus diesem Grunde gbt es hier die ONE EARTH Produktion als Download, fette mp3 Aufl\u00f6sung mit allen Coverseiten. DOWNLOAD CODE wird nach Geldeingang per Email zugeschickt. Der Hintergrund ist der selbe: Hilfe f\u00fcr K\u00fcnstler in Zeiten wie diesen. &hellip; Continue reading &quot;CORONA AKUT HILFE ALBUM &#8211; ONE EARTH &#8211; DOWNLOAD&quot;\" \/>\n<meta property=\"og:url\" content=\"https:\/\/shop.a1records.de\/en\/product\/one-earth-download\/\" \/>\n<meta property=\"og:site_name\" content=\"A1 Records-Shop\" \/>\n<meta property=\"article:modified_time\" content=\"2022-12-31T14:09:29+00:00\" \/>\n<meta property=\"og:image\" content=\"https:\/\/shop.a1records.de\/wp-content\/uploads\/2020\/04\/rgb_front-1024x938.jpg\" \/>\n\t<meta property=\"og:image:width\" content=\"1024\" \/>\n\t<meta property=\"og:image:height\" content=\"938\" \/>\n\t<meta property=\"og:image:type\" content=\"image\/jpeg\" \/>\n<meta name=\"twitter:card\" content=\"summary_large_image\" \/>\n<meta name=\"twitter:label1\" content=\"Estimated reading time\" \/>\n\t<meta name=\"twitter:data1\" content=\"5 minutes\" \/>\n<script type=\"application\/ld+json\" class=\"yoast-schema-graph\">{\"@context\":\"https:\/\/schema.org\",\"@graph\":[{\"@type\":\"WebPage\",\"@id\":\"https:\/\/shop.a1records.de\/produkt\/one-earth-download\/\",\"url\":\"https:\/\/shop.a1records.de\/produkt\/one-earth-download\/\",\"name\":\"CORONA AKUT HILFE ALBUM - ONE EARTH - DOWNLOAD - A1 Records-Shop\",\"isPartOf\":{\"@id\":\"https:\/\/shop.a1records.de\/en\/#website\"},\"primaryImageOfPage\":{\"@id\":\"https:\/\/shop.a1records.de\/produkt\/one-earth-download\/#primaryimage\"},\"image\":{\"@id\":\"https:\/\/shop.a1records.de\/produkt\/one-earth-download\/#primaryimage\"},\"thumbnailUrl\":\"https:\/\/shop.a1records.de\/wp-content\/uploads\/2020\/04\/rgb_front.jpg\",\"datePublished\":\"2020-05-09T19:55:55+00:00\",\"dateModified\":\"2022-12-31T14:09:29+00:00\",\"breadcrumb\":{\"@id\":\"https:\/\/shop.a1records.de\/produkt\/one-earth-download\/#breadcrumb\"},\"inLanguage\":\"en-GB\",\"potentialAction\":[{\"@type\":\"ReadAction\",\"target\":[\"https:\/\/shop.a1records.de\/produkt\/one-earth-download\/\"]}]},{\"@type\":\"ImageObject\",\"inLanguage\":\"en-GB\",\"@id\":\"https:\/\/shop.a1records.de\/produkt\/one-earth-download\/#primaryimage\",\"url\":\"https:\/\/shop.a1records.de\/wp-content\/uploads\/2020\/04\/rgb_front.jpg\",\"contentUrl\":\"https:\/\/shop.a1records.de\/wp-content\/uploads\/2020\/04\/rgb_front.jpg\",\"width\":1500,\"height\":1374},{\"@type\":\"BreadcrumbList\",\"@id\":\"https:\/\/shop.a1records.de\/produkt\/one-earth-download\/#breadcrumb\",\"itemListElement\":[{\"@type\":\"ListItem\",\"position\":1,\"name\":\"Home\",\"item\":\"https:\/\/shop.a1records.de\/en\/\"},{\"@type\":\"ListItem\",\"position\":2,\"name\":\"Shop\",\"item\":\"https:\/\/shop.a1records.de\/en\/\"},{\"@type\":\"ListItem\",\"position\":3,\"name\":\"CORONA AKUT HILFE ALBUM &#8211; ONE EARTH &#8211; DOWNLOAD\"}]},{\"@type\":\"WebSite\",\"@id\":\"https:\/\/shop.a1records.de\/en\/#website\",\"url\":\"https:\/\/shop.a1records.de\/en\/\",\"name\":\"A1 Records-Shop\",\"description\":\"\",\"potentialAction\":[{\"@type\":\"SearchAction\",\"target\":{\"@type\":\"EntryPoint\",\"urlTemplate\":\"https:\/\/shop.a1records.de\/en\/?s={search_term_string}\"},\"query-input\":{\"@type\":\"PropertyValueSpecification\",\"valueRequired\":true,\"valueName\":\"search_term_string\"}}],\"inLanguage\":\"en-GB\"}]}<\/script>\n<!-- \/ Yoast SEO plugin. -->","yoast_head_json":{"title":"CORONA AKUT HILFE ALBUM - ONE EARTH - DOWNLOAD - A1 Records-Shop","robots":{"index":"index","follow":"follow","max-snippet":"max-snippet:-1","max-image-preview":"max-image-preview:large","max-video-preview":"max-video-preview:-1"},"canonical":"https:\/\/shop.a1records.de\/en\/product\/one-earth-download\/","og_locale":"en_GB","og_type":"article","og_title":"CORONA AKUT HILFE ALBUM - ONE EARTH - DOWNLOAD - A1 Records-Shop","og_description":"GO MUSIC CORONA HILFE\u00a0 &#8211; &#8222;ONE EARTH&#8220; Wir haben festgestellt, dass nicht jeder einen CD Player hat. Aus diesem Grunde gbt es hier die ONE EARTH Produktion als Download, fette mp3 Aufl\u00f6sung mit allen Coverseiten. DOWNLOAD CODE wird nach Geldeingang per Email zugeschickt. Der Hintergrund ist der selbe: Hilfe f\u00fcr K\u00fcnstler in Zeiten wie diesen. &hellip; Continue reading \"CORONA AKUT HILFE ALBUM &#8211; ONE EARTH &#8211; DOWNLOAD\"","og_url":"https:\/\/shop.a1records.de\/en\/product\/one-earth-download\/","og_site_name":"A1 Records-Shop","article_modified_time":"2022-12-31T14:09:29+00:00","og_image":[{"width":1024,"height":938,"url":"https:\/\/shop.a1records.de\/wp-content\/uploads\/2020\/04\/rgb_front-1024x938.jpg","type":"image\/jpeg"}],"twitter_card":"summary_large_image","twitter_misc":{"Estimated reading time":"5 minutes"},"schema":{"@context":"https:\/\/schema.org","@graph":[{"@type":"WebPage","@id":"https:\/\/shop.a1records.de\/produkt\/one-earth-download\/","url":"https:\/\/shop.a1records.de\/produkt\/one-earth-download\/","name":"CORONA AKUT HILFE ALBUM - ONE EARTH - DOWNLOAD - A1 Records-Shop","isPartOf":{"@id":"https:\/\/shop.a1records.de\/en\/#website"},"primaryImageOfPage":{"@id":"https:\/\/shop.a1records.de\/produkt\/one-earth-download\/#primaryimage"},"image":{"@id":"https:\/\/shop.a1records.de\/produkt\/one-earth-download\/#primaryimage"},"thumbnailUrl":"https:\/\/shop.a1records.de\/wp-content\/uploads\/2020\/04\/rgb_front.jpg","datePublished":"2020-05-09T19:55:55+00:00","dateModified":"2022-12-31T14:09:29+00:00","breadcrumb":{"@id":"https:\/\/shop.a1records.de\/produkt\/one-earth-download\/#breadcrumb"},"inLanguage":"en-GB","potentialAction":[{"@type":"ReadAction","target":["https:\/\/shop.a1records.de\/produkt\/one-earth-download\/"]}]},{"@type":"ImageObject","inLanguage":"en-GB","@id":"https:\/\/shop.a1records.de\/produkt\/one-earth-download\/#primaryimage","url":"https:\/\/shop.a1records.de\/wp-content\/uploads\/2020\/04\/rgb_front.jpg","contentUrl":"https:\/\/shop.a1records.de\/wp-content\/uploads\/2020\/04\/rgb_front.jpg","width":1500,"height":1374},{"@type":"BreadcrumbList","@id":"https:\/\/shop.a1records.de\/produkt\/one-earth-download\/#breadcrumb","itemListElement":[{"@type":"ListItem","position":1,"name":"Home","item":"https:\/\/shop.a1records.de\/en\/"},{"@type":"ListItem","position":2,"name":"Shop","item":"https:\/\/shop.a1records.de\/en\/"},{"@type":"ListItem","position":3,"name":"CORONA AKUT HILFE ALBUM &#8211; ONE EARTH &#8211; DOWNLOAD"}]},{"@type":"WebSite","@id":"https:\/\/shop.a1records.de\/en\/#website","url":"https:\/\/shop.a1records.de\/en\/","name":"A1 Records-Shop","description":"","potentialAction":[{"@type":"SearchAction","target":{"@type":"EntryPoint","urlTemplate":"https:\/\/shop.a1records.de\/en\/?s={search_term_string}"},"query-input":{"@type":"PropertyValueSpecification","valueRequired":true,"valueName":"search_term_string"}}],"inLanguage":"en-GB"}]}},"_links":{"self":[{"href":"https:\/\/shop.a1records.de\/en\/wp-json\/wp\/v2\/product\/317"}],"collection":[{"href":"https:\/\/shop.a1records.de\/en\/wp-json\/wp\/v2\/product"}],"about":[{"href":"https:\/\/shop.a1records.de\/en\/wp-json\/wp\/v2\/types\/product"}],"replies":[{"embeddable":true,"href":"https:\/\/shop.a1records.de\/en\/wp-json\/wp\/v2\/comments?post=317"}],"wp:featuredmedia":[{"embeddable":true,"href":"https:\/\/shop.a1records.de\/en\/wp-json\/wp\/v2\/media\/141"}],"wp:attachment":[{"href":"https:\/\/shop.a1records.de\/en\/wp-json\/wp\/v2\/media?parent=317"}],"wp:term":[{"taxonomy":"product_brand","embeddable":true,"href":"https:\/\/shop.a1records.de\/en\/wp-json\/wp\/v2\/product_brand?post=317"},{"taxonomy":"product_cat","embeddable":true,"href":"https:\/\/shop.a1records.de\/en\/wp-json\/wp\/v2\/product_cat?post=317"},{"taxonomy":"product_tag","embeddable":true,"href":"https:\/\/shop.a1records.de\/en\/wp-json\/wp\/v2\/product_tag?post=317"}],"curies":[{"name":"wp","href":"https:\/\/api.w.org\/{rel}","templated":true}]}}