{"id":123,"date":"2019-12-28T11:22:10","date_gmt":"2019-12-28T11:22:10","guid":{"rendered":"https:\/\/shop.a1records.de\/neu\/?post_type=product&#038;p=123"},"modified":"2026-01-31T20:31:54","modified_gmt":"2026-01-31T20:31:54","slug":"fairground-distractions","status":"publish","type":"product","link":"https:\/\/shop.a1records.de\/en\/product\/fairground-distractions\/","title":{"rendered":"Fairground Distractions &#8211; CD"},"content":{"rendered":"<p align=\"JUSTIFY\"><span style=\"color: #262626;\"><span style=\"font-family: Cambria;\"><span style=\"font-size: small;\">Zwischen Himmel und Erde passieren viele unterschiedliche Dinge, die niemand erkl\u00e4ren kann. Unter anderem wie <\/span><\/span><\/span><span style=\"color: #262626;\"><span style=\"font-family: Cambria;\"><span style=\"font-size: small;\"><b>Robert Carl Blank<\/b><\/span><\/span><\/span><span style=\"color: #262626;\"><span style=\"font-family: Cambria;\"><span style=\"font-size: small;\"> es alleine nur mit seiner Gitarre und Stimme schafft, eine Masse von mehr als 1000 Menschen so zu verzaubern, als w\u00fcrde er f\u00fcr jeden einzelnen singen. Der Konzertbesucher vergisst einen Abend mit dem sym\u00adpa\u00adthi\u00adschen Fallschirmspringer aus Hamburg nur schwer, nachdem seine Songs einmal den Weg in den Geh\u00f6rgang gefunden haben. Robert ist einziges lebendes Road\u00admovie, der in seinen Liedern seine Erfahrung wiedergibt und das Frei\u00adheits\u00adgef\u00fchl mit jeder Pore ausstrahlt. Mr. Blank ist der Prototyp der neuen Generation von Songwritern, die ein aufre\u00adgendes, spannendes und freies Leben f\u00fchren und ihre Erfahrungen teilen wollen.<\/span><\/span><\/span><\/p>\n<p align=\"JUSTIFY\"><span style=\"color: #262626;\">\u201e<span style=\"font-family: Cambria;\"><span style=\"font-size: small;\"><i>Welcome all you volunteers, jokers, clowns and puppeteers\u201c <\/i><\/span><\/span><\/span><span style=\"color: #262626;\"><span style=\"font-family: Cambria;\"><span style=\"font-size: small;\">hei\u00dft es gleich in der ersten Zeile seines neuen Albums <\/span><\/span><\/span><span style=\"color: #262626;\"><span style=\"font-family: Cambria;\"><span style=\"font-size: small;\"><b>\u201eFairground Distractions\u201c<\/b><\/span><\/span><\/span><span style=\"color: #262626;\"><span style=\"font-family: Cambria;\"><span style=\"font-size: small;\">, das im Herbst 2016 auf den Markt kommt. Robert macht hier ein gro\u00dfes emotionales Fass auf: Ein Album \u00fcber die Liebe zum Leben in seiner ganzen Unvorhersehbarkeit &#8211; die gro\u00dfe Frei\u00adheit gepaart mit bitter-s\u00fc\u00dfen R\u00fcckblicken. Es ist aber auch ein Album \u00fcber Entscheidungen im Leben ge\u00adworden. Das Album zeigt wieder ein\u00admal, wie gro\u00df das Talent dieses Mannes ist, einfach gute Songs zu schreiben und zu interpretieren. Im Gegensatz zum letzten Album ist der Sound hier 60er Jahre Pop mit vielen An\u00adleihen bei den Gro\u00dfen der Zeit. Den Hamburger mit den tschechischen Wurzeln interessieren keine Schubladen, da ihm das Leben in seiner ganzen Vielfalt daf\u00fcr viel zu schade w\u00e4re. Der inzwischen schon inflation\u00e4r gehandelte Titel des \u201eSinger\/Songwriters\u201c ist bei Robert daher auch nur reine Nomenklatur, denn der Pops\u00e4nger und Songschmied ist viel mehr als das. Er ist ein rastloser und leiden\u00adschaft\u00adlicher Idealist, der sich f\u00fcr ein kompromissloses Musikerleben entschieden hat. <\/span><\/span><\/span><\/p>","protected":false},"excerpt":{"rendered":"<p>Zwischen Himmel und Erde passieren viele unterschiedliche Dinge, die niemand erkl\u00e4ren kann. Unter anderem wie Robert Carl Blank es alleine nur mit seiner Gitarre und Stimme schafft, eine Masse von mehr als 1000 Menschen so zu verzaubern, als w\u00fcrde er f\u00fcr jeden einzelnen singen. Der Konzertbesucher vergisst einen Abend mit dem sym\u00adpa\u00adthi\u00adschen Fallschirmspringer aus Hamburg &hellip; <\/p>\n<p class=\"link-more\"><a href=\"https:\/\/shop.a1records.de\/en\/product\/fairground-distractions\/\" class=\"more-link\">Continue reading<span class=\"screen-reader-text\"> &#8222;Fairground Distractions &#8211; CD&#8220;<\/span><\/a><\/p>","protected":false},"featured_media":124,"comment_status":"closed","ping_status":"closed","template":"","meta":[],"product_brand":[],"product_cat":[16,49],"product_tag":[],"class_list":{"0":"post-123","1":"product","2":"type-product","3":"status-publish","4":"has-post-thumbnail","6":"product_cat-cd","7":"product_cat-robert-carl-blank","8":"product_shipping_class-cds","10":"first","11":"instock","12":"taxable","13":"shipping-taxable","14":"purchasable","15":"product-type-simple"},"yoast_head":"<!-- This site is optimized with the Yoast SEO plugin v23.7 - https:\/\/yoast.com\/wordpress\/plugins\/seo\/ -->\n<title>Fairground Distractions - CD - A1 Records-Shop<\/title>\n<meta name=\"robots\" content=\"index, follow, max-snippet:-1, max-image-preview:large, max-video-preview:-1\" \/>\n<link rel=\"canonical\" href=\"https:\/\/shop.a1records.de\/en\/product\/fairground-distractions\/\" \/>\n<meta property=\"og:locale\" content=\"en_GB\" \/>\n<meta property=\"og:type\" content=\"article\" \/>\n<meta property=\"og:title\" content=\"Fairground Distractions - CD - A1 Records-Shop\" \/>\n<meta property=\"og:description\" content=\"Zwischen Himmel und Erde passieren viele unterschiedliche Dinge, die niemand erkl\u00e4ren kann. Unter anderem wie Robert Carl Blank es alleine nur mit seiner Gitarre und Stimme schafft, eine Masse von mehr als 1000 Menschen so zu verzaubern, als w\u00fcrde er f\u00fcr jeden einzelnen singen. Der Konzertbesucher vergisst einen Abend mit dem sym\u00adpa\u00adthi\u00adschen Fallschirmspringer aus Hamburg &hellip; Continue reading &quot;Fairground Distractions &#8211; CD&quot;\" \/>\n<meta property=\"og:url\" content=\"https:\/\/shop.a1records.de\/en\/product\/fairground-distractions\/\" \/>\n<meta property=\"og:site_name\" content=\"A1 Records-Shop\" \/>\n<meta property=\"article:modified_time\" content=\"2026-01-31T20:31:54+00:00\" \/>\n<meta property=\"og:image\" content=\"https:\/\/shop.a1records.de\/wp-content\/uploads\/2019\/12\/Robert_Carl_Blank_Front_Cover_CD-1024x1024.jpg\" \/>\n\t<meta property=\"og:image:width\" content=\"1024\" \/>\n\t<meta property=\"og:image:height\" content=\"1024\" \/>\n\t<meta property=\"og:image:type\" content=\"image\/jpeg\" \/>\n<meta name=\"twitter:card\" content=\"summary_large_image\" \/>\n<meta name=\"twitter:label1\" content=\"Estimated reading time\" \/>\n\t<meta name=\"twitter:data1\" content=\"2 minutes\" \/>\n<script type=\"application\/ld+json\" class=\"yoast-schema-graph\">{\"@context\":\"https:\/\/schema.org\",\"@graph\":[{\"@type\":\"WebPage\",\"@id\":\"https:\/\/shop.a1records.de\/en\/product\/fairground-distractions\/\",\"url\":\"https:\/\/shop.a1records.de\/en\/product\/fairground-distractions\/\",\"name\":\"Fairground Distractions - CD - A1 Records-Shop\",\"isPartOf\":{\"@id\":\"https:\/\/shop.a1records.de\/en\/#website\"},\"primaryImageOfPage\":{\"@id\":\"https:\/\/shop.a1records.de\/en\/product\/fairground-distractions\/#primaryimage\"},\"image\":{\"@id\":\"https:\/\/shop.a1records.de\/en\/product\/fairground-distractions\/#primaryimage\"},\"thumbnailUrl\":\"https:\/\/shop.a1records.de\/wp-content\/uploads\/2019\/12\/Robert_Carl_Blank_Front_Cover_CD.jpg\",\"datePublished\":\"2019-12-28T11:22:10+00:00\",\"dateModified\":\"2026-01-31T20:31:54+00:00\",\"breadcrumb\":{\"@id\":\"https:\/\/shop.a1records.de\/en\/product\/fairground-distractions\/#breadcrumb\"},\"inLanguage\":\"en-GB\",\"potentialAction\":[{\"@type\":\"ReadAction\",\"target\":[\"https:\/\/shop.a1records.de\/en\/product\/fairground-distractions\/\"]}]},{\"@type\":\"ImageObject\",\"inLanguage\":\"en-GB\",\"@id\":\"https:\/\/shop.a1records.de\/en\/product\/fairground-distractions\/#primaryimage\",\"url\":\"https:\/\/shop.a1records.de\/wp-content\/uploads\/2019\/12\/Robert_Carl_Blank_Front_Cover_CD.jpg\",\"contentUrl\":\"https:\/\/shop.a1records.de\/wp-content\/uploads\/2019\/12\/Robert_Carl_Blank_Front_Cover_CD.jpg\",\"width\":3000,\"height\":3000},{\"@type\":\"BreadcrumbList\",\"@id\":\"https:\/\/shop.a1records.de\/en\/product\/fairground-distractions\/#breadcrumb\",\"itemListElement\":[{\"@type\":\"ListItem\",\"position\":1,\"name\":\"Home\",\"item\":\"https:\/\/shop.a1records.de\/en\/\"},{\"@type\":\"ListItem\",\"position\":2,\"name\":\"Shop\",\"item\":\"https:\/\/shop.a1records.de\/en\/\"},{\"@type\":\"ListItem\",\"position\":3,\"name\":\"Fairground Distractions &#8211; CD\"}]},{\"@type\":\"WebSite\",\"@id\":\"https:\/\/shop.a1records.de\/en\/#website\",\"url\":\"https:\/\/shop.a1records.de\/en\/\",\"name\":\"A1 Records-Shop\",\"description\":\"\",\"potentialAction\":[{\"@type\":\"SearchAction\",\"target\":{\"@type\":\"EntryPoint\",\"urlTemplate\":\"https:\/\/shop.a1records.de\/en\/?s={search_term_string}\"},\"query-input\":{\"@type\":\"PropertyValueSpecification\",\"valueRequired\":true,\"valueName\":\"search_term_string\"}}],\"inLanguage\":\"en-GB\"}]}<\/script>\n<!-- \/ Yoast SEO plugin. -->","yoast_head_json":{"title":"Fairground Distractions - CD - A1 Records-Shop","robots":{"index":"index","follow":"follow","max-snippet":"max-snippet:-1","max-image-preview":"max-image-preview:large","max-video-preview":"max-video-preview:-1"},"canonical":"https:\/\/shop.a1records.de\/en\/product\/fairground-distractions\/","og_locale":"en_GB","og_type":"article","og_title":"Fairground Distractions - CD - A1 Records-Shop","og_description":"Zwischen Himmel und Erde passieren viele unterschiedliche Dinge, die niemand erkl\u00e4ren kann. Unter anderem wie Robert Carl Blank es alleine nur mit seiner Gitarre und Stimme schafft, eine Masse von mehr als 1000 Menschen so zu verzaubern, als w\u00fcrde er f\u00fcr jeden einzelnen singen. Der Konzertbesucher vergisst einen Abend mit dem sym\u00adpa\u00adthi\u00adschen Fallschirmspringer aus Hamburg &hellip; Continue reading \"Fairground Distractions &#8211; CD\"","og_url":"https:\/\/shop.a1records.de\/en\/product\/fairground-distractions\/","og_site_name":"A1 Records-Shop","article_modified_time":"2026-01-31T20:31:54+00:00","og_image":[{"width":1024,"height":1024,"url":"https:\/\/shop.a1records.de\/wp-content\/uploads\/2019\/12\/Robert_Carl_Blank_Front_Cover_CD-1024x1024.jpg","type":"image\/jpeg"}],"twitter_card":"summary_large_image","twitter_misc":{"Estimated reading time":"2 minutes"},"schema":{"@context":"https:\/\/schema.org","@graph":[{"@type":"WebPage","@id":"https:\/\/shop.a1records.de\/en\/product\/fairground-distractions\/","url":"https:\/\/shop.a1records.de\/en\/product\/fairground-distractions\/","name":"Fairground Distractions - CD - A1 Records-Shop","isPartOf":{"@id":"https:\/\/shop.a1records.de\/en\/#website"},"primaryImageOfPage":{"@id":"https:\/\/shop.a1records.de\/en\/product\/fairground-distractions\/#primaryimage"},"image":{"@id":"https:\/\/shop.a1records.de\/en\/product\/fairground-distractions\/#primaryimage"},"thumbnailUrl":"https:\/\/shop.a1records.de\/wp-content\/uploads\/2019\/12\/Robert_Carl_Blank_Front_Cover_CD.jpg","datePublished":"2019-12-28T11:22:10+00:00","dateModified":"2026-01-31T20:31:54+00:00","breadcrumb":{"@id":"https:\/\/shop.a1records.de\/en\/product\/fairground-distractions\/#breadcrumb"},"inLanguage":"en-GB","potentialAction":[{"@type":"ReadAction","target":["https:\/\/shop.a1records.de\/en\/product\/fairground-distractions\/"]}]},{"@type":"ImageObject","inLanguage":"en-GB","@id":"https:\/\/shop.a1records.de\/en\/product\/fairground-distractions\/#primaryimage","url":"https:\/\/shop.a1records.de\/wp-content\/uploads\/2019\/12\/Robert_Carl_Blank_Front_Cover_CD.jpg","contentUrl":"https:\/\/shop.a1records.de\/wp-content\/uploads\/2019\/12\/Robert_Carl_Blank_Front_Cover_CD.jpg","width":3000,"height":3000},{"@type":"BreadcrumbList","@id":"https:\/\/shop.a1records.de\/en\/product\/fairground-distractions\/#breadcrumb","itemListElement":[{"@type":"ListItem","position":1,"name":"Home","item":"https:\/\/shop.a1records.de\/en\/"},{"@type":"ListItem","position":2,"name":"Shop","item":"https:\/\/shop.a1records.de\/en\/"},{"@type":"ListItem","position":3,"name":"Fairground Distractions &#8211; CD"}]},{"@type":"WebSite","@id":"https:\/\/shop.a1records.de\/en\/#website","url":"https:\/\/shop.a1records.de\/en\/","name":"A1 Records-Shop","description":"","potentialAction":[{"@type":"SearchAction","target":{"@type":"EntryPoint","urlTemplate":"https:\/\/shop.a1records.de\/en\/?s={search_term_string}"},"query-input":{"@type":"PropertyValueSpecification","valueRequired":true,"valueName":"search_term_string"}}],"inLanguage":"en-GB"}]}},"_links":{"self":[{"href":"https:\/\/shop.a1records.de\/en\/wp-json\/wp\/v2\/product\/123"}],"collection":[{"href":"https:\/\/shop.a1records.de\/en\/wp-json\/wp\/v2\/product"}],"about":[{"href":"https:\/\/shop.a1records.de\/en\/wp-json\/wp\/v2\/types\/product"}],"replies":[{"embeddable":true,"href":"https:\/\/shop.a1records.de\/en\/wp-json\/wp\/v2\/comments?post=123"}],"wp:featuredmedia":[{"embeddable":true,"href":"https:\/\/shop.a1records.de\/en\/wp-json\/wp\/v2\/media\/124"}],"wp:attachment":[{"href":"https:\/\/shop.a1records.de\/en\/wp-json\/wp\/v2\/media?parent=123"}],"wp:term":[{"taxonomy":"product_brand","embeddable":true,"href":"https:\/\/shop.a1records.de\/en\/wp-json\/wp\/v2\/product_brand?post=123"},{"taxonomy":"product_cat","embeddable":true,"href":"https:\/\/shop.a1records.de\/en\/wp-json\/wp\/v2\/product_cat?post=123"},{"taxonomy":"product_tag","embeddable":true,"href":"https:\/\/shop.a1records.de\/en\/wp-json\/wp\/v2\/product_tag?post=123"}],"curies":[{"name":"wp","href":"https:\/\/api.w.org\/{rel}","templated":true}]}}