{"id":119,"date":"2019-12-18T23:06:30","date_gmt":"2019-12-18T23:06:30","guid":{"rendered":"https:\/\/shop.a1records.de\/neu\/?post_type=product&#038;p=119"},"modified":"2024-11-03T14:20:04","modified_gmt":"2024-11-03T14:20:04","slug":"martin-engelien-go-music-two","status":"publish","type":"product","link":"https:\/\/shop.a1records.de\/en\/product\/martin-engelien-go-music-two\/","title":{"rendered":"Martin Engelien &#8211; GO MUSIC TWO"},"content":{"rendered":"<p><span style=\"font-family: Verdana, sans-serif\"><span style=\"font-size: xx-small\">Emotionen, Passion, Hingabe, Leidenschaft, Virtuosit\u00e4t und die Lust auf Improvisation sind nur einige herausragende Merkmale eines Go Music-Konzerts. Diese Qualit\u00e4ten lassen sich auch auf der zweiten Ausgabe eines Go Music-Tontr\u00e4gers nachvollziehen, erleben oder vielleicht auch neu entdecken. Ohne Zweifel ist diese Session, vom Organisator Martin Engelien ins Leben gerufen, schon lange eine musikalische Institution. Man kann bei den monatlich stattfindenden Auftritten bekannte\/ber\u00fchmte K\u00fcnstler\/K\u00fcnstlerinnen hautnah erleben. Diese Atmosph\u00e4re und ausgelassenen Stimmung auf und vor der B\u00fchne l\u00e4sst sich auch mit dieser CD wieder pr\u00e4chtig erleben.<\/span><\/span><\/p>\n<p><span style=\"font-family: Verdana, sans-serif\"><span style=\"font-size: xx-small\">Nach &#8222;One&#8220; geht es auf &#8222;Two&#8220; einen deutlichen Schritt n\u00e4her in die Gegenwart. Die in verschiedenen Locations der Tour mitgeschnittenen Songs stammen allesamt aus den Jahren 2012 beziehungsweise 2013. Ein Faktor ist im wahrsten Sinn des Wortes immer im Spiel. Der ber\u00fchmte Funke, ohne den eine Live-Performance erst zu dem wird, was sich Musiker und Zuschauer w\u00fcnschen, springt stante pede \u00fcber. Die Begeisterung des Publikums ist die Motivation der K\u00fcnstler, alles (und oft) noch mehr zu geben.<\/span><\/span><\/p>\n<p><span style=\"font-family: Verdana, sans-serif\"><span style=\"font-size: xx-small\">Alle zehn ausgew\u00e4hlten Nummern verf\u00fcgen \u00fcber ein unverkennbares Siegel &#8230; sie sind immer &#8218;unvorherh\u00f6rbar&#8216;, wie Martin Engelien es bezeichnet. Genau dieses Unvorhersehbare macht jedes Konzert\/jeden Song zu einem von der k\u00fcnstlerischen Fantasie angetriebenen, einzigartigen Erlebnis. Dar\u00fcber hinaus pr\u00e4gen die unterschiedlichen musikalischen Heimaten der K\u00fcnstler den weit gefassten Rahmen der Kompositionen, die durch feinf\u00fchlige H\u00e4nde in zum Teil ganz anderen Genres platziert werden, wobei alleine schon die Stil-Herkunft der Lieder beeindruckend vielf\u00e4ltig ist.<\/span><\/span><\/p>\n<p><span style=\"font-family: Verdana, sans-serif\"><span style=\"font-size: xx-small\">&#8222;Two&#8220; wartet mit einer breiten Palette von ganz verschiedenartigen Songs auf. Da steht der Funk neben dem Rock und der Blues ist ein Nachbar vom Soul. Die Lieder erhalten durch die ausgepr\u00e4gte Individualit\u00e4t der Musiker und S\u00e4nger einen Stempel der Einmaligkeit. Mit dem &#8222;One&#8220;-Nachfolger setzt man den einmal eingeschlagenen, erfolgreichen Weg fort, Ausz\u00fcge der unz\u00e4hligen Konzerte f\u00fcr die vielen Fans verf\u00fcgbar zu machen. Man bekommt Musik pur, unverf\u00e4lscht und handgemacht auf einem klanglich reichhaltig dekorierten Tablett serviert. So steht das Ziel der Freude am H\u00f6ren nicht nur im Vordergrund, sondern wird auch auf \u00fcberzeugende Art und Weise erreicht.<\/span><\/span><\/p>\n<p><span style=\"font-family: Verdana, sans-serif\"><span style=\"font-size: xx-small\">Mitwirkende Musiker: (In Alphabetischer Reihenfolge)<\/span><\/span><\/p>\n<p><span style=\"font-family: Verdana, sans-serif\"><span style=\"font-size: xx-small\">Alexander Beyrodt, Amanda Somerville, Bene Neuner, Benni Bilgeri, Berni Bovens, Chris Kramer, David Readman, Dennis Hormes, Der Schrader, Dieter Steinmann, Dirk Brand, Florian Br\u00fcning, Gil Edwards, Glen Turner, J\u00fcrgen Scholz, Kevin Bents, Mel Gaynor, Sebastian Gro\u00df, Shanai, Svenja Schmidt, Sylvia Gonz\u00e1lez Bol\u00edvar, Thomas Blug, Thomas Heinz<\/span><\/span><\/p>","protected":false},"excerpt":{"rendered":"<p>Emotionen, Passion, Hingabe, Leidenschaft, Virtuosit\u00e4t und die Lust auf Improvisation sind nur einige herausragende Merkmale eines Go Music-Konzerts. Diese Qualit\u00e4ten lassen sich auch auf der zweiten Ausgabe eines Go Music-Tontr\u00e4gers nachvollziehen, erleben oder vielleicht auch neu entdecken. Ohne Zweifel ist diese Session, vom Organisator Martin Engelien ins Leben gerufen, schon lange eine musikalische Institution. Man &hellip; <\/p>\n<p class=\"link-more\"><a href=\"https:\/\/shop.a1records.de\/en\/product\/martin-engelien-go-music-two\/\" class=\"more-link\">Continue reading<span class=\"screen-reader-text\"> &#8222;Martin Engelien &#8211; GO MUSIC TWO&#8220;<\/span><\/a><\/p>","protected":false},"featured_media":118,"comment_status":"closed","ping_status":"closed","template":"","meta":[],"product_brand":[],"product_cat":[16,41,38,50,39],"product_tag":[],"class_list":{"0":"post-119","1":"product","2":"type-product","3":"status-publish","4":"has-post-thumbnail","6":"product_cat-cd","7":"product_cat-dennis-hormes","8":"product_cat-gil-edwards","9":"product_cat-go-music","10":"product_cat-martin-engelien","11":"product_shipping_class-cds","13":"first","14":"instock","15":"taxable","16":"shipping-taxable","17":"purchasable","18":"product-type-simple"},"yoast_head":"<!-- This site is optimized with the Yoast SEO plugin v23.7 - https:\/\/yoast.com\/wordpress\/plugins\/seo\/ -->\n<title>Martin Engelien - GO MUSIC TWO - A1 Records-Shop<\/title>\n<meta name=\"robots\" content=\"index, follow, max-snippet:-1, max-image-preview:large, max-video-preview:-1\" \/>\n<link rel=\"canonical\" href=\"https:\/\/shop.a1records.de\/en\/product\/martin-engelien-go-music-two\/\" \/>\n<meta property=\"og:locale\" content=\"en_GB\" \/>\n<meta property=\"og:type\" content=\"article\" \/>\n<meta property=\"og:title\" content=\"Martin Engelien - GO MUSIC TWO - A1 Records-Shop\" \/>\n<meta property=\"og:description\" content=\"Emotionen, Passion, Hingabe, Leidenschaft, Virtuosit\u00e4t und die Lust auf Improvisation sind nur einige herausragende Merkmale eines Go Music-Konzerts. Diese Qualit\u00e4ten lassen sich auch auf der zweiten Ausgabe eines Go Music-Tontr\u00e4gers nachvollziehen, erleben oder vielleicht auch neu entdecken. Ohne Zweifel ist diese Session, vom Organisator Martin Engelien ins Leben gerufen, schon lange eine musikalische Institution. Man &hellip; Continue reading &quot;Martin Engelien &#8211; GO MUSIC TWO&quot;\" \/>\n<meta property=\"og:url\" content=\"https:\/\/shop.a1records.de\/en\/product\/martin-engelien-go-music-two\/\" \/>\n<meta property=\"og:site_name\" content=\"A1 Records-Shop\" \/>\n<meta property=\"article:modified_time\" content=\"2024-11-03T14:20:04+00:00\" \/>\n<meta property=\"og:image\" content=\"https:\/\/shop.a1records.de\/wp-content\/uploads\/2019\/12\/Cover1.jpg\" \/>\n\t<meta property=\"og:image:width\" content=\"1500\" \/>\n\t<meta property=\"og:image:height\" content=\"1500\" \/>\n\t<meta property=\"og:image:type\" content=\"image\/jpeg\" \/>\n<meta name=\"twitter:card\" content=\"summary_large_image\" \/>\n<meta name=\"twitter:label1\" content=\"Estimated reading time\" \/>\n\t<meta name=\"twitter:data1\" content=\"2 minutes\" \/>\n<script type=\"application\/ld+json\" class=\"yoast-schema-graph\">{\"@context\":\"https:\/\/schema.org\",\"@graph\":[{\"@type\":\"WebPage\",\"@id\":\"https:\/\/shop.a1records.de\/produkt\/martin-engelien-go-music-two\/\",\"url\":\"https:\/\/shop.a1records.de\/produkt\/martin-engelien-go-music-two\/\",\"name\":\"Martin Engelien - GO MUSIC TWO - A1 Records-Shop\",\"isPartOf\":{\"@id\":\"https:\/\/shop.a1records.de\/en\/#website\"},\"primaryImageOfPage\":{\"@id\":\"https:\/\/shop.a1records.de\/produkt\/martin-engelien-go-music-two\/#primaryimage\"},\"image\":{\"@id\":\"https:\/\/shop.a1records.de\/produkt\/martin-engelien-go-music-two\/#primaryimage\"},\"thumbnailUrl\":\"https:\/\/shop.a1records.de\/wp-content\/uploads\/2019\/12\/Cover1.jpg\",\"datePublished\":\"2019-12-18T23:06:30+00:00\",\"dateModified\":\"2024-11-03T14:20:04+00:00\",\"breadcrumb\":{\"@id\":\"https:\/\/shop.a1records.de\/produkt\/martin-engelien-go-music-two\/#breadcrumb\"},\"inLanguage\":\"en-GB\",\"potentialAction\":[{\"@type\":\"ReadAction\",\"target\":[\"https:\/\/shop.a1records.de\/produkt\/martin-engelien-go-music-two\/\"]}]},{\"@type\":\"ImageObject\",\"inLanguage\":\"en-GB\",\"@id\":\"https:\/\/shop.a1records.de\/produkt\/martin-engelien-go-music-two\/#primaryimage\",\"url\":\"https:\/\/shop.a1records.de\/wp-content\/uploads\/2019\/12\/Cover1.jpg\",\"contentUrl\":\"https:\/\/shop.a1records.de\/wp-content\/uploads\/2019\/12\/Cover1.jpg\",\"width\":1500,\"height\":1500},{\"@type\":\"BreadcrumbList\",\"@id\":\"https:\/\/shop.a1records.de\/produkt\/martin-engelien-go-music-two\/#breadcrumb\",\"itemListElement\":[{\"@type\":\"ListItem\",\"position\":1,\"name\":\"Home\",\"item\":\"https:\/\/shop.a1records.de\/en\/\"},{\"@type\":\"ListItem\",\"position\":2,\"name\":\"Shop\",\"item\":\"https:\/\/shop.a1records.de\/en\/\"},{\"@type\":\"ListItem\",\"position\":3,\"name\":\"Martin Engelien &#8211; GO MUSIC TWO\"}]},{\"@type\":\"WebSite\",\"@id\":\"https:\/\/shop.a1records.de\/en\/#website\",\"url\":\"https:\/\/shop.a1records.de\/en\/\",\"name\":\"A1 Records-Shop\",\"description\":\"\",\"potentialAction\":[{\"@type\":\"SearchAction\",\"target\":{\"@type\":\"EntryPoint\",\"urlTemplate\":\"https:\/\/shop.a1records.de\/en\/?s={search_term_string}\"},\"query-input\":{\"@type\":\"PropertyValueSpecification\",\"valueRequired\":true,\"valueName\":\"search_term_string\"}}],\"inLanguage\":\"en-GB\"}]}<\/script>\n<!-- \/ Yoast SEO plugin. -->","yoast_head_json":{"title":"Martin Engelien - GO MUSIC TWO - A1 Records-Shop","robots":{"index":"index","follow":"follow","max-snippet":"max-snippet:-1","max-image-preview":"max-image-preview:large","max-video-preview":"max-video-preview:-1"},"canonical":"https:\/\/shop.a1records.de\/en\/product\/martin-engelien-go-music-two\/","og_locale":"en_GB","og_type":"article","og_title":"Martin Engelien - GO MUSIC TWO - A1 Records-Shop","og_description":"Emotionen, Passion, Hingabe, Leidenschaft, Virtuosit\u00e4t und die Lust auf Improvisation sind nur einige herausragende Merkmale eines Go Music-Konzerts. Diese Qualit\u00e4ten lassen sich auch auf der zweiten Ausgabe eines Go Music-Tontr\u00e4gers nachvollziehen, erleben oder vielleicht auch neu entdecken. Ohne Zweifel ist diese Session, vom Organisator Martin Engelien ins Leben gerufen, schon lange eine musikalische Institution. Man &hellip; Continue reading \"Martin Engelien &#8211; GO MUSIC TWO\"","og_url":"https:\/\/shop.a1records.de\/en\/product\/martin-engelien-go-music-two\/","og_site_name":"A1 Records-Shop","article_modified_time":"2024-11-03T14:20:04+00:00","og_image":[{"width":1500,"height":1500,"url":"https:\/\/shop.a1records.de\/wp-content\/uploads\/2019\/12\/Cover1.jpg","type":"image\/jpeg"}],"twitter_card":"summary_large_image","twitter_misc":{"Estimated reading time":"2 minutes"},"schema":{"@context":"https:\/\/schema.org","@graph":[{"@type":"WebPage","@id":"https:\/\/shop.a1records.de\/produkt\/martin-engelien-go-music-two\/","url":"https:\/\/shop.a1records.de\/produkt\/martin-engelien-go-music-two\/","name":"Martin Engelien - GO MUSIC TWO - A1 Records-Shop","isPartOf":{"@id":"https:\/\/shop.a1records.de\/en\/#website"},"primaryImageOfPage":{"@id":"https:\/\/shop.a1records.de\/produkt\/martin-engelien-go-music-two\/#primaryimage"},"image":{"@id":"https:\/\/shop.a1records.de\/produkt\/martin-engelien-go-music-two\/#primaryimage"},"thumbnailUrl":"https:\/\/shop.a1records.de\/wp-content\/uploads\/2019\/12\/Cover1.jpg","datePublished":"2019-12-18T23:06:30+00:00","dateModified":"2024-11-03T14:20:04+00:00","breadcrumb":{"@id":"https:\/\/shop.a1records.de\/produkt\/martin-engelien-go-music-two\/#breadcrumb"},"inLanguage":"en-GB","potentialAction":[{"@type":"ReadAction","target":["https:\/\/shop.a1records.de\/produkt\/martin-engelien-go-music-two\/"]}]},{"@type":"ImageObject","inLanguage":"en-GB","@id":"https:\/\/shop.a1records.de\/produkt\/martin-engelien-go-music-two\/#primaryimage","url":"https:\/\/shop.a1records.de\/wp-content\/uploads\/2019\/12\/Cover1.jpg","contentUrl":"https:\/\/shop.a1records.de\/wp-content\/uploads\/2019\/12\/Cover1.jpg","width":1500,"height":1500},{"@type":"BreadcrumbList","@id":"https:\/\/shop.a1records.de\/produkt\/martin-engelien-go-music-two\/#breadcrumb","itemListElement":[{"@type":"ListItem","position":1,"name":"Home","item":"https:\/\/shop.a1records.de\/en\/"},{"@type":"ListItem","position":2,"name":"Shop","item":"https:\/\/shop.a1records.de\/en\/"},{"@type":"ListItem","position":3,"name":"Martin Engelien &#8211; GO MUSIC TWO"}]},{"@type":"WebSite","@id":"https:\/\/shop.a1records.de\/en\/#website","url":"https:\/\/shop.a1records.de\/en\/","name":"A1 Records-Shop","description":"","potentialAction":[{"@type":"SearchAction","target":{"@type":"EntryPoint","urlTemplate":"https:\/\/shop.a1records.de\/en\/?s={search_term_string}"},"query-input":{"@type":"PropertyValueSpecification","valueRequired":true,"valueName":"search_term_string"}}],"inLanguage":"en-GB"}]}},"_links":{"self":[{"href":"https:\/\/shop.a1records.de\/en\/wp-json\/wp\/v2\/product\/119"}],"collection":[{"href":"https:\/\/shop.a1records.de\/en\/wp-json\/wp\/v2\/product"}],"about":[{"href":"https:\/\/shop.a1records.de\/en\/wp-json\/wp\/v2\/types\/product"}],"replies":[{"embeddable":true,"href":"https:\/\/shop.a1records.de\/en\/wp-json\/wp\/v2\/comments?post=119"}],"wp:featuredmedia":[{"embeddable":true,"href":"https:\/\/shop.a1records.de\/en\/wp-json\/wp\/v2\/media\/118"}],"wp:attachment":[{"href":"https:\/\/shop.a1records.de\/en\/wp-json\/wp\/v2\/media?parent=119"}],"wp:term":[{"taxonomy":"product_brand","embeddable":true,"href":"https:\/\/shop.a1records.de\/en\/wp-json\/wp\/v2\/product_brand?post=119"},{"taxonomy":"product_cat","embeddable":true,"href":"https:\/\/shop.a1records.de\/en\/wp-json\/wp\/v2\/product_cat?post=119"},{"taxonomy":"product_tag","embeddable":true,"href":"https:\/\/shop.a1records.de\/en\/wp-json\/wp\/v2\/product_tag?post=119"}],"curies":[{"name":"wp","href":"https:\/\/api.w.org\/{rel}","templated":true}]}}