{"id":43,"date":"2019-03-28T21:01:39","date_gmt":"2019-03-28T21:01:39","guid":{"rendered":"https:\/\/shop.a1records.de\/neu\/?page_id=43"},"modified":"2019-03-28T21:01:44","modified_gmt":"2019-03-28T21:01:44","slug":"datenschutzerklaerung","status":"publish","type":"page","link":"https:\/\/shop.a1records.de\/en\/datenschutzerklaerung\/","title":{"rendered":"Privacy Policy"},"content":{"rendered":"<p>\nMartin Engelien<br>\nA1 Records<br>\nStadtgarten 10<br>\n47798 Krefeld<br><br>\ninfo(at)a1records(dot)de<br><br>\nTel. +49 (0)2151-654852<br><br><br><strong>Geltungsbereich<\/strong><br><br>\nDiese Datenschutzerkl\u00e4rung kl\u00e4rt Nutzer \u00fcber die Art, den Umfang und \nZwecke der Erhebung und Verwendung personenbezogener Daten durch den \nverantwortlichen Anbieter Gesch\u00e4ftsangaben auf dieser Website (im \nfolgenden \u201cAngebot\u201d) auf.<br>\nDie rechtlichen Grundlagen des Datenschutzes finden sich im Bundesdatenschutzgesetz (BDSG) und dem Telemediengesetz (TMG).<br><br><br><strong>Datenschutz<\/strong><br><br>\nDie Betreiber dieser Seiten nehmen den Schutz Ihrer pers\u00f6nlichen Daten \nsehr ernst. Wir behandeln Ihre personenbezogenen Daten vertraulich und \nentsprechend der gesetzlichen Datenschutzvorschriften sowie dieser \nDatenschutzerkl\u00e4rung.<br>\nDie Nutzung unserer Webseite ist in der Regel ohne Angabe \npersonenbezogener Daten m\u00f6glich. Soweit auf unseren Seiten \npersonenbezogene Daten (beispielsweise Name, Anschrift oder \nE-Mail-Adressen) erhoben werden, erfolgt dies, soweit m\u00f6glich, stets auf\n freiwilliger Basis. Diese Daten werden ohne Ihre ausdr\u00fcckliche \nZustimmung nicht an Dritte weitergegeben.<br>\nWir weisen darauf hin, dass die Daten\u00fcbertragung im Internet (z. B. bei \nder Kommunikation per E-Mail) Sicherheitsl\u00fccken aufweisen kann. Ein \nl\u00fcckenloser Schutz der Daten vor dem Zugriff durch Dritte ist nicht \nm\u00f6glich.<br><br><strong>Cookies<\/strong><br><br>\nDie Internetseiten verwenden teilweise so genannte Cookies. Cookies \nrichten auf Ihrem Rechner keinen Schaden an und enthalten keine Viren. \nCookies dienen dazu, unser Angebot nutzerfreundlicher, effektiver und \nsicherer zu machen. Cookies sind kleine Textdateien, die auf Ihrem \nRechner abgelegt werden und die Ihr Browser speichert.<br>\nDie meisten der von uns verwendeten Cookies sind so genannte \n\u201eSession-Cookies\u201c. Sie werden nach Ende Ihres Besuchs automatisch \ngel\u00f6scht. Andere Cookies bleiben auf Ihrem Endger\u00e4t gespeichert, bis Sie\n diese l\u00f6schen. Diese Cookies erm\u00f6glichen es uns, Ihren Browser beim \nn\u00e4chsten Besuch wiederzuerkennen.<br>\nSie k\u00f6nnen Ihren Browser so einstellen, dass Sie \u00fcber das Setzen von \nCookies informiert werden und Cookies nur im Einzelfall erlauben, die \nAnnahme von Cookies f\u00fcr bestimmte F\u00e4lle oder generell ausschlie\u00dfen sowie\n das automatische L\u00f6schen der Cookies beim Schlie\u00dfen des Browser \naktivieren. Bei der Deaktivierung von Cookies kann die Funktionalit\u00e4t \ndieser Website eingeschr\u00e4nkt sein.<br><br><strong>Server-Log-Files<\/strong><br><br>\nDer Provider der Seiten erhebt und speichert automatisch Informationen \nin so genannten Server-Log Files, die Ihr Browser automatisch an uns \n\u00fcbermittelt. Dies sind:<br>\n\u2022\tBrowsertyp\/ Browserversion<br>\n\u2022\tverwendetes Betriebssystem<br>\n\u2022\tReferrer URL<br>\n\u2022\tHostname des zugreifenden Rechners<br>\n\u2022\tUhrzeit der Serveranfrage<br>\nDiese Daten sind nicht bestimmten Personen zuordenbar. Eine \nZusammenf\u00fchrung dieser Daten mit anderen Datenquellen wird nicht \nvorgenommen. Wir behalten uns vor, diese Daten nachtr\u00e4glich zu pr\u00fcfen, \nwenn uns konkrete Anhaltspunkte f\u00fcr eine rechtswidrige Nutzung bekannt \nwerden.<br><br><strong>SSL-Verschl\u00fcsselung<\/strong><br><br>\nDiese Seite nutzt aus Gr\u00fcnden der Sicherheit und zum Schutz der \n\u00dcbertragung vertraulicher Inhalte, wie zum Beispiel der Anfragen, die \nSie an uns als Seitenbetreiber senden, eine SSL-Verschl\u00fcsselung. Eine \nverschl\u00fcsselte Verbindung erkennen Sie daran, dass die Adresszeile des \nBrowsers von &#8220;http:\/\/&#8220; auf &#8220;https:\/\/&#8220; wechselt und an dem \nSchloss-Symbol in Ihrer Browserzeile.<br>\nWenn die SSL Verschl\u00fcsselung aktiviert ist, k\u00f6nnen die Daten, die Sie an uns \u00fcbermitteln, nicht von Dritten mitgelesen werden.<br><br><strong>Kontaktformular<\/strong><br><br>\nWenn Sie uns per Kontaktformular Anfragen zukommen lassen, werden Ihre \nAngaben aus dem Anfrageformular inklusive der von Ihnen dort angegebenen\n Kontaktdaten zwecks Bearbeitung der Anfrage und f\u00fcr den Fall von \nAnschlussfragen bei uns gespeichert. Diese Daten geben wir nicht ohne \nIhre Einwilligung weiter.<br><br><strong>Datenschutzerkl\u00e4rung f\u00fcr die Nutzung von Google Analytics<\/strong><br><br>\nDiese Website nutzt Funktionen des Webanalysedienstes Google Analytics. \nAnbieter ist die Google Inc., 1600 Amphitheatre Parkway Mountain View, \nCA 94043, USA.<br>\nGoogle Analytics verwendet sog. \u201eCookies\u201c. Das sind Textdateien, die auf\n Ihrem Computer gespeichert werden und die eine Analyse der Benutzung \nder Website durch Sie erm\u00f6glichen. Die durch den Cookie erzeugten \nInformationen \u00fcber Ihre Benutzung dieser Website werden in der Regel an \neinen Server von Google in den USA \u00fcbertragen und dort gespeichert.<br>\nIm Falle der Aktivierung der IP-Anonymisierung auf dieser Webseite wird \nIhre IP-Adresse von Google jedoch innerhalb von Mitgliedstaaten der \nEurop\u00e4ischen Union oder in anderen Vertragsstaaten des Abkommens \u00fcber \nden Europ\u00e4ischen Wirtschaftsraum zuvor gek\u00fcrzt. Nur in Ausnahmef\u00e4llen \nwird die volle IP-Adresse an einen Server von Google in den USA \n\u00fcbertragen und dort gek\u00fcrzt. Im Auftrag des Betreibers dieser Website \nwird Google diese Informationen benutzen, um Ihre Nutzung der Website \nauszuwerten, um Reports \u00fcber die Websiteaktivit\u00e4ten zusammenzustellen \nund um weitere mit der Websitenutzung und der Internetnutzung verbundene\n Dienstleistungen gegen\u00fcber dem Websitebetreiber zu erbringen. Die im \nRahmen von Google Analytics von Ihrem Browser \u00fcbermittelte IP-Adresse \nwird nicht mit anderen Daten von Google zusammengef\u00fchrt.<br>\nSie k\u00f6nnen die Speicherung der Cookies durch eine entsprechende \nEinstellung Ihrer Browser-Software verhindern; wir weisen Sie jedoch \ndarauf hin, dass Sie in diesem Fall gegebenenfalls nicht s\u00e4mtliche \nFunktionen dieser Website vollumf\u00e4nglich werden nutzen k\u00f6nnen. Sie \nk\u00f6nnen dar\u00fcber hinaus die Erfassung der durch das Cookie erzeugten und \nauf Ihre Nutzung der Website bezogenen Daten (inkl. Ihrer IP-Adresse) an\n Google sowie die Verarbeitung dieser Daten durch Google verhindern, \nindem sie das unter dem folgenden Link verf\u00fcgbare Browser-Plugin \nherunterladen und installieren: \nhttp:\/\/tools.google.com\/dlpage\/gaoptout?hl=de<br>\nSie k\u00f6nnen die Erfassung durch Google Analytics verhindern, indem Sie \nauf folgenden Link klicken. Es wird ein Opt-Out-Cookie gesetzt, das das \nErfassung Ihrer Daten bei zuk\u00fcnftigen Besuchen dieser Website \nverhindert: Google Analytics deaktivieren<br><br><strong>Datenschutzerkl\u00e4rung Google Maps<\/strong><br><br>\nDiese Webseite verwendet das Produkt Google Maps von Google Inc. Durch \nNutzung dieser Webseite erkl\u00e4ren Sie sich mit der Erfassung, Bearbeitung\n sowie Nutzung der automatisiert erhobenen Daten durch Google Inc, deren\n Vertreter sowie Dritter einverstanden. <br>\nDie Nutzungsbedingungen von Google Maps finden sie unter &#8220;Nutzungsbedingungen von Google Maps&#8220;.<br><br><strong>Datenschutzerkl\u00e4rung f\u00fcr die Nutzung von Google Web Fonts<\/strong><br><br>\nDiese Seite nutzt zur einheitlichen Darstellung von Schriftarten so \ngenannte Web Fonts, die von Google bereitgestellt werden. Beim Aufruf \neiner Seite l\u00e4dt Ihr Browser die ben\u00f6tigten Web Fonts in ihren \nBrowsercache, um Texte und Schriftarten korrekt anzuzeigen. Wenn Ihr \nBrowser Web Fonts nicht unterst\u00fctzt, wird eine Standardschrift von Ihrem\n Computer genutzt.<br>\nWeitere Informationen zu Google Web Fonts finden Sie unter \nhttps:\/\/developers.google.com\/fonts\/faq und in der Datenschutzerkl\u00e4rung \nvon Google: https:\/\/www.google.com\/policies\/privacy\/<br><br><strong>Einwilligung Newsletter<\/strong><br><br>\nIn Bezug auf die Verwendung Ihrer personenbezogenen Daten zum Empfang \nunseres Newsletters werden Sie an gegebener Stelle wie folgt um eine \nEinwilligung gebeten:<br>\n&#8220;Ich habe die Datenschutzerkl\u00e4rung zu Kenntnis genommen, insbesondere \nbin ich damit einverstanden, dass die Datenverarbeitung bei einem \nDienstleister in den USA erfolgt.&#8220;.<br>\nMit dem Newsletter informieren wir in regelm\u00e4\u00dfigen Abst\u00e4nden \u00fcber unsere\n Angebote. Um unseren Newsletter empfangen zu k\u00f6nnen, ben\u00f6tigen Sie eine\n g\u00fcltige E-Mailadresse. Die von Ihnen eingetragene E-Mail-Adresse werden\n wir dahingehend \u00fcberpr\u00fcfen, ob Sie tats\u00e4chlich der Inhaber der \nangegebenen E-Mail-Adresse sind bzw. deren Inhaber den Empfang des \nNewsletters autorisiert ist. Mit Ihrer Anmeldung zu unserem Newsletter \nwerden wir Ihre IP-Adresse und das Datum sowie die Uhrzeit Ihrer \nAnmeldung speichern. Dies dient in dem Fall, dass ein Dritter Ihre \nE-Mail-Adresse missbraucht und ohne Ihr Wissen unseren Newsletter \nabonniert, als Absicherung unsererseits.<br>\nEin Abgleich der so erhobenen Daten mit Daten, die m\u00f6glicherweise durch \nandere Komponenten unserer Seite erhoben werden, erfolgt ebenfalls \nnicht.<br><br><strong>Newsletter per MailChimp<\/strong><br><br>\nWir verwenden zum Versand unserer Newsletter die Komponente MailChimp. \nBei MailChimp handelt es sich um eine Dienstleistung der Firma The \nRocket Science Group, LLC, 512 Means Street, Suite 404, Atlanta, GA \n30318, USA.<br>\nIhre bei der Newsletter Anmeldung gespeicherten Daten (E-Mail-Adresse, \nggf. Name, IP-Adresse, Datum sowie die Uhrzeit Ihrer Anmeldung) werden \nan einen Server der Firma The Rocket Science Group in den USA \u00fcbertragen\n und dort unter Beachtung des &#8220;Safe Harbor Abkommens&#8220; gespeichert.<br>\nWeitere Informationen zum Datenschutz bei MailChimp finden Sie unter: http:\/\/mailchimp.com\/legal\/privacy\/<br>\nDas Abonnement dieses Newsletters und damit die Einwilligung in die \nSpeicherung Ihrer Daten k\u00f6nnen Sie jederzeit f\u00fcr die Zukunft k\u00fcndigen \nbzw. widerrufen. Einzelheiten hierzu k\u00f6nnen Sie der Best\u00e4tigungsmail \nsowie jedem einzelnen Newsletter entnehmen.<br><br><strong>Newsletter-Tracking<\/strong><br><br>\nUnsere Newsletter enthalten sog. Z\u00e4hlpixel (Web-Bugs), anhand derer wir \nerkennen k\u00f6nnen, ob und wann eine E-Mail ge\u00f6ffnet wurde und welchen \nLinks in der E-Mail von dem personalisierten Empf\u00e4nger gefolgt wurde.<br>\nDiese Daten werden von uns gespeichert, damit wir unsere Newsletter \noptimal auf die W\u00fcnsche und Interessen unserer Abonnenten ausrichten \nk\u00f6nnen. Demnach werden die somit erhobenen Daten genutzt, um \npersonalisierte Newsletter an den jeweiligen Empf\u00e4nger zu versenden.<br>\nUm Ihre diesbez\u00fcgliche Einwilligung bitten wir Sie an gegebener Stelle wie folgt:<br>\n&#8220;Ich bin damit einverstanden, dass meine Daten und mein \nNutzungsverhalten durch das Newsletter-Tracking elektronisch gespeichert\n werden um mir einen individualisierten Newsletter zu \u00fcbersenden. Mit \ndem widerrufen der Einwilligung zum Erhalt des Newsletters, wird auch \ndie Einwilligung zum vorgenannten Tracking widerrufen.&#8220;<br>\nMit dem widerrufen der Einwilligung zum Erhalt des Newsletters, wird auch die Einwilligung zum vorgenannten Tracking widerrufen.<br><br><strong>Registrierungsfunktion<\/strong><br><br>\nWir bieten Ihnen auf unserer Seite die M\u00f6glichkeit, sich dort zu \nregistrieren. Die im Zuge dieser Registrierung eingegebenen Daten, die \naus der Eingabemaske des Registrierungsformular ersichtlich sind \n(Vorname, Nachname, E-Mail, Geschlecht, Geburtsjahr, Postleitzahl) \nwerden ausschlie\u00dflich f\u00fcr die Verwendung unseres Angebots erhoben und \ngespeichert. Mit Ihrer Registrierung auf unserer Seite werden wir zudem \nIhre IP-Adresse und das Datum sowie die Uhrzeit Ihrer Registrierung \nspeichern. Dies dient in dem Fall, dass ein Dritter Ihre Daten \nmissbraucht und sich mit diesen Daten ohne Ihr Wissen auf unserer Seite \nregistriert, als Absicherung unsererseits. Eine Weitergabe an Dritte \nerfolgt nicht. Ein Abgleich der so erhobenen Daten mit Daten, die \nm\u00f6glicherweise durch andere Komponenten unserer Seite erhoben werden, \nerfolgt ebenfalls nicht.<br><br><strong>Widerspruch Werbe-Mails<\/strong><br><br>\nDer Nutzung von im Rahmen der Impressumspflicht ver\u00f6ffentlichten \nKontaktdaten zur \u00dcbersendung von nicht ausdr\u00fccklich angeforderter \nWerbung und Informationsmaterialien wird hiermit widersprochen. Die \nBetreiber der Seiten behalten sich ausdr\u00fccklich rechtliche Schritte im \nFalle der unverlangten Zusendung von Werbeinformationen, etwa durch \nSpam-E-Mails, vor.<br><br><strong>Auskunft, L\u00f6schung, Sperrung<\/strong><br><br>\nSie haben jederzeit das Recht auf unentgeltliche Auskunft \u00fcber Ihre \ngespeicherten personenbezogenen Daten, deren Herkunft und Empf\u00e4nger und \nden Zweck der Datenverarbeitung sowie ein Recht auf Berichtigung, \nSperrung oder L\u00f6schung dieser Daten. Hierzu sowie zu weiteren Fragen zum\n Thema personenbezogene Daten k\u00f6nnen Sie sich jederzeit \u00fcber die im \nImpressum angegeben Adresse des Webseitenbetreibers an uns wenden.<br><br><strong>Einbindung von Diensten und Inhalten Dritter<\/strong><br><br>\nEs kann vorkommen, dass innerhalb dieses Onlineangebotes Inhalte \nDritter, wie zum Beispiel Videos von YouTube, Kartenmaterial von \nGoogle-Maps, RSS-Feeds oder Grafiken von anderen Webseiten eingebunden \nwerden. Dies setzt immer voraus, dass die Anbieter dieser Inhalte \n(nachfolgend bezeichnet als \u201eDritt-Anbieter\u201c) die IP-Adresse der Nutzer \nwahr nehmen. Denn ohne die IP-Adresse, k\u00f6nnten sie die Inhalte nicht an \nden Internet- Browser des jeweiligen Nutzers senden. Die IP-Adresse ist \nsomit f\u00fcr die Darstellung dieser Inhalte erforderlich. Wir bem\u00fchen uns \nnur solche Inhalte zu verwenden, deren Anbieter die IP-Adresse lediglich\n zur Auslieferung der Inhalte verwenden. Wir haben keinen Einfluss \ndarauf, f\u00fcr den Fall, da\u00df die Dritt-Anbieter eine IP-Adresse z.B. f\u00fcr \nstatistische Zwecke speichern. Sollte uns dieses bekannt werden, kl\u00e4ren \nwir die Nutzer dar\u00fcber auf.<br><br><strong>Verantwortliche Stelle im Sinne des Datenschutzrechts<br>\n<br>\nSiehe Impressum<\/strong><br><br>\nDie Kapitel \u201cEinwilligung Newsletter\u201d, \u201cNewsletter per MailChimp\u201d, \n\u201cNewsletter-Tracking\u201d und \u201cRegistrierungsfunktion\u201d sind aus der \nMuster-Datenschutzerkl\u00e4rung <br>\n(https:\/\/www.ratgeberrecht.eu\/leistungen\/muster-datenschutzerklaerung.html) <br>\nder Anwaltskanzlei Wei\u00df &amp; Partner(https:\/\/www.ratgeberrecht.eu\/)<br>\nQuellverweis: e-recht24.de\n\n<\/p>","protected":false},"excerpt":{"rendered":"<p>Martin Engelien A1 Records Stadtgarten 10 47798 Krefeld info(at)a1records(dot)de Tel. +49 (0)2151-654852 Geltungsbereich Diese Datenschutzerkl\u00e4rung kl\u00e4rt Nutzer \u00fcber die Art, den Umfang und Zwecke der Erhebung und Verwendung personenbezogener Daten durch den verantwortlichen Anbieter Gesch\u00e4ftsangaben auf dieser Website (im folgenden \u201cAngebot\u201d) auf. Die rechtlichen Grundlagen des Datenschutzes finden sich im Bundesdatenschutzgesetz (BDSG) und dem Telemediengesetz &hellip; <\/p>\n<p class=\"link-more\"><a href=\"https:\/\/shop.a1records.de\/en\/datenschutzerklaerung\/\" class=\"more-link\">Continue reading<span class=\"screen-reader-text\"> &#8222;Datenschutzerkl\u00e4rung&#8220;<\/span><\/a><\/p>","protected":false},"author":1,"featured_media":0,"parent":0,"menu_order":0,"comment_status":"closed","ping_status":"closed","template":"","meta":{"footnotes":""},"class_list":["post-43","page","type-page","status-publish","hentry"],"yoast_head":"<!-- This site is optimized with the Yoast SEO plugin v23.7 - https:\/\/yoast.com\/wordpress\/plugins\/seo\/ -->\n<title>Datenschutzerkl\u00e4rung - A1 Records-Shop<\/title>\n<meta name=\"robots\" content=\"index, follow, max-snippet:-1, max-image-preview:large, max-video-preview:-1\" \/>\n<link rel=\"canonical\" href=\"https:\/\/shop.a1records.de\/en\/datenschutzerklaerung\/\" \/>\n<meta property=\"og:locale\" content=\"en_GB\" \/>\n<meta property=\"og:type\" content=\"article\" \/>\n<meta property=\"og:title\" content=\"Datenschutzerkl\u00e4rung - A1 Records-Shop\" \/>\n<meta property=\"og:description\" content=\"Martin Engelien A1 Records Stadtgarten 10 47798 Krefeld info(at)a1records(dot)de Tel. +49 (0)2151-654852 Geltungsbereich Diese Datenschutzerkl\u00e4rung kl\u00e4rt Nutzer \u00fcber die Art, den Umfang und Zwecke der Erhebung und Verwendung personenbezogener Daten durch den verantwortlichen Anbieter Gesch\u00e4ftsangaben auf dieser Website (im folgenden \u201cAngebot\u201d) auf. Die rechtlichen Grundlagen des Datenschutzes finden sich im Bundesdatenschutzgesetz (BDSG) und dem Telemediengesetz &hellip; Continue reading &quot;Datenschutzerkl\u00e4rung&quot;\" \/>\n<meta property=\"og:url\" content=\"https:\/\/shop.a1records.de\/en\/datenschutzerklaerung\/\" \/>\n<meta property=\"og:site_name\" content=\"A1 Records-Shop\" \/>\n<meta property=\"article:modified_time\" content=\"2019-03-28T21:01:44+00:00\" \/>\n<meta name=\"twitter:card\" content=\"summary_large_image\" \/>\n<meta name=\"twitter:label1\" content=\"Estimated reading time\" \/>\n\t<meta name=\"twitter:data1\" content=\"9 minutes\" \/>\n<script type=\"application\/ld+json\" class=\"yoast-schema-graph\">{\"@context\":\"https:\/\/schema.org\",\"@graph\":[{\"@type\":\"WebPage\",\"@id\":\"https:\/\/shop.a1records.de\/en\/datenschutzerklaerung\/\",\"url\":\"https:\/\/shop.a1records.de\/en\/datenschutzerklaerung\/\",\"name\":\"Datenschutzerkl\u00e4rung - A1 Records-Shop\",\"isPartOf\":{\"@id\":\"https:\/\/shop.a1records.de\/en\/#website\"},\"datePublished\":\"2019-03-28T21:01:39+00:00\",\"dateModified\":\"2019-03-28T21:01:44+00:00\",\"breadcrumb\":{\"@id\":\"https:\/\/shop.a1records.de\/en\/datenschutzerklaerung\/#breadcrumb\"},\"inLanguage\":\"en-GB\",\"potentialAction\":[{\"@type\":\"ReadAction\",\"target\":[\"https:\/\/shop.a1records.de\/en\/datenschutzerklaerung\/\"]}]},{\"@type\":\"BreadcrumbList\",\"@id\":\"https:\/\/shop.a1records.de\/en\/datenschutzerklaerung\/#breadcrumb\",\"itemListElement\":[{\"@type\":\"ListItem\",\"position\":1,\"name\":\"Home\",\"item\":\"https:\/\/shop.a1records.de\/en\/\"},{\"@type\":\"ListItem\",\"position\":2,\"name\":\"Datenschutzerkl\u00e4rung\"}]},{\"@type\":\"WebSite\",\"@id\":\"https:\/\/shop.a1records.de\/en\/#website\",\"url\":\"https:\/\/shop.a1records.de\/en\/\",\"name\":\"A1 Records-Shop\",\"description\":\"\",\"potentialAction\":[{\"@type\":\"SearchAction\",\"target\":{\"@type\":\"EntryPoint\",\"urlTemplate\":\"https:\/\/shop.a1records.de\/en\/?s={search_term_string}\"},\"query-input\":{\"@type\":\"PropertyValueSpecification\",\"valueRequired\":true,\"valueName\":\"search_term_string\"}}],\"inLanguage\":\"en-GB\"}]}<\/script>\n<!-- \/ Yoast SEO plugin. -->","yoast_head_json":{"title":"Datenschutzerkl\u00e4rung - A1 Records-Shop","robots":{"index":"index","follow":"follow","max-snippet":"max-snippet:-1","max-image-preview":"max-image-preview:large","max-video-preview":"max-video-preview:-1"},"canonical":"https:\/\/shop.a1records.de\/en\/datenschutzerklaerung\/","og_locale":"en_GB","og_type":"article","og_title":"Datenschutzerkl\u00e4rung - A1 Records-Shop","og_description":"Martin Engelien A1 Records Stadtgarten 10 47798 Krefeld info(at)a1records(dot)de Tel. +49 (0)2151-654852 Geltungsbereich Diese Datenschutzerkl\u00e4rung kl\u00e4rt Nutzer \u00fcber die Art, den Umfang und Zwecke der Erhebung und Verwendung personenbezogener Daten durch den verantwortlichen Anbieter Gesch\u00e4ftsangaben auf dieser Website (im folgenden \u201cAngebot\u201d) auf. Die rechtlichen Grundlagen des Datenschutzes finden sich im Bundesdatenschutzgesetz (BDSG) und dem Telemediengesetz &hellip; Continue reading \"Datenschutzerkl\u00e4rung\"","og_url":"https:\/\/shop.a1records.de\/en\/datenschutzerklaerung\/","og_site_name":"A1 Records-Shop","article_modified_time":"2019-03-28T21:01:44+00:00","twitter_card":"summary_large_image","twitter_misc":{"Estimated reading time":"9 minutes"},"schema":{"@context":"https:\/\/schema.org","@graph":[{"@type":"WebPage","@id":"https:\/\/shop.a1records.de\/en\/datenschutzerklaerung\/","url":"https:\/\/shop.a1records.de\/en\/datenschutzerklaerung\/","name":"Datenschutzerkl\u00e4rung - A1 Records-Shop","isPartOf":{"@id":"https:\/\/shop.a1records.de\/en\/#website"},"datePublished":"2019-03-28T21:01:39+00:00","dateModified":"2019-03-28T21:01:44+00:00","breadcrumb":{"@id":"https:\/\/shop.a1records.de\/en\/datenschutzerklaerung\/#breadcrumb"},"inLanguage":"en-GB","potentialAction":[{"@type":"ReadAction","target":["https:\/\/shop.a1records.de\/en\/datenschutzerklaerung\/"]}]},{"@type":"BreadcrumbList","@id":"https:\/\/shop.a1records.de\/en\/datenschutzerklaerung\/#breadcrumb","itemListElement":[{"@type":"ListItem","position":1,"name":"Home","item":"https:\/\/shop.a1records.de\/en\/"},{"@type":"ListItem","position":2,"name":"Datenschutzerkl\u00e4rung"}]},{"@type":"WebSite","@id":"https:\/\/shop.a1records.de\/en\/#website","url":"https:\/\/shop.a1records.de\/en\/","name":"A1 Records-Shop","description":"","potentialAction":[{"@type":"SearchAction","target":{"@type":"EntryPoint","urlTemplate":"https:\/\/shop.a1records.de\/en\/?s={search_term_string}"},"query-input":{"@type":"PropertyValueSpecification","valueRequired":true,"valueName":"search_term_string"}}],"inLanguage":"en-GB"}]}},"_links":{"self":[{"href":"https:\/\/shop.a1records.de\/en\/wp-json\/wp\/v2\/pages\/43"}],"collection":[{"href":"https:\/\/shop.a1records.de\/en\/wp-json\/wp\/v2\/pages"}],"about":[{"href":"https:\/\/shop.a1records.de\/en\/wp-json\/wp\/v2\/types\/page"}],"author":[{"embeddable":true,"href":"https:\/\/shop.a1records.de\/en\/wp-json\/wp\/v2\/users\/1"}],"replies":[{"embeddable":true,"href":"https:\/\/shop.a1records.de\/en\/wp-json\/wp\/v2\/comments?post=43"}],"version-history":[{"count":1,"href":"https:\/\/shop.a1records.de\/en\/wp-json\/wp\/v2\/pages\/43\/revisions"}],"predecessor-version":[{"id":44,"href":"https:\/\/shop.a1records.de\/en\/wp-json\/wp\/v2\/pages\/43\/revisions\/44"}],"wp:attachment":[{"href":"https:\/\/shop.a1records.de\/en\/wp-json\/wp\/v2\/media?parent=43"}],"curies":[{"name":"wp","href":"https:\/\/api.w.org\/{rel}","templated":true}]}}